{"id":10003,"date":"2020-06-11T01:03:21","date_gmt":"2020-06-10T23:03:21","guid":{"rendered":"https:\/\/omerovic.eu\/koje-vrste-tretmana-praktikuje-bioenergteticar-omerovic\/"},"modified":"2022-03-12T11:32:18","modified_gmt":"2022-03-12T10:32:18","slug":"koje-vrste-tretmana-praktikuje-bioenergteticar-omerovic","status":"publish","type":"page","link":"https:\/\/omerovic.eu\/de\/koje-vrste-tretmana-praktikuje-bioenergteticar-omerovic\/","title":{"rendered":"Welche Behandlungsarten bietet Bioenergetiker Omerovic an?"},"content":{"rendered":"<p>Omerovic\u2019s Behandlungsmethode mittels Bioenergie ist einzigartig. Ausgezeichnet wird sie dadurch, dass er durch Ber\u00fchrung des Problembereichs mit seinen H\u00e4nden behandelt. So kann man bisher zwischen vier verschiedenen Ans\u00e4tzen, also Formen der Therapie, unterscheiden. Davon ist eine erst in der Vorbereitungsphase, die andere in der Testphase. Diese wird also nur als kostenlose Gruppenbehandlung, f\u00fcr eine unbegrenzte Anzahl an Teilnehmer*innen angeboten.<\/p>\n<h3><strong><em>Face to Face (neue kombinierte Form der Therapie)<\/em><\/strong><\/h3>\n<p>Nachdem die Behandlung bei einem Freund durch das Anlegen seiner H\u00e4nde an die betroffene Stelle funktioniert hat, behielt er diese Methode bei. Das Anlegen der H\u00e4nde an die schmerzende Stelle ist zu einem wesentlichen Bestandteil seiner bioenergetischen Behandlung geworden. Die Face to Face Behandlungen \u2013 welche One-on-One erfolgen, waren zwei Jahre lang die gel\u00e4ufigste Behandlungsmethode, die von Omerovic durchgef\u00fchrt wurde.<\/p>\n<h3><strong><em>Gruppenbehandlungen aus der Ferne<\/em><\/strong><\/h3>\n<p>Ferngruppenbehandlungen sind, auf Grund dessen, wie sie ausgef\u00fchrt werden, sehr beliebt. Die betroffene Person nimmt aus ihrem Zimmer, ihrer K\u00fcche, ihrem Garten o.\u00e4. aus Teil. Die Ergebnisse sind hierbei sind unglaublich hervorragend. Mehr als 90% der Menschen, welche an so einer Behandlung bei Omerovic teilgenommen haben, haben allein nach einer einzigen solchen Behandlung enorme Erleichterungen verrp\u00fcrt. Ein weiterer Anteil wurde hierdurch vollkommen von ihren Beschwerden befreit.<\/p>\n<h3><strong><em>Individuelle Behandlung aus der Ferne<\/em><\/strong><\/h3>\n<p>Die Fernbehandlung einzelner Personen ist, ebenso wie die Gruppenbehandlungen, auf Grund der Umst\u00e4nde der Behandlung, sehr beliebt. Auch hierbei kann von Zuhause aus teilgenommen werden, und die Erfolgsrate gleicht der der Gruppenbehandlung.<\/p>\n<h3><em><strong>Antistress-Behandlung<\/strong><\/em><\/h3>\n<p>Die Antistress-Behandlung wird von Omerovic seit einiger Zeit als eigener Teil, abgegrenzt von der \u00fcblichen Heilungsmethode, angeboten. Gedacht ist sie f\u00fcr Personen, die durch ihre Arbeit o.\u00c4. viel allt\u00e4glichen Stress ausgesetzt sind.<\/p>\n<h3><em><strong>Regulierung des K\u00f6rpergewichts<\/strong><\/em><\/h3>\n<p>Bei dieser einzigartigen Behandlung, die sich gerade in der Probephase befindet, wird die Regulierung des eigenen K\u00f6rpergewichts auf nat\u00fcrliche Weise erm\u00f6glicht. Es wurde bereits ausprobiert, bei gesunden Menschen war es bisher sehr wirksam. Noch wartet man darauf, dass es an einer Gruppe von Menschen ausprobiert wird, um so feststellen zu k\u00f6nnen, welche Personen(-gruppen) von dieser Behandlungsmethode nicht profitieren k\u00f6nnen.<\/p>\n<h3><em><strong>Suchtbek\u00e4mpfung \u2013 Abgew\u00f6hnung vom Rauchen, Trinken, Drogenkonsum und Gl\u00fccksspiel<\/strong><\/em><\/h3>\n<p>Die Suchtbehandlung, um Menschen vom Rauchen, Trinken, Drogen und Gl\u00fccksspiel abzubringen befindet sich noch immer in der Probephase. So wird sie nur im Rahmen von kostenlosen Ferngruppenbehandlungen angeboten. Diese werden hin- und wieder in unregelm\u00e4\u00dfigen Abst\u00e4nden angeboten. Bisher liegt die Erfolgsquote dieser Behandlung bei 75%, w\u00e4hrend sie bei der Behandlung aller anderen Arten von Erkrankungen und Verletzungen bei \u00fcber 90% liegt.<\/p>\n<p>&nbsp;<\/p>\n<h3><em><strong>Kostenlose Ferngruppentherapie<\/strong><\/em><\/h3>\n<p>Kostenlose Ferngruppenbehandlungen werden f\u00fcr eine uneingeschr\u00e4nkte Anzahl an Personen angeboten, sie sind in erster Linie f\u00fcr Menschen gedacht, welche sich eine bioenergetische Behandlung nicht leisten k\u00f6nnen. Teilnehmer m\u00fcssen hierf\u00fcr ein Facebook-Profil haben, mit dem sie den Live Stream (Live Video), auf der <a href=\"https:\/\/www.omerovic.eu\">Omerovic \u2013 Bioenergie Seite<\/a>, mitverfolgen k\u00f6nnen. Dazu m\u00fcssen sie lediglich die <a href=\"https:\/\/www.facebook.com\/omerovicbioenergija\/\">Facebook seite Omerovic \u2013 Bioenergie<\/a> liken und ihr folgen. \u00dcber den Live Stream werden, durch den Heiler Omerovic, Anweisungen an Teilnehmende weitergegeben, durch welche ihre Symptome, aus der Ferne, behandelt werden sollen.<\/p>\n<p>Besplatni grupni tretmani bioenergijom na daljinu za neograni\u010den broj osoba su namijenjeni, u prvom redu, osobama koje nisu u mogu\u0107nosti prisustvovati pla\u0107enim grupnim tretmanima. Koncipirani su tako da im mo\u017ee pristupiti neograni\u010den broj osoba.Pristup tim tretmanima, koji\u00a0 koriste LIVE STREAM (video u\u017eivo) platformu od Facebooka, dozvoljen je svim osobama. Jedino \u0161to je potrebno &#8211; lajkati i pratiti Facebook stranicu <span style=\"color: #0000ff;\"><a style=\"color: #0000ff;\" href=\"https:\/\/www.facebook.com\/omerovicbioenergija\/\">Omerovi\u0107 &#8211; bioenergija<\/a><\/span> .Sa Facebook stranice <a href=\"https:\/\/www.facebook.com\/omerovicbioenergija\/\"><span style=\"color: #0000ff;\">Omerovi\u0107 &#8211; bioenergija<\/span><\/a>\u00a0 ide LIVE STREAM (video u\u017eivo), putem kojeg bioenergeti\u010dar Omerovi\u0107 daje uputstva u\u010desnicima tretmana bioenergijom na daljinu.<\/p>\n<p>&nbsp;<\/p>\n","protected":false},"excerpt":{"rendered":"<p>Omerovic\u2019s Behandlungsmethode mittels Bioenergie ist einzigartig. Ausgezeichnet wird sie dadurch, dass er durch Ber\u00fchrung des Problembereichs mit seinen H\u00e4nden behandelt. So kann man bisher zwischen vier verschiedenen Ans\u00e4tzen, also Formen der Therapie, unterscheiden. Davon ist eine erst in der Vorbereitungsphase, die andere in der Testphase. Diese wird also nur als kostenlose Gruppenbehandlung, f\u00fcr eine unbegrenzte [&hellip;]<\/p>\n","protected":false},"author":1,"featured_media":0,"parent":0,"menu_order":0,"comment_status":"closed","ping_status":"closed","template":"","meta":{"footnotes":""},"class_list":["post-10003","page","type-page","status-publish","hentry"],"yoast_head":"<!-- This site is optimized with the Yoast SEO plugin v27.2 - https:\/\/yoast.com\/product\/yoast-seo-wordpress\/ -->\n<title>Welche Behandlungsarten bietet Bioenergetiker Omerovic an? - omerovic.eu<\/title>\n<meta name=\"robots\" content=\"index, follow, max-snippet:-1, max-image-preview:large, max-video-preview:-1\" \/>\n<link rel=\"canonical\" href=\"https:\/\/omerovic.eu\/de\/koje-vrste-tretmana-praktikuje-bioenergteticar-omerovic\/\" \/>\n<meta property=\"og:locale\" content=\"de_DE\" \/>\n<meta property=\"og:type\" content=\"article\" \/>\n<meta property=\"og:title\" content=\"Welche Behandlungsarten bietet Bioenergetiker Omerovic an? - omerovic.eu\" \/>\n<meta property=\"og:description\" content=\"Omerovic\u2019s Behandlungsmethode mittels Bioenergie ist einzigartig. Ausgezeichnet wird sie dadurch, dass er durch Ber\u00fchrung des Problembereichs mit seinen H\u00e4nden behandelt. So kann man bisher zwischen vier verschiedenen Ans\u00e4tzen, also Formen der Therapie, unterscheiden. Davon ist eine erst in der Vorbereitungsphase, die andere in der Testphase. Diese wird also nur als kostenlose Gruppenbehandlung, f\u00fcr eine unbegrenzte [&hellip;]\" \/>\n<meta property=\"og:url\" content=\"https:\/\/omerovic.eu\/de\/koje-vrste-tretmana-praktikuje-bioenergteticar-omerovic\/\" \/>\n<meta property=\"og:site_name\" content=\"omerovic.eu\" \/>\n<meta property=\"article:publisher\" content=\"https:\/\/www.facebook.com\/omerovicbioenergija\" \/>\n<meta property=\"article:modified_time\" content=\"2022-03-12T10:32:18+00:00\" \/>\n<meta property=\"og:image\" content=\"https:\/\/omerovic.eu\/wp-content\/uploads\/2020\/04\/WhatsApp-Image-2020-03-23-at-21.22.54-3.jpeg\" \/>\n\t<meta property=\"og:image:width\" content=\"1600\" \/>\n\t<meta property=\"og:image:height\" content=\"1066\" \/>\n\t<meta property=\"og:image:type\" content=\"image\/jpeg\" \/>\n<meta name=\"twitter:card\" content=\"summary_large_image\" \/>\n<meta name=\"twitter:label1\" content=\"Gesch\u00e4tzte Lesezeit\" \/>\n\t<meta name=\"twitter:data1\" content=\"3\u00a0Minuten\" \/>\n<script type=\"application\/ld+json\" class=\"yoast-schema-graph\">{\"@context\":\"https:\/\/schema.org\",\"@graph\":[{\"@type\":\"WebPage\",\"@id\":\"https:\/\/omerovic.eu\/de\/koje-vrste-tretmana-praktikuje-bioenergteticar-omerovic\/\",\"url\":\"https:\/\/omerovic.eu\/de\/koje-vrste-tretmana-praktikuje-bioenergteticar-omerovic\/\",\"name\":\"Welche Behandlungsarten bietet Bioenergetiker Omerovic an? - omerovic.eu\",\"isPartOf\":{\"@id\":\"https:\/\/omerovic.eu\/de\/#website\"},\"datePublished\":\"2020-06-10T23:03:21+00:00\",\"dateModified\":\"2022-03-12T10:32:18+00:00\",\"breadcrumb\":{\"@id\":\"https:\/\/omerovic.eu\/de\/koje-vrste-tretmana-praktikuje-bioenergteticar-omerovic\/#breadcrumb\"},\"inLanguage\":\"de\",\"potentialAction\":[{\"@type\":\"ReadAction\",\"target\":[\"https:\/\/omerovic.eu\/de\/koje-vrste-tretmana-praktikuje-bioenergteticar-omerovic\/\"]}]},{\"@type\":\"BreadcrumbList\",\"@id\":\"https:\/\/omerovic.eu\/de\/koje-vrste-tretmana-praktikuje-bioenergteticar-omerovic\/#breadcrumb\",\"itemListElement\":[{\"@type\":\"ListItem\",\"position\":1,\"name\":\"Home\",\"item\":\"https:\/\/omerovic.eu\/de\/\"},{\"@type\":\"ListItem\",\"position\":2,\"name\":\"Welche Behandlungsarten bietet Bioenergetiker Omerovic an?\"}]},{\"@type\":\"WebSite\",\"@id\":\"https:\/\/omerovic.eu\/de\/#website\",\"url\":\"https:\/\/omerovic.eu\/de\/\",\"name\":\"omerovic.eu\",\"description\":\"OMEROVI\u0106 Bioenergija\",\"publisher\":{\"@id\":\"https:\/\/omerovic.eu\/de\/#organization\"},\"potentialAction\":[{\"@type\":\"SearchAction\",\"target\":{\"@type\":\"EntryPoint\",\"urlTemplate\":\"https:\/\/omerovic.eu\/de\/?s={search_term_string}\"},\"query-input\":{\"@type\":\"PropertyValueSpecification\",\"valueRequired\":true,\"valueName\":\"search_term_string\"}}],\"inLanguage\":\"de\"},{\"@type\":\"Organization\",\"@id\":\"https:\/\/omerovic.eu\/de\/#organization\",\"name\":\"omerovic.eu\",\"url\":\"https:\/\/omerovic.eu\/de\/\",\"logo\":{\"@type\":\"ImageObject\",\"inLanguage\":\"de\",\"@id\":\"https:\/\/omerovic.eu\/de\/#\/schema\/logo\/image\/\",\"url\":\"https:\/\/omerovic.eu\/wp-content\/uploads\/2020\/04\/favicon.png\",\"contentUrl\":\"https:\/\/omerovic.eu\/wp-content\/uploads\/2020\/04\/favicon.png\",\"width\":32,\"height\":32,\"caption\":\"omerovic.eu\"},\"image\":{\"@id\":\"https:\/\/omerovic.eu\/de\/#\/schema\/logo\/image\/\"},\"sameAs\":[\"https:\/\/www.facebook.com\/omerovicbioenergija\",\"https:\/\/www.youtube.com\/channel\/UChydgg5CFf7MUwBjjs40qKg\"]}]}<\/script>\n<!-- \/ Yoast SEO plugin. -->","yoast_head_json":{"title":"Welche Behandlungsarten bietet Bioenergetiker Omerovic an? - omerovic.eu","robots":{"index":"index","follow":"follow","max-snippet":"max-snippet:-1","max-image-preview":"max-image-preview:large","max-video-preview":"max-video-preview:-1"},"canonical":"https:\/\/omerovic.eu\/de\/koje-vrste-tretmana-praktikuje-bioenergteticar-omerovic\/","og_locale":"de_DE","og_type":"article","og_title":"Welche Behandlungsarten bietet Bioenergetiker Omerovic an? - omerovic.eu","og_description":"Omerovic\u2019s Behandlungsmethode mittels Bioenergie ist einzigartig. Ausgezeichnet wird sie dadurch, dass er durch Ber\u00fchrung des Problembereichs mit seinen H\u00e4nden behandelt. So kann man bisher zwischen vier verschiedenen Ans\u00e4tzen, also Formen der Therapie, unterscheiden. Davon ist eine erst in der Vorbereitungsphase, die andere in der Testphase. Diese wird also nur als kostenlose Gruppenbehandlung, f\u00fcr eine unbegrenzte [&hellip;]","og_url":"https:\/\/omerovic.eu\/de\/koje-vrste-tretmana-praktikuje-bioenergteticar-omerovic\/","og_site_name":"omerovic.eu","article_publisher":"https:\/\/www.facebook.com\/omerovicbioenergija","article_modified_time":"2022-03-12T10:32:18+00:00","og_image":[{"width":1600,"height":1066,"url":"https:\/\/omerovic.eu\/wp-content\/uploads\/2020\/04\/WhatsApp-Image-2020-03-23-at-21.22.54-3.jpeg","type":"image\/jpeg"}],"twitter_card":"summary_large_image","twitter_misc":{"Gesch\u00e4tzte Lesezeit":"3\u00a0Minuten"},"schema":{"@context":"https:\/\/schema.org","@graph":[{"@type":"WebPage","@id":"https:\/\/omerovic.eu\/de\/koje-vrste-tretmana-praktikuje-bioenergteticar-omerovic\/","url":"https:\/\/omerovic.eu\/de\/koje-vrste-tretmana-praktikuje-bioenergteticar-omerovic\/","name":"Welche Behandlungsarten bietet Bioenergetiker Omerovic an? - omerovic.eu","isPartOf":{"@id":"https:\/\/omerovic.eu\/de\/#website"},"datePublished":"2020-06-10T23:03:21+00:00","dateModified":"2022-03-12T10:32:18+00:00","breadcrumb":{"@id":"https:\/\/omerovic.eu\/de\/koje-vrste-tretmana-praktikuje-bioenergteticar-omerovic\/#breadcrumb"},"inLanguage":"de","potentialAction":[{"@type":"ReadAction","target":["https:\/\/omerovic.eu\/de\/koje-vrste-tretmana-praktikuje-bioenergteticar-omerovic\/"]}]},{"@type":"BreadcrumbList","@id":"https:\/\/omerovic.eu\/de\/koje-vrste-tretmana-praktikuje-bioenergteticar-omerovic\/#breadcrumb","itemListElement":[{"@type":"ListItem","position":1,"name":"Home","item":"https:\/\/omerovic.eu\/de\/"},{"@type":"ListItem","position":2,"name":"Welche Behandlungsarten bietet Bioenergetiker Omerovic an?"}]},{"@type":"WebSite","@id":"https:\/\/omerovic.eu\/de\/#website","url":"https:\/\/omerovic.eu\/de\/","name":"omerovic.eu","description":"OMEROVI\u0106 Bioenergija","publisher":{"@id":"https:\/\/omerovic.eu\/de\/#organization"},"potentialAction":[{"@type":"SearchAction","target":{"@type":"EntryPoint","urlTemplate":"https:\/\/omerovic.eu\/de\/?s={search_term_string}"},"query-input":{"@type":"PropertyValueSpecification","valueRequired":true,"valueName":"search_term_string"}}],"inLanguage":"de"},{"@type":"Organization","@id":"https:\/\/omerovic.eu\/de\/#organization","name":"omerovic.eu","url":"https:\/\/omerovic.eu\/de\/","logo":{"@type":"ImageObject","inLanguage":"de","@id":"https:\/\/omerovic.eu\/de\/#\/schema\/logo\/image\/","url":"https:\/\/omerovic.eu\/wp-content\/uploads\/2020\/04\/favicon.png","contentUrl":"https:\/\/omerovic.eu\/wp-content\/uploads\/2020\/04\/favicon.png","width":32,"height":32,"caption":"omerovic.eu"},"image":{"@id":"https:\/\/omerovic.eu\/de\/#\/schema\/logo\/image\/"},"sameAs":["https:\/\/www.facebook.com\/omerovicbioenergija","https:\/\/www.youtube.com\/channel\/UChydgg5CFf7MUwBjjs40qKg"]}]}},"_links":{"self":[{"href":"https:\/\/omerovic.eu\/de\/wp-json\/wp\/v2\/pages\/10003","targetHints":{"allow":["GET"]}}],"collection":[{"href":"https:\/\/omerovic.eu\/de\/wp-json\/wp\/v2\/pages"}],"about":[{"href":"https:\/\/omerovic.eu\/de\/wp-json\/wp\/v2\/types\/page"}],"author":[{"embeddable":true,"href":"https:\/\/omerovic.eu\/de\/wp-json\/wp\/v2\/users\/1"}],"replies":[{"embeddable":true,"href":"https:\/\/omerovic.eu\/de\/wp-json\/wp\/v2\/comments?post=10003"}],"version-history":[{"count":0,"href":"https:\/\/omerovic.eu\/de\/wp-json\/wp\/v2\/pages\/10003\/revisions"}],"wp:attachment":[{"href":"https:\/\/omerovic.eu\/de\/wp-json\/wp\/v2\/media?parent=10003"}],"curies":[{"name":"wp","href":"https:\/\/api.w.org\/{rel}","templated":true}]}}