{"id":10009,"date":"2020-06-15T22:05:45","date_gmt":"2020-06-15T20:05:45","guid":{"rendered":"https:\/\/omerovic.eu\/kako-izgledaju-omerovicevi-bioenergetski-tretmani\/"},"modified":"2022-03-12T21:00:30","modified_gmt":"2022-03-12T20:00:30","slug":"kako-izgledaju-omerovicevi-bioenergetski-tretmani","status":"publish","type":"page","link":"https:\/\/omerovic.eu\/de\/kako-izgledaju-omerovicevi-bioenergetski-tretmani\/","title":{"rendered":"Wie sehen bioenergetische Behandlungen bei Omerovic aus?"},"content":{"rendered":"\n<style type=\"text\/css\" data-created_by=\"avia_inline_auto\" id=\"style-css-av-av_heading-f1548b63824a2d21b3360966a1aef184\">\n#top .av-special-heading.av-av_heading-f1548b63824a2d21b3360966a1aef184{\npadding-bottom:10px;\n}\nbody .av-special-heading.av-av_heading-f1548b63824a2d21b3360966a1aef184 .av-special-heading-tag .heading-char{\nfont-size:25px;\n}\n.av-special-heading.av-av_heading-f1548b63824a2d21b3360966a1aef184 .av-subheading{\nfont-size:15px;\n}\n<\/style>\n<div  class='av-special-heading av-av_heading-f1548b63824a2d21b3360966a1aef184 av-special-heading-h1  avia-builder-el-0  el_before_av_textblock  avia-builder-el-first '><h1 class='av-special-heading-tag '  itemprop=\"headline\"  >Wie sehen bioenergetische Behandlungen bei Omerovic aus?<\/h1><div class=\"special-heading-border\"><div class=\"special-heading-inner-border\"><\/div><\/div><\/div>\n<section  class='av_textblock_section av-2rfq1c-53433979c4682c5e3423710c7b1f56c4 '   itemscope=\"itemscope\" itemtype=\"https:\/\/schema.org\/CreativeWork\" ><div class='avia_textblock'  itemprop=\"text\" ><p>Wenn es um die Behandlungen von Omerovic geht, ob sie an Face to Face oder Fernbehandlungen teilnehmen, werden sie definitiv positiv \u00fcberrascht werden. Es ist etwas, was sie zuvor noch nirgends gesehen haben.<\/p>\n<p><strong><em>Die nachfolgende Erkl\u00e4rung dient lediglich zu praktischen Zwecken, um nicht jedem einzelnd die Arbeitsweise von bioenergetiker Omerovic erkl\u00e4ren zu m\u00fcssen. Ebenso wird sich deswegen mit anderen Bioenergetikern und ihren Heilmethoden auseinandergesetzt und verglichen.<\/em><\/strong><\/p>\n<p>Ein Gro\u00dfteil der heutigen Bioenergetiker (hier werden auch diese dazugez\u00e4hlt, die sich lediglich als solche ausgeben) geben Anweisungen zum Entspannen, sich in eine bestimmte Position zu begeben, um die Energieannahme zu erm\u00f6glichen. Auch wird das \u00fcberkreuzen von Beinen und Armen meist untersagt, da gemeint wird, dass so die Energieaufnahme erschwert oder gar verhindert werden kann. Nat\u00fcrlich erwartet auch ein Gro\u00dfteil von ihnen (nicht alle), dass sie sich im voraus davon \u00fcberzeugen m\u00fcssen, das es ihnen besser gehen wird, indem sie \u00e4u\u00dfern, was sie w\u00e4hrend der Behandlung f\u00fchlen sollten. Darunter beispielsweise eine Art Energiedurchfluss, W\u00e4rme usw. Bei einem Gro\u00dfteil von ihnen liegt der Fokus darauf, was sie w\u00e4hrend dem Verlauf der Behandlung f\u00fchlen, der Rest soll sich nach der Behandlung nach und nach ereignen.<\/p>\n<p><strong><em>Grundlegend ist die Behandlungsmethode von Omerovic durch das Anlegen der Hand an der betroffenen Stelle ausgezeichnet.<\/em><\/strong><\/p>\n<p>Grundlegend wird die Behandlung durch Omerovic durch das Anlegen von H\u00e4nden an die betroffene Stelle ausgezeichnet. Hierbei werden keinerlei Rituale oder \u00e4hnliches verwendet.<\/p>\n<p>Bei der Face to Face Behandlung legt Omerovic selbst seine H\u00e4nde zur Behandlung an, bei einer Behandlung aus der Ferne geschieht dies meist durch die teilnehmende Person selbst. Wessen Hand letztendlich anliegt ist relativ. Wenn die zu behandelnde Person Schmerzen in den Schultern oder im R\u00fccken haben sollte, ist logisch, dass sie nicht ihre eigenen H\u00e4nde an die betroffene Stelle legen k\u00f6nnen. In diesem Fall wird dies von einer Person \u00fcbernommen, die sich bereit erkl\u00e4rt hat, bei der Behandlung zu helfen.<\/p>\n<p><strong><em>Kann die Behandlung auch f\u00fcr Personen, die nicht an diese Art von Heilmethode glauben, hilfreich sein?<\/em><\/strong><\/p>\n<p>Selbstverst\u00e4ndlich, das ist vermutlich das Interessanteste daran, man muss nicht an Omerovics Methode glauben, damit sie wirksam ist. Sie k\u00f6nnen so skeptisch sein, wie sie m\u00f6chten. Sie m\u00fcssen sich w\u00e4hrenddessen weder konzentrieren, noch entspannen. H\u00e4nde und Beine d\u00fcrfen sie \u00fcberkreuzen, wie sie wollen. Wenn ihnen danach ist, k\u00f6nnen sie sich dabei auch auf den Kopf stellen. Sie d\u00fcrfen w\u00e4hrend der Behandlung sprechen, singen, essen, trinken, Musik h\u00f6ren, ein Buch lesen, fernsehen oder schlafen. Ebenso d\u00fcrfen sie spazieren, tanzen, lachen, weinen, telefonieren&#8230;(das vor allem, wenn sie sich einer Fernbehandlung unterziehen, sodass ihr Verhalten keinen Einfluss auf andere Patienten hat). All das hat keinerlei Auswirkungen auf die Effektivit\u00e4t der Behandlung. Das einzig wichtige ist, dass sich w\u00e4hrend der Behandlung ihre, oder die Hand eines Unterst\u00fctzenden, auf dem betroffenen Ort befindet. Was noch viel interessanter, und f\u00fcr Patienten auch am wichtigsten, ist, dass die Effekte der Behandlung bereits w\u00e4hrend der Therapiesitzung sichtbar werden.<\/p>\n<p><strong><em>Wie wichtig ist das Gef\u00fchl, welches man bei der Behandlung bekommt?<\/em><\/strong><\/p>\n<p>Das erste, wozu geraten wird ist, dass man dem, was man w\u00e4hrend der Behandlung versp\u00fcrt, so gut wie m\u00f6glich, keine Beachtung schenkt. Das umfasst verschiedenste physische Sensationen (so nennt man die Wahrnehmung des Organismus, w\u00e4hrend der bioenergetischen Behandlung, W\u00e4rme, pulsieren, Str\u00f6mungen, oftmals sogar das Gef\u00fchl, dass sich unter der Hand entwas bewegt.) Bei den Behandlungen Omerovics ist vor allem wichtig, was sie nach Beendigung der Therapie versp\u00fcren, denn im in den meisten F\u00e4llen schwinden vorherige Beschwerden noch w\u00e4hrend sie ihre Hand an der betroffenen Stelle halten.<br \/>\nBis jetzt haben seine Dienstleistungen bereits \u00fcber 100.000 Menschen helfen k\u00f6nnen, aus mehr als 80 L\u00e4ndern weltweit. Die Ergebnisse sind faszinierend. Mehr als 90% der Personen sind mit der durchgef\u00fchrten Behandlung sehr zufrieden.<\/p>\n<\/div><\/section>\n","protected":false},"excerpt":{"rendered":"","protected":false},"author":1,"featured_media":0,"parent":0,"menu_order":0,"comment_status":"closed","ping_status":"closed","template":"","meta":{"footnotes":""},"class_list":["post-10009","page","type-page","status-publish","hentry"],"yoast_head":"<!-- This site is optimized with the Yoast SEO plugin v27.2 - https:\/\/yoast.com\/product\/yoast-seo-wordpress\/ -->\n<title>Wie sehen bioenergetische Behandlungen bei Omerovic aus? - omerovic.eu<\/title>\n<meta name=\"robots\" content=\"index, follow, max-snippet:-1, max-image-preview:large, max-video-preview:-1\" \/>\n<link rel=\"canonical\" href=\"https:\/\/omerovic.eu\/de\/kako-izgledaju-omerovicevi-bioenergetski-tretmani\/\" \/>\n<meta property=\"og:locale\" content=\"de_DE\" \/>\n<meta property=\"og:type\" content=\"article\" \/>\n<meta property=\"og:title\" content=\"Wie sehen bioenergetische Behandlungen bei Omerovic aus? - omerovic.eu\" \/>\n<meta property=\"og:url\" content=\"https:\/\/omerovic.eu\/de\/kako-izgledaju-omerovicevi-bioenergetski-tretmani\/\" \/>\n<meta property=\"og:site_name\" content=\"omerovic.eu\" \/>\n<meta property=\"article:publisher\" content=\"https:\/\/www.facebook.com\/omerovicbioenergija\" \/>\n<meta property=\"article:modified_time\" content=\"2022-03-12T20:00:30+00:00\" \/>\n<meta property=\"og:image\" content=\"https:\/\/omerovic.eu\/wp-content\/uploads\/2020\/04\/WhatsApp-Image-2020-03-23-at-21.22.54-3.jpeg\" \/>\n\t<meta property=\"og:image:width\" content=\"1600\" \/>\n\t<meta property=\"og:image:height\" content=\"1066\" \/>\n\t<meta property=\"og:image:type\" content=\"image\/jpeg\" \/>\n<meta name=\"twitter:card\" content=\"summary_large_image\" \/>\n<meta name=\"twitter:label1\" content=\"Gesch\u00e4tzte Lesezeit\" \/>\n\t<meta name=\"twitter:data1\" content=\"3\u00a0Minuten\" \/>\n<script type=\"application\/ld+json\" class=\"yoast-schema-graph\">{\"@context\":\"https:\/\/schema.org\",\"@graph\":[{\"@type\":\"WebPage\",\"@id\":\"https:\/\/omerovic.eu\/de\/kako-izgledaju-omerovicevi-bioenergetski-tretmani\/\",\"url\":\"https:\/\/omerovic.eu\/de\/kako-izgledaju-omerovicevi-bioenergetski-tretmani\/\",\"name\":\"Wie sehen bioenergetische Behandlungen bei Omerovic aus? - omerovic.eu\",\"isPartOf\":{\"@id\":\"https:\/\/omerovic.eu\/de\/#website\"},\"datePublished\":\"2020-06-15T20:05:45+00:00\",\"dateModified\":\"2022-03-12T20:00:30+00:00\",\"breadcrumb\":{\"@id\":\"https:\/\/omerovic.eu\/de\/kako-izgledaju-omerovicevi-bioenergetski-tretmani\/#breadcrumb\"},\"inLanguage\":\"de\",\"potentialAction\":[{\"@type\":\"ReadAction\",\"target\":[\"https:\/\/omerovic.eu\/de\/kako-izgledaju-omerovicevi-bioenergetski-tretmani\/\"]}]},{\"@type\":\"BreadcrumbList\",\"@id\":\"https:\/\/omerovic.eu\/de\/kako-izgledaju-omerovicevi-bioenergetski-tretmani\/#breadcrumb\",\"itemListElement\":[{\"@type\":\"ListItem\",\"position\":1,\"name\":\"Home\",\"item\":\"https:\/\/omerovic.eu\/de\/\"},{\"@type\":\"ListItem\",\"position\":2,\"name\":\"Wie sehen bioenergetische Behandlungen bei Omerovic aus?\"}]},{\"@type\":\"WebSite\",\"@id\":\"https:\/\/omerovic.eu\/de\/#website\",\"url\":\"https:\/\/omerovic.eu\/de\/\",\"name\":\"omerovic.eu\",\"description\":\"OMEROVI\u0106 Bioenergija\",\"publisher\":{\"@id\":\"https:\/\/omerovic.eu\/de\/#organization\"},\"potentialAction\":[{\"@type\":\"SearchAction\",\"target\":{\"@type\":\"EntryPoint\",\"urlTemplate\":\"https:\/\/omerovic.eu\/de\/?s={search_term_string}\"},\"query-input\":{\"@type\":\"PropertyValueSpecification\",\"valueRequired\":true,\"valueName\":\"search_term_string\"}}],\"inLanguage\":\"de\"},{\"@type\":\"Organization\",\"@id\":\"https:\/\/omerovic.eu\/de\/#organization\",\"name\":\"omerovic.eu\",\"url\":\"https:\/\/omerovic.eu\/de\/\",\"logo\":{\"@type\":\"ImageObject\",\"inLanguage\":\"de\",\"@id\":\"https:\/\/omerovic.eu\/de\/#\/schema\/logo\/image\/\",\"url\":\"https:\/\/omerovic.eu\/wp-content\/uploads\/2020\/04\/favicon.png\",\"contentUrl\":\"https:\/\/omerovic.eu\/wp-content\/uploads\/2020\/04\/favicon.png\",\"width\":32,\"height\":32,\"caption\":\"omerovic.eu\"},\"image\":{\"@id\":\"https:\/\/omerovic.eu\/de\/#\/schema\/logo\/image\/\"},\"sameAs\":[\"https:\/\/www.facebook.com\/omerovicbioenergija\",\"https:\/\/www.youtube.com\/channel\/UChydgg5CFf7MUwBjjs40qKg\"]}]}<\/script>\n<!-- \/ Yoast SEO plugin. -->","yoast_head_json":{"title":"Wie sehen bioenergetische Behandlungen bei Omerovic aus? - omerovic.eu","robots":{"index":"index","follow":"follow","max-snippet":"max-snippet:-1","max-image-preview":"max-image-preview:large","max-video-preview":"max-video-preview:-1"},"canonical":"https:\/\/omerovic.eu\/de\/kako-izgledaju-omerovicevi-bioenergetski-tretmani\/","og_locale":"de_DE","og_type":"article","og_title":"Wie sehen bioenergetische Behandlungen bei Omerovic aus? - omerovic.eu","og_url":"https:\/\/omerovic.eu\/de\/kako-izgledaju-omerovicevi-bioenergetski-tretmani\/","og_site_name":"omerovic.eu","article_publisher":"https:\/\/www.facebook.com\/omerovicbioenergija","article_modified_time":"2022-03-12T20:00:30+00:00","og_image":[{"width":1600,"height":1066,"url":"https:\/\/omerovic.eu\/wp-content\/uploads\/2020\/04\/WhatsApp-Image-2020-03-23-at-21.22.54-3.jpeg","type":"image\/jpeg"}],"twitter_card":"summary_large_image","twitter_misc":{"Gesch\u00e4tzte Lesezeit":"3\u00a0Minuten"},"schema":{"@context":"https:\/\/schema.org","@graph":[{"@type":"WebPage","@id":"https:\/\/omerovic.eu\/de\/kako-izgledaju-omerovicevi-bioenergetski-tretmani\/","url":"https:\/\/omerovic.eu\/de\/kako-izgledaju-omerovicevi-bioenergetski-tretmani\/","name":"Wie sehen bioenergetische Behandlungen bei Omerovic aus? - omerovic.eu","isPartOf":{"@id":"https:\/\/omerovic.eu\/de\/#website"},"datePublished":"2020-06-15T20:05:45+00:00","dateModified":"2022-03-12T20:00:30+00:00","breadcrumb":{"@id":"https:\/\/omerovic.eu\/de\/kako-izgledaju-omerovicevi-bioenergetski-tretmani\/#breadcrumb"},"inLanguage":"de","potentialAction":[{"@type":"ReadAction","target":["https:\/\/omerovic.eu\/de\/kako-izgledaju-omerovicevi-bioenergetski-tretmani\/"]}]},{"@type":"BreadcrumbList","@id":"https:\/\/omerovic.eu\/de\/kako-izgledaju-omerovicevi-bioenergetski-tretmani\/#breadcrumb","itemListElement":[{"@type":"ListItem","position":1,"name":"Home","item":"https:\/\/omerovic.eu\/de\/"},{"@type":"ListItem","position":2,"name":"Wie sehen bioenergetische Behandlungen bei Omerovic aus?"}]},{"@type":"WebSite","@id":"https:\/\/omerovic.eu\/de\/#website","url":"https:\/\/omerovic.eu\/de\/","name":"omerovic.eu","description":"OMEROVI\u0106 Bioenergija","publisher":{"@id":"https:\/\/omerovic.eu\/de\/#organization"},"potentialAction":[{"@type":"SearchAction","target":{"@type":"EntryPoint","urlTemplate":"https:\/\/omerovic.eu\/de\/?s={search_term_string}"},"query-input":{"@type":"PropertyValueSpecification","valueRequired":true,"valueName":"search_term_string"}}],"inLanguage":"de"},{"@type":"Organization","@id":"https:\/\/omerovic.eu\/de\/#organization","name":"omerovic.eu","url":"https:\/\/omerovic.eu\/de\/","logo":{"@type":"ImageObject","inLanguage":"de","@id":"https:\/\/omerovic.eu\/de\/#\/schema\/logo\/image\/","url":"https:\/\/omerovic.eu\/wp-content\/uploads\/2020\/04\/favicon.png","contentUrl":"https:\/\/omerovic.eu\/wp-content\/uploads\/2020\/04\/favicon.png","width":32,"height":32,"caption":"omerovic.eu"},"image":{"@id":"https:\/\/omerovic.eu\/de\/#\/schema\/logo\/image\/"},"sameAs":["https:\/\/www.facebook.com\/omerovicbioenergija","https:\/\/www.youtube.com\/channel\/UChydgg5CFf7MUwBjjs40qKg"]}]}},"_links":{"self":[{"href":"https:\/\/omerovic.eu\/de\/wp-json\/wp\/v2\/pages\/10009","targetHints":{"allow":["GET"]}}],"collection":[{"href":"https:\/\/omerovic.eu\/de\/wp-json\/wp\/v2\/pages"}],"about":[{"href":"https:\/\/omerovic.eu\/de\/wp-json\/wp\/v2\/types\/page"}],"author":[{"embeddable":true,"href":"https:\/\/omerovic.eu\/de\/wp-json\/wp\/v2\/users\/1"}],"replies":[{"embeddable":true,"href":"https:\/\/omerovic.eu\/de\/wp-json\/wp\/v2\/comments?post=10009"}],"version-history":[{"count":0,"href":"https:\/\/omerovic.eu\/de\/wp-json\/wp\/v2\/pages\/10009\/revisions"}],"wp:attachment":[{"href":"https:\/\/omerovic.eu\/de\/wp-json\/wp\/v2\/media?parent=10009"}],"curies":[{"name":"wp","href":"https:\/\/api.w.org\/{rel}","templated":true}]}}