{"id":10017,"date":"2022-03-12T12:07:34","date_gmt":"2022-03-12T11:07:34","guid":{"rendered":"https:\/\/omerovic.eu\/bei-welchen-erkrankungen-verletzungen-und-zustaenden-kann-der-bioenergetiker-muhamed-omerovic-helfen\/"},"modified":"2022-03-12T12:09:38","modified_gmt":"2022-03-12T11:09:38","slug":"bei-welchen-erkrankungen-verletzungen-und-zustaenden-kann-der-bioenergetiker-muhamed-omerovic-helfen","status":"publish","type":"page","link":"https:\/\/omerovic.eu\/de\/bei-welchen-erkrankungen-verletzungen-und-zustaenden-kann-der-bioenergetiker-muhamed-omerovic-helfen\/","title":{"rendered":"Bei welchen Erkrankungen, Verletzungen und Zust\u00e4nden kann der Bioenergetiker Muhamed Omerovic helfen?"},"content":{"rendered":"\n<style type=\"text\/css\" data-created_by=\"avia_inline_auto\" id=\"style-css-av-kb9yhd5n-22351cfbff4adba8beefeddaa1b06b57\">\n#top .av-special-heading.av-kb9yhd5n-22351cfbff4adba8beefeddaa1b06b57{\npadding-bottom:10px;\n}\nbody .av-special-heading.av-kb9yhd5n-22351cfbff4adba8beefeddaa1b06b57 .av-special-heading-tag .heading-char{\nfont-size:25px;\n}\n.av-special-heading.av-kb9yhd5n-22351cfbff4adba8beefeddaa1b06b57 .av-subheading{\nfont-size:15px;\n}\n<\/style>\n<div  class='av-special-heading av-kb9yhd5n-22351cfbff4adba8beefeddaa1b06b57 av-special-heading-h1  avia-builder-el-0  el_before_av_toggle_container  avia-builder-el-first '><h1 class='av-special-heading-tag '  itemprop=\"headline\"  >Bei welchen Erkrankungen, Verletzungen und Zust\u00e4nden kann der Bioenergetiker Muhamed Omerovic helfen?<\/h1><div class=\"special-heading-border\"><div class=\"special-heading-inner-border\"><\/div><\/div><\/div>\n<div  class='togglecontainer av-kb9yg5fq-a18bdedf785c9b796ab26d1c8d1c4e16  avia-builder-el-1  el_after_av_heading  avia-builder-el-last  toggle_close_all' >\n<section class='av_toggle_section av-at2o9k-417a46944d9b90a7f5f2a66f005ab942'  itemscope=\"itemscope\" itemtype=\"https:\/\/schema.org\/CreativeWork\" ><div role=\"tablist\" class=\"single_toggle\" data-tags=\"{Alle} \"  ><p id='toggle-toggle-id-1' data-fake-id='#toggle-id-1' class='toggler  activeTitle av-title-above '  itemprop=\"headline\"  role='tab' tabindex='0' aria-controls='toggle-id-1' data-slide-speed=\"200\" data-title=\"Fangen wir mit den Erkrankungen und Verletzungen an, die durch die Behandlung bei Muhamed Omerovic geheilt werden k\u00f6nnen.\" data-title-open=\"\" data-aria_collapsed=\"Click to expand: Fangen wir mit den Erkrankungen und Verletzungen an, die durch die Behandlung bei Muhamed Omerovic geheilt werden k\u00f6nnen.\" data-aria_expanded=\"Click to collapse: Fangen wir mit den Erkrankungen und Verletzungen an, die durch die Behandlung bei Muhamed Omerovic geheilt werden k\u00f6nnen.\">Fangen wir mit den Erkrankungen und Verletzungen an, die durch die Behandlung bei Muhamed Omerovic geheilt werden k\u00f6nnen.<span class=\"toggle_icon\"><span class=\"vert_icon\"><\/span><span class=\"hor_icon\"><\/span><\/span><\/p><div id='toggle-id-1' aria-labelledby='toggle-toggle-id-1' role='region' class='toggle_wrap  active_tc av-title-above' style='display:block;' ><div class='toggle_content invers-color '  itemprop=\"text\" ><p>Menschen neigen h\u00e4ufig dazu sich an Bioenergetiker zu wenden, wenn ihnen der Ursprung ihrer Erkrankung nicht bewusst ist oder keine Ursache festgestellt werden kann. Oder ebenso wegen Verletzungen und Erkrankungen, bei denen sie bisher noch kein Heilmittel auffinden konnten. H\u00e4ufig h\u00f6rt man, dass gesagt wird: \u201cIch wei\u00df woher meine Schmerzen kommen. Da hab ich mich angesto\u00dfen\u2026ich habe einen schweren Gegenstand gehoben\u2026ich habe beim Sitzen eine schlechte Haltung&#8230;das kommt alles vom Stress&#8230;das ist kein Fall f\u00fcr die Anwendung von Bioenergie. Damit muss ich zum Arzt.\u201d Oder \u00c4hnliches. Tats\u00e4chlich ist das ein riesiger Fehler, Bioenergetiker Muhamed Omerovic hat durch seine eigene Heilmethode, welche er \u00fcber 25 Jahre, so lange wie er sich mit Bioenergie auseinandersetzt, entwickelt hat, genau solche banalen Beschwerden in sehr kurzer Zeit erfolgreich Behandeln k\u00f6nnen.<\/p>\n<\/div><\/div><\/div><\/section>\n<section class='av_toggle_section av-8wu6mg-99fd0c70d1fa39090183afc6accad586'  itemscope=\"itemscope\" itemtype=\"https:\/\/schema.org\/CreativeWork\" ><div role=\"tablist\" class=\"single_toggle\" data-tags=\"{Alle} \"  ><p id='toggle-toggle-id-2' data-fake-id='#toggle-id-2' class='toggler  av-title-above '  itemprop=\"headline\"  role='tab' tabindex='0' aria-controls='toggle-id-2' data-slide-speed=\"200\" data-title=\"Sportverletzungen \u2013 Die Spezialit\u00e4t von Muhamed Omerovic\" data-title-open=\"\" data-aria_collapsed=\"Click to expand: Sportverletzungen \u2013 Die Spezialit\u00e4t von Muhamed Omerovic\" data-aria_expanded=\"Click to collapse: Sportverletzungen \u2013 Die Spezialit\u00e4t von Muhamed Omerovic\">Sportverletzungen \u2013 Die Spezialit\u00e4t von Muhamed Omerovic<span class=\"toggle_icon\"><span class=\"vert_icon\"><\/span><span class=\"hor_icon\"><\/span><\/span><\/p><div id='toggle-id-2' aria-labelledby='toggle-toggle-id-2' role='region' class='toggle_wrap  av-title-above'  ><div class='toggle_content invers-color '  itemprop=\"text\" ><p>Bioenergetiker Muhamed Omerovic schafft es in den meisten F\u00e4llen selbst die schwesten (physischen) Verletzungen in k\u00fcrzester Zeit zu heilen, was es bisher auf der Welt nur selten woanders m\u00f6glich ist. In der Regel gen\u00fcgen zwei bis drei Behandlungen, um Schmerzen in den Knien, Schultern, im R\u00fccken, im Nacken, am Bauch\u2026 Einer Mehrzahl an Sportlern aus der ganzen Welt hat Muhamed Omerovic selbst die schwersten Muskulatur- und Sehnenverletzungen, wie auch Verletzungen in den Gelenken in nur wenigen Tagen ausgeheilt. Denn seine Spezialit\u00e4t ist das Ausheilen von Sportverletzungen. Das streckt sich \u00fcber harmlose Entz\u00fcndungen der Muskeln, die durch sportliche Bet\u00e4tigung verursacht wurden, zu verschiedenen Kontusionen der Muskeln, Sehnen und Knochen, mit oder ohne H\u00e4matomen. Auch die Verformung von Gelenken oder schweren Muskelzerrungen und Muskelrissen, wie auch Sehnenzerrungen und -rissen k\u00f6nnen von ihm behandelt werden.<\/p>\n<\/div><\/div><\/div><\/section>\n<section class='av_toggle_section av-712u9k-f343fd25e9b0e101596ceef1ffad6673'  itemscope=\"itemscope\" itemtype=\"https:\/\/schema.org\/CreativeWork\" ><div role=\"tablist\" class=\"single_toggle\" data-tags=\"{Alle} \"  ><p id='toggle-toggle-id-3' data-fake-id='#toggle-id-3' class='toggler  av-title-above '  itemprop=\"headline\"  role='tab' tabindex='0' aria-controls='toggle-id-3' data-slide-speed=\"200\" data-title=\"Behandlung von nahezu jeder Art von Erkrankung und Verletzung, bei bekannter und unbekannter Ursache\" data-title-open=\"\" data-aria_collapsed=\"Click to expand: Behandlung von nahezu jeder Art von Erkrankung und Verletzung, bei bekannter und unbekannter Ursache\" data-aria_expanded=\"Click to collapse: Behandlung von nahezu jeder Art von Erkrankung und Verletzung, bei bekannter und unbekannter Ursache\">Behandlung von nahezu jeder Art von Erkrankung und Verletzung, bei bekannter und unbekannter Ursache<span class=\"toggle_icon\"><span class=\"vert_icon\"><\/span><span class=\"hor_icon\"><\/span><\/span><\/p><div id='toggle-id-3' aria-labelledby='toggle-toggle-id-3' role='region' class='toggle_wrap  av-title-above'  ><div class='toggle_content invers-color '  itemprop=\"text\" ><p>Behandlungen bei Alternativmediziner Muhamed Omerovic haben sich bei verschiedenen Arten von Erkrankungen, bei denen Schmerzen versp\u00fcrt werden, als sehr effektiv erwiesen. Unabh\u00e4ngig davon, ob die Ursache dieser bekannt oder unbekannt ist. Alles was schmerzt, kann hier behandelt werden. Unter anderem Kopfschmerzen, gew\u00f6hliche wie auch Migr\u00e4ne, R\u00fcckenschmerzen, Schulterschmerzen, Schmerzen in den Ellebogen, Kn\u00f6cheln, H\u00e4nden, H\u00fcften, in der Leiste, in den F\u00fc\u00dfen, wie auch in den Knien k\u00f6nnen von ihm behandelt werden. Selbst wenn die Schmerzen rheumathoider Arthritis, Osteoperose oder \u00e4hnlichen Erkrankungen entspringen, w\u00e4ren sie hier vollst\u00e4ndig behandelbar, oder abminderbar. Auch Personen die unter Schwindel, einem geschw\u00e4chten Immunsystem, Fersenspornen, Tennisarm, manchen Arten von Depressionen oder verschiedenen \u00c4ngsten\/Phobien leiden, kann durch eine solche Behandlung geholfen werden. Ebenso w\u00fcrden Personen, die unter starkem Stress stehen von einem Besuch bei Muhamed Omerovic profitieren. Verbrennungen, Schnittwunden und postoperative Beschwerden. Atemprobleme, Sinus-, Ohr-, Nasen- und Halsbeschwerden, wie auch Schmerzen im Unterleib\/Bauch (Verdauungsprobleme, Fettleber, Darmbeschwerden\u2026) wie auch verschiedene Arten von Zysten und noch vieles mehr k\u00f6nnte hier eine Heilmethode gefunden haben. Auch die Behandlung von Kindern ist m\u00f6glich.<\/p>\n<\/div><\/div><\/div><\/section>\n<section class='av_toggle_section av-66mqe0-8de69eb94113aadec2826153fcaf5c63'  itemscope=\"itemscope\" itemtype=\"https:\/\/schema.org\/CreativeWork\" ><div role=\"tablist\" class=\"single_toggle\" data-tags=\"{Alle} \"  ><p id='toggle-toggle-id-4' data-fake-id='#toggle-id-4' class='toggler  av-title-above '  itemprop=\"headline\"  role='tab' tabindex='0' aria-controls='toggle-id-4' data-slide-speed=\"200\" data-title=\"Wie sind ihre Erfahrungen mit der Behandlung von Viruserkrankungen?\" data-title-open=\"\" data-aria_collapsed=\"Click to expand: Wie sind ihre Erfahrungen mit der Behandlung von Viruserkrankungen?\" data-aria_expanded=\"Click to collapse: Wie sind ihre Erfahrungen mit der Behandlung von Viruserkrankungen?\">Wie sind ihre Erfahrungen mit der Behandlung von Viruserkrankungen?<span class=\"toggle_icon\"><span class=\"vert_icon\"><\/span><span class=\"hor_icon\"><\/span><\/span><\/p><div id='toggle-id-4' aria-labelledby='toggle-toggle-id-4' role='region' class='toggle_wrap  av-title-above'  ><div class='toggle_content invers-color '  itemprop=\"text\" ><p><span lang=\"BS-LATN-BA\" style=\"font-size: 10.5pt; color: black;\">Bioenergetiker Muhamed Omerovic hat bisher 17 Corona-Positive Menschen behandelt. Nach der Behandlung erging es all diesen Personen erheblich besser, sie gelten zur jetzigen Zeit als genesen. Abgesehen von Coronaerkrankten hat er auch mit hunderten von Menschen gearbeitet, die covid\u00e4hnliche Symptome hatten. All diese hatten nach der Behandlung keinerlei weiteren Symptome oder Beschwerden. <\/span><\/p>\n<p><span lang=\"BS-LATN-BA\" style=\"font-size: 10.5pt; color: black;\">Selbstverst\u00e4ndlich w\u00fcrden auch Menschen, die sich lediglich mit einer gew\u00f6hnlichen Grippe infiziert haben, von einer bioenergetischen Behandlung profitieren.<\/span><\/p>\n<\/div><\/div><\/div><\/section>\n<section class='av_toggle_section av-3pj7pk-57306423bcd7940612049bba4a0e1a7a'  itemscope=\"itemscope\" itemtype=\"https:\/\/schema.org\/CreativeWork\" ><div role=\"tablist\" class=\"single_toggle\" data-tags=\"{Alle} \"  ><p id='toggle-toggle-id-5' data-fake-id='#toggle-id-5' class='toggler  av-title-above '  itemprop=\"headline\"  role='tab' tabindex='0' aria-controls='toggle-id-5' data-slide-speed=\"200\" data-title=\"Kann an Krebs Erkrankten bei ihnen geholfen werden?\" data-title-open=\"\" data-aria_collapsed=\"Click to expand: Kann an Krebs Erkrankten bei ihnen geholfen werden?\" data-aria_expanded=\"Click to collapse: Kann an Krebs Erkrankten bei ihnen geholfen werden?\">Kann an Krebs Erkrankten bei ihnen geholfen werden?<span class=\"toggle_icon\"><span class=\"vert_icon\"><\/span><span class=\"hor_icon\"><\/span><\/span><\/p><div id='toggle-id-5' aria-labelledby='toggle-toggle-id-5' role='region' class='toggle_wrap  av-title-above'  ><div class='toggle_content invers-color '  itemprop=\"text\" ><p>Eine bioenergetische Behandlung kann als begleitende Therapiemethode genutzt werden, um die Heilung von Krebserkrankten zu unterst\u00fctzen. Hei\u00dft aber, dass hierbei das Wort von \u00c4rzten immer \u00fcberwiegt. Einen sehr guten Effekt hat die bioenergetische Behandlung bei Menschen, welche sich einer Chemotherapie unterziehen. Die zus\u00e4tzliche Behandlung kann die durch die Chemotherapie verursachten Schmerzen\/Beschwerden vermindern und so dazu f\u00fchren, dass die Betroffenen effektiver, schneller und einfacher zu behandeln sind.<\/p>\n<p>Bedauerlicherweise k\u00f6nnen nicht alle Arten von Erkrankungen und Verletzungen durch eine bioenergetische Behandlung geheilt werden.<\/p>\n<\/div><\/div><\/div><\/section>\n<section class='av_toggle_section av-2hshw8-92dfd6edf561213f800b4cc71f0a82a2'  itemscope=\"itemscope\" itemtype=\"https:\/\/schema.org\/CreativeWork\" ><div role=\"tablist\" class=\"single_toggle\" data-tags=\"{Alle} \"  ><p id='toggle-toggle-id-6' data-fake-id='#toggle-id-6' class='toggler  av-title-above '  itemprop=\"headline\"  role='tab' tabindex='0' aria-controls='toggle-id-6' data-slide-speed=\"200\" data-title=\"Wer kann nicht mit einer erfolgreichen Behandlung bei Omerovic rechnen und warum?\" data-title-open=\"\" data-aria_collapsed=\"Click to expand: Wer kann nicht mit einer erfolgreichen Behandlung bei Omerovic rechnen und warum?\" data-aria_expanded=\"Click to collapse: Wer kann nicht mit einer erfolgreichen Behandlung bei Omerovic rechnen und warum?\">Wer kann nicht mit einer erfolgreichen Behandlung bei Omerovic rechnen und warum?<span class=\"toggle_icon\"><span class=\"vert_icon\"><\/span><span class=\"hor_icon\"><\/span><\/span><\/p><div id='toggle-id-6' aria-labelledby='toggle-toggle-id-6' role='region' class='toggle_wrap  av-title-above'  ><div class='toggle_content invers-color '  itemprop=\"text\" ><p>Menschen die an Parkinson erkrankt sind, k\u00f6nnen nicht mit einer erfolgreichen Behandlung rechnen, ebenso wenig Personen, die unter Epilepsie, Schizophrenie oder einer Beeintr\u00e4chtigung\/Besch\u00e4digung des zentralen oder peripheren Nervensystems leiden.<\/p>\n<p>Hierbei sind vorallem Personen gemeint, welche einen Schlaganfall erlitten haben, wie auch Menschen denen durch einen Unfall oder eine Operation Nerven besch\u00e4digt oder durchtrennt wurden. Diesen Menschen kann in der Regel leider nicht durch eine bioenergetische Behandlung geholfen werden.<\/p>\n<\/div><\/div><\/div><\/section>\n<\/div>\n","protected":false},"excerpt":{"rendered":"","protected":false},"author":1,"featured_media":0,"parent":0,"menu_order":0,"comment_status":"closed","ping_status":"closed","template":"","meta":{"footnotes":""},"class_list":["post-10017","page","type-page","status-publish","hentry"],"yoast_head":"<!-- This site is optimized with the Yoast SEO plugin v27.2 - https:\/\/yoast.com\/product\/yoast-seo-wordpress\/ -->\n<title>Bei welchen Erkrankungen, Verletzungen und Zust\u00e4nden kann der Bioenergetiker Muhamed Omerovic helfen? - omerovic.eu<\/title>\n<meta name=\"robots\" content=\"index, follow, max-snippet:-1, max-image-preview:large, max-video-preview:-1\" \/>\n<link rel=\"canonical\" href=\"https:\/\/omerovic.eu\/de\/bei-welchen-erkrankungen-verletzungen-und-zustaenden-kann-der-bioenergetiker-muhamed-omerovic-helfen\/\" \/>\n<meta property=\"og:locale\" content=\"de_DE\" \/>\n<meta property=\"og:type\" content=\"article\" \/>\n<meta property=\"og:title\" content=\"Bei welchen Erkrankungen, Verletzungen und Zust\u00e4nden kann der Bioenergetiker Muhamed Omerovic helfen? - omerovic.eu\" \/>\n<meta property=\"og:url\" content=\"https:\/\/omerovic.eu\/de\/bei-welchen-erkrankungen-verletzungen-und-zustaenden-kann-der-bioenergetiker-muhamed-omerovic-helfen\/\" \/>\n<meta property=\"og:site_name\" content=\"omerovic.eu\" \/>\n<meta property=\"article:publisher\" content=\"https:\/\/www.facebook.com\/omerovicbioenergija\" \/>\n<meta property=\"article:modified_time\" content=\"2022-03-12T11:09:38+00:00\" \/>\n<meta property=\"og:image\" content=\"https:\/\/omerovic.eu\/wp-content\/uploads\/2020\/04\/WhatsApp-Image-2020-03-23-at-21.22.54-3.jpeg\" \/>\n\t<meta property=\"og:image:width\" content=\"1600\" \/>\n\t<meta property=\"og:image:height\" content=\"1066\" \/>\n\t<meta property=\"og:image:type\" content=\"image\/jpeg\" \/>\n<meta name=\"twitter:card\" content=\"summary_large_image\" \/>\n<meta name=\"twitter:label1\" content=\"Gesch\u00e4tzte Lesezeit\" \/>\n\t<meta name=\"twitter:data1\" content=\"4\u00a0Minuten\" \/>\n<script type=\"application\/ld+json\" class=\"yoast-schema-graph\">{\"@context\":\"https:\/\/schema.org\",\"@graph\":[{\"@type\":\"WebPage\",\"@id\":\"https:\/\/omerovic.eu\/de\/bei-welchen-erkrankungen-verletzungen-und-zustaenden-kann-der-bioenergetiker-muhamed-omerovic-helfen\/\",\"url\":\"https:\/\/omerovic.eu\/de\/bei-welchen-erkrankungen-verletzungen-und-zustaenden-kann-der-bioenergetiker-muhamed-omerovic-helfen\/\",\"name\":\"Bei welchen Erkrankungen, Verletzungen und Zust\u00e4nden kann der Bioenergetiker Muhamed Omerovic helfen? - omerovic.eu\",\"isPartOf\":{\"@id\":\"https:\/\/omerovic.eu\/de\/#website\"},\"datePublished\":\"2022-03-12T11:07:34+00:00\",\"dateModified\":\"2022-03-12T11:09:38+00:00\",\"breadcrumb\":{\"@id\":\"https:\/\/omerovic.eu\/de\/bei-welchen-erkrankungen-verletzungen-und-zustaenden-kann-der-bioenergetiker-muhamed-omerovic-helfen\/#breadcrumb\"},\"inLanguage\":\"de\",\"potentialAction\":[{\"@type\":\"ReadAction\",\"target\":[\"https:\/\/omerovic.eu\/de\/bei-welchen-erkrankungen-verletzungen-und-zustaenden-kann-der-bioenergetiker-muhamed-omerovic-helfen\/\"]}]},{\"@type\":\"BreadcrumbList\",\"@id\":\"https:\/\/omerovic.eu\/de\/bei-welchen-erkrankungen-verletzungen-und-zustaenden-kann-der-bioenergetiker-muhamed-omerovic-helfen\/#breadcrumb\",\"itemListElement\":[{\"@type\":\"ListItem\",\"position\":1,\"name\":\"Home\",\"item\":\"https:\/\/omerovic.eu\/de\/\"},{\"@type\":\"ListItem\",\"position\":2,\"name\":\"Bei welchen Erkrankungen, Verletzungen und Zust\u00e4nden kann der Bioenergetiker Muhamed Omerovic helfen?\"}]},{\"@type\":\"WebSite\",\"@id\":\"https:\/\/omerovic.eu\/de\/#website\",\"url\":\"https:\/\/omerovic.eu\/de\/\",\"name\":\"omerovic.eu\",\"description\":\"OMEROVI\u0106 Bioenergija\",\"publisher\":{\"@id\":\"https:\/\/omerovic.eu\/de\/#organization\"},\"potentialAction\":[{\"@type\":\"SearchAction\",\"target\":{\"@type\":\"EntryPoint\",\"urlTemplate\":\"https:\/\/omerovic.eu\/de\/?s={search_term_string}\"},\"query-input\":{\"@type\":\"PropertyValueSpecification\",\"valueRequired\":true,\"valueName\":\"search_term_string\"}}],\"inLanguage\":\"de\"},{\"@type\":\"Organization\",\"@id\":\"https:\/\/omerovic.eu\/de\/#organization\",\"name\":\"omerovic.eu\",\"url\":\"https:\/\/omerovic.eu\/de\/\",\"logo\":{\"@type\":\"ImageObject\",\"inLanguage\":\"de\",\"@id\":\"https:\/\/omerovic.eu\/de\/#\/schema\/logo\/image\/\",\"url\":\"https:\/\/omerovic.eu\/wp-content\/uploads\/2020\/04\/favicon.png\",\"contentUrl\":\"https:\/\/omerovic.eu\/wp-content\/uploads\/2020\/04\/favicon.png\",\"width\":32,\"height\":32,\"caption\":\"omerovic.eu\"},\"image\":{\"@id\":\"https:\/\/omerovic.eu\/de\/#\/schema\/logo\/image\/\"},\"sameAs\":[\"https:\/\/www.facebook.com\/omerovicbioenergija\",\"https:\/\/www.youtube.com\/channel\/UChydgg5CFf7MUwBjjs40qKg\"]}]}<\/script>\n<!-- \/ Yoast SEO plugin. -->","yoast_head_json":{"title":"Bei welchen Erkrankungen, Verletzungen und Zust\u00e4nden kann der Bioenergetiker Muhamed Omerovic helfen? - omerovic.eu","robots":{"index":"index","follow":"follow","max-snippet":"max-snippet:-1","max-image-preview":"max-image-preview:large","max-video-preview":"max-video-preview:-1"},"canonical":"https:\/\/omerovic.eu\/de\/bei-welchen-erkrankungen-verletzungen-und-zustaenden-kann-der-bioenergetiker-muhamed-omerovic-helfen\/","og_locale":"de_DE","og_type":"article","og_title":"Bei welchen Erkrankungen, Verletzungen und Zust\u00e4nden kann der Bioenergetiker Muhamed Omerovic helfen? - omerovic.eu","og_url":"https:\/\/omerovic.eu\/de\/bei-welchen-erkrankungen-verletzungen-und-zustaenden-kann-der-bioenergetiker-muhamed-omerovic-helfen\/","og_site_name":"omerovic.eu","article_publisher":"https:\/\/www.facebook.com\/omerovicbioenergija","article_modified_time":"2022-03-12T11:09:38+00:00","og_image":[{"width":1600,"height":1066,"url":"https:\/\/omerovic.eu\/wp-content\/uploads\/2020\/04\/WhatsApp-Image-2020-03-23-at-21.22.54-3.jpeg","type":"image\/jpeg"}],"twitter_card":"summary_large_image","twitter_misc":{"Gesch\u00e4tzte Lesezeit":"4\u00a0Minuten"},"schema":{"@context":"https:\/\/schema.org","@graph":[{"@type":"WebPage","@id":"https:\/\/omerovic.eu\/de\/bei-welchen-erkrankungen-verletzungen-und-zustaenden-kann-der-bioenergetiker-muhamed-omerovic-helfen\/","url":"https:\/\/omerovic.eu\/de\/bei-welchen-erkrankungen-verletzungen-und-zustaenden-kann-der-bioenergetiker-muhamed-omerovic-helfen\/","name":"Bei welchen Erkrankungen, Verletzungen und Zust\u00e4nden kann der Bioenergetiker Muhamed Omerovic helfen? - omerovic.eu","isPartOf":{"@id":"https:\/\/omerovic.eu\/de\/#website"},"datePublished":"2022-03-12T11:07:34+00:00","dateModified":"2022-03-12T11:09:38+00:00","breadcrumb":{"@id":"https:\/\/omerovic.eu\/de\/bei-welchen-erkrankungen-verletzungen-und-zustaenden-kann-der-bioenergetiker-muhamed-omerovic-helfen\/#breadcrumb"},"inLanguage":"de","potentialAction":[{"@type":"ReadAction","target":["https:\/\/omerovic.eu\/de\/bei-welchen-erkrankungen-verletzungen-und-zustaenden-kann-der-bioenergetiker-muhamed-omerovic-helfen\/"]}]},{"@type":"BreadcrumbList","@id":"https:\/\/omerovic.eu\/de\/bei-welchen-erkrankungen-verletzungen-und-zustaenden-kann-der-bioenergetiker-muhamed-omerovic-helfen\/#breadcrumb","itemListElement":[{"@type":"ListItem","position":1,"name":"Home","item":"https:\/\/omerovic.eu\/de\/"},{"@type":"ListItem","position":2,"name":"Bei welchen Erkrankungen, Verletzungen und Zust\u00e4nden kann der Bioenergetiker Muhamed Omerovic helfen?"}]},{"@type":"WebSite","@id":"https:\/\/omerovic.eu\/de\/#website","url":"https:\/\/omerovic.eu\/de\/","name":"omerovic.eu","description":"OMEROVI\u0106 Bioenergija","publisher":{"@id":"https:\/\/omerovic.eu\/de\/#organization"},"potentialAction":[{"@type":"SearchAction","target":{"@type":"EntryPoint","urlTemplate":"https:\/\/omerovic.eu\/de\/?s={search_term_string}"},"query-input":{"@type":"PropertyValueSpecification","valueRequired":true,"valueName":"search_term_string"}}],"inLanguage":"de"},{"@type":"Organization","@id":"https:\/\/omerovic.eu\/de\/#organization","name":"omerovic.eu","url":"https:\/\/omerovic.eu\/de\/","logo":{"@type":"ImageObject","inLanguage":"de","@id":"https:\/\/omerovic.eu\/de\/#\/schema\/logo\/image\/","url":"https:\/\/omerovic.eu\/wp-content\/uploads\/2020\/04\/favicon.png","contentUrl":"https:\/\/omerovic.eu\/wp-content\/uploads\/2020\/04\/favicon.png","width":32,"height":32,"caption":"omerovic.eu"},"image":{"@id":"https:\/\/omerovic.eu\/de\/#\/schema\/logo\/image\/"},"sameAs":["https:\/\/www.facebook.com\/omerovicbioenergija","https:\/\/www.youtube.com\/channel\/UChydgg5CFf7MUwBjjs40qKg"]}]}},"_links":{"self":[{"href":"https:\/\/omerovic.eu\/de\/wp-json\/wp\/v2\/pages\/10017","targetHints":{"allow":["GET"]}}],"collection":[{"href":"https:\/\/omerovic.eu\/de\/wp-json\/wp\/v2\/pages"}],"about":[{"href":"https:\/\/omerovic.eu\/de\/wp-json\/wp\/v2\/types\/page"}],"author":[{"embeddable":true,"href":"https:\/\/omerovic.eu\/de\/wp-json\/wp\/v2\/users\/1"}],"replies":[{"embeddable":true,"href":"https:\/\/omerovic.eu\/de\/wp-json\/wp\/v2\/comments?post=10017"}],"version-history":[{"count":0,"href":"https:\/\/omerovic.eu\/de\/wp-json\/wp\/v2\/pages\/10017\/revisions"}],"wp:attachment":[{"href":"https:\/\/omerovic.eu\/de\/wp-json\/wp\/v2\/media?parent=10017"}],"curies":[{"name":"wp","href":"https:\/\/api.w.org\/{rel}","templated":true}]}}