{"id":10024,"date":"2020-06-07T23:33:44","date_gmt":"2020-06-07T21:33:44","guid":{"rendered":"https:\/\/omerovic.eu\/ko-je-muhamed-omerovic\/"},"modified":"2022-03-12T12:37:06","modified_gmt":"2022-03-12T11:37:06","slug":"wer-ist-muhamed-omerovic","status":"publish","type":"page","link":"https:\/\/omerovic.eu\/de\/wer-ist-muhamed-omerovic\/","title":{"rendered":"Wer ist Muhamed Omerovic?"},"content":{"rendered":"\n<style type=\"text\/css\" data-created_by=\"avia_inline_auto\" id=\"style-css-av-av_heading-e1d8fd6cc31f448f9cc799019d94e227\">\n#top .av-special-heading.av-av_heading-e1d8fd6cc31f448f9cc799019d94e227{\npadding-bottom:10px;\n}\nbody .av-special-heading.av-av_heading-e1d8fd6cc31f448f9cc799019d94e227 .av-special-heading-tag .heading-char{\nfont-size:25px;\n}\n.av-special-heading.av-av_heading-e1d8fd6cc31f448f9cc799019d94e227 .av-subheading{\nfont-size:15px;\n}\n<\/style>\n<div  class='av-special-heading av-av_heading-e1d8fd6cc31f448f9cc799019d94e227 av-special-heading-h1  avia-builder-el-0  el_before_av_textblock  avia-builder-el-first '><h1 class='av-special-heading-tag '  itemprop=\"headline\"  >Wer ist Muhamed Omerovic?<\/h1><div class=\"special-heading-border\"><div class=\"special-heading-inner-border\"><\/div><\/div><\/div>\n<section  class='av_textblock_section av-2tlqat-9766c13d409eb8491926af7f8246e439 '   itemscope=\"itemscope\" itemtype=\"https:\/\/schema.org\/CreativeWork\" ><div class='avia_textblock'  itemprop=\"text\" ><p>Muhamed Omerovic ist, durch seine bioenergetische Heilf\u00e4higkeit, ein bekannter Name im Rahmen<br \/>\nder Alternativmedizin. Seit vielen Jahren kann man ihn in der gesamten EU Region, wie selbstverst\u00e4ndlich auch im westlichen Balkan auffinden.<\/p>\n<p>Auf Grund seiner aktiven Beteiligung an der Verteidigung Sarajevos im Jahre 1992, erlitt er eine lebensbedrohliche Verletzung durch einen Sniperschuss in den Nacken. Wegen der Schwere seiner Verletzung wurde er nach Deutschland veretzt, um dort behandelt zu werden. Dort wurde er operiert.<\/p>\n<p>Nach einer vierj\u00e4hrigen Behandlung war er auf mysteri\u00f6se Weise abgeheilt \u2013 \u00fcber Nacht.<br \/>\nZu dieser Zeit realisiert er, dass er die F\u00e4higkeit besitzt erkrankten und verwundeten Menschen zu helfen.<\/p>\n<p>Heute hilft er, mit seiner eigenen Heilmethode, welche er \u00fcber ein vierteltes Jahrzehnt hinweg<br \/>\nentwickelt hat, Menschen auf der ganzen Welt.<\/p>\n<\/div><\/section>\n<div  class='tabcontainer av-kb5lej3f-cd4478528700dc31cb3f19d8ffbf5298 top_tab  avia-builder-el-2  el_after_av_textblock  avia-builder-el-last '>\n<section class='av_tab_section av_tab_section av-av_tab-40821d5cd512e2dd50057cf97cf6bbbd'  itemscope=\"itemscope\" itemtype=\"https:\/\/schema.org\/CreativeWork\" ><div id='tab-id-1-tab' class='tab active_tab' role='tab' aria-selected=\"true\" tabindex=\"0\" data-fake-id='#tab-id-1' aria-controls='tab-id-1-content'  itemprop=\"headline\" ><span class='tab_icon avia-iconfont avia-font-entypo-fontello' data-av_icon='\ue871' data-av_iconfont='entypo-fontello' ><\/span>...<\/div><div id='tab-id-1-content' class='tab_content active_tab_content' role='tabpanel' aria-labelledby='tab-id-1-tab' aria-hidden=\"false\"><div class='tab_inner_content invers-color'  itemprop=\"text\" ><p>\u00dcber verschiedene Verbindungen schafften sie mich ins Krankenhaus und operierten mir die Wirbels\u00e4ule. Sie behandelten mich \u00fcber 4 Jahre hinweg, jedoch lie\u00df sich gegen die Schmerzen nichts ausrichten. Der Schmerz war so stark, dass ich weder sitzen noch laufen konnte, er lie\u00df keine Sekunde nach. Ich schlie\u00df auf Sesseln und St\u00fchlen, sofern man das schlafen nennen konnte. Eines Tages h\u00f6rte ich im Schlaf eine Stimme, welche mir sagte: \u201cDu sollst und musst allen verzeihen, unabh\u00e4ngig davon, ob sie dir etwas getan haben, oder nicht!\u201d<\/p>\n<p>In der fr\u00fch bin ich aufgewacht und dachte, dass ich gestorben sei. Von den Schmerzen war ich befreit, nichts tat mehr weh. In den n\u00e4chsten Tagen kam ein Freund bei mir vorbei, mit dem ich gemeinsam studiert hatte. Jetzt arbeitete er in M\u00fcnchen auf einer Baustelle. Er klagte \u00fcber R\u00fcckenschmerzen, automatisch legte ich meine H\u00e4nde auf ihn. Er sagte \u201cEhm, deine H\u00e4nde brennen!\u201d. Damit heilte ich seine R\u00fcckenschmerzen aus. So begann meine Reise in der Alternativmedizin. Ich probierte es weiter aus und untersuchte die Effektivit\u00e4t erstmals im Freundes- und Bekanntenkreis. Wie man in unserem Volk sagen w\u00fcrde \u201cIch wurde von Gottes Hand gef\u00fchrt\u201d. So entdeckte ich, dass ich die Therapie auch aus der Ferne aus\u00fcben kann.<\/p>\n<p>Immer dachte ich, dass man hierf\u00fcr irgendeine Art Bindung herstellen m\u00fcsste, bis ich eines Tages, \u00fcber Ahmed Bosnica, Kontakt mit Damir Sturman, einem Bioenergetiker aus Pore\u010d, aufnahm. Mit diesem freundete ich mich an. Ich schrieb ihm in einer Nacht auf Skype, er klagte \u00fcber Ohren- und Zahnschmerzen. Als wir dies behoben, indem er eine Hand auf seinen Zahn und die kleinen Finger der anderen ins Ohr hielt, begriff ich, dass ich keine telefonische Verbindung, Wissen \u00fcber die Identit\u00e4t des Erkrankten, der Art der Erkrankung oder der betroffenen Stelle ben\u00f6tigte. Lediglich muss ich den Betroffenen, oder jemandem in ihrer Umgebung erkl\u00e4ren, wann sie ihre H\u00e4nde auf die schmerzende Stelle legen und wann sie sie wieder entfernen sollten. Das funktionierte.<\/p>\n<p>H\u00e4ufig geschieht es, dass ich ca. 10 Menschen gleichzeitig behandele.<br \/>\nWie eine Industrie. Das ist f\u00fcr mich ein Zeichen, dass das alles nicht meins ist, es ist mir unerkl\u00e4rlich. Ich habe eine Gabe, welche funktioniert und mit dieser m\u00f6chte ich so vielen Menschen wie m\u00f6glich von Nutzen sein \u2013 Muhamed Omerovic hat weitergemacht, er fand zuf\u00e4llig heraus, dass seine Gabe besonders sich besonders effektiv auf Sportverletzungen auswirkte.<\/p>\n<p>Im Asylheim, in dem ich in den Niederlanden untergebracht wurde, fuhr ein Kind Fahrrad und ist dabei gest\u00fcrzt. Nachdem ich zwei Minuten mit ihm verbrachte h\u00fcpfte er wieder auf\u2019s Rad und fuhr weiter. Ich war verbl\u00fcfft, so erkannte ich aber, dass physische Verletzungen f\u00fcr mich am einfachsten zu behandeln sind. Wenn ein K\u00f6rper gesund ist, ist es am einfachsten Schmerzen auszuheilen. Sportler sind junge, gesunde Menschen, ihr Stoffwechsel ist ausgezeichnet, eine k\u00f6rperliche Verletzung ist bei ihnen problemlos behandelbar.<\/p>\n<p>Ich behandele alles, was schmerzt. Abgesehen von Verletzungen, welche chirurgisch behoben werden m\u00fcssen. Aber es l\u00e4sst sich sagen das ich klassische Muskelfaserrisse in der Regeln von innerhalb einer halben Stunde heilen kann \u2013 weiter als der ehemalige Sportjournalist, welcher nun sesshaft in Tilburg und besonders stolz auf die Namen derer Sportler ist, welchen er bereits helfen konnte. Die Liste beinhaltet beeindruckende Namen, in Rijeka besuchte ihn Xavi Garcia, Andelo Setka. Sandro Sukno, ehemaligem Basketballspieler bei \u201cSkreljeva\u201d Marko Milekic heilte er eine Verletzung des Sprungelenks, nach nur einer halbst\u00fcndigen Behandlung. Ebenso besuchen ihn Stefan Ristovski und Roman Bezjak, Fu\u00dfballer von \u201cRijeka\u201d. Unter all den Namen m\u00fcsste der ber\u00fchmteste aber sicher einer sein \u2013 Ivica Olic.<\/p>\n<\/div><\/div><\/section>\n<section class='av_tab_section av_tab_section av-av_tab-fd9a0a9bfa3b420c33a8b6bb94c3f4f6'  itemscope=\"itemscope\" itemtype=\"https:\/\/schema.org\/CreativeWork\" ><div id='tab-id-2-tab' class='tab' role='tab' aria-selected=\"false\" tabindex=\"0\" data-fake-id='#tab-id-2' aria-controls='tab-id-2-content'  itemprop=\"headline\" ><span class='tab_icon avia-iconfont avia-font-entypo-fontello' data-av_icon='\ue871' data-av_iconfont='entypo-fontello' ><\/span>IVICA OLIC<\/div><div id='tab-id-2-content' class='tab_content' role='tabpanel' aria-labelledby='tab-id-2-tab' aria-hidden=\"true\"><div class='tab_inner_content invers-color'  itemprop=\"text\" ><p>&#8211; Zeljko Petrovic, der ehemaliger Trainer des HSV, wie auch ehemaliger Assistent von Martin Jol, bat mich Ivica Olic zu helfen. Er hatte einen 7 cm langen Riss an der Wade. Olic rief mich an und erkl\u00e4rte, dass er Schmerzen habe und sich nichteinmal auf seinem Bein abst\u00fctzen konnte. An die betroffene Stelle legte er f\u00fcr zehn Minuten seine Hand an, auf einmal rief er von der anderen Seite des Telefons blo\u00df \u201cAh, Fuck\u201d. Seine Schmerzen waren nicht vollkommen verflogen, doch er musste nicht l\u00e4nger auf Kr\u00fccken laufen. Als ich auf dem Weg nach Bosnien war, machte ich einen Zwischenstopp bei ihm in M\u00fcnchen. Dort f\u00fchrten wir noch eine Behandlung durch, durch die nun alles ausgeheilt wurde. Einen Tag sp\u00e4ter musste er zum MRI, im Anschluss schrieb er mir eine SMS: \u201cAlles ist in Ordnung!\u201d<\/p>\n<p>Seitdem h\u00f6rte ich nie wieder von ihm, wof\u00fcr ich ihm aber auch nicht die Schuld gebe. Doktor Hans Wilhelm M\u00fcller-Wohlfahrt, welcher zu diesem Zeitpunkt der Mediziner des Bayerns und heute Mediziner der Deutschen Nationalmannschaft ist, gilt als der weltbeste Experte im Bereich von Muskelverletzungen. Selbstverst\u00e4dlich konnte er nicht zulassen, dass ihm jemand vom Bau seinen besten Spieler wegnimmt. Daf\u00fcr hab ich Verst\u00e4ndnis. Ein angesehener Kroatischer Mediziner, welchen ich als praktizierenden Mediziner schon sehr respektiere, jedoch als Person noch mehr, hat offen gesagt: \u201cNiemals wurde ich einem meiner Patienten verbieten, sich bei ihnen behandeln zu lassen, aber ebenso w\u00fcrde ich niemals jemandem empfehlen, sie aufzusuchen. Viele Kliniken m\u00fcssten schlie\u00dfen, wenn man Patienten einen Besuch bei ihnen vorschlagen w\u00fcrde.\u201d Das bedauere ich, wegen der Menschen, den Sportlern, denen sehr einfach geholfen werden k\u00f6nnte. Der beste Beweis sind Fu\u00dfballer von Rijeka, Stefan Ristovski und Roman Bezjak. Ristovski hat mich zwei mal je f\u00fcr eine halbe Stunde besucht. Bezjak war ein mal bei mir, ein zweites Mal behandelte ich ihn aus der Ferne. Beide haben danach gespielt und spielen noch immer. Ristovski hat mit seinen Beschwerden halb Kroatien \u00fcberquert, doch seine Lage verschlimmerte sich immer nur weiter.<\/p>\n<p>Nach seinem Besuch bei mir, konnte er nach zehn Minuten unbeschwert laufen. Bezjak wurde von einer alten Verletzung aus Darmstadt geplagt, wo er sich den Finger brach. Dieser ist daraufhin schief wieder zusammengewachsen. Nicht einmal seine Sportschuhe konnte er auf Grund der starken Schmerzen anziehen. Das erz\u00e4hle ich ungern, jedoch bin ich, wenn es um Sportler geht, auch dazu in der Lage die Blockaden in ihrem Kopf zu l\u00f6sen. Vorallem die, welche bei Beginn eines Spiels vorherrschen. Im \u00fcbrigen meine ich, dass Rijeka die Gewinner sein werden, sie haben einen gro\u00dfen Vorteil, sie m\u00fcssten nur mehr an sich glauben. Ich w\u00fcrde mich freuen, wenn ich ihnen mit meiner Arbeit so helfen konnte, wie ich Marko Milekic geholfen habe \u2013 sagt Omerovic, welcher Olic nicht die Schuld gibt, sich nicht mehr gemeldet zu haben. Wie effektiv sich seine Behandlungen erwiesen haben hat sich herumgesprochen, so hat er bisher Menschen aus 80 L\u00e4ndern weltweit bisher helfen k\u00f6nnen.<\/p>\n<\/div><\/div><\/section>\n<section class='av_tab_section av_tab_section av-av_tab-d1456da902f1160382ef22392da4ae2f'  itemscope=\"itemscope\" itemtype=\"https:\/\/schema.org\/CreativeWork\" ><div id='tab-id-3-tab' class='tab' role='tab' aria-selected=\"false\" tabindex=\"0\" data-fake-id='#tab-id-3' aria-controls='tab-id-3-content'  itemprop=\"headline\" ><span class='tab_icon avia-iconfont avia-font-entypo-fontello' data-av_icon='\ue871' data-av_iconfont='entypo-fontello' ><\/span>Medizin hat das letzte Wort<\/div><div id='tab-id-3-content' class='tab_content' role='tabpanel' aria-labelledby='tab-id-3-tab' aria-hidden=\"true\"><div class='tab_inner_content invers-color'  itemprop=\"text\" ><p>&#8211; Selbst aus dem Kongo habe ich Anrufe erhalten, denen ich durch die Nutzung von Google Translate nachkommen musste. Es hat mich erstaunt wie schnell sich alles ausgebreitet hat. Ich habe viel mit Russen gearbeitet, was ich Alexei Prudnjikov zu verdanken habe, welcher vor dem Krieg f\u00fcr Velez und Sarajevo gespielt hat. Am wichtigsten aber ist die Tatsache, dass ich mich nie davor gescheut habe, Medizinern das letzte Wort zu \u00fcberlassen. Wenn es um Medizin geht, bin ich ein gro\u00dfer Bef\u00fcrworter, jedoch schaffe ich es nahezu immer zu erfassen, um was f\u00fcr eine Art von Verletzung es sich handelt.<\/p>\n<p>Br\u00fcche, Blutverdickungen, H\u00e4matome, alte Narben. Ich schiebe f\u00fcr die Menschen Knie- oder H\u00fcft- Ops auf, die noch nicht bereit f\u00fcr eine sind. Auch behandele ich Sinuse, Kopfschmerzen, Verkalkungen oder Alkoholprobleme. Nie gehe ich davon aus, dass ich immer allen helfen kann. So erlebe ich meine Gabe. Ich m\u00f6chte keine Menschen in Unsicherheit belassen, ebenso wenig wie ich ihnen zu viel versprechen will. In den meisten F\u00e4llen, in zwanzig Prozent der verschiedensten Verletzungen und Krankheiten, ist die Behandlung erfolgreich.<\/p>\n<p>Es gab aber auch schon F\u00e4lle, in denen ich gemeint habe, dass ich nicht helfen k\u00f6nnte, denen ich dann aber in k\u00fcrzester Zeit zur vollst\u00e4ndigen Abheilung verhalf. Es gab einen Vorfall von einem jungen Mann aus den Niederlanden, dessen Nieren versagten, er fiel ins Koma. Nachdem er aufgewacht war konnte er sich vier Jahre lang nahezu nicht bewegen. Als er 16 Jahre alt war suchte mich sein Vater auf einer Baustelle auf und bat mich, seinem Sohn zu helfen. Er rief mich an und erkl\u00e4rte, dass er H\u00fcftschmerzen hat, wir machten zur Probe eine einmin\u00fctige Behandlung, nachdem die Minute vergangen war hielt ich meine Hand an seiner H\u00fcfte. Nach nur einer weiteren Behandlungsminute \u2013 er konnte laufen. Bei Menschen, welche einen Schlaganfall \u00fcberlebt haben, oder Menschen mit Fehlbildungen ist die Behandlung meist nicht erfolgreich, die Erebnisse sind schlecht. Trotzdessen w\u00fcrde ich niemandem eine Behandlung verweigern. Manchmal gibt es auch Besserungen, vorallem wenn die Person zuvor Schmerzen hatte. &#8211; erkl\u00e4rt Omerovic.<\/p>\n<p>Ich kann das aus erster Hand best\u00e4tigen. Nach einem Gespr\u00e4ch bat ich den Mann, mich \u00fcber die Effektivit\u00e4t seiner Heilmethode zu versichern. Es ist wahr, seine H\u00e4nde f\u00fchlen sich gl\u00fchend an, bereits bei der ersten Ber\u00fchrung, mit einer unglaublichen Leichtigkeit findet er die schmerzenden Stellen, nach nur zehn Minuten verschwanden die Schmerzen, die ich in meinen Waden versp\u00fcrte.<br \/>\nSie verschwanden, als h\u00e4tte er sie mit seinen H\u00e4nden entfernt. Und ja, an dem Tag nahme ich Albert f\u00fcr eine Behandlung entgegen. Vielleicht ist Muhamed Omerovic nicht das Heilmittel gegen Arthrogryposis, jedoch hat er die Durchblutung seiner H\u00e4nde und F\u00fc\u00dfe, um Welten verbessert.<\/p>\n<\/div><\/div><\/section>\n<\/div>\n","protected":false},"excerpt":{"rendered":"","protected":false},"author":2,"featured_media":0,"parent":0,"menu_order":0,"comment_status":"closed","ping_status":"closed","template":"","meta":{"footnotes":""},"class_list":["post-10024","page","type-page","status-publish","hentry"],"yoast_head":"<!-- This site is optimized with the Yoast SEO plugin v27.2 - https:\/\/yoast.com\/product\/yoast-seo-wordpress\/ -->\n<title>Wer ist Muhamed Omerovic? - omerovic.eu<\/title>\n<meta name=\"robots\" content=\"index, follow, max-snippet:-1, max-image-preview:large, max-video-preview:-1\" \/>\n<link rel=\"canonical\" href=\"https:\/\/omerovic.eu\/de\/wer-ist-muhamed-omerovic\/\" \/>\n<meta property=\"og:locale\" content=\"de_DE\" \/>\n<meta property=\"og:type\" content=\"article\" \/>\n<meta property=\"og:title\" content=\"Wer ist Muhamed Omerovic? - omerovic.eu\" \/>\n<meta property=\"og:url\" content=\"https:\/\/omerovic.eu\/de\/wer-ist-muhamed-omerovic\/\" \/>\n<meta property=\"og:site_name\" content=\"omerovic.eu\" \/>\n<meta property=\"article:publisher\" content=\"https:\/\/www.facebook.com\/omerovicbioenergija\" \/>\n<meta property=\"article:modified_time\" content=\"2022-03-12T11:37:06+00:00\" \/>\n<meta property=\"og:image\" content=\"https:\/\/omerovic.eu\/wp-content\/uploads\/2020\/04\/WhatsApp-Image-2020-03-23-at-21.22.54-3.jpeg\" \/>\n\t<meta property=\"og:image:width\" content=\"1600\" \/>\n\t<meta property=\"og:image:height\" content=\"1066\" \/>\n\t<meta property=\"og:image:type\" content=\"image\/jpeg\" \/>\n<meta name=\"twitter:card\" content=\"summary_large_image\" \/>\n<meta name=\"twitter:label1\" content=\"Gesch\u00e4tzte Lesezeit\" \/>\n\t<meta name=\"twitter:data1\" content=\"7\u00a0Minuten\" \/>\n<script type=\"application\/ld+json\" class=\"yoast-schema-graph\">{\"@context\":\"https:\/\/schema.org\",\"@graph\":[{\"@type\":\"WebPage\",\"@id\":\"https:\/\/omerovic.eu\/de\/wer-ist-muhamed-omerovic\/\",\"url\":\"https:\/\/omerovic.eu\/de\/wer-ist-muhamed-omerovic\/\",\"name\":\"Wer ist Muhamed Omerovic? - omerovic.eu\",\"isPartOf\":{\"@id\":\"https:\/\/omerovic.eu\/de\/#website\"},\"datePublished\":\"2020-06-07T21:33:44+00:00\",\"dateModified\":\"2022-03-12T11:37:06+00:00\",\"breadcrumb\":{\"@id\":\"https:\/\/omerovic.eu\/de\/wer-ist-muhamed-omerovic\/#breadcrumb\"},\"inLanguage\":\"de\",\"potentialAction\":[{\"@type\":\"ReadAction\",\"target\":[\"https:\/\/omerovic.eu\/de\/wer-ist-muhamed-omerovic\/\"]}]},{\"@type\":\"BreadcrumbList\",\"@id\":\"https:\/\/omerovic.eu\/de\/wer-ist-muhamed-omerovic\/#breadcrumb\",\"itemListElement\":[{\"@type\":\"ListItem\",\"position\":1,\"name\":\"Home\",\"item\":\"https:\/\/omerovic.eu\/de\/\"},{\"@type\":\"ListItem\",\"position\":2,\"name\":\"Wer ist Muhamed Omerovic?\"}]},{\"@type\":\"WebSite\",\"@id\":\"https:\/\/omerovic.eu\/de\/#website\",\"url\":\"https:\/\/omerovic.eu\/de\/\",\"name\":\"omerovic.eu\",\"description\":\"OMEROVI\u0106 Bioenergija\",\"publisher\":{\"@id\":\"https:\/\/omerovic.eu\/de\/#organization\"},\"potentialAction\":[{\"@type\":\"SearchAction\",\"target\":{\"@type\":\"EntryPoint\",\"urlTemplate\":\"https:\/\/omerovic.eu\/de\/?s={search_term_string}\"},\"query-input\":{\"@type\":\"PropertyValueSpecification\",\"valueRequired\":true,\"valueName\":\"search_term_string\"}}],\"inLanguage\":\"de\"},{\"@type\":\"Organization\",\"@id\":\"https:\/\/omerovic.eu\/de\/#organization\",\"name\":\"omerovic.eu\",\"url\":\"https:\/\/omerovic.eu\/de\/\",\"logo\":{\"@type\":\"ImageObject\",\"inLanguage\":\"de\",\"@id\":\"https:\/\/omerovic.eu\/de\/#\/schema\/logo\/image\/\",\"url\":\"https:\/\/omerovic.eu\/wp-content\/uploads\/2020\/04\/favicon.png\",\"contentUrl\":\"https:\/\/omerovic.eu\/wp-content\/uploads\/2020\/04\/favicon.png\",\"width\":32,\"height\":32,\"caption\":\"omerovic.eu\"},\"image\":{\"@id\":\"https:\/\/omerovic.eu\/de\/#\/schema\/logo\/image\/\"},\"sameAs\":[\"https:\/\/www.facebook.com\/omerovicbioenergija\",\"https:\/\/www.youtube.com\/channel\/UChydgg5CFf7MUwBjjs40qKg\"]}]}<\/script>\n<!-- \/ Yoast SEO plugin. -->","yoast_head_json":{"title":"Wer ist Muhamed Omerovic? - omerovic.eu","robots":{"index":"index","follow":"follow","max-snippet":"max-snippet:-1","max-image-preview":"max-image-preview:large","max-video-preview":"max-video-preview:-1"},"canonical":"https:\/\/omerovic.eu\/de\/wer-ist-muhamed-omerovic\/","og_locale":"de_DE","og_type":"article","og_title":"Wer ist Muhamed Omerovic? - omerovic.eu","og_url":"https:\/\/omerovic.eu\/de\/wer-ist-muhamed-omerovic\/","og_site_name":"omerovic.eu","article_publisher":"https:\/\/www.facebook.com\/omerovicbioenergija","article_modified_time":"2022-03-12T11:37:06+00:00","og_image":[{"width":1600,"height":1066,"url":"https:\/\/omerovic.eu\/wp-content\/uploads\/2020\/04\/WhatsApp-Image-2020-03-23-at-21.22.54-3.jpeg","type":"image\/jpeg"}],"twitter_card":"summary_large_image","twitter_misc":{"Gesch\u00e4tzte Lesezeit":"7\u00a0Minuten"},"schema":{"@context":"https:\/\/schema.org","@graph":[{"@type":"WebPage","@id":"https:\/\/omerovic.eu\/de\/wer-ist-muhamed-omerovic\/","url":"https:\/\/omerovic.eu\/de\/wer-ist-muhamed-omerovic\/","name":"Wer ist Muhamed Omerovic? - omerovic.eu","isPartOf":{"@id":"https:\/\/omerovic.eu\/de\/#website"},"datePublished":"2020-06-07T21:33:44+00:00","dateModified":"2022-03-12T11:37:06+00:00","breadcrumb":{"@id":"https:\/\/omerovic.eu\/de\/wer-ist-muhamed-omerovic\/#breadcrumb"},"inLanguage":"de","potentialAction":[{"@type":"ReadAction","target":["https:\/\/omerovic.eu\/de\/wer-ist-muhamed-omerovic\/"]}]},{"@type":"BreadcrumbList","@id":"https:\/\/omerovic.eu\/de\/wer-ist-muhamed-omerovic\/#breadcrumb","itemListElement":[{"@type":"ListItem","position":1,"name":"Home","item":"https:\/\/omerovic.eu\/de\/"},{"@type":"ListItem","position":2,"name":"Wer ist Muhamed Omerovic?"}]},{"@type":"WebSite","@id":"https:\/\/omerovic.eu\/de\/#website","url":"https:\/\/omerovic.eu\/de\/","name":"omerovic.eu","description":"OMEROVI\u0106 Bioenergija","publisher":{"@id":"https:\/\/omerovic.eu\/de\/#organization"},"potentialAction":[{"@type":"SearchAction","target":{"@type":"EntryPoint","urlTemplate":"https:\/\/omerovic.eu\/de\/?s={search_term_string}"},"query-input":{"@type":"PropertyValueSpecification","valueRequired":true,"valueName":"search_term_string"}}],"inLanguage":"de"},{"@type":"Organization","@id":"https:\/\/omerovic.eu\/de\/#organization","name":"omerovic.eu","url":"https:\/\/omerovic.eu\/de\/","logo":{"@type":"ImageObject","inLanguage":"de","@id":"https:\/\/omerovic.eu\/de\/#\/schema\/logo\/image\/","url":"https:\/\/omerovic.eu\/wp-content\/uploads\/2020\/04\/favicon.png","contentUrl":"https:\/\/omerovic.eu\/wp-content\/uploads\/2020\/04\/favicon.png","width":32,"height":32,"caption":"omerovic.eu"},"image":{"@id":"https:\/\/omerovic.eu\/de\/#\/schema\/logo\/image\/"},"sameAs":["https:\/\/www.facebook.com\/omerovicbioenergija","https:\/\/www.youtube.com\/channel\/UChydgg5CFf7MUwBjjs40qKg"]}]}},"_links":{"self":[{"href":"https:\/\/omerovic.eu\/de\/wp-json\/wp\/v2\/pages\/10024","targetHints":{"allow":["GET"]}}],"collection":[{"href":"https:\/\/omerovic.eu\/de\/wp-json\/wp\/v2\/pages"}],"about":[{"href":"https:\/\/omerovic.eu\/de\/wp-json\/wp\/v2\/types\/page"}],"author":[{"embeddable":true,"href":"https:\/\/omerovic.eu\/de\/wp-json\/wp\/v2\/users\/2"}],"replies":[{"embeddable":true,"href":"https:\/\/omerovic.eu\/de\/wp-json\/wp\/v2\/comments?post=10024"}],"version-history":[{"count":0,"href":"https:\/\/omerovic.eu\/de\/wp-json\/wp\/v2\/pages\/10024\/revisions"}],"wp:attachment":[{"href":"https:\/\/omerovic.eu\/de\/wp-json\/wp\/v2\/media?parent=10024"}],"curies":[{"name":"wp","href":"https:\/\/api.w.org\/{rel}","templated":true}]}}