{"id":10032,"date":"2020-04-13T21:04:51","date_gmt":"2020-04-13T19:04:51","guid":{"rendered":"https:\/\/omerovic.eu\/vizija\/"},"modified":"2022-03-12T12:48:19","modified_gmt":"2022-03-12T11:48:19","slug":"vision","status":"publish","type":"page","link":"https:\/\/omerovic.eu\/de\/vision\/","title":{"rendered":"Vision"},"content":{"rendered":"\n<style type=\"text\/css\" data-created_by=\"avia_inline_auto\" id=\"style-css-av-4c0yat-cf3a9df5cede527f5f29edd8586522bb\">\n.flex_column.av-4c0yat-cf3a9df5cede527f5f29edd8586522bb{\nborder-radius:0px 0px 0px 0px;\npadding:0px 0px 0px 0px;\n}\n<\/style>\n<div  class='flex_column av-4c0yat-cf3a9df5cede527f5f29edd8586522bb av_one_full  avia-builder-el-0  avia-builder-el-no-sibling  first flex_column_div av-zero-column-padding  '     ><p>\n<style type=\"text\/css\" data-created_by=\"avia_inline_auto\" id=\"style-css-av-l0nsa0lz-3cb54e86108fe1d69fb84e403d29bf1e\">\n#top .av-special-heading.av-l0nsa0lz-3cb54e86108fe1d69fb84e403d29bf1e{\npadding-bottom:10px;\n}\nbody .av-special-heading.av-l0nsa0lz-3cb54e86108fe1d69fb84e403d29bf1e .av-special-heading-tag .heading-char{\nfont-size:25px;\n}\n.av-special-heading.av-l0nsa0lz-3cb54e86108fe1d69fb84e403d29bf1e .av-subheading{\nfont-size:15px;\n}\n<\/style>\n<div  class='av-special-heading av-l0nsa0lz-3cb54e86108fe1d69fb84e403d29bf1e av-special-heading-h1  avia-builder-el-1  el_before_av_textblock  avia-builder-el-first '><h1 class='av-special-heading-tag '  itemprop=\"headline\"  >Vision<\/h1><div class=\"special-heading-border\"><div class=\"special-heading-inner-border\"><\/div><\/div><\/div><br \/>\n<section  class='av_textblock_section av-24c2z9-a4de43055c0777d939017a463847f74a '   itemscope=\"itemscope\" itemtype=\"https:\/\/schema.org\/CreativeWork\" ><div class='avia_textblock'  itemprop=\"text\" ><p>Bioenergetiker Muhamed Omerovic ist einer der wenigen Alternativmediziner, welcher sich als Heiler bezeichnet ohne, dass seine Behandungen Rituale beeinhalten. Seine Erkl\u00e4rung daf\u00fcr, wie und was sich w\u00e4hrend der Behandlung ereignet, stimmt mit einigen Thesen der Quantenphysik \u00fcberein.<\/p>\n<p>Er ist der Meinung, dass es nur noch eine Frage der Zeit ist, bis sich das Alles wissenschaftlich erkl\u00e4ren l\u00e4sst ohne, dass es sich mit Halbwissenschaften vermischt.<\/p>\n<p>Ein gro\u00dfes Problem der heutigen Zeit, ist das bevorzugen konventioneller Medizin und Pharmazie, gegen\u00fcber nahezu jedem alternativmedizinischen Behandlungsansatz.<\/p>\n<p>Es ist zu erwarten, dass die konventionelle Medizin diese Heilungsart, auf die selbe Weise wie sie es mit Akupunktur und Chiropraktik gemacht hat, akzeptieren wird.<\/p>\n<p>Denn sie haben sich auch gegen Akupunktur und Chiropraktik gestr\u00e4ubt, obwohl es heutzutage undenkbar w\u00e4re, diese Behandlungsmethoden, die verschiedenste Arten von Verletzungen und Schmerzen heilen k\u00f6nnen, auszuschlie\u00dfen. Alternative Heilungsmethoden, unter anderem die Bioenergie, wie auch viele andere, wirken als kompliment\u00e4r zu Heilmethoden der konventionellen Medizin. Die konventionelle Medizin hat die Ressourcen dazu, den Verlauf einer Behandlung zu \u00fcberwachen, wie auch die Wirksamkeit bestimmter Behandlungen festzustellen.<\/p>\n<p>Mit ein bisschen Wohlwollen k\u00f6nnen Wunder wahr werden.<\/p>\n<p>Genau auf die Erf\u00fcllung dieser Wunder hofft Muhamed Omerovic.<\/p>\n<p>Bioenergetiker Muhamed Omerovic ist einer der wenigen Alternativmediziner, die (kostenlose) Gruppenbehandlungen f\u00fcr eine unbegrenzte Anzahl an Teilnehmer*innen anbieten.<\/p>\n<p>Als er 2018 damit begann, wurde er selbst von anderen Bioenergetikern, welche ebenso Fernbehandlungen anboten, daf\u00fcr verurteilt. Die Begr\u00fcndung hierf\u00fcr war, dass die Behandlungsenergie verschmutzt werden k\u00f6nnte.<\/p>\n<p>Nach mehr als 50.000 erfolgreich abgeschlossenen Behandlungen, in einer Zeitspanne von 2 Jahren,\u00a0 lebt Omerovic definitiv bereits sein \u201cWunder\u201d. Eine Vielzahl anderer folgen ihm auf seinem Weg, unter anderem auch ehemalige Kritiker. Auch sie versuchen nun mit Gruppenbehandlungen aus der Ferne positive Ergebnisse zu erzielen.<\/p>\n<p>Mit gewissen technischen Voraussetzungen strebt Bioenergetikerin Omerovi\u0107 das an und hofft, dass die bereits getesteten Therapien f\u00fcr bestimmte verwandte Krankheiten und Verletzungen, bei denen die Ergebnisse getestet wurden und von denen bekannt ist, dass einer gro\u00dfen Zahl von Menschen geholfen werden kann, noch erfolgreicher sein werden.<\/p>\n<p>Gleichzeitig sollen die Preise f\u00fcr die Therapie so angepasst werden, dass sich nahezu jeder eine Fernbehandlung leisten k\u00f6nnte, wenn er sie braucht, ohne tagelange Wartezeiten einlegen zu m\u00fcssen, wie momentan der Fall ist.<\/p>\n<\/div><\/section><\/p><\/div>\n","protected":false},"excerpt":{"rendered":"","protected":false},"author":2,"featured_media":0,"parent":0,"menu_order":0,"comment_status":"closed","ping_status":"closed","template":"","meta":{"footnotes":""},"class_list":["post-10032","page","type-page","status-publish","hentry"],"yoast_head":"<!-- This site is optimized with the Yoast SEO plugin v27.2 - https:\/\/yoast.com\/product\/yoast-seo-wordpress\/ -->\n<title>Vision - omerovic.eu<\/title>\n<meta name=\"robots\" content=\"index, follow, max-snippet:-1, max-image-preview:large, max-video-preview:-1\" \/>\n<link rel=\"canonical\" href=\"https:\/\/omerovic.eu\/de\/vision\/\" \/>\n<meta property=\"og:locale\" content=\"de_DE\" \/>\n<meta property=\"og:type\" content=\"article\" \/>\n<meta property=\"og:title\" content=\"Vision - omerovic.eu\" \/>\n<meta property=\"og:url\" content=\"https:\/\/omerovic.eu\/de\/vision\/\" \/>\n<meta property=\"og:site_name\" content=\"omerovic.eu\" \/>\n<meta property=\"article:publisher\" content=\"https:\/\/www.facebook.com\/omerovicbioenergija\" \/>\n<meta property=\"article:modified_time\" content=\"2022-03-12T11:48:19+00:00\" \/>\n<meta property=\"og:image\" content=\"https:\/\/omerovic.eu\/wp-content\/uploads\/2020\/04\/WhatsApp-Image-2020-03-23-at-21.22.54-3.jpeg\" \/>\n\t<meta property=\"og:image:width\" content=\"1600\" \/>\n\t<meta property=\"og:image:height\" content=\"1066\" \/>\n\t<meta property=\"og:image:type\" content=\"image\/jpeg\" \/>\n<meta name=\"twitter:card\" content=\"summary_large_image\" \/>\n<meta name=\"twitter:label1\" content=\"Gesch\u00e4tzte Lesezeit\" \/>\n\t<meta name=\"twitter:data1\" content=\"2\u00a0Minuten\" \/>\n<script type=\"application\/ld+json\" class=\"yoast-schema-graph\">{\"@context\":\"https:\/\/schema.org\",\"@graph\":[{\"@type\":\"WebPage\",\"@id\":\"https:\/\/omerovic.eu\/de\/vision\/\",\"url\":\"https:\/\/omerovic.eu\/de\/vision\/\",\"name\":\"Vision - omerovic.eu\",\"isPartOf\":{\"@id\":\"https:\/\/omerovic.eu\/de\/#website\"},\"datePublished\":\"2020-04-13T19:04:51+00:00\",\"dateModified\":\"2022-03-12T11:48:19+00:00\",\"breadcrumb\":{\"@id\":\"https:\/\/omerovic.eu\/de\/vision\/#breadcrumb\"},\"inLanguage\":\"de\",\"potentialAction\":[{\"@type\":\"ReadAction\",\"target\":[\"https:\/\/omerovic.eu\/de\/vision\/\"]}]},{\"@type\":\"BreadcrumbList\",\"@id\":\"https:\/\/omerovic.eu\/de\/vision\/#breadcrumb\",\"itemListElement\":[{\"@type\":\"ListItem\",\"position\":1,\"name\":\"Home\",\"item\":\"https:\/\/omerovic.eu\/de\/\"},{\"@type\":\"ListItem\",\"position\":2,\"name\":\"Vision\"}]},{\"@type\":\"WebSite\",\"@id\":\"https:\/\/omerovic.eu\/de\/#website\",\"url\":\"https:\/\/omerovic.eu\/de\/\",\"name\":\"omerovic.eu\",\"description\":\"OMEROVI\u0106 Bioenergija\",\"publisher\":{\"@id\":\"https:\/\/omerovic.eu\/de\/#organization\"},\"potentialAction\":[{\"@type\":\"SearchAction\",\"target\":{\"@type\":\"EntryPoint\",\"urlTemplate\":\"https:\/\/omerovic.eu\/de\/?s={search_term_string}\"},\"query-input\":{\"@type\":\"PropertyValueSpecification\",\"valueRequired\":true,\"valueName\":\"search_term_string\"}}],\"inLanguage\":\"de\"},{\"@type\":\"Organization\",\"@id\":\"https:\/\/omerovic.eu\/de\/#organization\",\"name\":\"omerovic.eu\",\"url\":\"https:\/\/omerovic.eu\/de\/\",\"logo\":{\"@type\":\"ImageObject\",\"inLanguage\":\"de\",\"@id\":\"https:\/\/omerovic.eu\/de\/#\/schema\/logo\/image\/\",\"url\":\"https:\/\/omerovic.eu\/wp-content\/uploads\/2020\/04\/favicon.png\",\"contentUrl\":\"https:\/\/omerovic.eu\/wp-content\/uploads\/2020\/04\/favicon.png\",\"width\":32,\"height\":32,\"caption\":\"omerovic.eu\"},\"image\":{\"@id\":\"https:\/\/omerovic.eu\/de\/#\/schema\/logo\/image\/\"},\"sameAs\":[\"https:\/\/www.facebook.com\/omerovicbioenergija\",\"https:\/\/www.youtube.com\/channel\/UChydgg5CFf7MUwBjjs40qKg\"]}]}<\/script>\n<!-- \/ Yoast SEO plugin. -->","yoast_head_json":{"title":"Vision - omerovic.eu","robots":{"index":"index","follow":"follow","max-snippet":"max-snippet:-1","max-image-preview":"max-image-preview:large","max-video-preview":"max-video-preview:-1"},"canonical":"https:\/\/omerovic.eu\/de\/vision\/","og_locale":"de_DE","og_type":"article","og_title":"Vision - omerovic.eu","og_url":"https:\/\/omerovic.eu\/de\/vision\/","og_site_name":"omerovic.eu","article_publisher":"https:\/\/www.facebook.com\/omerovicbioenergija","article_modified_time":"2022-03-12T11:48:19+00:00","og_image":[{"width":1600,"height":1066,"url":"https:\/\/omerovic.eu\/wp-content\/uploads\/2020\/04\/WhatsApp-Image-2020-03-23-at-21.22.54-3.jpeg","type":"image\/jpeg"}],"twitter_card":"summary_large_image","twitter_misc":{"Gesch\u00e4tzte Lesezeit":"2\u00a0Minuten"},"schema":{"@context":"https:\/\/schema.org","@graph":[{"@type":"WebPage","@id":"https:\/\/omerovic.eu\/de\/vision\/","url":"https:\/\/omerovic.eu\/de\/vision\/","name":"Vision - omerovic.eu","isPartOf":{"@id":"https:\/\/omerovic.eu\/de\/#website"},"datePublished":"2020-04-13T19:04:51+00:00","dateModified":"2022-03-12T11:48:19+00:00","breadcrumb":{"@id":"https:\/\/omerovic.eu\/de\/vision\/#breadcrumb"},"inLanguage":"de","potentialAction":[{"@type":"ReadAction","target":["https:\/\/omerovic.eu\/de\/vision\/"]}]},{"@type":"BreadcrumbList","@id":"https:\/\/omerovic.eu\/de\/vision\/#breadcrumb","itemListElement":[{"@type":"ListItem","position":1,"name":"Home","item":"https:\/\/omerovic.eu\/de\/"},{"@type":"ListItem","position":2,"name":"Vision"}]},{"@type":"WebSite","@id":"https:\/\/omerovic.eu\/de\/#website","url":"https:\/\/omerovic.eu\/de\/","name":"omerovic.eu","description":"OMEROVI\u0106 Bioenergija","publisher":{"@id":"https:\/\/omerovic.eu\/de\/#organization"},"potentialAction":[{"@type":"SearchAction","target":{"@type":"EntryPoint","urlTemplate":"https:\/\/omerovic.eu\/de\/?s={search_term_string}"},"query-input":{"@type":"PropertyValueSpecification","valueRequired":true,"valueName":"search_term_string"}}],"inLanguage":"de"},{"@type":"Organization","@id":"https:\/\/omerovic.eu\/de\/#organization","name":"omerovic.eu","url":"https:\/\/omerovic.eu\/de\/","logo":{"@type":"ImageObject","inLanguage":"de","@id":"https:\/\/omerovic.eu\/de\/#\/schema\/logo\/image\/","url":"https:\/\/omerovic.eu\/wp-content\/uploads\/2020\/04\/favicon.png","contentUrl":"https:\/\/omerovic.eu\/wp-content\/uploads\/2020\/04\/favicon.png","width":32,"height":32,"caption":"omerovic.eu"},"image":{"@id":"https:\/\/omerovic.eu\/de\/#\/schema\/logo\/image\/"},"sameAs":["https:\/\/www.facebook.com\/omerovicbioenergija","https:\/\/www.youtube.com\/channel\/UChydgg5CFf7MUwBjjs40qKg"]}]}},"_links":{"self":[{"href":"https:\/\/omerovic.eu\/de\/wp-json\/wp\/v2\/pages\/10032","targetHints":{"allow":["GET"]}}],"collection":[{"href":"https:\/\/omerovic.eu\/de\/wp-json\/wp\/v2\/pages"}],"about":[{"href":"https:\/\/omerovic.eu\/de\/wp-json\/wp\/v2\/types\/page"}],"author":[{"embeddable":true,"href":"https:\/\/omerovic.eu\/de\/wp-json\/wp\/v2\/users\/2"}],"replies":[{"embeddable":true,"href":"https:\/\/omerovic.eu\/de\/wp-json\/wp\/v2\/comments?post=10032"}],"version-history":[{"count":0,"href":"https:\/\/omerovic.eu\/de\/wp-json\/wp\/v2\/pages\/10032\/revisions"}],"wp:attachment":[{"href":"https:\/\/omerovic.eu\/de\/wp-json\/wp\/v2\/media?parent=10032"}],"curies":[{"name":"wp","href":"https:\/\/api.w.org\/{rel}","templated":true}]}}