{"id":10089,"date":"2022-03-12T20:18:49","date_gmt":"2022-03-12T19:18:49","guid":{"rendered":"https:\/\/omerovic.eu\/warum-uns-waehlen\/"},"modified":"2022-03-12T20:18:49","modified_gmt":"2022-03-12T19:18:49","slug":"warum-uns-waehlen","status":"publish","type":"page","link":"https:\/\/omerovic.eu\/de\/warum-uns-waehlen\/","title":{"rendered":"Warum uns w\u00e4hlen?"},"content":{"rendered":"\n<style type=\"text\/css\" data-created_by=\"avia_inline_auto\" id=\"style-css-av-av_heading-856d3743490c37d8d5da14ec35041520\">\n#top .av-special-heading.av-av_heading-856d3743490c37d8d5da14ec35041520{\npadding-bottom:10px;\n}\nbody .av-special-heading.av-av_heading-856d3743490c37d8d5da14ec35041520 .av-special-heading-tag .heading-char{\nfont-size:25px;\n}\n.av-special-heading.av-av_heading-856d3743490c37d8d5da14ec35041520 .av-subheading{\nfont-size:15px;\n}\n<\/style>\n<div  class='av-special-heading av-av_heading-856d3743490c37d8d5da14ec35041520 av-special-heading-h1  avia-builder-el-0  el_before_av_one_half  avia-builder-el-first '><h1 class='av-special-heading-tag '  itemprop=\"headline\"  >Za\u0161to odabrati nas?<\/h1><div class=\"special-heading-border\"><div class=\"special-heading-inner-border\"><\/div><\/div><\/div>\n\n<style type=\"text\/css\" data-created_by=\"avia_inline_auto\" id=\"style-css-av-4g95i8-221088098a056cc0278f2dcdd3801442\">\n.flex_column.av-4g95i8-221088098a056cc0278f2dcdd3801442{\nborder-radius:0px 0px 0px 0px;\npadding:0px 0px 0px 0px;\n}\n<\/style>\n<div  class='flex_column av-4g95i8-221088098a056cc0278f2dcdd3801442 av_one_half  avia-builder-el-1  el_after_av_heading  el_before_av_one_half  first flex_column_div av-zero-column-padding  '     ><div  class='togglecontainer av-kbh01kuf-2ba0ca95423932bcd42c6daf0bbae35d  avia-builder-el-2  avia-builder-el-no-sibling  toggle_close_all' >\n<section class='av_toggle_section av-av_toggle-d97f06482066ca4e4a3807f16bf62453'  itemscope=\"itemscope\" itemtype=\"https:\/\/schema.org\/CreativeWork\" ><div role=\"tablist\" class=\"single_toggle\" data-tags=\"{Alle} \"  ><p id='toggle-toggle-id-1' data-fake-id='#toggle-id-1' class='toggler  av-title-above '  itemprop=\"headline\"  role='tab' tabindex='0' aria-controls='toggle-id-1' data-slide-speed=\"200\" data-title=\"Effizienz\" data-title-open=\"\" data-aria_collapsed=\"Click to expand: Effizienz\" data-aria_expanded=\"Click to collapse: Effizienz\">Effizienz<span class=\"toggle_icon\"><span class=\"vert_icon\"><\/span><span class=\"hor_icon\"><\/span><\/span><\/p><div id='toggle-id-1' aria-labelledby='toggle-toggle-id-1' role='region' class='toggle_wrap  av-title-above'  ><div class='toggle_content invers-color '  itemprop=\"text\" ><p>In sehr kurzer Zeit, im Verh\u00e4ltnis zu den investierten Mitteln und dem Aufwand, sind die Ergebnisse fantastisch. Sie sind unvergleichlich besser im Vergleich zu den Ergebnissen, die mit \u00e4hnlichen Behandlungen erzielt werden, und um ein Vielfaches schneller und billiger als mit der konventionellen Medizin. Die Schulmedizin darf jedoch nicht vernachl\u00e4ssigt oder umgangen werden. Der Arzt muss immer der letzte sein und er ist derjenige, der entscheidet, ob jemand genesen ist oder nicht. Zumal der Bioenergetiker Omerovi\u0107 kein Hellseher ist und nicht wei\u00df, was f\u00fcr wen ist und was und wann f\u00fcr wen sein wird. Daher ist nach seinen Behandlungen eine Kontrolle notwendig, und man sollte eine Symbiose zwischen Schul- und Alternativmedizin anstreben.<\/p>\n<\/div><\/div><\/div><\/section>\n<section class='av_toggle_section av-av_toggle-d97f06482066ca4e4a3807f16bf62453'  itemscope=\"itemscope\" itemtype=\"https:\/\/schema.org\/CreativeWork\" ><div role=\"tablist\" class=\"single_toggle\" data-tags=\"{Alle} \"  ><p id='toggle-toggle-id-2' data-fake-id='#toggle-id-2' class='toggler  av-title-above '  itemprop=\"headline\"  role='tab' tabindex='0' aria-controls='toggle-id-2' data-slide-speed=\"200\" data-title=\"Effizienz\" data-title-open=\"\" data-aria_collapsed=\"Click to expand: Effizienz\" data-aria_expanded=\"Click to collapse: Effizienz\">Effizienz<span class=\"toggle_icon\"><span class=\"vert_icon\"><\/span><span class=\"hor_icon\"><\/span><\/span><\/p><div id='toggle-id-2' aria-labelledby='toggle-toggle-id-2' role='region' class='toggle_wrap  av-title-above'  ><div class='toggle_content invers-color '  itemprop=\"text\" ><p>Bioenergetische Behandlungen der Bioenergetik von Oerevi\u0107 sind sehr effektiv, insbesondere in Kombination mit der Schulmedizin. Viele Krankheiten, Verletzungen und Beschwerden k\u00f6nnen schnell und einfach geheilt werden und bei leider nicht heilbaren Krankheiten ist es m\u00f6glich, die Symptome teilweise oder vollst\u00e4ndig zu beseitigen und die Lebensqualit\u00e4t auf ein h\u00f6heres Niveau zu heben.<\/p>\n<\/div><\/div><\/div><\/section>\n<section class='av_toggle_section av-av_toggle-dd6daba13a806dcad6cd84ecf81f49d5'  itemscope=\"itemscope\" itemtype=\"https:\/\/schema.org\/CreativeWork\" ><div role=\"tablist\" class=\"single_toggle\" data-tags=\"{Alle} \"  ><p id='toggle-toggle-id-3' data-fake-id='#toggle-id-3' class='toggler  av-title-above '  itemprop=\"headline\"  role='tab' tabindex='0' aria-controls='toggle-id-3' data-slide-speed=\"200\" data-title=\"Viele waren bekannt und unbekannt und l\u00f6sten ihre gesundheitlichen Probleme\" data-title-open=\"\" data-aria_collapsed=\"Click to expand: Viele waren bekannt und unbekannt und l\u00f6sten ihre gesundheitlichen Probleme\" data-aria_expanded=\"Click to collapse: Viele waren bekannt und unbekannt und l\u00f6sten ihre gesundheitlichen Probleme\">Viele waren bekannt und unbekannt und l\u00f6sten ihre gesundheitlichen Probleme<span class=\"toggle_icon\"><span class=\"vert_icon\"><\/span><span class=\"hor_icon\"><\/span><\/span><\/p><div id='toggle-id-3' aria-labelledby='toggle-toggle-id-3' role='region' class='toggle_wrap  av-title-above'  ><div class='toggle_content invers-color '  itemprop=\"text\" ><\/div><\/div><\/div><\/section>\n<\/div><\/div>\n<style type=\"text\/css\" data-created_by=\"avia_inline_auto\" id=\"style-css-av-39diio-f3d31b7ed066b63955b10b03c9dfc6fe\">\n.flex_column.av-39diio-f3d31b7ed066b63955b10b03c9dfc6fe{\nborder-radius:0px 0px 0px 0px;\npadding:0px 0px 0px 0px;\n}\n<\/style>\n<div  class='flex_column av-39diio-f3d31b7ed066b63955b10b03c9dfc6fe av_one_half  avia-builder-el-3  el_after_av_one_half  avia-builder-el-last  flex_column_div av-zero-column-padding  '     ><p>\n<style type=\"text\/css\" data-created_by=\"avia_inline_auto\" id=\"style-css-av-kbgzvds1-6709463e4bb83ccb2571aea2805c54bf\">\n#top .av-special-heading.av-kbgzvds1-6709463e4bb83ccb2571aea2805c54bf{\npadding-bottom:10px;\n}\nbody .av-special-heading.av-kbgzvds1-6709463e4bb83ccb2571aea2805c54bf .av-special-heading-tag .heading-char{\nfont-size:25px;\n}\n.av-special-heading.av-kbgzvds1-6709463e4bb83ccb2571aea2805c54bf .av-subheading{\nfont-size:15px;\n}\n<\/style>\n<div  class='av-special-heading av-kbgzvds1-6709463e4bb83ccb2571aea2805c54bf av-special-heading-h3  avia-builder-el-4  el_before_av_textblock  avia-builder-el-first '><h3 class='av-special-heading-tag '  itemprop=\"headline\"  >Kod bioenergeti\u010dara Omerovi\u0107a su mnoga svjetska zvu\u010dna imena na\u0161la rje\u0161enje za svoje sportske povrede<\/h3><div class=\"special-heading-border\"><div class=\"special-heading-inner-border\"><\/div><\/div><\/div><br \/>\n<section  class='av_textblock_section av-kbgzvtqd-d6ce39508c9f77648d7edbbea467df18 '   itemscope=\"itemscope\" itemtype=\"https:\/\/schema.org\/CreativeWork\" ><div class='avia_textblock'  itemprop=\"text\" ><p>Der ehemalige kroatische Nationalspieler <strong><em>Ivica Olic<\/em><\/strong>, die kroatischen Wasserball-Teammitglieder <strong><em>\u0160etka, Sukno, Garcia<\/em><\/strong> \u2026 Dann die mazedonischen Fu\u00dfballlegenden <strong><em>Sa\u0161a \u0106iri\u0107 und \u017danko Savov.<\/em><\/strong> Russischer Goldener Olympiateilnehmer aus Seoul 1988. <strong><em>Alexei Prudnikov<\/em><\/strong>. Dinamo-Legende <strong><em>Marko Mlinari\u0107<\/em><\/strong>. Die Judo-Teammitglieder von BiH <strong><em>Harun<\/em><\/strong><em><strong>Sadikovi\u0107 und Petar Zadro<\/strong><\/em>. Ex-Welt- und Europameister im Taekwondo <strong><em>Agim Murti\u0107<\/em><\/strong>, Torh\u00fcter <strong><em>Osman Had\u017eiki\u0107<\/em><\/strong>\u2026<\/p>\n<p>Tu su jo\u0161 <strong><em>Roman Bezjak, Stefan Ristovski, Damir Milinovi\u0107, Ahmad Sharbini, Mateo Hrvatin, Ivica Golik<\/em><\/strong>\u2026 Trainer <strong><em>Darije Kalezi\u0107<\/em><\/strong>, <strong><em>Miodrag Radulovi\u0107<\/em><\/strong>. Niederl\u00e4ndische Fu\u00dfballer <strong><em>Arjen Swinkels i Purrel Fr\u00e4nkel<\/em><\/strong>. Spieler der australischen Fu\u00dfballnationalmannschaft <strong><em>Rostyn Griffiths<\/em><\/strong>. Japanische Fu\u00dfballer <strong><em>Tadaaki Hirakawa, Tatsuya Tanaka, Genki Haraguchi<\/em><\/strong>und viele andere.<\/p>\n<\/div><\/section><\/p><\/div><\/p>\n","protected":false},"excerpt":{"rendered":"","protected":false},"author":1,"featured_media":0,"parent":0,"menu_order":0,"comment_status":"closed","ping_status":"closed","template":"","meta":{"footnotes":""},"class_list":["post-10089","page","type-page","status-publish","hentry"],"yoast_head":"<!-- This site is optimized with the Yoast SEO plugin v27.2 - https:\/\/yoast.com\/product\/yoast-seo-wordpress\/ -->\n<title>Warum uns w\u00e4hlen? - omerovic.eu<\/title>\n<meta name=\"robots\" content=\"index, follow, max-snippet:-1, max-image-preview:large, max-video-preview:-1\" \/>\n<link rel=\"canonical\" href=\"https:\/\/omerovic.eu\/de\/warum-uns-waehlen\/\" \/>\n<meta property=\"og:locale\" content=\"de_DE\" \/>\n<meta property=\"og:type\" content=\"article\" \/>\n<meta property=\"og:title\" content=\"Warum uns w\u00e4hlen? - omerovic.eu\" \/>\n<meta property=\"og:url\" content=\"https:\/\/omerovic.eu\/de\/warum-uns-waehlen\/\" \/>\n<meta property=\"og:site_name\" content=\"omerovic.eu\" \/>\n<meta property=\"article:publisher\" content=\"https:\/\/www.facebook.com\/omerovicbioenergija\" \/>\n<meta property=\"og:image\" content=\"https:\/\/omerovic.eu\/wp-content\/uploads\/2020\/04\/WhatsApp-Image-2020-03-23-at-21.22.54-3.jpeg\" \/>\n\t<meta property=\"og:image:width\" content=\"1600\" \/>\n\t<meta property=\"og:image:height\" content=\"1066\" \/>\n\t<meta property=\"og:image:type\" content=\"image\/jpeg\" \/>\n<meta name=\"twitter:card\" content=\"summary_large_image\" \/>\n<meta name=\"twitter:label1\" content=\"Gesch\u00e4tzte Lesezeit\" \/>\n\t<meta name=\"twitter:data1\" content=\"3\u00a0Minuten\" \/>\n<script type=\"application\/ld+json\" class=\"yoast-schema-graph\">{\"@context\":\"https:\/\/schema.org\",\"@graph\":[{\"@type\":\"WebPage\",\"@id\":\"https:\/\/omerovic.eu\/de\/warum-uns-waehlen\/\",\"url\":\"https:\/\/omerovic.eu\/de\/warum-uns-waehlen\/\",\"name\":\"Warum uns w\u00e4hlen? - omerovic.eu\",\"isPartOf\":{\"@id\":\"https:\/\/omerovic.eu\/de\/#website\"},\"datePublished\":\"2022-03-12T19:18:49+00:00\",\"breadcrumb\":{\"@id\":\"https:\/\/omerovic.eu\/de\/warum-uns-waehlen\/#breadcrumb\"},\"inLanguage\":\"de\",\"potentialAction\":[{\"@type\":\"ReadAction\",\"target\":[\"https:\/\/omerovic.eu\/de\/warum-uns-waehlen\/\"]}]},{\"@type\":\"BreadcrumbList\",\"@id\":\"https:\/\/omerovic.eu\/de\/warum-uns-waehlen\/#breadcrumb\",\"itemListElement\":[{\"@type\":\"ListItem\",\"position\":1,\"name\":\"Home\",\"item\":\"https:\/\/omerovic.eu\/de\/\"},{\"@type\":\"ListItem\",\"position\":2,\"name\":\"Warum uns w\u00e4hlen?\"}]},{\"@type\":\"WebSite\",\"@id\":\"https:\/\/omerovic.eu\/de\/#website\",\"url\":\"https:\/\/omerovic.eu\/de\/\",\"name\":\"omerovic.eu\",\"description\":\"OMEROVI\u0106 Bioenergija\",\"publisher\":{\"@id\":\"https:\/\/omerovic.eu\/de\/#organization\"},\"potentialAction\":[{\"@type\":\"SearchAction\",\"target\":{\"@type\":\"EntryPoint\",\"urlTemplate\":\"https:\/\/omerovic.eu\/de\/?s={search_term_string}\"},\"query-input\":{\"@type\":\"PropertyValueSpecification\",\"valueRequired\":true,\"valueName\":\"search_term_string\"}}],\"inLanguage\":\"de\"},{\"@type\":\"Organization\",\"@id\":\"https:\/\/omerovic.eu\/de\/#organization\",\"name\":\"omerovic.eu\",\"url\":\"https:\/\/omerovic.eu\/de\/\",\"logo\":{\"@type\":\"ImageObject\",\"inLanguage\":\"de\",\"@id\":\"https:\/\/omerovic.eu\/de\/#\/schema\/logo\/image\/\",\"url\":\"https:\/\/omerovic.eu\/wp-content\/uploads\/2020\/04\/favicon.png\",\"contentUrl\":\"https:\/\/omerovic.eu\/wp-content\/uploads\/2020\/04\/favicon.png\",\"width\":32,\"height\":32,\"caption\":\"omerovic.eu\"},\"image\":{\"@id\":\"https:\/\/omerovic.eu\/de\/#\/schema\/logo\/image\/\"},\"sameAs\":[\"https:\/\/www.facebook.com\/omerovicbioenergija\",\"https:\/\/www.youtube.com\/channel\/UChydgg5CFf7MUwBjjs40qKg\"]}]}<\/script>\n<!-- \/ Yoast SEO plugin. -->","yoast_head_json":{"title":"Warum uns w\u00e4hlen? - omerovic.eu","robots":{"index":"index","follow":"follow","max-snippet":"max-snippet:-1","max-image-preview":"max-image-preview:large","max-video-preview":"max-video-preview:-1"},"canonical":"https:\/\/omerovic.eu\/de\/warum-uns-waehlen\/","og_locale":"de_DE","og_type":"article","og_title":"Warum uns w\u00e4hlen? - omerovic.eu","og_url":"https:\/\/omerovic.eu\/de\/warum-uns-waehlen\/","og_site_name":"omerovic.eu","article_publisher":"https:\/\/www.facebook.com\/omerovicbioenergija","og_image":[{"width":1600,"height":1066,"url":"https:\/\/omerovic.eu\/wp-content\/uploads\/2020\/04\/WhatsApp-Image-2020-03-23-at-21.22.54-3.jpeg","type":"image\/jpeg"}],"twitter_card":"summary_large_image","twitter_misc":{"Gesch\u00e4tzte Lesezeit":"3\u00a0Minuten"},"schema":{"@context":"https:\/\/schema.org","@graph":[{"@type":"WebPage","@id":"https:\/\/omerovic.eu\/de\/warum-uns-waehlen\/","url":"https:\/\/omerovic.eu\/de\/warum-uns-waehlen\/","name":"Warum uns w\u00e4hlen? - omerovic.eu","isPartOf":{"@id":"https:\/\/omerovic.eu\/de\/#website"},"datePublished":"2022-03-12T19:18:49+00:00","breadcrumb":{"@id":"https:\/\/omerovic.eu\/de\/warum-uns-waehlen\/#breadcrumb"},"inLanguage":"de","potentialAction":[{"@type":"ReadAction","target":["https:\/\/omerovic.eu\/de\/warum-uns-waehlen\/"]}]},{"@type":"BreadcrumbList","@id":"https:\/\/omerovic.eu\/de\/warum-uns-waehlen\/#breadcrumb","itemListElement":[{"@type":"ListItem","position":1,"name":"Home","item":"https:\/\/omerovic.eu\/de\/"},{"@type":"ListItem","position":2,"name":"Warum uns w\u00e4hlen?"}]},{"@type":"WebSite","@id":"https:\/\/omerovic.eu\/de\/#website","url":"https:\/\/omerovic.eu\/de\/","name":"omerovic.eu","description":"OMEROVI\u0106 Bioenergija","publisher":{"@id":"https:\/\/omerovic.eu\/de\/#organization"},"potentialAction":[{"@type":"SearchAction","target":{"@type":"EntryPoint","urlTemplate":"https:\/\/omerovic.eu\/de\/?s={search_term_string}"},"query-input":{"@type":"PropertyValueSpecification","valueRequired":true,"valueName":"search_term_string"}}],"inLanguage":"de"},{"@type":"Organization","@id":"https:\/\/omerovic.eu\/de\/#organization","name":"omerovic.eu","url":"https:\/\/omerovic.eu\/de\/","logo":{"@type":"ImageObject","inLanguage":"de","@id":"https:\/\/omerovic.eu\/de\/#\/schema\/logo\/image\/","url":"https:\/\/omerovic.eu\/wp-content\/uploads\/2020\/04\/favicon.png","contentUrl":"https:\/\/omerovic.eu\/wp-content\/uploads\/2020\/04\/favicon.png","width":32,"height":32,"caption":"omerovic.eu"},"image":{"@id":"https:\/\/omerovic.eu\/de\/#\/schema\/logo\/image\/"},"sameAs":["https:\/\/www.facebook.com\/omerovicbioenergija","https:\/\/www.youtube.com\/channel\/UChydgg5CFf7MUwBjjs40qKg"]}]}},"_links":{"self":[{"href":"https:\/\/omerovic.eu\/de\/wp-json\/wp\/v2\/pages\/10089","targetHints":{"allow":["GET"]}}],"collection":[{"href":"https:\/\/omerovic.eu\/de\/wp-json\/wp\/v2\/pages"}],"about":[{"href":"https:\/\/omerovic.eu\/de\/wp-json\/wp\/v2\/types\/page"}],"author":[{"embeddable":true,"href":"https:\/\/omerovic.eu\/de\/wp-json\/wp\/v2\/users\/1"}],"replies":[{"embeddable":true,"href":"https:\/\/omerovic.eu\/de\/wp-json\/wp\/v2\/comments?post=10089"}],"version-history":[{"count":0,"href":"https:\/\/omerovic.eu\/de\/wp-json\/wp\/v2\/pages\/10089\/revisions"}],"wp:attachment":[{"href":"https:\/\/omerovic.eu\/de\/wp-json\/wp\/v2\/media?parent=10089"}],"curies":[{"name":"wp","href":"https:\/\/api.w.org\/{rel}","templated":true}]}}