{"id":10092,"date":"2022-03-12T20:34:36","date_gmt":"2022-03-12T19:34:36","guid":{"rendered":"https:\/\/omerovic.eu\/die-seite-befindet-sich-im-aufbau\/"},"modified":"2022-03-12T20:34:36","modified_gmt":"2022-03-12T19:34:36","slug":"die-seite-befindet-sich-im-aufbau","status":"publish","type":"page","link":"https:\/\/omerovic.eu\/de\/die-seite-befindet-sich-im-aufbau\/","title":{"rendered":"Die Seite befindet sich im Aufbau"},"content":{"rendered":"<section  class='av_textblock_section av-k8vf97yu-751e439ede2b07669c7976bcbfee043e '   itemscope=\"itemscope\" itemtype=\"https:\/\/schema.org\/CreativeWork\" ><div class='avia_textblock'  itemprop=\"text\" ><div class=\"breadcrumbs\">\n<div class=\"container\">\n<h1 class=\"entry-title\">Die Seite befindet sich im Upgrade-Modus<\/h1>\n<h3>Sie k\u00f6nnen uns sp\u00e4ter kontaktieren oder zur Website zur\u00fcckkehren.<\/h3>\n<\/div>\n<\/div>\n<div id=\"content-inside\" class=\"container right-sidebar\">\n<div id=\"primary\" class=\"content-area\">\n<article id=\"post-17\" class=\"post-17 page type-page status-publish has-post-thumbnail hentry\">\n<div class=\"entry-content\">\n<div id=\"attachment_35\" style=\"width: 193px\" class=\"wp-caption alignleft\"><img loading=\"lazy\" decoding=\"async\" aria-describedby=\"caption-attachment-35\" class=\" wp-image-35\" src=\"https:\/\/omerovic.eu\/wp-content\/uploads\/2020\/04\/WhatsApp-Image-2020-03-17-at-19.48.36-1.jpeg\" alt=\"Muhamed Omerovi\u0107\" width=\"183\" height=\"275\" srcset=\"https:\/\/omerovic.eu\/wp-content\/uploads\/2020\/04\/WhatsApp-Image-2020-03-17-at-19.48.36-1.jpeg 1066w, https:\/\/omerovic.eu\/wp-content\/uploads\/2020\/04\/WhatsApp-Image-2020-03-17-at-19.48.36-1-553x830.jpeg 553w, https:\/\/omerovic.eu\/wp-content\/uploads\/2020\/04\/WhatsApp-Image-2020-03-17-at-19.48.36-1-999x1500.jpeg 999w, https:\/\/omerovic.eu\/wp-content\/uploads\/2020\/04\/WhatsApp-Image-2020-03-17-at-19.48.36-1-768x1153.jpeg 768w, https:\/\/omerovic.eu\/wp-content\/uploads\/2020\/04\/WhatsApp-Image-2020-03-17-at-19.48.36-1-1023x1536.jpeg 1023w, https:\/\/omerovic.eu\/wp-content\/uploads\/2020\/04\/WhatsApp-Image-2020-03-17-at-19.48.36-1-596x895.jpeg 596w, https:\/\/omerovic.eu\/wp-content\/uploads\/2020\/04\/WhatsApp-Image-2020-03-17-at-19.48.36-1-600x901.jpeg 600w, https:\/\/omerovic.eu\/wp-content\/uploads\/2020\/04\/WhatsApp-Image-2020-03-17-at-19.48.36-1-420x630.jpeg 420w, https:\/\/omerovic.eu\/wp-content\/uploads\/2020\/04\/WhatsApp-Image-2020-03-17-at-19.48.36-1-470x705.jpeg 470w, https:\/\/omerovic.eu\/wp-content\/uploads\/2020\/04\/WhatsApp-Image-2020-03-17-at-19.48.36-1-200x300.jpeg 200w, https:\/\/omerovic.eu\/wp-content\/uploads\/2020\/04\/WhatsApp-Image-2020-03-17-at-19.48.36-1-686x1030.jpeg 686w\" sizes=\"auto, (max-width: 183px) 100vw, 183px\" \/><p id=\"caption-attachment-35\" class=\"wp-caption-text\">Muhamed Omerovi\u0107<\/p><\/div>\n<p>Muhamed Omerovi\u0107 ist ein ehemaliger Sportjournalist, der 1992. in einem Kriegswirbel im belagerten Sarajevo gefunden. Er beteiligte sich aktiv an der Verteidigung von Sarajevo und wurde durch eine Scharfsch\u00fctzenkugel am Hals schwer verletzt. Aufgrund der Schwere der Verletzung wurde er zur Behandlung nach Deutschland verlegt. Er wurde auch in Deutschland operiert. Nach vierj\u00e4hriger Behandlung heilte er auf mysteri\u00f6se Weise. Buchst\u00e4blich &#8211; \u00fcber Nacht. Dann erf\u00e4hrt er, dass er die Gabe hat, Menschen mit Schmerzen helfen zu k\u00f6nnen.<\/p>\n<p>Heute hilft es mit Hilfe von Bioenergie Menschen auf der ganzen Welt, verschiedene Arten von Schmerzen, k\u00f6rperlichen und geistigen St\u00f6rungen zu beseitigen. Bisher haben Menschen aus mehr als <strong>80 L\u00e4ndern<\/strong> von seiner Gabe profitiert.<\/p>\n<\/div>\n<\/article>\n<\/div>\n<\/div>\n<\/div><\/section>\n","protected":false},"excerpt":{"rendered":"","protected":false},"author":2,"featured_media":0,"parent":0,"menu_order":0,"comment_status":"closed","ping_status":"closed","template":"","meta":{"footnotes":""},"class_list":["post-10092","page","type-page","status-publish","hentry"],"yoast_head":"<!-- This site is optimized with the Yoast SEO plugin v27.2 - https:\/\/yoast.com\/product\/yoast-seo-wordpress\/ -->\n<title>Die Seite befindet sich im Aufbau - omerovic.eu<\/title>\n<meta name=\"robots\" content=\"index, follow, max-snippet:-1, max-image-preview:large, max-video-preview:-1\" \/>\n<link rel=\"canonical\" href=\"https:\/\/omerovic.eu\/de\/die-seite-befindet-sich-im-aufbau\/\" \/>\n<meta property=\"og:locale\" content=\"de_DE\" \/>\n<meta property=\"og:type\" content=\"article\" \/>\n<meta property=\"og:title\" content=\"Die Seite befindet sich im Aufbau - omerovic.eu\" \/>\n<meta property=\"og:url\" content=\"https:\/\/omerovic.eu\/de\/die-seite-befindet-sich-im-aufbau\/\" \/>\n<meta property=\"og:site_name\" content=\"omerovic.eu\" \/>\n<meta property=\"article:publisher\" content=\"https:\/\/www.facebook.com\/omerovicbioenergija\" \/>\n<meta property=\"og:image\" content=\"https:\/\/omerovic.eu\/wp-content\/uploads\/2020\/04\/WhatsApp-Image-2020-03-17-at-19.48.36-1.jpeg\" \/>\n<meta name=\"twitter:card\" content=\"summary_large_image\" \/>\n<meta name=\"twitter:label1\" content=\"Gesch\u00e4tzte Lesezeit\" \/>\n\t<meta name=\"twitter:data1\" content=\"1\u00a0Minute\" \/>\n<script type=\"application\/ld+json\" class=\"yoast-schema-graph\">{\"@context\":\"https:\/\/schema.org\",\"@graph\":[{\"@type\":\"WebPage\",\"@id\":\"https:\/\/omerovic.eu\/de\/die-seite-befindet-sich-im-aufbau\/\",\"url\":\"https:\/\/omerovic.eu\/de\/die-seite-befindet-sich-im-aufbau\/\",\"name\":\"Die Seite befindet sich im Aufbau - omerovic.eu\",\"isPartOf\":{\"@id\":\"https:\/\/omerovic.eu\/de\/#website\"},\"primaryImageOfPage\":{\"@id\":\"https:\/\/omerovic.eu\/de\/die-seite-befindet-sich-im-aufbau\/#primaryimage\"},\"image\":{\"@id\":\"https:\/\/omerovic.eu\/de\/die-seite-befindet-sich-im-aufbau\/#primaryimage\"},\"thumbnailUrl\":\"https:\/\/omerovic.eu\/wp-content\/uploads\/2020\/04\/WhatsApp-Image-2020-03-17-at-19.48.36-1.jpeg\",\"datePublished\":\"2022-03-12T19:34:36+00:00\",\"breadcrumb\":{\"@id\":\"https:\/\/omerovic.eu\/de\/die-seite-befindet-sich-im-aufbau\/#breadcrumb\"},\"inLanguage\":\"de\",\"potentialAction\":[{\"@type\":\"ReadAction\",\"target\":[\"https:\/\/omerovic.eu\/de\/die-seite-befindet-sich-im-aufbau\/\"]}]},{\"@type\":\"ImageObject\",\"inLanguage\":\"de\",\"@id\":\"https:\/\/omerovic.eu\/de\/die-seite-befindet-sich-im-aufbau\/#primaryimage\",\"url\":\"https:\/\/omerovic.eu\/wp-content\/uploads\/2020\/04\/WhatsApp-Image-2020-03-17-at-19.48.36-1.jpeg\",\"contentUrl\":\"https:\/\/omerovic.eu\/wp-content\/uploads\/2020\/04\/WhatsApp-Image-2020-03-17-at-19.48.36-1.jpeg\"},{\"@type\":\"BreadcrumbList\",\"@id\":\"https:\/\/omerovic.eu\/de\/die-seite-befindet-sich-im-aufbau\/#breadcrumb\",\"itemListElement\":[{\"@type\":\"ListItem\",\"position\":1,\"name\":\"Home\",\"item\":\"https:\/\/omerovic.eu\/de\/\"},{\"@type\":\"ListItem\",\"position\":2,\"name\":\"Die Seite befindet sich im Aufbau\"}]},{\"@type\":\"WebSite\",\"@id\":\"https:\/\/omerovic.eu\/de\/#website\",\"url\":\"https:\/\/omerovic.eu\/de\/\",\"name\":\"omerovic.eu\",\"description\":\"OMEROVI\u0106 Bioenergija\",\"publisher\":{\"@id\":\"https:\/\/omerovic.eu\/de\/#organization\"},\"potentialAction\":[{\"@type\":\"SearchAction\",\"target\":{\"@type\":\"EntryPoint\",\"urlTemplate\":\"https:\/\/omerovic.eu\/de\/?s={search_term_string}\"},\"query-input\":{\"@type\":\"PropertyValueSpecification\",\"valueRequired\":true,\"valueName\":\"search_term_string\"}}],\"inLanguage\":\"de\"},{\"@type\":\"Organization\",\"@id\":\"https:\/\/omerovic.eu\/de\/#organization\",\"name\":\"omerovic.eu\",\"url\":\"https:\/\/omerovic.eu\/de\/\",\"logo\":{\"@type\":\"ImageObject\",\"inLanguage\":\"de\",\"@id\":\"https:\/\/omerovic.eu\/de\/#\/schema\/logo\/image\/\",\"url\":\"https:\/\/omerovic.eu\/wp-content\/uploads\/2020\/04\/favicon.png\",\"contentUrl\":\"https:\/\/omerovic.eu\/wp-content\/uploads\/2020\/04\/favicon.png\",\"width\":32,\"height\":32,\"caption\":\"omerovic.eu\"},\"image\":{\"@id\":\"https:\/\/omerovic.eu\/de\/#\/schema\/logo\/image\/\"},\"sameAs\":[\"https:\/\/www.facebook.com\/omerovicbioenergija\",\"https:\/\/www.youtube.com\/channel\/UChydgg5CFf7MUwBjjs40qKg\"]}]}<\/script>\n<!-- \/ Yoast SEO plugin. -->","yoast_head_json":{"title":"Die Seite befindet sich im Aufbau - omerovic.eu","robots":{"index":"index","follow":"follow","max-snippet":"max-snippet:-1","max-image-preview":"max-image-preview:large","max-video-preview":"max-video-preview:-1"},"canonical":"https:\/\/omerovic.eu\/de\/die-seite-befindet-sich-im-aufbau\/","og_locale":"de_DE","og_type":"article","og_title":"Die Seite befindet sich im Aufbau - omerovic.eu","og_url":"https:\/\/omerovic.eu\/de\/die-seite-befindet-sich-im-aufbau\/","og_site_name":"omerovic.eu","article_publisher":"https:\/\/www.facebook.com\/omerovicbioenergija","og_image":[{"url":"https:\/\/omerovic.eu\/wp-content\/uploads\/2020\/04\/WhatsApp-Image-2020-03-17-at-19.48.36-1.jpeg","type":"","width":"","height":""}],"twitter_card":"summary_large_image","twitter_misc":{"Gesch\u00e4tzte Lesezeit":"1\u00a0Minute"},"schema":{"@context":"https:\/\/schema.org","@graph":[{"@type":"WebPage","@id":"https:\/\/omerovic.eu\/de\/die-seite-befindet-sich-im-aufbau\/","url":"https:\/\/omerovic.eu\/de\/die-seite-befindet-sich-im-aufbau\/","name":"Die Seite befindet sich im Aufbau - omerovic.eu","isPartOf":{"@id":"https:\/\/omerovic.eu\/de\/#website"},"primaryImageOfPage":{"@id":"https:\/\/omerovic.eu\/de\/die-seite-befindet-sich-im-aufbau\/#primaryimage"},"image":{"@id":"https:\/\/omerovic.eu\/de\/die-seite-befindet-sich-im-aufbau\/#primaryimage"},"thumbnailUrl":"https:\/\/omerovic.eu\/wp-content\/uploads\/2020\/04\/WhatsApp-Image-2020-03-17-at-19.48.36-1.jpeg","datePublished":"2022-03-12T19:34:36+00:00","breadcrumb":{"@id":"https:\/\/omerovic.eu\/de\/die-seite-befindet-sich-im-aufbau\/#breadcrumb"},"inLanguage":"de","potentialAction":[{"@type":"ReadAction","target":["https:\/\/omerovic.eu\/de\/die-seite-befindet-sich-im-aufbau\/"]}]},{"@type":"ImageObject","inLanguage":"de","@id":"https:\/\/omerovic.eu\/de\/die-seite-befindet-sich-im-aufbau\/#primaryimage","url":"https:\/\/omerovic.eu\/wp-content\/uploads\/2020\/04\/WhatsApp-Image-2020-03-17-at-19.48.36-1.jpeg","contentUrl":"https:\/\/omerovic.eu\/wp-content\/uploads\/2020\/04\/WhatsApp-Image-2020-03-17-at-19.48.36-1.jpeg"},{"@type":"BreadcrumbList","@id":"https:\/\/omerovic.eu\/de\/die-seite-befindet-sich-im-aufbau\/#breadcrumb","itemListElement":[{"@type":"ListItem","position":1,"name":"Home","item":"https:\/\/omerovic.eu\/de\/"},{"@type":"ListItem","position":2,"name":"Die Seite befindet sich im Aufbau"}]},{"@type":"WebSite","@id":"https:\/\/omerovic.eu\/de\/#website","url":"https:\/\/omerovic.eu\/de\/","name":"omerovic.eu","description":"OMEROVI\u0106 Bioenergija","publisher":{"@id":"https:\/\/omerovic.eu\/de\/#organization"},"potentialAction":[{"@type":"SearchAction","target":{"@type":"EntryPoint","urlTemplate":"https:\/\/omerovic.eu\/de\/?s={search_term_string}"},"query-input":{"@type":"PropertyValueSpecification","valueRequired":true,"valueName":"search_term_string"}}],"inLanguage":"de"},{"@type":"Organization","@id":"https:\/\/omerovic.eu\/de\/#organization","name":"omerovic.eu","url":"https:\/\/omerovic.eu\/de\/","logo":{"@type":"ImageObject","inLanguage":"de","@id":"https:\/\/omerovic.eu\/de\/#\/schema\/logo\/image\/","url":"https:\/\/omerovic.eu\/wp-content\/uploads\/2020\/04\/favicon.png","contentUrl":"https:\/\/omerovic.eu\/wp-content\/uploads\/2020\/04\/favicon.png","width":32,"height":32,"caption":"omerovic.eu"},"image":{"@id":"https:\/\/omerovic.eu\/de\/#\/schema\/logo\/image\/"},"sameAs":["https:\/\/www.facebook.com\/omerovicbioenergija","https:\/\/www.youtube.com\/channel\/UChydgg5CFf7MUwBjjs40qKg"]}]}},"_links":{"self":[{"href":"https:\/\/omerovic.eu\/de\/wp-json\/wp\/v2\/pages\/10092","targetHints":{"allow":["GET"]}}],"collection":[{"href":"https:\/\/omerovic.eu\/de\/wp-json\/wp\/v2\/pages"}],"about":[{"href":"https:\/\/omerovic.eu\/de\/wp-json\/wp\/v2\/types\/page"}],"author":[{"embeddable":true,"href":"https:\/\/omerovic.eu\/de\/wp-json\/wp\/v2\/users\/2"}],"replies":[{"embeddable":true,"href":"https:\/\/omerovic.eu\/de\/wp-json\/wp\/v2\/comments?post=10092"}],"version-history":[{"count":0,"href":"https:\/\/omerovic.eu\/de\/wp-json\/wp\/v2\/pages\/10092\/revisions"}],"wp:attachment":[{"href":"https:\/\/omerovic.eu\/de\/wp-json\/wp\/v2\/media?parent=10092"}],"curies":[{"name":"wp","href":"https:\/\/api.w.org\/{rel}","templated":true}]}}