{"id":10099,"date":"2022-03-12T20:45:53","date_gmt":"2022-03-12T19:45:53","guid":{"rendered":"https:\/\/omerovic.eu\/wie-oft-sollte-ich-zur-behandlung-kommen\/"},"modified":"2022-03-12T21:01:56","modified_gmt":"2022-03-12T20:01:56","slug":"wie-oft-sollte-ich-zur-behandlung-kommen","status":"publish","type":"page","link":"https:\/\/omerovic.eu\/de\/wie-oft-sollte-ich-zur-behandlung-kommen\/","title":{"rendered":"Wie oft sollte ich zur Behandlung kommen?"},"content":{"rendered":"\n<style type=\"text\/css\" data-created_by=\"avia_inline_auto\" id=\"style-css-av-kbgxxpw0-c706d7738b236a04e39b243665722ac2\">\n#top .av-special-heading.av-kbgxxpw0-c706d7738b236a04e39b243665722ac2{\npadding-bottom:10px;\n}\nbody .av-special-heading.av-kbgxxpw0-c706d7738b236a04e39b243665722ac2 .av-special-heading-tag .heading-char{\nfont-size:25px;\n}\n.av-special-heading.av-kbgxxpw0-c706d7738b236a04e39b243665722ac2 .av-subheading{\nfont-size:15px;\n}\n<\/style>\n<div  class='av-special-heading av-kbgxxpw0-c706d7738b236a04e39b243665722ac2 av-special-heading-h1  avia-builder-el-0  el_before_av_textblock  avia-builder-el-first '><h1 class='av-special-heading-tag '  itemprop=\"headline\"  >Wie oft sollte ich zur Behandlung kommen?<\/h1><div class=\"special-heading-border\"><div class=\"special-heading-inner-border\"><\/div><\/div><\/div>\n<section  class='av_textblock_section av-t14j3n-3a1706b95d6cbc2bd7c0beeb9fb26baa '   itemscope=\"itemscope\" itemtype=\"https:\/\/schema.org\/CreativeWork\" ><div class='avia_textblock'  itemprop=\"text\" ><p>Wie jede Behandlungsform ist auch die Bioenergieheilung ein Prozess. Jeder Prozess braucht einige Zeit, um die gew\u00fcnschten Ergebnisse zu erzielen.<\/p>\n<p>Der Bioenergetiker Omerovi\u0107 besteht nicht auf einer bestimmten Anzahl von Behandlungen. Jeder sollte selbst entscheiden, wie viel Behandlung er m\u00f6chte und wie viel er f\u00fcr ausreichend h\u00e4lt. Dies gilt insbesondere, weil das Absetzen von Besuchen in der Bioenergetik an sich niemals zu einer Verschlechterung des Zustands f\u00fchrt. Im schlimmsten Fall ist es wieder so wie vor der Behandlung.<\/p>\n<p>Erfahrungsgem\u00e4\u00df werden die besten Ergebnisse erzielt, wenn Sie (wenn \u00fcberhaupt m\u00f6glich) zu vier Behandlungen in m\u00f6glichst kurzer Zeit kommen. Danach empfiehlt er eine Pause von etwa 15 Tagen und bei Bedarf zu wiederholen.<\/p>\n<p>Dies ist sehr schwierig f\u00fcr die meisten Menschen, die sich an den Bioenergetiker Omerovi\u0107 wenden, wenn es um Face-to-Face-Behandlungen geht. Denn selten bleibt Omerovi\u0107 l\u00e4nger als zwei oder drei Tage an einem Ort.<\/p>\n<p>Obwohl die Ergebnisse seiner Behandlungsmethode sofort sichtbar sind, empfiehlt es sich, w\u00e4hrend der Behandlung selbst so bald wie m\u00f6glich zu mindestens zwei Behandlungen zu kommen, wenn Sie l\u00e4nger anhaltende Ergebnisse w\u00fcnschen.<\/p>\n<p>F\u00fcr diejenigen, die dieser Empfehlung folgen m\u00f6chten, bleibt die M\u00f6glichkeit, Omerovi\u0107s Fernbehandlungen (Gruppe oder Einzelperson) zu besuchen.<\/p>\n<p>All dies bleibt jedoch dem Gewissen jedes Einzelnen \u00fcberlassen.<\/p>\n<\/div><\/section>\n","protected":false},"excerpt":{"rendered":"","protected":false},"author":1,"featured_media":0,"parent":0,"menu_order":0,"comment_status":"closed","ping_status":"closed","template":"","meta":{"footnotes":""},"class_list":["post-10099","page","type-page","status-publish","hentry"],"yoast_head":"<!-- This site is optimized with the Yoast SEO plugin v27.2 - https:\/\/yoast.com\/product\/yoast-seo-wordpress\/ -->\n<title>Wie oft sollte ich zur Behandlung kommen? - omerovic.eu<\/title>\n<meta name=\"robots\" content=\"index, follow, max-snippet:-1, max-image-preview:large, max-video-preview:-1\" \/>\n<link rel=\"canonical\" href=\"https:\/\/omerovic.eu\/de\/wie-oft-sollte-ich-zur-behandlung-kommen\/\" \/>\n<meta property=\"og:locale\" content=\"de_DE\" \/>\n<meta property=\"og:type\" content=\"article\" \/>\n<meta property=\"og:title\" content=\"Wie oft sollte ich zur Behandlung kommen? - omerovic.eu\" \/>\n<meta property=\"og:url\" content=\"https:\/\/omerovic.eu\/de\/wie-oft-sollte-ich-zur-behandlung-kommen\/\" \/>\n<meta property=\"og:site_name\" content=\"omerovic.eu\" \/>\n<meta property=\"article:publisher\" content=\"https:\/\/www.facebook.com\/omerovicbioenergija\" \/>\n<meta property=\"article:modified_time\" content=\"2022-03-12T20:01:56+00:00\" \/>\n<meta property=\"og:image\" content=\"https:\/\/omerovic.eu\/wp-content\/uploads\/2020\/04\/WhatsApp-Image-2020-03-23-at-21.22.54-3.jpeg\" \/>\n\t<meta property=\"og:image:width\" content=\"1600\" \/>\n\t<meta property=\"og:image:height\" content=\"1066\" \/>\n\t<meta property=\"og:image:type\" content=\"image\/jpeg\" \/>\n<meta name=\"twitter:card\" content=\"summary_large_image\" \/>\n<meta name=\"twitter:label1\" content=\"Gesch\u00e4tzte Lesezeit\" \/>\n\t<meta name=\"twitter:data1\" content=\"1\u00a0Minute\" \/>\n<script type=\"application\/ld+json\" class=\"yoast-schema-graph\">{\"@context\":\"https:\/\/schema.org\",\"@graph\":[{\"@type\":\"WebPage\",\"@id\":\"https:\/\/omerovic.eu\/de\/wie-oft-sollte-ich-zur-behandlung-kommen\/\",\"url\":\"https:\/\/omerovic.eu\/de\/wie-oft-sollte-ich-zur-behandlung-kommen\/\",\"name\":\"Wie oft sollte ich zur Behandlung kommen? - omerovic.eu\",\"isPartOf\":{\"@id\":\"https:\/\/omerovic.eu\/de\/#website\"},\"datePublished\":\"2022-03-12T19:45:53+00:00\",\"dateModified\":\"2022-03-12T20:01:56+00:00\",\"breadcrumb\":{\"@id\":\"https:\/\/omerovic.eu\/de\/wie-oft-sollte-ich-zur-behandlung-kommen\/#breadcrumb\"},\"inLanguage\":\"de\",\"potentialAction\":[{\"@type\":\"ReadAction\",\"target\":[\"https:\/\/omerovic.eu\/de\/wie-oft-sollte-ich-zur-behandlung-kommen\/\"]}]},{\"@type\":\"BreadcrumbList\",\"@id\":\"https:\/\/omerovic.eu\/de\/wie-oft-sollte-ich-zur-behandlung-kommen\/#breadcrumb\",\"itemListElement\":[{\"@type\":\"ListItem\",\"position\":1,\"name\":\"Home\",\"item\":\"https:\/\/omerovic.eu\/de\/\"},{\"@type\":\"ListItem\",\"position\":2,\"name\":\"Wie oft sollte ich zur Behandlung kommen?\"}]},{\"@type\":\"WebSite\",\"@id\":\"https:\/\/omerovic.eu\/de\/#website\",\"url\":\"https:\/\/omerovic.eu\/de\/\",\"name\":\"omerovic.eu\",\"description\":\"OMEROVI\u0106 Bioenergija\",\"publisher\":{\"@id\":\"https:\/\/omerovic.eu\/de\/#organization\"},\"potentialAction\":[{\"@type\":\"SearchAction\",\"target\":{\"@type\":\"EntryPoint\",\"urlTemplate\":\"https:\/\/omerovic.eu\/de\/?s={search_term_string}\"},\"query-input\":{\"@type\":\"PropertyValueSpecification\",\"valueRequired\":true,\"valueName\":\"search_term_string\"}}],\"inLanguage\":\"de\"},{\"@type\":\"Organization\",\"@id\":\"https:\/\/omerovic.eu\/de\/#organization\",\"name\":\"omerovic.eu\",\"url\":\"https:\/\/omerovic.eu\/de\/\",\"logo\":{\"@type\":\"ImageObject\",\"inLanguage\":\"de\",\"@id\":\"https:\/\/omerovic.eu\/de\/#\/schema\/logo\/image\/\",\"url\":\"https:\/\/omerovic.eu\/wp-content\/uploads\/2020\/04\/favicon.png\",\"contentUrl\":\"https:\/\/omerovic.eu\/wp-content\/uploads\/2020\/04\/favicon.png\",\"width\":32,\"height\":32,\"caption\":\"omerovic.eu\"},\"image\":{\"@id\":\"https:\/\/omerovic.eu\/de\/#\/schema\/logo\/image\/\"},\"sameAs\":[\"https:\/\/www.facebook.com\/omerovicbioenergija\",\"https:\/\/www.youtube.com\/channel\/UChydgg5CFf7MUwBjjs40qKg\"]}]}<\/script>\n<!-- \/ Yoast SEO plugin. -->","yoast_head_json":{"title":"Wie oft sollte ich zur Behandlung kommen? - omerovic.eu","robots":{"index":"index","follow":"follow","max-snippet":"max-snippet:-1","max-image-preview":"max-image-preview:large","max-video-preview":"max-video-preview:-1"},"canonical":"https:\/\/omerovic.eu\/de\/wie-oft-sollte-ich-zur-behandlung-kommen\/","og_locale":"de_DE","og_type":"article","og_title":"Wie oft sollte ich zur Behandlung kommen? - omerovic.eu","og_url":"https:\/\/omerovic.eu\/de\/wie-oft-sollte-ich-zur-behandlung-kommen\/","og_site_name":"omerovic.eu","article_publisher":"https:\/\/www.facebook.com\/omerovicbioenergija","article_modified_time":"2022-03-12T20:01:56+00:00","og_image":[{"width":1600,"height":1066,"url":"https:\/\/omerovic.eu\/wp-content\/uploads\/2020\/04\/WhatsApp-Image-2020-03-23-at-21.22.54-3.jpeg","type":"image\/jpeg"}],"twitter_card":"summary_large_image","twitter_misc":{"Gesch\u00e4tzte Lesezeit":"1\u00a0Minute"},"schema":{"@context":"https:\/\/schema.org","@graph":[{"@type":"WebPage","@id":"https:\/\/omerovic.eu\/de\/wie-oft-sollte-ich-zur-behandlung-kommen\/","url":"https:\/\/omerovic.eu\/de\/wie-oft-sollte-ich-zur-behandlung-kommen\/","name":"Wie oft sollte ich zur Behandlung kommen? - omerovic.eu","isPartOf":{"@id":"https:\/\/omerovic.eu\/de\/#website"},"datePublished":"2022-03-12T19:45:53+00:00","dateModified":"2022-03-12T20:01:56+00:00","breadcrumb":{"@id":"https:\/\/omerovic.eu\/de\/wie-oft-sollte-ich-zur-behandlung-kommen\/#breadcrumb"},"inLanguage":"de","potentialAction":[{"@type":"ReadAction","target":["https:\/\/omerovic.eu\/de\/wie-oft-sollte-ich-zur-behandlung-kommen\/"]}]},{"@type":"BreadcrumbList","@id":"https:\/\/omerovic.eu\/de\/wie-oft-sollte-ich-zur-behandlung-kommen\/#breadcrumb","itemListElement":[{"@type":"ListItem","position":1,"name":"Home","item":"https:\/\/omerovic.eu\/de\/"},{"@type":"ListItem","position":2,"name":"Wie oft sollte ich zur Behandlung kommen?"}]},{"@type":"WebSite","@id":"https:\/\/omerovic.eu\/de\/#website","url":"https:\/\/omerovic.eu\/de\/","name":"omerovic.eu","description":"OMEROVI\u0106 Bioenergija","publisher":{"@id":"https:\/\/omerovic.eu\/de\/#organization"},"potentialAction":[{"@type":"SearchAction","target":{"@type":"EntryPoint","urlTemplate":"https:\/\/omerovic.eu\/de\/?s={search_term_string}"},"query-input":{"@type":"PropertyValueSpecification","valueRequired":true,"valueName":"search_term_string"}}],"inLanguage":"de"},{"@type":"Organization","@id":"https:\/\/omerovic.eu\/de\/#organization","name":"omerovic.eu","url":"https:\/\/omerovic.eu\/de\/","logo":{"@type":"ImageObject","inLanguage":"de","@id":"https:\/\/omerovic.eu\/de\/#\/schema\/logo\/image\/","url":"https:\/\/omerovic.eu\/wp-content\/uploads\/2020\/04\/favicon.png","contentUrl":"https:\/\/omerovic.eu\/wp-content\/uploads\/2020\/04\/favicon.png","width":32,"height":32,"caption":"omerovic.eu"},"image":{"@id":"https:\/\/omerovic.eu\/de\/#\/schema\/logo\/image\/"},"sameAs":["https:\/\/www.facebook.com\/omerovicbioenergija","https:\/\/www.youtube.com\/channel\/UChydgg5CFf7MUwBjjs40qKg"]}]}},"_links":{"self":[{"href":"https:\/\/omerovic.eu\/de\/wp-json\/wp\/v2\/pages\/10099","targetHints":{"allow":["GET"]}}],"collection":[{"href":"https:\/\/omerovic.eu\/de\/wp-json\/wp\/v2\/pages"}],"about":[{"href":"https:\/\/omerovic.eu\/de\/wp-json\/wp\/v2\/types\/page"}],"author":[{"embeddable":true,"href":"https:\/\/omerovic.eu\/de\/wp-json\/wp\/v2\/users\/1"}],"replies":[{"embeddable":true,"href":"https:\/\/omerovic.eu\/de\/wp-json\/wp\/v2\/comments?post=10099"}],"version-history":[{"count":0,"href":"https:\/\/omerovic.eu\/de\/wp-json\/wp\/v2\/pages\/10099\/revisions"}],"wp:attachment":[{"href":"https:\/\/omerovic.eu\/de\/wp-json\/wp\/v2\/media?parent=10099"}],"curies":[{"name":"wp","href":"https:\/\/api.w.org\/{rel}","templated":true}]}}