{"id":10111,"date":"2021-09-30T21:58:22","date_gmt":"2021-09-30T19:58:22","guid":{"rendered":"https:\/\/omerovic.eu\/energizovana-krema\/"},"modified":"2022-12-04T19:52:48","modified_gmt":"2022-12-04T18:52:48","slug":"energetisierte-wirksame-creme","status":"publish","type":"page","link":"https:\/\/omerovic.eu\/de\/energetisierte-wirksame-creme\/","title":{"rendered":"Energetisierte creme"},"content":{"rendered":"<p>Der Bioenergetiker Muhamed Omerovi\u0107 ist weltweit vor allem f\u00fcr seine ungew\u00f6hnlichen und \u00e4u\u00dferst effektiven bioenergetischen Behandlungsmethoden bekannt.<\/p>\n<p>Was all seine bisherigen Methoden auszeichnet, sind die Ergebnisse, die w\u00e4hrend der Behandlung selbst zu sp\u00fcren sind.<\/p>\n<p>&nbsp;<\/p>\n<p>Das Einzige, was vielen nicht gef\u00e4llt, ist, dass es nicht immer einfach ist, zu ihm und seinen Behandlungen zu gelangen. Bei einigen m\u00fcssen Sie warten, bis auf dem Zeitplan sind (kostenpflichtige Gruppenbehandlungen montags, mittwochs und samstags). Andere finden wiederum nach Vereinbarung statt, sind aber deutlich teurer (einzelne kostenpflichtige Fernbehandlungen), und die beliebteste Form, die kostenlose Gruppenbehandlung f\u00fcr eine unbegrenzte Anzahl von Personen gibt es durchschnittlich einmal im Monat<\/p>\n<p>&nbsp;<\/p>\n<p>Es w\u00e4re ideal, wenn diese Behandlungen genau dann stattfinden k\u00f6nnten, wenn wir sie brauchen, aber\u2026<\/p>\n<p>&nbsp;<\/p>\n<p>Doch genau hier fand der Bioenergetiker auch eine L\u00f6sung.<\/p>\n<p>&nbsp;<\/p>\n<p>Nach dreij\u00e4hriger Erprobung, zun\u00e4chst an Menschen mit chronischen Krankheiten und sp\u00e4ter an Menschen mit allt\u00e4glichen Problemen und Beschwerden entwarf, vermarktete und brachte Omerovi\u0107 etwas noch nie Dagewesenes auf den Markt.<\/p>\n<p>Und das ist: <strong>ENERGETISIERTE WUNDERBAR WIRKSAME CREME<\/strong>\u00ae<\/p>\n<p class=\"Standard\"><span lang=\"EN-US\">Nein, das ist kein Scherz &#8230;<\/span><\/p>\n<p>Alles, was alle seine Behandlungsarten auszeichnet, ist auch f\u00fcr die Creme charakteristisch. Und sie kann noch mehr als das.<\/p>\n<p>Ergebnisse sind derzeit durch die Nutzung der Creme sichtbar. Genauso wie bei bioenergetischen Behandlungen.<\/p>\n<p>Die Energetisierte Creme liefert hervorragende Ergebnisse bei allen Arten von Schmerzen bekannter und unbekannter Herkunft: Kopfschmerzen (normal und Migr\u00e4ne), Schmerzen im R\u00fccken und unteren R\u00fccken, Nacken, Bauch, Knien, H\u00fcften, Schultern, Ellbogen, Gelenken, H\u00e4nden, Muskeln, Sehnen , Rachen, Nebenh\u00f6hlen \u2026Die Creme liefert hervorragende Ergebnisse bei verschiedenen Sportverletzungen von Weich- und Hartgeweben mit oder ohne H\u00e4matomen.<\/p>\n<p>Zus\u00e4tzlich auch im Falle von Verbrennungen, Schnitten \u2026wie auch bei verschiedenen Haut- und allergischen Erkrankungen, sowie bei Erkrankungen der Atemwege und Organe wurden au\u00dfergew\u00f6hnliche Ergebnisse verzeichnet.<\/p>\n<p>Die Creme hilft auch bei gesundheitlichen Problemen, die durch Covid verursacht werden.<\/p>\n<p><u>Die <\/u>Energetisierte Creme wurde von vielen Menschen mit Postcovid-Syndrom verwendet. Ihre Erfahrungen sind ph\u00e4nomenal. Und Menschen, die die Creme verwendet haben, w\u00e4hrend sie mit dem Covid-19-Virus infiziert waren, berichten, dass die Verwendung der Creme ihnen bei vielen Symptomen geholfen hat.<\/p>\n<p>Sie trugen die energetizierte Creme auf die K\u00f6rperteile auf, wo die Symptome am ausgepr\u00e4gtesten waren und versp\u00fcrten eine gro\u00dfe Erleichterung. Trotz der Tatsache, dass die Creme-Behandlungen au\u00dfergew\u00f6hnliche Ergebnisse erzielen,<\/p>\n<p>sollte beachtet werden, dass die Creme in keiner Weise \u00c4rzte und ihre Therapien ersetzt.<\/p>\n<p>Es empfiehlt sich, die Creme erg\u00e4nzend zu verwenden, insbesondere bei schweren Erkrankungen wie verschiedenen b\u00f6sartigen Tumorerkrankungen, Covid-19, Infektionen und dergleichen.<\/p>\n<p>Obwohl dies bei der Entwicklung ENERGETISIERTE WUNDERBAR WIRKSAME CREME\u00ae nicht beabsichtigt war, zeigt die Erfahrung von Menschen, die die Gelegenheit hatten, sie auszuprobieren, dass die Verwendung von der ENERGETISIERTE WUNDERBAR WIRKSAME CREME\u00ae Falten im Gesicht reduziert (l\u00f6scht) und Narben auf der Haut weicher macht .<\/p>\n<p>Wie benutzt man die Creme? (Gebrauchsanweisung \/ Gebrauch)<\/p>\n<p>Die Creme sollte in einer d\u00fcnnen Schicht auf die Haut aufgetragen werden, wo die Beschwerde zu sp\u00fcren ist, und wenn m\u00f6glich leicht in die Haut einmassiert werden.<\/p>\n<p>&nbsp;<\/p>\n<p>Bei Verbrennungen und Schnittwunden sollte man nat\u00fcrlich gar nicht erst daran denken, die Creme in die Haut einzureiben. Hier m\u00fcssen Sie die Creme nur auf die verletzte Stelle auftragen.<\/p>\n<p>&nbsp;<\/p>\n<p>Die Wirksamkeit in Form von Verringerung oder Verschwinden von Schmerzen oder anderen Beschwerden sollte bereits nach wenigen Minuten sp\u00fcrbar sein.<\/p>\n<p>&nbsp;<\/p>\n<p>Die Creme kann bei Bedarf mehrmals t\u00e4glich auf die Haut aufgetragen werden, ohne Einschr\u00e4nkungen und bef\u00fcrchtete Nebenwirkungen.<\/p>\n<p>&nbsp;<\/p>\n<p>Neben der direkten Wirkung, wirkt die Creme auch zeitverz\u00f6gert.<\/p>\n<p>&nbsp;<\/p>\n<p>Omerovic fehlte genau das \u2026 dass die Person, genau dann wenn es n\u00f6tig ist, behandelt wird. So kam er auf die Idee, eine energetisierte Creme auszuprobieren. Und es stellte sich als Volltreffer heraus.<\/p>\n<p>&nbsp;<\/p>\n<p>Die kombinierte Behandlung mit der Creme und einer bioenergetischen Behandlung erzielt bessere Ergebnisse als jede bioenergetische Behandlung.<\/p>\n<p>&nbsp;<\/p>\n<p>Die Wirksamkeit der Creme wurde bisher auf der Haut vieler Profisportler und einiger Menschen mit chronischen Krankheiten gesp\u00fcren. Und alle, die sie ausprobiert haben, sind mehr als zufrieden.<\/p>\n<p>&nbsp;<\/p>\n<p>Die Ergebnisse sind \u00fcberraschend gut\u2026<\/p>\n<p>Hilft die Creme immer und was, wenn sie nicht hilft?<\/p>\n<p>Die Creme soll bei bioenergetischen Behandlungen helfen. Es hat sich gezeigt, dass sie auch bei alleiniger Anwendung hervorragende Ergebnisse liefert ohne, dass sie mit Behandlungen zu kombinieren. Bei schweren Formen von Verletzungen oder Erkrankungen (meist Langzeiterkrankungen) sollte beachtet werden, dass die besten Ergebnisse immer noch durch die Kombination von bioenergetischer Behandlung und Creme erzielt werden.<\/p>\n<p>Meistens sind die Ergebnisse unmittelbar nach dem Auftragen der Creme zu sp\u00fcren. Aber es gibt auch Menschen und Krankheiten, bei denen eine l\u00e4ngere Behandlung mit der Creme erforderlich ist. Dies gilt insbesondere bei schweren, meist langfristigen gesundheitlichen Problemen. Dann ist die Kombination der Creme mit einer bioenergetischen Behandlung notwendig. In diesen F\u00e4llen wird empfohlen, dass Sie an einer oder zwei der Omerovi\u0107-Bioenergie-Fernbehandlungen teilnehmen, unabh\u00e4ngig davon, ob die Behandlungen kostenpflichtig oder kostenlos sind.<\/p>\n<p>&nbsp;<\/p>\n<p>Aus diesem Grund stehen ihnen Bioenergie-Fernbehandlungen f\u00fcr eine begrenzte Anzahl von Personen, nach einem festen Zeitplan, zur Verf\u00fcgung. Die kostenpflichtigen Behandlungen finden jeden Montag, Mittwoch und Samstag um 20:00 Uhr statt. Weitere Informationen finden Sie unter <a href=\"https:\/\/omerovic.eu\/grupni-tretmani\">https:\/\/omerovic.eu\/grupni-tretmani<\/a>\/ und f\u00fcr individuelle Behandlungen unter <a href=\"https:\/\/omerovic.eu\/proizvod\/tretman-bioenergijom-na-daljinu-pojedinacni-2\/\">https:\/\/omerovic.eu\/proizvod\/tretman-bioenergijom-na-daljinu-pojedinacni-2\/<\/a>, w\u00e4hrend kostenlose Behandlungen gelegentlich angeboten werden . Informationen zu kostenlosen Behandlungen finden Sie unter <a href=\"http:\/\/www.omerovic.eu\">www.omerovic.eu<\/a> und auf der FB-Seite Omerovi\u0107-bioenergija.<\/p>\n<p>Wenn Sie die Creme nur einen Tag lang zur Behandlung Ihrer Beschwerden anrwenden, ist es m\u00f6glicherweise besser, sie \u00fcberhaupt nicht zu verwenden. Denn es ist unwahrscheinlich, dass Sie ihre Beschwerde mindern, wenn Sie die Creme nur einen Tag lang auf eine schmerzende oder verletzte Stelle auftragen. Zugegebenerma\u00dfen gibe es einige solche F\u00e4lle, aber sie sind selten.<\/p>\n<p>&nbsp;<\/p>\n<p>Wem kann Creme nicht helfen?<\/p>\n<p>Menschen mit Autoimmunerkrankungen sollten keine Hilfe durch Behandlungen, die alleinige Anwendung von Cremes oder einer Kombination erwarten.<\/p>\n<p>Menschen, die mit bestimmten Missbildungen geboren wurden, sollten auch nicht mit der Hilfe von Behandlungen oder Cremes rechnen.<\/p>\n<p>Ebenso k\u00f6nnen Menschen, die einen Schlaganfall oder ein Trauma erlitten haben, welches ihr zentrales oder peripheres Nervensystem gesch\u00e4digt hat, nicht mit einer Verbesserung ihrer Gesundheit rechnen, weder durch die Verwendung von Cremes noch durch bioenergetische Behandlungen.<\/p>\n<p>&nbsp;<\/p>\n<p>Wenn Sie Zweifel haben, ob die Creme Ihnen helfen kann und ob ihre Verwendung f\u00fcr Ihr Gesundheitsproblem empfohlen wird, k\u00f6nnen Sie uns gerne mit einer Nachricht auf dem Messenger von der fb-Seite Omerovi\u0107-bioenergija kontaktieren. Die Viber-\/WhatsApp-Nummer +31640198868 ist auch hier verf\u00fcgbar<\/p>\n<p>&nbsp;<\/p>\n<p>Anmerkungen!<\/p>\n<p>&nbsp;<\/p>\n<p>Die Creme ist nur zur \u00e4u\u00dferlichen Anwendung bestimmt.<\/p>\n<p>&nbsp;<\/p>\n<p>Obwohl w\u00e4hrend der dreij\u00e4hrigen Tests kein Fall einer allergischen Reaktion auf die Creme festgestellt wurde, lesen Sie unbedingt die Zusammensetzung der Creme.<\/p>\n<p>&nbsp;<\/p>\n<p>Wenn die Creme einen Stoff enth\u00e4lt, gegen den Sie allergisch sind, wird die Anwendung der Creme nicht empfohlen.<\/p>\n<p>&nbsp;<\/p>\n<p>Diese Creme ist keine medizinische Creme. Die Zusammensetzung wurde nicht ver\u00e4ndert. Es werden also keine Arzneistoffe k\u00fcnstlichen oder nat\u00fcrlichen Ursprungs zugesetzt.<\/p>\n<p>&nbsp;<\/p>\n<p>Die Creme wurde vom Bioenergetiker Omerovi\u0107 energetisiert und die Creme hat eine wohltuende Wirkung.<\/p>\n<p>&nbsp;<\/p>\n<p>Das Verfallsdatum ist auf der Creme selbst aufgedruckt.<\/p>\n<p>&nbsp;<\/p>\n<p>Wie bekommt man die Creme, was kostet sie und wo ist sie erh\u00e4ltlich?<\/p>\n<p>Die Energetizierte Wunderliche Effektive Creme\u00ae wird weltweit versendet. Der Preis der Creme betr\u00e4gt 25 Euro + Versandkosten. Und die Lieferkosten sind wie folgt: EU-L\u00e4nder 8 Euro mit Ausnahme der folgenden Gebiete (1. \u00c5land-Inseln, 2. Azures, 3. Kanarische Inseln, 4. Franz\u00f6sisch-Guinea, 5. Guadeloupe, 6. Madeira, 7. Martinique , 8. Mayotte, 9. Reunion und 10. Sint Martin). F\u00fcr diese Gebiete betr\u00e4gt der Lieferpreis 14 Euro.<\/p>\n<p>&nbsp;<\/p>\n<p>Schweiz und Norwegen 10 Euro.<\/p>\n<p>&nbsp;<\/p>\n<p>Bosnien und Herzegowina, Serbien, Montenegro, Nordmazedonien und Kosovo 12 Euro.<\/p>\n<p>&nbsp;<\/p>\n<p>Vereinigte Staaten, Kanada und Australien 16 Euro.<\/p>\n<p>&nbsp;<\/p>\n<p>T\u00fcrkei, Russland, China, Japan und Rest der Welt 18 Euro.<\/p>\n<p>&nbsp;<\/p>\n<p>Dies sind die Versandkosten pro Sendung, was bedeutet, dass eine Sendung auch mehrere Cremes enthalten kann.<\/p>\n<p>&nbsp;<\/p>\n<p>Personen au\u00dferhalb der Europ\u00e4ischen Union m\u00fcssen die Verpflichtung zur Zahlung von Zollgeb\u00fchren f\u00fcr eine Sendung in ihrem Land ber\u00fccksichtigen. Um Unannehmlichkeiten zu vermeiden, sollten Sie vor der Bestellung der Creme \u00fcberpr\u00fcfen, wie viel und f\u00fcr welche Produkte Sie Zollgeb\u00fchren bezahlen m\u00fcssen.<\/p>\n<p>&nbsp;<\/p>\n<p>Es wird bald m\u00f6glich sein, die Energetische Creme \u00fcber die offizielle Website www.omerovic.eu zu bestellen.<\/p>\n<p>&nbsp;<\/p>\n<p>Die Creme kann auch \u00fcber autorisierte H\u00e4ndler \/ Kolporteure in \u00d6sterreich &amp; Slowenien bestellt werden wie auch in Kroatien, BiH, Montenegro, Serbien und Mazedonien. Unter diesem Link finden Sie eine Liste autorisierter Verk\u00e4ufer \/ Kolporteure <a href=\"https:\/\/omerovic.eu\">https:\/\/omerovic.eu<\/a><\/p>\n<p>&nbsp;<\/p>\n<p>Durch den Kauf der Creme bei autorisierten H\u00e4ndlern \/ Kolporteuren reduzieren Sie die Lieferkosten und die Creme ist schneller bei Ihnen. Wenn Sie die Creme nicht bei autorisierten H\u00e4ndlern \/ Colportern in Ihrer Region \/ Ihrem Land kaufen, wird Ihnen die Creme aus den Niederlanden zugesandt.<\/p>\n<p>&nbsp;<\/p>\n<p>ENERGETISIERTE WUNDERBAR WIRKSAME CREME\u00ae<\/p>\n<p>&nbsp;<\/p>\n<p>Es kann derzeit wie folgt bestellt werden: Der Betrag von 25 Euro f\u00fcr die Creme + Versandkosten f\u00fcr Ihre Region ist an folgende IBAN (Rechnung) zu zahlen: NL66RABO 0349 0730 58, fit and more now, Broekhovenseweg 159 11, 5021LD, Tilburg , Niederlande. Also, der Empf\u00e4nger ist jetzt\u00a0fit and more now. Der BIC- oder SWIFT-Code lautet: RABONL2U<\/p>\n<p>&nbsp;<\/p>\n<p>oder auf Paypal: paypal.me\/omerovicbioenergija oder E-Mail f\u00fcr Paypal: muhomer.fit@gmail.com<\/p>\n<p>&nbsp;<\/p>\n<p>Verwendungszweck: ENERGETISIERTE CREME<\/p>\n<p>&nbsp;<\/p>\n<p>&nbsp;<\/p>\n<p>Wenn Sie bezahlen, machen Sie ein Foto von der Transaktion, damit Sie nicht warten m\u00fcssen, bis das Geld auf dem Konto ist und senden Sie es an die Viber- \/ WhatsApp-Nummer +31640198868 mit der vollst\u00e4ndigen Adresse, an die die Sendung gesendet werden soll.<\/p>\n<p>&nbsp;<\/p>\n<p>H\u00e4ngen Sie auch Ihre E-Mail-Adresse an, falls Sie eine haben.<\/p>\n<p>&nbsp;<\/p>\n<p>Wenn Sie mehr \u00fcber die Creme erfahren m\u00f6chten, klicken Sie auf die unten stehenden Links.<\/p>\n<p>&nbsp;<\/p>\n<p>&nbsp;<\/p>\n<div class=\"\" data-block=\"true\" data-editor=\"c98qh\" data-offset-key=\"cp9vr-0-0\">\n<div class=\"_1mf _1mj\" data-offset-key=\"cp9vr-0-0\">\n<p><img loading=\"lazy\" decoding=\"async\" class=\"wp-image-9304 size-full\" src=\"https:\/\/omerovic.eu\/wp-content\/uploads\/2021\/10\/kreme-slika.jpg\" alt=\"\" width=\"1215\" height=\"1600\" srcset=\"https:\/\/omerovic.eu\/wp-content\/uploads\/2021\/10\/kreme-slika.jpg 1215w, https:\/\/omerovic.eu\/wp-content\/uploads\/2021\/10\/kreme-slika-630x830.jpg 630w, https:\/\/omerovic.eu\/wp-content\/uploads\/2021\/10\/kreme-slika-1139x1500.jpg 1139w, https:\/\/omerovic.eu\/wp-content\/uploads\/2021\/10\/kreme-slika-768x1011.jpg 768w, https:\/\/omerovic.eu\/wp-content\/uploads\/2021\/10\/kreme-slika-1166x1536.jpg 1166w, https:\/\/omerovic.eu\/wp-content\/uploads\/2021\/10\/kreme-slika-680x895.jpg 680w, https:\/\/omerovic.eu\/wp-content\/uploads\/2021\/10\/kreme-slika-600x790.jpg 600w\" sizes=\"auto, (max-width: 1215px) 100vw, 1215px\" \/>ENERGETISIERTE WUNDERBAR WIRKSAME CREME\u00ae<\/p>\n<p>Die ersten Mengen der Energetischen Wunderlich Effektiven Creme stehen zur Auslieferung an die Kunden bereit.<\/p>\n<p>Neue Mengen werden in den n\u00e4chsten Tagen eintreffen. Das reicht f\u00fcr alle, die bisher Cremes bestellt haben.<\/p>\n<p>F\u00fcr alle Informationen kontaktieren Sie:<\/p>\n<p>&nbsp;<\/p>\n<p>-E-Mail: bioenergija@omerovic.eu<\/p>\n<p>&nbsp;<\/p>\n<p>-Telefon \/ Viber \/ WhatsApp (nur Textnachricht) +31640198868<\/p>\n<\/div>\n<\/div>\n<div class='avia-iframe-wrap'><iframe loading=\"lazy\" title=\"Zarka Puri\u0107 BiH\" width=\"1500\" height=\"844\" src=\"https:\/\/www.youtube.com\/embed\/zj2d1Jh0VzA?feature=oembed\" frameborder=\"0\" allow=\"accelerometer; autoplay; clipboard-write; encrypted-media; gyroscope; picture-in-picture; web-share\" referrerpolicy=\"strict-origin-when-cross-origin\" allowfullscreen><\/iframe><\/div>\n<div class='avia-iframe-wrap'><iframe loading=\"lazy\" title=\"Emir Hujdurovi\u0107 Tuzla ENERGIZOVANA KREMA\" width=\"1500\" height=\"844\" src=\"https:\/\/www.youtube.com\/embed\/VliPrDcuIdY?feature=oembed\" frameborder=\"0\" allow=\"accelerometer; autoplay; clipboard-write; encrypted-media; gyroscope; picture-in-picture; web-share\" referrerpolicy=\"strict-origin-when-cross-origin\" allowfullscreen><\/iframe><\/div>\n<div class='avia-iframe-wrap'><iframe loading=\"lazy\" title=\"Daniela Jelin\u010di\u0107 Split\" width=\"1500\" height=\"844\" src=\"https:\/\/www.youtube.com\/embed\/UCaO48i2dZQ?start=14&#038;feature=oembed\" frameborder=\"0\" allow=\"accelerometer; autoplay; clipboard-write; encrypted-media; gyroscope; picture-in-picture; web-share\" referrerpolicy=\"strict-origin-when-cross-origin\" allowfullscreen><\/iframe><\/div>\n<div class='avia-iframe-wrap'><iframe loading=\"lazy\" title=\"Divna Vukajlovi\u0107\" width=\"1500\" height=\"844\" src=\"https:\/\/www.youtube.com\/embed\/EjfkgEWSr-Y?feature=oembed\" frameborder=\"0\" allow=\"accelerometer; autoplay; clipboard-write; encrypted-media; gyroscope; picture-in-picture; web-share\" referrerpolicy=\"strict-origin-when-cross-origin\" allowfullscreen><\/iframe><\/div>\n<p><strong><em>Weitere Videos finden Sie auf unserem offiziellen <a href=\"https:\/\/www.youtube.com\/channel\/UCmE2MGWfkGMNI6YxQ14VHXQ\/videos\"><span style=\"color: #ff0000;\">YouTube<\/span> <span style=\"color: #000000;\">kanal.<\/span><\/a><\/em><\/strong><\/p>\n<p>&nbsp;<\/p>\n","protected":false},"excerpt":{"rendered":"<p>Der Bioenergetiker Muhamed Omerovi\u0107 ist weltweit vor allem f\u00fcr seine ungew\u00f6hnlichen und \u00e4u\u00dferst effektiven bioenergetischen Behandlungsmethoden bekannt. Was all seine bisherigen Methoden auszeichnet, sind die Ergebnisse, die w\u00e4hrend der Behandlung selbst zu sp\u00fcren sind. &nbsp; Das Einzige, was vielen nicht gef\u00e4llt, ist, dass es nicht immer einfach ist, zu ihm und seinen Behandlungen zu gelangen. [&hellip;]<\/p>\n","protected":false},"author":1,"featured_media":9789,"parent":0,"menu_order":0,"comment_status":"closed","ping_status":"closed","template":"","meta":{"footnotes":""},"class_list":["post-10111","page","type-page","status-publish","has-post-thumbnail","hentry"],"yoast_head":"<!-- This site is optimized with the Yoast SEO plugin v27.2 - https:\/\/yoast.com\/product\/yoast-seo-wordpress\/ -->\n<title>Energetisierte creme - omerovic.eu<\/title>\n<meta name=\"robots\" content=\"index, follow, max-snippet:-1, max-image-preview:large, max-video-preview:-1\" \/>\n<link rel=\"canonical\" href=\"https:\/\/omerovic.eu\/de\/energetisierte-wirksame-creme\/\" \/>\n<meta property=\"og:locale\" content=\"de_DE\" \/>\n<meta property=\"og:type\" content=\"article\" \/>\n<meta property=\"og:title\" content=\"Energetisierte creme - omerovic.eu\" \/>\n<meta property=\"og:description\" content=\"Der Bioenergetiker Muhamed Omerovi\u0107 ist weltweit vor allem f\u00fcr seine ungew\u00f6hnlichen und \u00e4u\u00dferst effektiven bioenergetischen Behandlungsmethoden bekannt. Was all seine bisherigen Methoden auszeichnet, sind die Ergebnisse, die w\u00e4hrend der Behandlung selbst zu sp\u00fcren sind. &nbsp; Das Einzige, was vielen nicht gef\u00e4llt, ist, dass es nicht immer einfach ist, zu ihm und seinen Behandlungen zu gelangen. [&hellip;]\" \/>\n<meta property=\"og:url\" content=\"https:\/\/omerovic.eu\/de\/energetisierte-wirksame-creme\/\" \/>\n<meta property=\"og:site_name\" content=\"omerovic.eu\" \/>\n<meta property=\"article:publisher\" content=\"https:\/\/www.facebook.com\/omerovicbioenergija\" \/>\n<meta property=\"article:modified_time\" content=\"2022-12-04T18:52:48+00:00\" \/>\n<meta property=\"og:image\" content=\"https:\/\/omerovic.eu\/wp-content\/uploads\/2021\/12\/Energizovana-krema2.jpg\" \/>\n\t<meta property=\"og:image:width\" content=\"1316\" \/>\n\t<meta property=\"og:image:height\" content=\"1600\" \/>\n\t<meta property=\"og:image:type\" content=\"image\/jpeg\" \/>\n<meta name=\"twitter:card\" content=\"summary_large_image\" \/>\n<meta name=\"twitter:label1\" content=\"Gesch\u00e4tzte Lesezeit\" \/>\n\t<meta name=\"twitter:data1\" content=\"8\u00a0Minuten\" \/>\n<script type=\"application\/ld+json\" class=\"yoast-schema-graph\">{\"@context\":\"https:\/\/schema.org\",\"@graph\":[{\"@type\":\"WebPage\",\"@id\":\"https:\/\/omerovic.eu\/de\/energetisierte-wirksame-creme\/\",\"url\":\"https:\/\/omerovic.eu\/de\/energetisierte-wirksame-creme\/\",\"name\":\"Energetisierte creme - omerovic.eu\",\"isPartOf\":{\"@id\":\"https:\/\/omerovic.eu\/de\/#website\"},\"primaryImageOfPage\":{\"@id\":\"https:\/\/omerovic.eu\/de\/energetisierte-wirksame-creme\/#primaryimage\"},\"image\":{\"@id\":\"https:\/\/omerovic.eu\/de\/energetisierte-wirksame-creme\/#primaryimage\"},\"thumbnailUrl\":\"https:\/\/omerovic.eu\/wp-content\/uploads\/2021\/12\/Energizovana-krema2.jpg\",\"datePublished\":\"2021-09-30T19:58:22+00:00\",\"dateModified\":\"2022-12-04T18:52:48+00:00\",\"breadcrumb\":{\"@id\":\"https:\/\/omerovic.eu\/de\/energetisierte-wirksame-creme\/#breadcrumb\"},\"inLanguage\":\"de\",\"potentialAction\":[{\"@type\":\"ReadAction\",\"target\":[\"https:\/\/omerovic.eu\/de\/energetisierte-wirksame-creme\/\"]}]},{\"@type\":\"ImageObject\",\"inLanguage\":\"de\",\"@id\":\"https:\/\/omerovic.eu\/de\/energetisierte-wirksame-creme\/#primaryimage\",\"url\":\"https:\/\/omerovic.eu\/wp-content\/uploads\/2021\/12\/Energizovana-krema2.jpg\",\"contentUrl\":\"https:\/\/omerovic.eu\/wp-content\/uploads\/2021\/12\/Energizovana-krema2.jpg\",\"width\":1316,\"height\":1600},{\"@type\":\"BreadcrumbList\",\"@id\":\"https:\/\/omerovic.eu\/de\/energetisierte-wirksame-creme\/#breadcrumb\",\"itemListElement\":[{\"@type\":\"ListItem\",\"position\":1,\"name\":\"Home\",\"item\":\"https:\/\/omerovic.eu\/de\/\"},{\"@type\":\"ListItem\",\"position\":2,\"name\":\"Energetisierte creme\"}]},{\"@type\":\"WebSite\",\"@id\":\"https:\/\/omerovic.eu\/de\/#website\",\"url\":\"https:\/\/omerovic.eu\/de\/\",\"name\":\"omerovic.eu\",\"description\":\"OMEROVI\u0106 Bioenergija\",\"publisher\":{\"@id\":\"https:\/\/omerovic.eu\/de\/#organization\"},\"potentialAction\":[{\"@type\":\"SearchAction\",\"target\":{\"@type\":\"EntryPoint\",\"urlTemplate\":\"https:\/\/omerovic.eu\/de\/?s={search_term_string}\"},\"query-input\":{\"@type\":\"PropertyValueSpecification\",\"valueRequired\":true,\"valueName\":\"search_term_string\"}}],\"inLanguage\":\"de\"},{\"@type\":\"Organization\",\"@id\":\"https:\/\/omerovic.eu\/de\/#organization\",\"name\":\"omerovic.eu\",\"url\":\"https:\/\/omerovic.eu\/de\/\",\"logo\":{\"@type\":\"ImageObject\",\"inLanguage\":\"de\",\"@id\":\"https:\/\/omerovic.eu\/de\/#\/schema\/logo\/image\/\",\"url\":\"https:\/\/omerovic.eu\/wp-content\/uploads\/2020\/04\/favicon.png\",\"contentUrl\":\"https:\/\/omerovic.eu\/wp-content\/uploads\/2020\/04\/favicon.png\",\"width\":32,\"height\":32,\"caption\":\"omerovic.eu\"},\"image\":{\"@id\":\"https:\/\/omerovic.eu\/de\/#\/schema\/logo\/image\/\"},\"sameAs\":[\"https:\/\/www.facebook.com\/omerovicbioenergija\",\"https:\/\/www.youtube.com\/channel\/UChydgg5CFf7MUwBjjs40qKg\"]}]}<\/script>\n<!-- \/ Yoast SEO plugin. -->","yoast_head_json":{"title":"Energetisierte creme - omerovic.eu","robots":{"index":"index","follow":"follow","max-snippet":"max-snippet:-1","max-image-preview":"max-image-preview:large","max-video-preview":"max-video-preview:-1"},"canonical":"https:\/\/omerovic.eu\/de\/energetisierte-wirksame-creme\/","og_locale":"de_DE","og_type":"article","og_title":"Energetisierte creme - omerovic.eu","og_description":"Der Bioenergetiker Muhamed Omerovi\u0107 ist weltweit vor allem f\u00fcr seine ungew\u00f6hnlichen und \u00e4u\u00dferst effektiven bioenergetischen Behandlungsmethoden bekannt. Was all seine bisherigen Methoden auszeichnet, sind die Ergebnisse, die w\u00e4hrend der Behandlung selbst zu sp\u00fcren sind. &nbsp; Das Einzige, was vielen nicht gef\u00e4llt, ist, dass es nicht immer einfach ist, zu ihm und seinen Behandlungen zu gelangen. [&hellip;]","og_url":"https:\/\/omerovic.eu\/de\/energetisierte-wirksame-creme\/","og_site_name":"omerovic.eu","article_publisher":"https:\/\/www.facebook.com\/omerovicbioenergija","article_modified_time":"2022-12-04T18:52:48+00:00","og_image":[{"width":1316,"height":1600,"url":"https:\/\/omerovic.eu\/wp-content\/uploads\/2021\/12\/Energizovana-krema2.jpg","type":"image\/jpeg"}],"twitter_card":"summary_large_image","twitter_misc":{"Gesch\u00e4tzte Lesezeit":"8\u00a0Minuten"},"schema":{"@context":"https:\/\/schema.org","@graph":[{"@type":"WebPage","@id":"https:\/\/omerovic.eu\/de\/energetisierte-wirksame-creme\/","url":"https:\/\/omerovic.eu\/de\/energetisierte-wirksame-creme\/","name":"Energetisierte creme - omerovic.eu","isPartOf":{"@id":"https:\/\/omerovic.eu\/de\/#website"},"primaryImageOfPage":{"@id":"https:\/\/omerovic.eu\/de\/energetisierte-wirksame-creme\/#primaryimage"},"image":{"@id":"https:\/\/omerovic.eu\/de\/energetisierte-wirksame-creme\/#primaryimage"},"thumbnailUrl":"https:\/\/omerovic.eu\/wp-content\/uploads\/2021\/12\/Energizovana-krema2.jpg","datePublished":"2021-09-30T19:58:22+00:00","dateModified":"2022-12-04T18:52:48+00:00","breadcrumb":{"@id":"https:\/\/omerovic.eu\/de\/energetisierte-wirksame-creme\/#breadcrumb"},"inLanguage":"de","potentialAction":[{"@type":"ReadAction","target":["https:\/\/omerovic.eu\/de\/energetisierte-wirksame-creme\/"]}]},{"@type":"ImageObject","inLanguage":"de","@id":"https:\/\/omerovic.eu\/de\/energetisierte-wirksame-creme\/#primaryimage","url":"https:\/\/omerovic.eu\/wp-content\/uploads\/2021\/12\/Energizovana-krema2.jpg","contentUrl":"https:\/\/omerovic.eu\/wp-content\/uploads\/2021\/12\/Energizovana-krema2.jpg","width":1316,"height":1600},{"@type":"BreadcrumbList","@id":"https:\/\/omerovic.eu\/de\/energetisierte-wirksame-creme\/#breadcrumb","itemListElement":[{"@type":"ListItem","position":1,"name":"Home","item":"https:\/\/omerovic.eu\/de\/"},{"@type":"ListItem","position":2,"name":"Energetisierte creme"}]},{"@type":"WebSite","@id":"https:\/\/omerovic.eu\/de\/#website","url":"https:\/\/omerovic.eu\/de\/","name":"omerovic.eu","description":"OMEROVI\u0106 Bioenergija","publisher":{"@id":"https:\/\/omerovic.eu\/de\/#organization"},"potentialAction":[{"@type":"SearchAction","target":{"@type":"EntryPoint","urlTemplate":"https:\/\/omerovic.eu\/de\/?s={search_term_string}"},"query-input":{"@type":"PropertyValueSpecification","valueRequired":true,"valueName":"search_term_string"}}],"inLanguage":"de"},{"@type":"Organization","@id":"https:\/\/omerovic.eu\/de\/#organization","name":"omerovic.eu","url":"https:\/\/omerovic.eu\/de\/","logo":{"@type":"ImageObject","inLanguage":"de","@id":"https:\/\/omerovic.eu\/de\/#\/schema\/logo\/image\/","url":"https:\/\/omerovic.eu\/wp-content\/uploads\/2020\/04\/favicon.png","contentUrl":"https:\/\/omerovic.eu\/wp-content\/uploads\/2020\/04\/favicon.png","width":32,"height":32,"caption":"omerovic.eu"},"image":{"@id":"https:\/\/omerovic.eu\/de\/#\/schema\/logo\/image\/"},"sameAs":["https:\/\/www.facebook.com\/omerovicbioenergija","https:\/\/www.youtube.com\/channel\/UChydgg5CFf7MUwBjjs40qKg"]}]}},"_links":{"self":[{"href":"https:\/\/omerovic.eu\/de\/wp-json\/wp\/v2\/pages\/10111","targetHints":{"allow":["GET"]}}],"collection":[{"href":"https:\/\/omerovic.eu\/de\/wp-json\/wp\/v2\/pages"}],"about":[{"href":"https:\/\/omerovic.eu\/de\/wp-json\/wp\/v2\/types\/page"}],"author":[{"embeddable":true,"href":"https:\/\/omerovic.eu\/de\/wp-json\/wp\/v2\/users\/1"}],"replies":[{"embeddable":true,"href":"https:\/\/omerovic.eu\/de\/wp-json\/wp\/v2\/comments?post=10111"}],"version-history":[{"count":0,"href":"https:\/\/omerovic.eu\/de\/wp-json\/wp\/v2\/pages\/10111\/revisions"}],"wp:featuredmedia":[{"embeddable":true,"href":"https:\/\/omerovic.eu\/de\/wp-json\/wp\/v2\/media\/9789"}],"wp:attachment":[{"href":"https:\/\/omerovic.eu\/de\/wp-json\/wp\/v2\/media?parent=10111"}],"curies":[{"name":"wp","href":"https:\/\/api.w.org\/{rel}","templated":true}]}}