{"id":10119,"date":"2022-01-17T21:53:58","date_gmt":"2022-01-17T20:53:58","guid":{"rendered":"https:\/\/omerovic.eu\/proizvod\/energizovana-krema\/"},"modified":"2022-05-20T23:16:30","modified_gmt":"2022-05-20T21:16:30","slug":"energetisierte-creme-de","status":"publish","type":"product","link":"https:\/\/omerovic.eu\/de\/produkt\/energetisierte-creme-de\/","title":{"rendered":"Energetisierte Creme"},"content":{"rendered":"<div class=\"page\" data-page-number=\"1\" data-loaded=\"true\">\n<div class=\"textLayer\">Eine d\u00fcnne Schicht der Creme auftragen und, wenn es m\u00f6glich ist, leicht in die Haut einmassieren.Die Wirksamkeit in Form von Erleichterung oder Schwinden des Schmerzes, oder anderenBeschwerden, sollte sich bereits nach einigen Minuten nach dem Auftragen sp\u00fcren lassen (das istimmer abh\u00e4ngig von der Art und Schwere der Erkrankung oder Verletzung). Die Creme k\u00f6nnen sie nach Bedarf mehrmals t\u00e4glich, ohne Einschr\u00e4nkungen oder Angst vorungewollten Nebenwirkungen, auftragen. Bei schwereren, meist chronischen Erkrankungen, ist die Kombination der Creme mitbioenergetischen Behandlungen bei Omerovic notwendig.<\/div>\n<\/div>\n<p>Dies ist keine medizinische Creme. Ihre Inhaltsstoffe wurden nicht ver\u00e4ndert, ebenso wurden keinemedizinischen oder nat\u00fcrlichen Heilkomponenten hinzugef\u00fcgt.<\/p>\n<p>Die heilende Wirkung erh\u00e4lt die Creme ausschlie\u00dflich durch die Energetizierung durch Bio-Heiler Muhamed Omerovic.<\/p>\n<p><strong>Anmerkungen<\/strong> Die Creme eignet sich ausschlie\u00dflich f\u00fcr den externen Gebrauch! Sie darf in keineK\u00f6rper\u00f6ffnungen gelangen (Mund, Nase, Augen usw&#8230;) Trotzt dessen, dass sich in der dreij\u00e4hrigen Testphase keine einzige allergische Reaktion auf die Creme feststellen lie\u00df, wird empfohlen, sich die Inhaltsstoffe der Creme anzuschauen (siebefinden sich auf der Verpackung). Sollte sich unter den Inhaltsstoffen ein Stoff befinden, aufden Sie allergisch sind, wird ihnen von der Verwendung der Creme abgeraten.<\/p>\n<p><strong><a href=\"https:\/\/omerovic.eu\/wp-content\/uploads\/2022\/05\/anwendung-de.pdf\">Mehr sehen<\/a><\/strong><\/p>\n","protected":false},"excerpt":{"rendered":"<p>Energetisierte Creme liefert hervorragende Ergebnisse bei allen Arten von Schmerzen bekannter und unbekannter Herkunft: Kopfschmerzen (normal und Migr\u00e4ne), Schmerzen im R\u00fccken und unteren R\u00fccken, Nacken, Bauch, Knie, H\u00fcfte, Schultern, Ellbogen, Gelenke, H\u00e4nde, Muskeln, Sehnen , Rachen, Nebenh\u00f6hlen \u2026 Die Creme liefert hervorragende Ergebnisse bei verschiedenen Sportverletzungen von Weich- und Hartgeweben mit oder ohne H\u00e4matome.<\/p>\n<p>Energetisierte Creme wurde von vielen Menschen mit Postcovid-Syndrom verwendet. Ihre Erfahrungen sind ph\u00e4nomenal. Menschen, die die Creme verwendet haben, w\u00e4hrend sie mit dem Covid-19-Virus infiziert waren, berichten auch, dass die Verwendung der Creme ihnen bei vielen Problemen geholfen hat. Sie trugen Energized Cream auf die K\u00f6rperteile auf, wo die Symptome am ausgepr\u00e4gtesten waren und eine gro\u00dfe Erleichterung versp\u00fcrten. Trotz der Tatsache, dass die Creme-Behandlungen au\u00dfergew\u00f6hnliche Ergebnisse erzielen, sollte beachtet werden, dass die Creme in keiner Weise \u00c4rzte und ihre Therapien ersetzt. Es empfiehlt sich, die Creme erg\u00e4nzend zu verwenden, insbesondere bei schweren Erkrankungen wie verschiedenen b\u00f6sartigen Erkrankungen, Covid-19, Infektionen und dergleichen.<\/p>\n","protected":false},"featured_media":9655,"template":"","meta":[],"product_brand":[],"product_cat":[95],"product_tag":[],"class_list":{"0":"post-10119","1":"product","2":"type-product","3":"status-publish","4":"has-post-thumbnail","6":"product_cat-energetisierte-creme","7":"product_shipping_class-creme","9":"first","10":"outofstock","11":"shipping-taxable","12":"purchasable","13":"product-type-simple"},"yoast_head":"<!-- This site is optimized with the Yoast SEO plugin v27.2 - https:\/\/yoast.com\/product\/yoast-seo-wordpress\/ -->\n<title>Energetisierte Creme - omerovic.eu<\/title>\n<meta name=\"robots\" content=\"index, follow, max-snippet:-1, max-image-preview:large, max-video-preview:-1\" \/>\n<link rel=\"canonical\" href=\"https:\/\/omerovic.eu\/de\/produkt\/energetisierte-creme-de\/\" \/>\n<meta property=\"og:locale\" content=\"de_DE\" \/>\n<meta property=\"og:type\" content=\"article\" \/>\n<meta property=\"og:title\" content=\"Energetisierte Creme - omerovic.eu\" \/>\n<meta property=\"og:description\" content=\"Energetisierte Creme liefert hervorragende Ergebnisse bei allen Arten von Schmerzen bekannter und unbekannter Herkunft: Kopfschmerzen (normal und Migr\u00e4ne), Schmerzen im R\u00fccken und unteren R\u00fccken, Nacken, Bauch, Knie, H\u00fcfte, Schultern, Ellbogen, Gelenke, H\u00e4nde, Muskeln, Sehnen , Rachen, Nebenh\u00f6hlen \u2026 Die Creme liefert hervorragende Ergebnisse bei verschiedenen Sportverletzungen von Weich- und Hartgeweben mit oder ohne H\u00e4matome.  Energetisierte Creme wurde von vielen Menschen mit Postcovid-Syndrom verwendet. Ihre Erfahrungen sind ph\u00e4nomenal. Menschen, die die Creme verwendet haben, w\u00e4hrend sie mit dem Covid-19-Virus infiziert waren, berichten auch, dass die Verwendung der Creme ihnen bei vielen Problemen geholfen hat. Sie trugen Energized Cream auf die K\u00f6rperteile auf, wo die Symptome am ausgepr\u00e4gtesten waren und eine gro\u00dfe Erleichterung versp\u00fcrten. Trotz der Tatsache, dass die Creme-Behandlungen au\u00dfergew\u00f6hnliche Ergebnisse erzielen, sollte beachtet werden, dass die Creme in keiner Weise \u00c4rzte und ihre Therapien ersetzt. Es empfiehlt sich, die Creme erg\u00e4nzend zu verwenden, insbesondere bei schweren Erkrankungen wie verschiedenen b\u00f6sartigen Erkrankungen, Covid-19, Infektionen und dergleichen.\" \/>\n<meta property=\"og:url\" content=\"https:\/\/omerovic.eu\/de\/produkt\/energetisierte-creme-de\/\" \/>\n<meta property=\"og:site_name\" content=\"omerovic.eu\" \/>\n<meta property=\"article:publisher\" content=\"https:\/\/www.facebook.com\/omerovicbioenergija\" \/>\n<meta property=\"article:modified_time\" content=\"2022-05-20T21:16:30+00:00\" \/>\n<meta property=\"og:image\" content=\"https:\/\/omerovic.eu\/wp-content\/uploads\/2021\/12\/Energizovana-Cudotvorno-Djelotvorna-Krema.jpg\" \/>\n\t<meta property=\"og:image:width\" content=\"1600\" \/>\n\t<meta property=\"og:image:height\" content=\"1025\" \/>\n\t<meta property=\"og:image:type\" content=\"image\/jpeg\" \/>\n<meta name=\"twitter:card\" content=\"summary_large_image\" \/>\n<meta name=\"twitter:label1\" content=\"Gesch\u00e4tzte Lesezeit\" \/>\n\t<meta name=\"twitter:data1\" content=\"1\u00a0Minute\" \/>\n<script type=\"application\/ld+json\" class=\"yoast-schema-graph\">{\"@context\":\"https:\/\/schema.org\",\"@graph\":[{\"@type\":\"WebPage\",\"@id\":\"https:\/\/omerovic.eu\/de\/produkt\/energetisierte-creme-de\/\",\"url\":\"https:\/\/omerovic.eu\/de\/produkt\/energetisierte-creme-de\/\",\"name\":\"Energetisierte Creme - omerovic.eu\",\"isPartOf\":{\"@id\":\"https:\/\/omerovic.eu\/de\/#website\"},\"primaryImageOfPage\":{\"@id\":\"https:\/\/omerovic.eu\/de\/produkt\/energetisierte-creme-de\/#primaryimage\"},\"image\":{\"@id\":\"https:\/\/omerovic.eu\/de\/produkt\/energetisierte-creme-de\/#primaryimage\"},\"thumbnailUrl\":\"https:\/\/omerovic.eu\/wp-content\/uploads\/2021\/12\/Energizovana-Cudotvorno-Djelotvorna-Krema.jpg\",\"datePublished\":\"2022-01-17T20:53:58+00:00\",\"dateModified\":\"2022-05-20T21:16:30+00:00\",\"breadcrumb\":{\"@id\":\"https:\/\/omerovic.eu\/de\/produkt\/energetisierte-creme-de\/#breadcrumb\"},\"inLanguage\":\"de\",\"potentialAction\":[{\"@type\":\"ReadAction\",\"target\":[\"https:\/\/omerovic.eu\/de\/produkt\/energetisierte-creme-de\/\"]}]},{\"@type\":\"ImageObject\",\"inLanguage\":\"de\",\"@id\":\"https:\/\/omerovic.eu\/de\/produkt\/energetisierte-creme-de\/#primaryimage\",\"url\":\"https:\/\/omerovic.eu\/wp-content\/uploads\/2021\/12\/Energizovana-Cudotvorno-Djelotvorna-Krema.jpg\",\"contentUrl\":\"https:\/\/omerovic.eu\/wp-content\/uploads\/2021\/12\/Energizovana-Cudotvorno-Djelotvorna-Krema.jpg\",\"width\":1600,\"height\":1025},{\"@type\":\"BreadcrumbList\",\"@id\":\"https:\/\/omerovic.eu\/de\/produkt\/energetisierte-creme-de\/#breadcrumb\",\"itemListElement\":[{\"@type\":\"ListItem\",\"position\":1,\"name\":\"Home\",\"item\":\"https:\/\/omerovic.eu\/de\/\"},{\"@type\":\"ListItem\",\"position\":2,\"name\":\"Trgovina\",\"item\":\"https:\/\/omerovic.eu\/?page_id=87\"},{\"@type\":\"ListItem\",\"position\":3,\"name\":\"Energetisierte Creme\"}]},{\"@type\":\"WebSite\",\"@id\":\"https:\/\/omerovic.eu\/de\/#website\",\"url\":\"https:\/\/omerovic.eu\/de\/\",\"name\":\"omerovic.eu\",\"description\":\"OMEROVI\u0106 Bioenergija\",\"publisher\":{\"@id\":\"https:\/\/omerovic.eu\/de\/#organization\"},\"potentialAction\":[{\"@type\":\"SearchAction\",\"target\":{\"@type\":\"EntryPoint\",\"urlTemplate\":\"https:\/\/omerovic.eu\/de\/?s={search_term_string}\"},\"query-input\":{\"@type\":\"PropertyValueSpecification\",\"valueRequired\":true,\"valueName\":\"search_term_string\"}}],\"inLanguage\":\"de\"},{\"@type\":\"Organization\",\"@id\":\"https:\/\/omerovic.eu\/de\/#organization\",\"name\":\"omerovic.eu\",\"url\":\"https:\/\/omerovic.eu\/de\/\",\"logo\":{\"@type\":\"ImageObject\",\"inLanguage\":\"de\",\"@id\":\"https:\/\/omerovic.eu\/de\/#\/schema\/logo\/image\/\",\"url\":\"https:\/\/omerovic.eu\/wp-content\/uploads\/2020\/04\/favicon.png\",\"contentUrl\":\"https:\/\/omerovic.eu\/wp-content\/uploads\/2020\/04\/favicon.png\",\"width\":32,\"height\":32,\"caption\":\"omerovic.eu\"},\"image\":{\"@id\":\"https:\/\/omerovic.eu\/de\/#\/schema\/logo\/image\/\"},\"sameAs\":[\"https:\/\/www.facebook.com\/omerovicbioenergija\",\"https:\/\/www.youtube.com\/channel\/UChydgg5CFf7MUwBjjs40qKg\"]}]}<\/script>\n<!-- \/ Yoast SEO plugin. -->","yoast_head_json":{"title":"Energetisierte Creme - omerovic.eu","robots":{"index":"index","follow":"follow","max-snippet":"max-snippet:-1","max-image-preview":"max-image-preview:large","max-video-preview":"max-video-preview:-1"},"canonical":"https:\/\/omerovic.eu\/de\/produkt\/energetisierte-creme-de\/","og_locale":"de_DE","og_type":"article","og_title":"Energetisierte Creme - omerovic.eu","og_description":"Energetisierte Creme liefert hervorragende Ergebnisse bei allen Arten von Schmerzen bekannter und unbekannter Herkunft: Kopfschmerzen (normal und Migr\u00e4ne), Schmerzen im R\u00fccken und unteren R\u00fccken, Nacken, Bauch, Knie, H\u00fcfte, Schultern, Ellbogen, Gelenke, H\u00e4nde, Muskeln, Sehnen , Rachen, Nebenh\u00f6hlen \u2026 Die Creme liefert hervorragende Ergebnisse bei verschiedenen Sportverletzungen von Weich- und Hartgeweben mit oder ohne H\u00e4matome.  Energetisierte Creme wurde von vielen Menschen mit Postcovid-Syndrom verwendet. Ihre Erfahrungen sind ph\u00e4nomenal. Menschen, die die Creme verwendet haben, w\u00e4hrend sie mit dem Covid-19-Virus infiziert waren, berichten auch, dass die Verwendung der Creme ihnen bei vielen Problemen geholfen hat. Sie trugen Energized Cream auf die K\u00f6rperteile auf, wo die Symptome am ausgepr\u00e4gtesten waren und eine gro\u00dfe Erleichterung versp\u00fcrten. Trotz der Tatsache, dass die Creme-Behandlungen au\u00dfergew\u00f6hnliche Ergebnisse erzielen, sollte beachtet werden, dass die Creme in keiner Weise \u00c4rzte und ihre Therapien ersetzt. Es empfiehlt sich, die Creme erg\u00e4nzend zu verwenden, insbesondere bei schweren Erkrankungen wie verschiedenen b\u00f6sartigen Erkrankungen, Covid-19, Infektionen und dergleichen.","og_url":"https:\/\/omerovic.eu\/de\/produkt\/energetisierte-creme-de\/","og_site_name":"omerovic.eu","article_publisher":"https:\/\/www.facebook.com\/omerovicbioenergija","article_modified_time":"2022-05-20T21:16:30+00:00","og_image":[{"width":1600,"height":1025,"url":"https:\/\/omerovic.eu\/wp-content\/uploads\/2021\/12\/Energizovana-Cudotvorno-Djelotvorna-Krema.jpg","type":"image\/jpeg"}],"twitter_card":"summary_large_image","twitter_misc":{"Gesch\u00e4tzte Lesezeit":"1\u00a0Minute"},"schema":{"@context":"https:\/\/schema.org","@graph":[{"@type":"WebPage","@id":"https:\/\/omerovic.eu\/de\/produkt\/energetisierte-creme-de\/","url":"https:\/\/omerovic.eu\/de\/produkt\/energetisierte-creme-de\/","name":"Energetisierte Creme - omerovic.eu","isPartOf":{"@id":"https:\/\/omerovic.eu\/de\/#website"},"primaryImageOfPage":{"@id":"https:\/\/omerovic.eu\/de\/produkt\/energetisierte-creme-de\/#primaryimage"},"image":{"@id":"https:\/\/omerovic.eu\/de\/produkt\/energetisierte-creme-de\/#primaryimage"},"thumbnailUrl":"https:\/\/omerovic.eu\/wp-content\/uploads\/2021\/12\/Energizovana-Cudotvorno-Djelotvorna-Krema.jpg","datePublished":"2022-01-17T20:53:58+00:00","dateModified":"2022-05-20T21:16:30+00:00","breadcrumb":{"@id":"https:\/\/omerovic.eu\/de\/produkt\/energetisierte-creme-de\/#breadcrumb"},"inLanguage":"de","potentialAction":[{"@type":"ReadAction","target":["https:\/\/omerovic.eu\/de\/produkt\/energetisierte-creme-de\/"]}]},{"@type":"ImageObject","inLanguage":"de","@id":"https:\/\/omerovic.eu\/de\/produkt\/energetisierte-creme-de\/#primaryimage","url":"https:\/\/omerovic.eu\/wp-content\/uploads\/2021\/12\/Energizovana-Cudotvorno-Djelotvorna-Krema.jpg","contentUrl":"https:\/\/omerovic.eu\/wp-content\/uploads\/2021\/12\/Energizovana-Cudotvorno-Djelotvorna-Krema.jpg","width":1600,"height":1025},{"@type":"BreadcrumbList","@id":"https:\/\/omerovic.eu\/de\/produkt\/energetisierte-creme-de\/#breadcrumb","itemListElement":[{"@type":"ListItem","position":1,"name":"Home","item":"https:\/\/omerovic.eu\/de\/"},{"@type":"ListItem","position":2,"name":"Trgovina","item":"https:\/\/omerovic.eu\/?page_id=87"},{"@type":"ListItem","position":3,"name":"Energetisierte Creme"}]},{"@type":"WebSite","@id":"https:\/\/omerovic.eu\/de\/#website","url":"https:\/\/omerovic.eu\/de\/","name":"omerovic.eu","description":"OMEROVI\u0106 Bioenergija","publisher":{"@id":"https:\/\/omerovic.eu\/de\/#organization"},"potentialAction":[{"@type":"SearchAction","target":{"@type":"EntryPoint","urlTemplate":"https:\/\/omerovic.eu\/de\/?s={search_term_string}"},"query-input":{"@type":"PropertyValueSpecification","valueRequired":true,"valueName":"search_term_string"}}],"inLanguage":"de"},{"@type":"Organization","@id":"https:\/\/omerovic.eu\/de\/#organization","name":"omerovic.eu","url":"https:\/\/omerovic.eu\/de\/","logo":{"@type":"ImageObject","inLanguage":"de","@id":"https:\/\/omerovic.eu\/de\/#\/schema\/logo\/image\/","url":"https:\/\/omerovic.eu\/wp-content\/uploads\/2020\/04\/favicon.png","contentUrl":"https:\/\/omerovic.eu\/wp-content\/uploads\/2020\/04\/favicon.png","width":32,"height":32,"caption":"omerovic.eu"},"image":{"@id":"https:\/\/omerovic.eu\/de\/#\/schema\/logo\/image\/"},"sameAs":["https:\/\/www.facebook.com\/omerovicbioenergija","https:\/\/www.youtube.com\/channel\/UChydgg5CFf7MUwBjjs40qKg"]}]}},"_links":{"self":[{"href":"https:\/\/omerovic.eu\/de\/wp-json\/wp\/v2\/product\/10119","targetHints":{"allow":["GET"]}}],"collection":[{"href":"https:\/\/omerovic.eu\/de\/wp-json\/wp\/v2\/product"}],"about":[{"href":"https:\/\/omerovic.eu\/de\/wp-json\/wp\/v2\/types\/product"}],"wp:featuredmedia":[{"embeddable":true,"href":"https:\/\/omerovic.eu\/de\/wp-json\/wp\/v2\/media\/9655"}],"wp:attachment":[{"href":"https:\/\/omerovic.eu\/de\/wp-json\/wp\/v2\/media?parent=10119"}],"wp:term":[{"taxonomy":"product_brand","embeddable":true,"href":"https:\/\/omerovic.eu\/de\/wp-json\/wp\/v2\/product_brand?post=10119"},{"taxonomy":"product_cat","embeddable":true,"href":"https:\/\/omerovic.eu\/de\/wp-json\/wp\/v2\/product_cat?post=10119"},{"taxonomy":"product_tag","embeddable":true,"href":"https:\/\/omerovic.eu\/de\/wp-json\/wp\/v2\/product_tag?post=10119"}],"curies":[{"name":"wp","href":"https:\/\/api.w.org\/{rel}","templated":true}]}}