{"id":10738,"date":"2020-08-09T21:07:53","date_gmt":"2020-08-09T19:07:53","guid":{"rendered":"https:\/\/omerovic.eu\/proizvod\/tretman-bioenergijom-na-daljinu-pojedinacni-2\/"},"modified":"2022-12-04T18:51:11","modified_gmt":"2022-12-04T17:51:11","slug":"individuelle-behandlung-aus-der-ferne","status":"publish","type":"product","link":"https:\/\/omerovic.eu\/de\/produkt\/individuelle-behandlung-aus-der-ferne\/","title":{"rendered":"Individuelle Behandlung aus der Ferne"},"content":{"rendered":"<div class=\"term-description\">\n<p>Einzelbehandlungen sind durch die Gew\u00e4hrleistung gr\u00f6\u00dftm\u00f6glicher Privatsph\u00e4re gekennzeichnet. Au\u00dfer dem Bioenergetiker, der zu<br \/>\nbehandelnden Person und eventuell einer Person, welche sich in der Gegenwart der Behandlungsperson befindet, gibt es keine weiteren Menschen, die wissen, um was es sich handelt oder was f\u00fcr ein Problem der Betroffene hat.<br \/>\nDies ist vorallem f\u00fcr Menschen, welche maximale Privatsph\u00e4re w\u00fcnschen, geeignet.<br \/>\nEinzelbehandlungen werden t\u00e4glich durchgef\u00fchrt, ein genaues Datum, wie auch eine Uhrzeit, k\u00f6nnen sie mit einem Anruf (\u00fcber Viber oder Whatsapp) bei +31640198868 vereinbaren<\/p>\n<h3><strong><em>Bei welchen Verletzungsarten, Erkrankungen oder Beschwerden helfen die Behandlungen von Omerovic?<\/em><\/strong><\/h3>\n<p>Die bioenergetischen Behandlungen von Omerovic haben sich bei allen Arten von Erkrankungen, die mit Schmerzen verbunden sind, als effektiv erwiesen, unabh\u00e4ngig davon, ob die Ursache dieser bekannt oder unbekannt ist. Folglich l\u00e4sst sich alles behandeln, was schmerzt.<br \/>\nGew\u00f6hnliche Kopfschmerzen und Migr\u00e4ne, Schmerzen im Kreuz, R\u00fccken, Ellebogen, Kn\u00f6cheln, H\u00e4nden, Beinen, H\u00fcften, Leisten wie auch in den Knien.<br \/>\nAuch Schmerzen, die durch rheumatische Arthritis oder Osteoporose, wie auch \u00e4hnlichen Krankheiten verursacht werden, k\u00f6nnen gelindert, oder auch geheilt, werden.<br \/>\nMenschen die von Schwindel, einem geschw\u00e4chten Immunsystem, Fersesporn, Tennisellebogen, gewissen Arten der Depression, verschiedenen Angstzust\u00e4nden, wie auch Phobien k\u00f6nnen von einer bioenergetischen Behandlung profitieren.<br \/>\nEbenso wie Personen, die unter gro\u00dfem Stress stehen. Verbrennungen, Schnittwunden, postoperative Beschwerden, Probleme mit den Atmungsorganen, Sinusen, Ohren, Hals, Nase, dem Bauch (Magenbeschwerden, Fettleber, Darmtr\u00e4gheit&#8230;Verdauungsprobleme), verschiedene Zystformen, wie auch vieles mehr ist behandelbar. Auch eine Behandlung von Kindern ist m\u00f6glich.<\/p>\n<\/div>\n<div class=\"product-sorting\">\n<p><span class=\"currently-selected\">\u00a0<\/span><\/p>\n<\/div>\n","protected":false},"excerpt":{"rendered":"<p>Die bioenergetischen Behandlungen von Muhamed Omerovic haben sich bei der Behandlung von verschiedensten Erkrankungen, Verletzungen und Beschwerden, mit sowohl bekannter, wie auch unbekannter Ursache, als sehr effektiver wiesen.<br \/>\nMehr als 90% der Behandelten, haben bereits w\u00e4hrend dieser einen Behandlung gro\u00dfe Erleichterungeen versp\u00fchrt. Bei einem weiteren nicht sonderlich kleinem Anteil der Behandelten, wurden die Beschwerden g\u00e4nzlich behoben.<br \/>\nHier k\u00f6nnen sie einige Erfahrungen mit der Fernbehandlung anschauen<\/p>\n<p>https:\/\/www.youtube.com\/watch?v=dEbqztbbDRg&amp;t=13s<\/p>\n<p><span style=\"color: #000000;\">Weitere Videos siehe <\/span><a href=\"https:\/\/www.youtube.com\/channel\/UCmE2MGWfkGMNI6YxQ14VHXQ\/videos\"><span style=\"color: #000000;\"><span style=\"color: #ff0000;\">YouTube<\/span> kanal.<\/span><\/a><\/p>\n<p>&nbsp;<\/p>\n<p>&nbsp;<\/p>\n","protected":false},"featured_media":7717,"template":"","meta":[],"product_brand":[],"product_cat":[77],"product_tag":[],"class_list":{"0":"post-10738","1":"product","2":"type-product","3":"status-publish","4":"has-post-thumbnail","6":"product_cat-bioenergie-aus-der-ferne-individuell","8":"first","9":"instock","10":"virtual","11":"purchasable","12":"product-type-simple"},"yoast_head":"<!-- This site is optimized with the Yoast SEO plugin v27.2 - https:\/\/yoast.com\/product\/yoast-seo-wordpress\/ -->\n<title>Individuelle Behandlung aus der Ferne - omerovic.eu<\/title>\n<meta name=\"robots\" content=\"index, follow, max-snippet:-1, max-image-preview:large, max-video-preview:-1\" \/>\n<link rel=\"canonical\" href=\"https:\/\/omerovic.eu\/de\/produkt\/individuelle-behandlung-aus-der-ferne\/\" \/>\n<meta property=\"og:locale\" content=\"de_DE\" \/>\n<meta property=\"og:type\" content=\"article\" \/>\n<meta property=\"og:title\" content=\"Individuelle Behandlung aus der Ferne - omerovic.eu\" \/>\n<meta property=\"og:description\" content=\"Die bioenergetischen Behandlungen von Muhamed Omerovic haben sich bei der Behandlung von verschiedensten Erkrankungen, Verletzungen und Beschwerden, mit sowohl bekannter, wie auch unbekannter Ursache, als sehr effektiver wiesen. Mehr als 90% der Behandelten, haben bereits w\u00e4hrend dieser einen Behandlung gro\u00dfe Erleichterungeen versp\u00fchrt. Bei einem weiteren nicht sonderlich kleinem Anteil der Behandelten, wurden die Beschwerden g\u00e4nzlich behoben. Hier k\u00f6nnen sie einige Erfahrungen mit der Fernbehandlung anschauen   https:\/\/www.youtube.com\/watch?v=dEbqztbbDRg&amp;t=13s  Weitere Videos siehe YouTube kanal.  &nbsp;  &nbsp;\" \/>\n<meta property=\"og:url\" content=\"https:\/\/omerovic.eu\/de\/produkt\/individuelle-behandlung-aus-der-ferne\/\" \/>\n<meta property=\"og:site_name\" content=\"omerovic.eu\" \/>\n<meta property=\"article:publisher\" content=\"https:\/\/www.facebook.com\/omerovicbioenergija\" \/>\n<meta property=\"article:modified_time\" content=\"2022-12-04T17:51:11+00:00\" \/>\n<meta property=\"og:image\" content=\"https:\/\/omerovic.eu\/wp-content\/uploads\/2020\/04\/WhatsApp-Image-2020-03-23-at-21.22.56-1.jpeg\" \/>\n\t<meta property=\"og:image:width\" content=\"1600\" \/>\n\t<meta property=\"og:image:height\" content=\"1066\" \/>\n\t<meta property=\"og:image:type\" content=\"image\/jpeg\" \/>\n<meta name=\"twitter:card\" content=\"summary_large_image\" \/>\n<meta name=\"twitter:label1\" content=\"Gesch\u00e4tzte Lesezeit\" \/>\n\t<meta name=\"twitter:data1\" content=\"1\u00a0Minute\" \/>\n<script type=\"application\/ld+json\" class=\"yoast-schema-graph\">{\"@context\":\"https:\/\/schema.org\",\"@graph\":[{\"@type\":\"WebPage\",\"@id\":\"https:\/\/omerovic.eu\/de\/produkt\/individuelle-behandlung-aus-der-ferne\/\",\"url\":\"https:\/\/omerovic.eu\/de\/produkt\/individuelle-behandlung-aus-der-ferne\/\",\"name\":\"Individuelle Behandlung aus der Ferne - omerovic.eu\",\"isPartOf\":{\"@id\":\"https:\/\/omerovic.eu\/de\/#website\"},\"primaryImageOfPage\":{\"@id\":\"https:\/\/omerovic.eu\/de\/produkt\/individuelle-behandlung-aus-der-ferne\/#primaryimage\"},\"image\":{\"@id\":\"https:\/\/omerovic.eu\/de\/produkt\/individuelle-behandlung-aus-der-ferne\/#primaryimage\"},\"thumbnailUrl\":\"https:\/\/omerovic.eu\/wp-content\/uploads\/2020\/04\/WhatsApp-Image-2020-03-23-at-21.22.56-1.jpeg\",\"datePublished\":\"2020-08-09T19:07:53+00:00\",\"dateModified\":\"2022-12-04T17:51:11+00:00\",\"breadcrumb\":{\"@id\":\"https:\/\/omerovic.eu\/de\/produkt\/individuelle-behandlung-aus-der-ferne\/#breadcrumb\"},\"inLanguage\":\"de\",\"potentialAction\":[{\"@type\":\"ReadAction\",\"target\":[\"https:\/\/omerovic.eu\/de\/produkt\/individuelle-behandlung-aus-der-ferne\/\"]}]},{\"@type\":\"ImageObject\",\"inLanguage\":\"de\",\"@id\":\"https:\/\/omerovic.eu\/de\/produkt\/individuelle-behandlung-aus-der-ferne\/#primaryimage\",\"url\":\"https:\/\/omerovic.eu\/wp-content\/uploads\/2020\/04\/WhatsApp-Image-2020-03-23-at-21.22.56-1.jpeg\",\"contentUrl\":\"https:\/\/omerovic.eu\/wp-content\/uploads\/2020\/04\/WhatsApp-Image-2020-03-23-at-21.22.56-1.jpeg\",\"width\":1600,\"height\":1066,\"caption\":\"omerovic.eu\"},{\"@type\":\"BreadcrumbList\",\"@id\":\"https:\/\/omerovic.eu\/de\/produkt\/individuelle-behandlung-aus-der-ferne\/#breadcrumb\",\"itemListElement\":[{\"@type\":\"ListItem\",\"position\":1,\"name\":\"Home\",\"item\":\"https:\/\/omerovic.eu\/de\/\"},{\"@type\":\"ListItem\",\"position\":2,\"name\":\"Trgovina\",\"item\":\"https:\/\/omerovic.eu\/?page_id=87\"},{\"@type\":\"ListItem\",\"position\":3,\"name\":\"Individuelle Behandlung aus der Ferne\"}]},{\"@type\":\"WebSite\",\"@id\":\"https:\/\/omerovic.eu\/de\/#website\",\"url\":\"https:\/\/omerovic.eu\/de\/\",\"name\":\"omerovic.eu\",\"description\":\"OMEROVI\u0106 Bioenergija\",\"publisher\":{\"@id\":\"https:\/\/omerovic.eu\/de\/#organization\"},\"potentialAction\":[{\"@type\":\"SearchAction\",\"target\":{\"@type\":\"EntryPoint\",\"urlTemplate\":\"https:\/\/omerovic.eu\/de\/?s={search_term_string}\"},\"query-input\":{\"@type\":\"PropertyValueSpecification\",\"valueRequired\":true,\"valueName\":\"search_term_string\"}}],\"inLanguage\":\"de\"},{\"@type\":\"Organization\",\"@id\":\"https:\/\/omerovic.eu\/de\/#organization\",\"name\":\"omerovic.eu\",\"url\":\"https:\/\/omerovic.eu\/de\/\",\"logo\":{\"@type\":\"ImageObject\",\"inLanguage\":\"de\",\"@id\":\"https:\/\/omerovic.eu\/de\/#\/schema\/logo\/image\/\",\"url\":\"https:\/\/omerovic.eu\/wp-content\/uploads\/2020\/04\/favicon.png\",\"contentUrl\":\"https:\/\/omerovic.eu\/wp-content\/uploads\/2020\/04\/favicon.png\",\"width\":32,\"height\":32,\"caption\":\"omerovic.eu\"},\"image\":{\"@id\":\"https:\/\/omerovic.eu\/de\/#\/schema\/logo\/image\/\"},\"sameAs\":[\"https:\/\/www.facebook.com\/omerovicbioenergija\",\"https:\/\/www.youtube.com\/channel\/UChydgg5CFf7MUwBjjs40qKg\"]}]}<\/script>\n<!-- \/ Yoast SEO plugin. -->","yoast_head_json":{"title":"Individuelle Behandlung aus der Ferne - omerovic.eu","robots":{"index":"index","follow":"follow","max-snippet":"max-snippet:-1","max-image-preview":"max-image-preview:large","max-video-preview":"max-video-preview:-1"},"canonical":"https:\/\/omerovic.eu\/de\/produkt\/individuelle-behandlung-aus-der-ferne\/","og_locale":"de_DE","og_type":"article","og_title":"Individuelle Behandlung aus der Ferne - omerovic.eu","og_description":"Die bioenergetischen Behandlungen von Muhamed Omerovic haben sich bei der Behandlung von verschiedensten Erkrankungen, Verletzungen und Beschwerden, mit sowohl bekannter, wie auch unbekannter Ursache, als sehr effektiver wiesen. Mehr als 90% der Behandelten, haben bereits w\u00e4hrend dieser einen Behandlung gro\u00dfe Erleichterungeen versp\u00fchrt. Bei einem weiteren nicht sonderlich kleinem Anteil der Behandelten, wurden die Beschwerden g\u00e4nzlich behoben. Hier k\u00f6nnen sie einige Erfahrungen mit der Fernbehandlung anschauen   https:\/\/www.youtube.com\/watch?v=dEbqztbbDRg&amp;t=13s  Weitere Videos siehe YouTube kanal.  &nbsp;  &nbsp;","og_url":"https:\/\/omerovic.eu\/de\/produkt\/individuelle-behandlung-aus-der-ferne\/","og_site_name":"omerovic.eu","article_publisher":"https:\/\/www.facebook.com\/omerovicbioenergija","article_modified_time":"2022-12-04T17:51:11+00:00","og_image":[{"width":1600,"height":1066,"url":"https:\/\/omerovic.eu\/wp-content\/uploads\/2020\/04\/WhatsApp-Image-2020-03-23-at-21.22.56-1.jpeg","type":"image\/jpeg"}],"twitter_card":"summary_large_image","twitter_misc":{"Gesch\u00e4tzte Lesezeit":"1\u00a0Minute"},"schema":{"@context":"https:\/\/schema.org","@graph":[{"@type":"WebPage","@id":"https:\/\/omerovic.eu\/de\/produkt\/individuelle-behandlung-aus-der-ferne\/","url":"https:\/\/omerovic.eu\/de\/produkt\/individuelle-behandlung-aus-der-ferne\/","name":"Individuelle Behandlung aus der Ferne - omerovic.eu","isPartOf":{"@id":"https:\/\/omerovic.eu\/de\/#website"},"primaryImageOfPage":{"@id":"https:\/\/omerovic.eu\/de\/produkt\/individuelle-behandlung-aus-der-ferne\/#primaryimage"},"image":{"@id":"https:\/\/omerovic.eu\/de\/produkt\/individuelle-behandlung-aus-der-ferne\/#primaryimage"},"thumbnailUrl":"https:\/\/omerovic.eu\/wp-content\/uploads\/2020\/04\/WhatsApp-Image-2020-03-23-at-21.22.56-1.jpeg","datePublished":"2020-08-09T19:07:53+00:00","dateModified":"2022-12-04T17:51:11+00:00","breadcrumb":{"@id":"https:\/\/omerovic.eu\/de\/produkt\/individuelle-behandlung-aus-der-ferne\/#breadcrumb"},"inLanguage":"de","potentialAction":[{"@type":"ReadAction","target":["https:\/\/omerovic.eu\/de\/produkt\/individuelle-behandlung-aus-der-ferne\/"]}]},{"@type":"ImageObject","inLanguage":"de","@id":"https:\/\/omerovic.eu\/de\/produkt\/individuelle-behandlung-aus-der-ferne\/#primaryimage","url":"https:\/\/omerovic.eu\/wp-content\/uploads\/2020\/04\/WhatsApp-Image-2020-03-23-at-21.22.56-1.jpeg","contentUrl":"https:\/\/omerovic.eu\/wp-content\/uploads\/2020\/04\/WhatsApp-Image-2020-03-23-at-21.22.56-1.jpeg","width":1600,"height":1066,"caption":"omerovic.eu"},{"@type":"BreadcrumbList","@id":"https:\/\/omerovic.eu\/de\/produkt\/individuelle-behandlung-aus-der-ferne\/#breadcrumb","itemListElement":[{"@type":"ListItem","position":1,"name":"Home","item":"https:\/\/omerovic.eu\/de\/"},{"@type":"ListItem","position":2,"name":"Trgovina","item":"https:\/\/omerovic.eu\/?page_id=87"},{"@type":"ListItem","position":3,"name":"Individuelle Behandlung aus der Ferne"}]},{"@type":"WebSite","@id":"https:\/\/omerovic.eu\/de\/#website","url":"https:\/\/omerovic.eu\/de\/","name":"omerovic.eu","description":"OMEROVI\u0106 Bioenergija","publisher":{"@id":"https:\/\/omerovic.eu\/de\/#organization"},"potentialAction":[{"@type":"SearchAction","target":{"@type":"EntryPoint","urlTemplate":"https:\/\/omerovic.eu\/de\/?s={search_term_string}"},"query-input":{"@type":"PropertyValueSpecification","valueRequired":true,"valueName":"search_term_string"}}],"inLanguage":"de"},{"@type":"Organization","@id":"https:\/\/omerovic.eu\/de\/#organization","name":"omerovic.eu","url":"https:\/\/omerovic.eu\/de\/","logo":{"@type":"ImageObject","inLanguage":"de","@id":"https:\/\/omerovic.eu\/de\/#\/schema\/logo\/image\/","url":"https:\/\/omerovic.eu\/wp-content\/uploads\/2020\/04\/favicon.png","contentUrl":"https:\/\/omerovic.eu\/wp-content\/uploads\/2020\/04\/favicon.png","width":32,"height":32,"caption":"omerovic.eu"},"image":{"@id":"https:\/\/omerovic.eu\/de\/#\/schema\/logo\/image\/"},"sameAs":["https:\/\/www.facebook.com\/omerovicbioenergija","https:\/\/www.youtube.com\/channel\/UChydgg5CFf7MUwBjjs40qKg"]}]}},"_links":{"self":[{"href":"https:\/\/omerovic.eu\/de\/wp-json\/wp\/v2\/product\/10738","targetHints":{"allow":["GET"]}}],"collection":[{"href":"https:\/\/omerovic.eu\/de\/wp-json\/wp\/v2\/product"}],"about":[{"href":"https:\/\/omerovic.eu\/de\/wp-json\/wp\/v2\/types\/product"}],"wp:featuredmedia":[{"embeddable":true,"href":"https:\/\/omerovic.eu\/de\/wp-json\/wp\/v2\/media\/7717"}],"wp:attachment":[{"href":"https:\/\/omerovic.eu\/de\/wp-json\/wp\/v2\/media?parent=10738"}],"wp:term":[{"taxonomy":"product_brand","embeddable":true,"href":"https:\/\/omerovic.eu\/de\/wp-json\/wp\/v2\/product_brand?post=10738"},{"taxonomy":"product_cat","embeddable":true,"href":"https:\/\/omerovic.eu\/de\/wp-json\/wp\/v2\/product_cat?post=10738"},{"taxonomy":"product_tag","embeddable":true,"href":"https:\/\/omerovic.eu\/de\/wp-json\/wp\/v2\/product_tag?post=10738"}],"curies":[{"name":"wp","href":"https:\/\/api.w.org\/{rel}","templated":true}]}}