{"id":11832,"date":"2024-10-09T18:01:59","date_gmt":"2024-10-09T16:01:59","guid":{"rendered":"https:\/\/omerovic.eu\/proizvod\/tretman-bioenergijom-na-daljinu-24-7\/"},"modified":"2025-03-29T13:04:12","modified_gmt":"2025-03-29T12:04:12","slug":"bioenergie-fernbehandlung-24-7","status":"publish","type":"product","link":"https:\/\/omerovic.eu\/de\/produkt\/bioenergie-fernbehandlung-24-7\/","title":{"rendered":"BIOENERGIE-FERNBEHANDLUNG 24\/7"},"content":{"rendered":"<p><strong>Alle bisherigen Behandlungen von Omerovi\u0107 beihalten den Handkontakt mit dem K\u00f6rperteil, der behandelt werden soll.<\/strong>\u00a0Beim pers\u00f6nlichen Kontakt (Face-to-Face) legt der Bioenergetiker Omerovi\u0107 selbst seine H\u00e4nde auf die betroffene Stelle, w\u00e4hrend bei Fernbehandlungen dies entweder die behandelte Person selbst oder eine Hilfsperson \u00fcbernimmt. Auch diese Behandlungen sind zeitlich begrenzt, maximal auf zwei Stunden.<\/p>\n<p><strong>BIOENERGIE-FERNBEHANDLUNG 24\/7\u00ae<\/strong><br \/>\nWie der Name schon sagt, dauert diese Behandlung 24 Stunden am Tag, sieben Tage die Woche. Das Besondere an dieser Behandlung ist, dass kein Handkontakt mit dem K\u00f6rper erforderlich ist. Es ist auch keine Konzentration auf die gesundheitlichen Probleme notwendig.<\/p>\n<p>Personen, die dies w\u00fcnschen oder aufgrund akuter Probleme ben\u00f6tigen \u2013 meist Schmerzprobleme \u2013 k\u00f6nnen w\u00e4hrend der Behandlung t\u00e4glich zweimal f\u00fcr je eine halbe Stunde ihre H\u00e4nde auf die schmerzenden oder betroffenen Stellen legen.<\/p>\n<p>Es ist notwendig, Vor- und Nachnamen, alle bestehenden gesundheitlichen Probleme sowie den aktuellen Aufenthaltsort zum Zeitpunkt der Zahlung (Behandlungsbeginn) anzugeben.<\/p>\n<p>Wenn die Zahlung \u00fcber die Website erfolgt, geben Sie diese Daten w\u00e4hrend des Bezahlvorgangs an. Bei anderen Zahlungsmethoden (z. B. direkte \u00dcberweisung) senden Sie die Informationen per Nachricht an die niederl\u00e4ndische Nummer\u00a0<strong>+31640198868<\/strong>\u00a0(Viber\/WhatsApp) oder per E-Mail an:\u00a0<strong><a href=\"https:\/\/mailto:bioenergija@omerovic.eu\/\" target=\"_blank\" rel=\"noopener noreferrer\">bioenergija@omerovic.eu<\/a><\/strong>.<\/p>\n<p>Die Behandlung dauert 7 Tage ab Erhalt der Best\u00e4tigung, dass die Zahlung eingegangen ist. Bei Online-Zahlungen \u00fcber die Website beginnt die Behandlung automatisch. Es ist keine weitere Erkl\u00e4rung oder ein besonderer Kontakt mit dem Bioenergetiker erforderlich.<\/p>\n<p>Falls Sie sich f\u00fcr eine alternative Zahlungsmethode entscheiden (z. B. direkte \u00dcberweisung auf das IBAN-Konto:\u00a0<strong>NL66RABO 0349 0730 58<\/strong>, Empf\u00e4nger:\u00a0<strong>\u201eFit and More Now\u201c<\/strong>, Broekhovenseweg 159 11, 5021LD Tilburg, Niederlande; BIC\/SWIFT-Code:\u00a0<strong>RABONL2U<\/strong>) oder \u00fcber\u00a0<strong>PayPal<\/strong>\u00a0(<strong>paypal.me\/omerovicbioenergija<\/strong>\u00a0oder E-Mail:\u00a0<strong><a href=\"https:\/\/mailto:muhomer.fit@gmail.com\/\" target=\"_blank\" rel=\"noopener noreferrer\">muhomer.fit@gmail.com<\/a><\/strong>), senden Sie Ihre Daten samt Gesundheitsbeschreibung und Zahlungsbest\u00e4tigung an die niederl\u00e4ndische Telefonnummer\u00a0<strong>+31640198868<\/strong>\u00a0(Viber\/WhatsApp). Geben Sie bei der \u00dcberweisung oder PayPal-Zahlung an, dass es sich um eine\u00a0<strong>\u201eZahlung f\u00fcr die 24\/7-Behandlung\u201c<\/strong>\u00a0handelt. Bei diesen Zahlungsmethoden beginnt die Behandlung, sobald Bioenergetiker Omerovi\u0107 Ihre Nachricht mit allen erforderlichen Daten erh\u00e4lt.<\/p>\n<p><strong>Es gibt keine Garantie, dass es jedem besser geht.<\/strong>\u00a0Falls Sie die Behandlung erst bezahlen m\u00f6chten, sobald sich eine Besserung zeigt, m\u00fcssen Sie Bioenergetiker Omerovi\u0107 pers\u00f6nlich aufsuchen.<\/p>\n<p><strong>Bei welchen Verletzungen, Krankheiten und Beschwerden helfen Omerovi\u0107s Bioenergie-Behandlungen?<\/strong><br \/>\nDie Bioenergie-Behandlungen von Muhamed Omerovi\u0107 haben sich als sehr wirksam bei allen schmerzhaften Erkrankungen erwiesen \u2013 unabh\u00e4ngig davon, ob die Ursache bekannt ist oder nicht. Im wahrsten Sinne des Wortes<\/p>\n","protected":false},"excerpt":{"rendered":"<p><strong>FERNBIOENERGIE-BEHANDLUNG 24\/7\u00ae<\/strong><br \/>\nDie Behandlung &#8211; wie der Name bereits sagt &#8211; wirkt 24 Stunden am Tag, sieben Tage die Woche. Ein besonderes Merkmal dieser Methode ist, dass kein k\u00f6rperlicher Handkontakt w\u00e4hrend der Behandlung erforderlich ist. Es ist auch nicht notwendig, sich auf die gesundheitlichen Probleme zu konzentrieren.<\/p>\n<p>Personen, die dies w\u00fcnschen oder aufgrund akuter Beschwerden ben\u00f6tigen &#8211; insbesondere bei schmerzhaften Problemen &#8211; k\u00f6nnen w\u00e4hrend der Behandlung t\u00e4glich zweimal f\u00fcr je eine halbe Stunde ihre H\u00e4nde auf die schmerzenden Stellen oder die betroffenen K\u00f6rperbereiche legen.<\/p>\n","protected":false},"featured_media":11485,"template":"","meta":[],"product_brand":[],"product_cat":[77],"product_tag":[],"class_list":{"0":"post-11832","1":"product","2":"type-product","3":"status-publish","4":"has-post-thumbnail","6":"product_cat-bioenergie-aus-der-ferne-individuell","8":"first","9":"instock","10":"virtual","11":"purchasable","12":"product-type-simple"},"yoast_head":"<!-- This site is optimized with the Yoast SEO plugin v27.2 - https:\/\/yoast.com\/product\/yoast-seo-wordpress\/ -->\n<title>BIOENERGIE-FERNBEHANDLUNG 24\/7 - omerovic.eu<\/title>\n<meta name=\"robots\" content=\"index, follow, max-snippet:-1, max-image-preview:large, max-video-preview:-1\" \/>\n<link rel=\"canonical\" href=\"https:\/\/omerovic.eu\/de\/produkt\/bioenergie-fernbehandlung-24-7\/\" \/>\n<meta property=\"og:locale\" content=\"de_DE\" \/>\n<meta property=\"og:type\" content=\"article\" \/>\n<meta property=\"og:title\" content=\"BIOENERGIE-FERNBEHANDLUNG 24\/7 - omerovic.eu\" \/>\n<meta property=\"og:description\" content=\"FERNBIOENERGIE-BEHANDLUNG 24\/7\u00ae Die Behandlung - wie der Name bereits sagt - wirkt 24 Stunden am Tag, sieben Tage die Woche. Ein besonderes Merkmal dieser Methode ist, dass kein k\u00f6rperlicher Handkontakt w\u00e4hrend der Behandlung erforderlich ist. Es ist auch nicht notwendig, sich auf die gesundheitlichen Probleme zu konzentrieren.  Personen, die dies w\u00fcnschen oder aufgrund akuter Beschwerden ben\u00f6tigen - insbesondere bei schmerzhaften Problemen - k\u00f6nnen w\u00e4hrend der Behandlung t\u00e4glich zweimal f\u00fcr je eine halbe Stunde ihre H\u00e4nde auf die schmerzenden Stellen oder die betroffenen K\u00f6rperbereiche legen.\" \/>\n<meta property=\"og:url\" content=\"https:\/\/omerovic.eu\/de\/produkt\/bioenergie-fernbehandlung-24-7\/\" \/>\n<meta property=\"og:site_name\" content=\"omerovic.eu\" \/>\n<meta property=\"article:publisher\" content=\"https:\/\/www.facebook.com\/omerovicbioenergija\" \/>\n<meta property=\"article:modified_time\" content=\"2025-03-29T12:04:12+00:00\" \/>\n<meta property=\"og:image\" content=\"https:\/\/omerovic.eu\/wp-content\/uploads\/2024\/10\/tretman-bioenergijom-na-daljinu-24-7.jpg\" \/>\n\t<meta property=\"og:image:width\" content=\"1599\" \/>\n\t<meta property=\"og:image:height\" content=\"1454\" \/>\n\t<meta property=\"og:image:type\" content=\"image\/jpeg\" \/>\n<meta name=\"twitter:card\" content=\"summary_large_image\" \/>\n<meta name=\"twitter:label1\" content=\"Gesch\u00e4tzte Lesezeit\" \/>\n\t<meta name=\"twitter:data1\" content=\"2\u00a0Minuten\" \/>\n<script type=\"application\/ld+json\" class=\"yoast-schema-graph\">{\"@context\":\"https:\/\/schema.org\",\"@graph\":[{\"@type\":\"WebPage\",\"@id\":\"https:\/\/omerovic.eu\/de\/produkt\/bioenergie-fernbehandlung-24-7\/\",\"url\":\"https:\/\/omerovic.eu\/de\/produkt\/bioenergie-fernbehandlung-24-7\/\",\"name\":\"BIOENERGIE-FERNBEHANDLUNG 24\/7 - omerovic.eu\",\"isPartOf\":{\"@id\":\"https:\/\/omerovic.eu\/de\/#website\"},\"primaryImageOfPage\":{\"@id\":\"https:\/\/omerovic.eu\/de\/produkt\/bioenergie-fernbehandlung-24-7\/#primaryimage\"},\"image\":{\"@id\":\"https:\/\/omerovic.eu\/de\/produkt\/bioenergie-fernbehandlung-24-7\/#primaryimage\"},\"thumbnailUrl\":\"https:\/\/omerovic.eu\/wp-content\/uploads\/2024\/10\/tretman-bioenergijom-na-daljinu-24-7.jpg\",\"datePublished\":\"2024-10-09T16:01:59+00:00\",\"dateModified\":\"2025-03-29T12:04:12+00:00\",\"breadcrumb\":{\"@id\":\"https:\/\/omerovic.eu\/de\/produkt\/bioenergie-fernbehandlung-24-7\/#breadcrumb\"},\"inLanguage\":\"de\",\"potentialAction\":[{\"@type\":\"ReadAction\",\"target\":[\"https:\/\/omerovic.eu\/de\/produkt\/bioenergie-fernbehandlung-24-7\/\"]}]},{\"@type\":\"ImageObject\",\"inLanguage\":\"de\",\"@id\":\"https:\/\/omerovic.eu\/de\/produkt\/bioenergie-fernbehandlung-24-7\/#primaryimage\",\"url\":\"https:\/\/omerovic.eu\/wp-content\/uploads\/2024\/10\/tretman-bioenergijom-na-daljinu-24-7.jpg\",\"contentUrl\":\"https:\/\/omerovic.eu\/wp-content\/uploads\/2024\/10\/tretman-bioenergijom-na-daljinu-24-7.jpg\",\"width\":1599,\"height\":1454},{\"@type\":\"BreadcrumbList\",\"@id\":\"https:\/\/omerovic.eu\/de\/produkt\/bioenergie-fernbehandlung-24-7\/#breadcrumb\",\"itemListElement\":[{\"@type\":\"ListItem\",\"position\":1,\"name\":\"Home\",\"item\":\"https:\/\/omerovic.eu\/de\/\"},{\"@type\":\"ListItem\",\"position\":2,\"name\":\"Trgovina\",\"item\":\"https:\/\/omerovic.eu\/?page_id=87\"},{\"@type\":\"ListItem\",\"position\":3,\"name\":\"BIOENERGIE-FERNBEHANDLUNG 24\/7\"}]},{\"@type\":\"WebSite\",\"@id\":\"https:\/\/omerovic.eu\/de\/#website\",\"url\":\"https:\/\/omerovic.eu\/de\/\",\"name\":\"omerovic.eu\",\"description\":\"OMEROVI\u0106 Bioenergija\",\"publisher\":{\"@id\":\"https:\/\/omerovic.eu\/de\/#organization\"},\"potentialAction\":[{\"@type\":\"SearchAction\",\"target\":{\"@type\":\"EntryPoint\",\"urlTemplate\":\"https:\/\/omerovic.eu\/de\/?s={search_term_string}\"},\"query-input\":{\"@type\":\"PropertyValueSpecification\",\"valueRequired\":true,\"valueName\":\"search_term_string\"}}],\"inLanguage\":\"de\"},{\"@type\":\"Organization\",\"@id\":\"https:\/\/omerovic.eu\/de\/#organization\",\"name\":\"omerovic.eu\",\"url\":\"https:\/\/omerovic.eu\/de\/\",\"logo\":{\"@type\":\"ImageObject\",\"inLanguage\":\"de\",\"@id\":\"https:\/\/omerovic.eu\/de\/#\/schema\/logo\/image\/\",\"url\":\"https:\/\/omerovic.eu\/wp-content\/uploads\/2020\/04\/favicon.png\",\"contentUrl\":\"https:\/\/omerovic.eu\/wp-content\/uploads\/2020\/04\/favicon.png\",\"width\":32,\"height\":32,\"caption\":\"omerovic.eu\"},\"image\":{\"@id\":\"https:\/\/omerovic.eu\/de\/#\/schema\/logo\/image\/\"},\"sameAs\":[\"https:\/\/www.facebook.com\/omerovicbioenergija\",\"https:\/\/www.youtube.com\/channel\/UChydgg5CFf7MUwBjjs40qKg\"]}]}<\/script>\n<!-- \/ Yoast SEO plugin. -->","yoast_head_json":{"title":"BIOENERGIE-FERNBEHANDLUNG 24\/7 - omerovic.eu","robots":{"index":"index","follow":"follow","max-snippet":"max-snippet:-1","max-image-preview":"max-image-preview:large","max-video-preview":"max-video-preview:-1"},"canonical":"https:\/\/omerovic.eu\/de\/produkt\/bioenergie-fernbehandlung-24-7\/","og_locale":"de_DE","og_type":"article","og_title":"BIOENERGIE-FERNBEHANDLUNG 24\/7 - omerovic.eu","og_description":"FERNBIOENERGIE-BEHANDLUNG 24\/7\u00ae Die Behandlung - wie der Name bereits sagt - wirkt 24 Stunden am Tag, sieben Tage die Woche. Ein besonderes Merkmal dieser Methode ist, dass kein k\u00f6rperlicher Handkontakt w\u00e4hrend der Behandlung erforderlich ist. Es ist auch nicht notwendig, sich auf die gesundheitlichen Probleme zu konzentrieren.  Personen, die dies w\u00fcnschen oder aufgrund akuter Beschwerden ben\u00f6tigen - insbesondere bei schmerzhaften Problemen - k\u00f6nnen w\u00e4hrend der Behandlung t\u00e4glich zweimal f\u00fcr je eine halbe Stunde ihre H\u00e4nde auf die schmerzenden Stellen oder die betroffenen K\u00f6rperbereiche legen.","og_url":"https:\/\/omerovic.eu\/de\/produkt\/bioenergie-fernbehandlung-24-7\/","og_site_name":"omerovic.eu","article_publisher":"https:\/\/www.facebook.com\/omerovicbioenergija","article_modified_time":"2025-03-29T12:04:12+00:00","og_image":[{"width":1599,"height":1454,"url":"https:\/\/omerovic.eu\/wp-content\/uploads\/2024\/10\/tretman-bioenergijom-na-daljinu-24-7.jpg","type":"image\/jpeg"}],"twitter_card":"summary_large_image","twitter_misc":{"Gesch\u00e4tzte Lesezeit":"2\u00a0Minuten"},"schema":{"@context":"https:\/\/schema.org","@graph":[{"@type":"WebPage","@id":"https:\/\/omerovic.eu\/de\/produkt\/bioenergie-fernbehandlung-24-7\/","url":"https:\/\/omerovic.eu\/de\/produkt\/bioenergie-fernbehandlung-24-7\/","name":"BIOENERGIE-FERNBEHANDLUNG 24\/7 - omerovic.eu","isPartOf":{"@id":"https:\/\/omerovic.eu\/de\/#website"},"primaryImageOfPage":{"@id":"https:\/\/omerovic.eu\/de\/produkt\/bioenergie-fernbehandlung-24-7\/#primaryimage"},"image":{"@id":"https:\/\/omerovic.eu\/de\/produkt\/bioenergie-fernbehandlung-24-7\/#primaryimage"},"thumbnailUrl":"https:\/\/omerovic.eu\/wp-content\/uploads\/2024\/10\/tretman-bioenergijom-na-daljinu-24-7.jpg","datePublished":"2024-10-09T16:01:59+00:00","dateModified":"2025-03-29T12:04:12+00:00","breadcrumb":{"@id":"https:\/\/omerovic.eu\/de\/produkt\/bioenergie-fernbehandlung-24-7\/#breadcrumb"},"inLanguage":"de","potentialAction":[{"@type":"ReadAction","target":["https:\/\/omerovic.eu\/de\/produkt\/bioenergie-fernbehandlung-24-7\/"]}]},{"@type":"ImageObject","inLanguage":"de","@id":"https:\/\/omerovic.eu\/de\/produkt\/bioenergie-fernbehandlung-24-7\/#primaryimage","url":"https:\/\/omerovic.eu\/wp-content\/uploads\/2024\/10\/tretman-bioenergijom-na-daljinu-24-7.jpg","contentUrl":"https:\/\/omerovic.eu\/wp-content\/uploads\/2024\/10\/tretman-bioenergijom-na-daljinu-24-7.jpg","width":1599,"height":1454},{"@type":"BreadcrumbList","@id":"https:\/\/omerovic.eu\/de\/produkt\/bioenergie-fernbehandlung-24-7\/#breadcrumb","itemListElement":[{"@type":"ListItem","position":1,"name":"Home","item":"https:\/\/omerovic.eu\/de\/"},{"@type":"ListItem","position":2,"name":"Trgovina","item":"https:\/\/omerovic.eu\/?page_id=87"},{"@type":"ListItem","position":3,"name":"BIOENERGIE-FERNBEHANDLUNG 24\/7"}]},{"@type":"WebSite","@id":"https:\/\/omerovic.eu\/de\/#website","url":"https:\/\/omerovic.eu\/de\/","name":"omerovic.eu","description":"OMEROVI\u0106 Bioenergija","publisher":{"@id":"https:\/\/omerovic.eu\/de\/#organization"},"potentialAction":[{"@type":"SearchAction","target":{"@type":"EntryPoint","urlTemplate":"https:\/\/omerovic.eu\/de\/?s={search_term_string}"},"query-input":{"@type":"PropertyValueSpecification","valueRequired":true,"valueName":"search_term_string"}}],"inLanguage":"de"},{"@type":"Organization","@id":"https:\/\/omerovic.eu\/de\/#organization","name":"omerovic.eu","url":"https:\/\/omerovic.eu\/de\/","logo":{"@type":"ImageObject","inLanguage":"de","@id":"https:\/\/omerovic.eu\/de\/#\/schema\/logo\/image\/","url":"https:\/\/omerovic.eu\/wp-content\/uploads\/2020\/04\/favicon.png","contentUrl":"https:\/\/omerovic.eu\/wp-content\/uploads\/2020\/04\/favicon.png","width":32,"height":32,"caption":"omerovic.eu"},"image":{"@id":"https:\/\/omerovic.eu\/de\/#\/schema\/logo\/image\/"},"sameAs":["https:\/\/www.facebook.com\/omerovicbioenergija","https:\/\/www.youtube.com\/channel\/UChydgg5CFf7MUwBjjs40qKg"]}]}},"_links":{"self":[{"href":"https:\/\/omerovic.eu\/de\/wp-json\/wp\/v2\/product\/11832","targetHints":{"allow":["GET"]}}],"collection":[{"href":"https:\/\/omerovic.eu\/de\/wp-json\/wp\/v2\/product"}],"about":[{"href":"https:\/\/omerovic.eu\/de\/wp-json\/wp\/v2\/types\/product"}],"wp:featuredmedia":[{"embeddable":true,"href":"https:\/\/omerovic.eu\/de\/wp-json\/wp\/v2\/media\/11485"}],"wp:attachment":[{"href":"https:\/\/omerovic.eu\/de\/wp-json\/wp\/v2\/media?parent=11832"}],"wp:term":[{"taxonomy":"product_brand","embeddable":true,"href":"https:\/\/omerovic.eu\/de\/wp-json\/wp\/v2\/product_brand?post=11832"},{"taxonomy":"product_cat","embeddable":true,"href":"https:\/\/omerovic.eu\/de\/wp-json\/wp\/v2\/product_cat?post=11832"},{"taxonomy":"product_tag","embeddable":true,"href":"https:\/\/omerovic.eu\/de\/wp-json\/wp\/v2\/product_tag?post=11832"}],"curies":[{"name":"wp","href":"https:\/\/api.w.org\/{rel}","templated":true}]}}