{"id":4709,"date":"2020-04-20T10:41:07","date_gmt":"2020-04-20T08:41:07","guid":{"rendered":"https:\/\/omerovic.eu\/proizvod\/grupni-tretman-bioenergijom-na-daljinu-25-4-2020-u-20-sati-7\/"},"modified":"2020-06-08T20:11:29","modified_gmt":"2020-06-08T18:11:29","slug":"grupni-tretman-bioenergijom-na-daljinu-25-4-2020-u-20-sati-7","status":"publish","type":"product","link":"https:\/\/omerovic.eu\/de\/produkt\/grupni-tretman-bioenergijom-na-daljinu-25-4-2020-u-20-sati-7\/","title":{"rendered":"Grupni tretman bioenergijom na daljinu  u 20 sati"},"content":{"rendered":"<p><span style=\"font-size: 14pt;\">Pla\u0107eni grupni tretmani bioenergijom na daljinu \u0107e, u po\u010detku, biti svake subote u 20 sati.<\/span><\/p>\n<p><span style=\"font-size: 14pt;\">Po\u0161to \u0107e se kao platforma za davanje uputstva koristiti livestream (video u\u017eivo) od Facebook profila <a href=\"https:\/\/www.facebook.com\/muhamed.omerovic.14203\">https:\/\/www.facebook.com\/muhamed.omerovic.14203<\/a> , neophodno je da osobe koje \u017eele u\u010de\u0161\u0107e u pla\u0107enom grupnom tretmanu imaju i Facebook profil.<\/span><\/p>\n<h3><em><strong>Kako i za\u0161to Facebook?<\/strong><\/em><\/h3>\n<p><span style=\"font-size: 14pt;\">Oslanjaju\u0107i se na iskustva sa besplatnim grupnim tretmanima bioenergijom na daljinu, vidjeli smo da je od svih postoje\u0107ih platformi, najjednostavnija za pratiti upravo platforma od Facebooka. Po\u0161to je Facebook jo\u0161 uvijek besplatan za sve, izbjegavaju se dodatni tro\u0161kovi koji bi se pojavili ako bi se koristila neka druga platforma.<\/span><\/p>\n<p><span style=\"font-size: 14pt;\">Dodu\u0161e, bi\u0107e malo komplikovano sve koji su uplatili za tretman i dodati na pomenuti Facebook profil (<a href=\"https:\/\/www.facebook.com\/muhamed.omerovic.14203\">https:\/\/www.facebook.com\/muhamed.omerovic.14203<\/a>), ali zbog toga je broj osoba koje mogu u\u010destvovati na tretmanu sveden na 50. I svi \u0107e u\u010desnici prije tretmana biti li\u010dno kontaktirani preko Viber-a ili WhatsApp-a<\/span><\/p>\n<p><span style=\"font-size: 14pt;\">Upravo iz tih razloga neophodno je da osoba, koja \u017eeli biti na ovom grupnom tretmanu, treba kod popunjavanja podataka prilikom pla\u0107anja obavezno da navede\u00a0 kontakt broj mobilnog telefona na kojem je instaliran Viber ili WhatsApp.<\/span><\/p>\n","protected":false},"excerpt":{"rendered":"<p><span style=\"font-size: 14pt;\">Grupni tretmani bioenergijom na daljinu su, zbog na\u010dina na koji se izvode veoma popularni. Osoba kojoj je potrebna pomo\u0107 tretmanu prisustvuje iz svoje sobe, ku\u0107e, ba\u0161te\u2026a rezultati su nevjerovatno dobri. \u010cak vi\u0161e od 90 posto osoba koje su do sada u\u010destvovale na tretmanima bioenergeti\u010dara Muhameda Omerovi\u0107a jo\u0161 tokom samog tretmana su osjetili veliko olak\u0161anje, a nemali broj se i potpuno rije\u0161io tegoba.<\/span><\/p>\n","protected":false},"featured_media":50,"template":"","meta":[],"product_brand":[],"product_cat":[18],"product_tag":[],"class_list":{"0":"post-4709","1":"product","2":"type-product","3":"status-publish","4":"has-post-thumbnail","6":"product_cat-bioenergija-na-daljinu","8":"first","9":"instock","10":"shipping-taxable","11":"purchasable","12":"product-type-simple"},"yoast_head":"<!-- This site is optimized with the Yoast SEO plugin v27.2 - https:\/\/yoast.com\/product\/yoast-seo-wordpress\/ -->\n<title>Grupni tretman bioenergijom na daljinu u 20 sati - omerovic.eu<\/title>\n<meta name=\"robots\" content=\"index, follow, max-snippet:-1, max-image-preview:large, max-video-preview:-1\" \/>\n<link rel=\"canonical\" href=\"https:\/\/omerovic.eu\/de\/produkt\/grupni-tretman-bioenergijom-na-daljinu-25-4-2020-u-20-sati-7\/\" \/>\n<meta property=\"og:locale\" content=\"de_DE\" \/>\n<meta property=\"og:type\" content=\"article\" \/>\n<meta property=\"og:title\" content=\"Grupni tretman bioenergijom na daljinu u 20 sati - omerovic.eu\" \/>\n<meta property=\"og:description\" content=\"Grupni tretmani bioenergijom na daljinu su, zbog na\u010dina na koji se izvode veoma popularni. Osoba kojoj je potrebna pomo\u0107 tretmanu prisustvuje iz svoje sobe, ku\u0107e, ba\u0161te\u2026a rezultati su nevjerovatno dobri. \u010cak vi\u0161e od 90 posto osoba koje su do sada u\u010destvovale na tretmanima bioenergeti\u010dara Muhameda Omerovi\u0107a jo\u0161 tokom samog tretmana su osjetili veliko olak\u0161anje, a nemali broj se i potpuno rije\u0161io tegoba.\" \/>\n<meta property=\"og:url\" content=\"https:\/\/omerovic.eu\/de\/produkt\/grupni-tretman-bioenergijom-na-daljinu-25-4-2020-u-20-sati-7\/\" \/>\n<meta property=\"og:site_name\" content=\"omerovic.eu\" \/>\n<meta property=\"article:publisher\" content=\"https:\/\/www.facebook.com\/omerovicbioenergija\" \/>\n<meta property=\"article:modified_time\" content=\"2020-06-08T18:11:29+00:00\" \/>\n<meta property=\"og:image\" content=\"https:\/\/omerovic.eu\/wp-content\/uploads\/2020\/04\/WhatsApp-Image-2020-03-17-at-19.48.41.jpeg\" \/>\n\t<meta property=\"og:image:width\" content=\"1600\" \/>\n\t<meta property=\"og:image:height\" content=\"1066\" \/>\n\t<meta property=\"og:image:type\" content=\"image\/jpeg\" \/>\n<meta name=\"twitter:card\" content=\"summary_large_image\" \/>\n<meta name=\"twitter:label1\" content=\"Gesch\u00e4tzte Lesezeit\" \/>\n\t<meta name=\"twitter:data1\" content=\"1\u00a0Minute\" \/>\n<script type=\"application\/ld+json\" class=\"yoast-schema-graph\">{\"@context\":\"https:\/\/schema.org\",\"@graph\":[{\"@type\":\"WebPage\",\"@id\":\"https:\/\/omerovic.eu\/de\/produkt\/grupni-tretman-bioenergijom-na-daljinu-25-4-2020-u-20-sati-7\/\",\"url\":\"https:\/\/omerovic.eu\/de\/produkt\/grupni-tretman-bioenergijom-na-daljinu-25-4-2020-u-20-sati-7\/\",\"name\":\"Grupni tretman bioenergijom na daljinu u 20 sati - omerovic.eu\",\"isPartOf\":{\"@id\":\"https:\/\/omerovic.eu\/de\/#website\"},\"primaryImageOfPage\":{\"@id\":\"https:\/\/omerovic.eu\/de\/produkt\/grupni-tretman-bioenergijom-na-daljinu-25-4-2020-u-20-sati-7\/#primaryimage\"},\"image\":{\"@id\":\"https:\/\/omerovic.eu\/de\/produkt\/grupni-tretman-bioenergijom-na-daljinu-25-4-2020-u-20-sati-7\/#primaryimage\"},\"thumbnailUrl\":\"https:\/\/omerovic.eu\/wp-content\/uploads\/2020\/04\/WhatsApp-Image-2020-03-17-at-19.48.41.jpeg\",\"datePublished\":\"2020-04-20T08:41:07+00:00\",\"dateModified\":\"2020-06-08T18:11:29+00:00\",\"breadcrumb\":{\"@id\":\"https:\/\/omerovic.eu\/de\/produkt\/grupni-tretman-bioenergijom-na-daljinu-25-4-2020-u-20-sati-7\/#breadcrumb\"},\"inLanguage\":\"de\",\"potentialAction\":[{\"@type\":\"ReadAction\",\"target\":[\"https:\/\/omerovic.eu\/de\/produkt\/grupni-tretman-bioenergijom-na-daljinu-25-4-2020-u-20-sati-7\/\"]}]},{\"@type\":\"ImageObject\",\"inLanguage\":\"de\",\"@id\":\"https:\/\/omerovic.eu\/de\/produkt\/grupni-tretman-bioenergijom-na-daljinu-25-4-2020-u-20-sati-7\/#primaryimage\",\"url\":\"https:\/\/omerovic.eu\/wp-content\/uploads\/2020\/04\/WhatsApp-Image-2020-03-17-at-19.48.41.jpeg\",\"contentUrl\":\"https:\/\/omerovic.eu\/wp-content\/uploads\/2020\/04\/WhatsApp-Image-2020-03-17-at-19.48.41.jpeg\",\"width\":1600,\"height\":1066,\"caption\":\"muhamed Omerovic\"},{\"@type\":\"BreadcrumbList\",\"@id\":\"https:\/\/omerovic.eu\/de\/produkt\/grupni-tretman-bioenergijom-na-daljinu-25-4-2020-u-20-sati-7\/#breadcrumb\",\"itemListElement\":[{\"@type\":\"ListItem\",\"position\":1,\"name\":\"Home\",\"item\":\"https:\/\/omerovic.eu\/de\/\"},{\"@type\":\"ListItem\",\"position\":2,\"name\":\"Trgovina\",\"item\":\"https:\/\/omerovic.eu\/?page_id=87\"},{\"@type\":\"ListItem\",\"position\":3,\"name\":\"Grupni tretman bioenergijom na daljinu u 20 sati\"}]},{\"@type\":\"WebSite\",\"@id\":\"https:\/\/omerovic.eu\/de\/#website\",\"url\":\"https:\/\/omerovic.eu\/de\/\",\"name\":\"omerovic.eu\",\"description\":\"OMEROVI\u0106 Bioenergija\",\"publisher\":{\"@id\":\"https:\/\/omerovic.eu\/de\/#organization\"},\"potentialAction\":[{\"@type\":\"SearchAction\",\"target\":{\"@type\":\"EntryPoint\",\"urlTemplate\":\"https:\/\/omerovic.eu\/de\/?s={search_term_string}\"},\"query-input\":{\"@type\":\"PropertyValueSpecification\",\"valueRequired\":true,\"valueName\":\"search_term_string\"}}],\"inLanguage\":\"de\"},{\"@type\":\"Organization\",\"@id\":\"https:\/\/omerovic.eu\/de\/#organization\",\"name\":\"omerovic.eu\",\"url\":\"https:\/\/omerovic.eu\/de\/\",\"logo\":{\"@type\":\"ImageObject\",\"inLanguage\":\"de\",\"@id\":\"https:\/\/omerovic.eu\/de\/#\/schema\/logo\/image\/\",\"url\":\"https:\/\/omerovic.eu\/wp-content\/uploads\/2020\/04\/favicon.png\",\"contentUrl\":\"https:\/\/omerovic.eu\/wp-content\/uploads\/2020\/04\/favicon.png\",\"width\":32,\"height\":32,\"caption\":\"omerovic.eu\"},\"image\":{\"@id\":\"https:\/\/omerovic.eu\/de\/#\/schema\/logo\/image\/\"},\"sameAs\":[\"https:\/\/www.facebook.com\/omerovicbioenergija\",\"https:\/\/www.youtube.com\/channel\/UChydgg5CFf7MUwBjjs40qKg\"]}]}<\/script>\n<!-- \/ Yoast SEO plugin. -->","yoast_head_json":{"title":"Grupni tretman bioenergijom na daljinu u 20 sati - omerovic.eu","robots":{"index":"index","follow":"follow","max-snippet":"max-snippet:-1","max-image-preview":"max-image-preview:large","max-video-preview":"max-video-preview:-1"},"canonical":"https:\/\/omerovic.eu\/de\/produkt\/grupni-tretman-bioenergijom-na-daljinu-25-4-2020-u-20-sati-7\/","og_locale":"de_DE","og_type":"article","og_title":"Grupni tretman bioenergijom na daljinu u 20 sati - omerovic.eu","og_description":"Grupni tretmani bioenergijom na daljinu su, zbog na\u010dina na koji se izvode veoma popularni. Osoba kojoj je potrebna pomo\u0107 tretmanu prisustvuje iz svoje sobe, ku\u0107e, ba\u0161te\u2026a rezultati su nevjerovatno dobri. \u010cak vi\u0161e od 90 posto osoba koje su do sada u\u010destvovale na tretmanima bioenergeti\u010dara Muhameda Omerovi\u0107a jo\u0161 tokom samog tretmana su osjetili veliko olak\u0161anje, a nemali broj se i potpuno rije\u0161io tegoba.","og_url":"https:\/\/omerovic.eu\/de\/produkt\/grupni-tretman-bioenergijom-na-daljinu-25-4-2020-u-20-sati-7\/","og_site_name":"omerovic.eu","article_publisher":"https:\/\/www.facebook.com\/omerovicbioenergija","article_modified_time":"2020-06-08T18:11:29+00:00","og_image":[{"width":1600,"height":1066,"url":"https:\/\/omerovic.eu\/wp-content\/uploads\/2020\/04\/WhatsApp-Image-2020-03-17-at-19.48.41.jpeg","type":"image\/jpeg"}],"twitter_card":"summary_large_image","twitter_misc":{"Gesch\u00e4tzte Lesezeit":"1\u00a0Minute"},"schema":{"@context":"https:\/\/schema.org","@graph":[{"@type":"WebPage","@id":"https:\/\/omerovic.eu\/de\/produkt\/grupni-tretman-bioenergijom-na-daljinu-25-4-2020-u-20-sati-7\/","url":"https:\/\/omerovic.eu\/de\/produkt\/grupni-tretman-bioenergijom-na-daljinu-25-4-2020-u-20-sati-7\/","name":"Grupni tretman bioenergijom na daljinu u 20 sati - omerovic.eu","isPartOf":{"@id":"https:\/\/omerovic.eu\/de\/#website"},"primaryImageOfPage":{"@id":"https:\/\/omerovic.eu\/de\/produkt\/grupni-tretman-bioenergijom-na-daljinu-25-4-2020-u-20-sati-7\/#primaryimage"},"image":{"@id":"https:\/\/omerovic.eu\/de\/produkt\/grupni-tretman-bioenergijom-na-daljinu-25-4-2020-u-20-sati-7\/#primaryimage"},"thumbnailUrl":"https:\/\/omerovic.eu\/wp-content\/uploads\/2020\/04\/WhatsApp-Image-2020-03-17-at-19.48.41.jpeg","datePublished":"2020-04-20T08:41:07+00:00","dateModified":"2020-06-08T18:11:29+00:00","breadcrumb":{"@id":"https:\/\/omerovic.eu\/de\/produkt\/grupni-tretman-bioenergijom-na-daljinu-25-4-2020-u-20-sati-7\/#breadcrumb"},"inLanguage":"de","potentialAction":[{"@type":"ReadAction","target":["https:\/\/omerovic.eu\/de\/produkt\/grupni-tretman-bioenergijom-na-daljinu-25-4-2020-u-20-sati-7\/"]}]},{"@type":"ImageObject","inLanguage":"de","@id":"https:\/\/omerovic.eu\/de\/produkt\/grupni-tretman-bioenergijom-na-daljinu-25-4-2020-u-20-sati-7\/#primaryimage","url":"https:\/\/omerovic.eu\/wp-content\/uploads\/2020\/04\/WhatsApp-Image-2020-03-17-at-19.48.41.jpeg","contentUrl":"https:\/\/omerovic.eu\/wp-content\/uploads\/2020\/04\/WhatsApp-Image-2020-03-17-at-19.48.41.jpeg","width":1600,"height":1066,"caption":"muhamed Omerovic"},{"@type":"BreadcrumbList","@id":"https:\/\/omerovic.eu\/de\/produkt\/grupni-tretman-bioenergijom-na-daljinu-25-4-2020-u-20-sati-7\/#breadcrumb","itemListElement":[{"@type":"ListItem","position":1,"name":"Home","item":"https:\/\/omerovic.eu\/de\/"},{"@type":"ListItem","position":2,"name":"Trgovina","item":"https:\/\/omerovic.eu\/?page_id=87"},{"@type":"ListItem","position":3,"name":"Grupni tretman bioenergijom na daljinu u 20 sati"}]},{"@type":"WebSite","@id":"https:\/\/omerovic.eu\/de\/#website","url":"https:\/\/omerovic.eu\/de\/","name":"omerovic.eu","description":"OMEROVI\u0106 Bioenergija","publisher":{"@id":"https:\/\/omerovic.eu\/de\/#organization"},"potentialAction":[{"@type":"SearchAction","target":{"@type":"EntryPoint","urlTemplate":"https:\/\/omerovic.eu\/de\/?s={search_term_string}"},"query-input":{"@type":"PropertyValueSpecification","valueRequired":true,"valueName":"search_term_string"}}],"inLanguage":"de"},{"@type":"Organization","@id":"https:\/\/omerovic.eu\/de\/#organization","name":"omerovic.eu","url":"https:\/\/omerovic.eu\/de\/","logo":{"@type":"ImageObject","inLanguage":"de","@id":"https:\/\/omerovic.eu\/de\/#\/schema\/logo\/image\/","url":"https:\/\/omerovic.eu\/wp-content\/uploads\/2020\/04\/favicon.png","contentUrl":"https:\/\/omerovic.eu\/wp-content\/uploads\/2020\/04\/favicon.png","width":32,"height":32,"caption":"omerovic.eu"},"image":{"@id":"https:\/\/omerovic.eu\/de\/#\/schema\/logo\/image\/"},"sameAs":["https:\/\/www.facebook.com\/omerovicbioenergija","https:\/\/www.youtube.com\/channel\/UChydgg5CFf7MUwBjjs40qKg"]}]}},"_links":{"self":[{"href":"https:\/\/omerovic.eu\/de\/wp-json\/wp\/v2\/product\/4709","targetHints":{"allow":["GET"]}}],"collection":[{"href":"https:\/\/omerovic.eu\/de\/wp-json\/wp\/v2\/product"}],"about":[{"href":"https:\/\/omerovic.eu\/de\/wp-json\/wp\/v2\/types\/product"}],"wp:featuredmedia":[{"embeddable":true,"href":"https:\/\/omerovic.eu\/de\/wp-json\/wp\/v2\/media\/50"}],"wp:attachment":[{"href":"https:\/\/omerovic.eu\/de\/wp-json\/wp\/v2\/media?parent=4709"}],"wp:term":[{"taxonomy":"product_brand","embeddable":true,"href":"https:\/\/omerovic.eu\/de\/wp-json\/wp\/v2\/product_brand?post=4709"},{"taxonomy":"product_cat","embeddable":true,"href":"https:\/\/omerovic.eu\/de\/wp-json\/wp\/v2\/product_cat?post=4709"},{"taxonomy":"product_tag","embeddable":true,"href":"https:\/\/omerovic.eu\/de\/wp-json\/wp\/v2\/product_tag?post=4709"}],"curies":[{"name":"wp","href":"https:\/\/api.w.org\/{rel}","templated":true}]}}