{"id":5109,"date":"2020-06-08T14:36:28","date_gmt":"2020-06-08T12:36:28","guid":{"rendered":"https:\/\/omerovic.eu\/?post_type=product&#038;p=5109"},"modified":"2020-06-13T18:12:16","modified_gmt":"2020-06-13T16:12:16","slug":"grupni-tretman-bioenergijom-na-daljinu-za-ogranicen-broj-osoba-13-juna-2020-u-20-sati","status":"publish","type":"product","link":"https:\/\/omerovic.eu\/de\/produkt\/grupni-tretman-bioenergijom-na-daljinu-za-ogranicen-broj-osoba-13-juna-2020-u-20-sati\/","title":{"rendered":"Grupni tretman bioenergijom na daljinu za ograni\u010den broj osoba, 13. juna 2020. u 20 sati"},"content":{"rendered":"<p>Pla\u0107eni grupni tretmani bioenergijom na daljinu \u0107e, u po\u010detku, biti svake subote u 20 sati.<\/p>\n<p>Po\u0161to \u0107e se kao platforma za davanje uputstva koristiti livestream (video u\u017eivo) od Facebook profila <a href=\"https:\/\/www.facebook.com\/muhamed.omerovic.14203\">https:\/\/www.facebook.com\/muhamed.omerovic.14203<\/a> , neophodno je da osobe koje \u017eele u\u010de\u0161\u0107e u pla\u0107enom grupnom tretmanu imaju i Facebook profil.<\/p>\n<h3><em><strong>Kako i za\u0161to Facebook?<\/strong><\/em><\/h3>\n<p>Oslanjaju\u0107i se na iskustva sa besplatnim grupnim tretmanima bioenergijom na daljinu, vidjeli smo da je od svih postoje\u0107ih platformi, najjednostavnija za pratiti upravo platforma od Facebooka. Po\u0161to je Facebook jo\u0161 uvijek besplatan za sve, izbjegavaju se dodatni tro\u0161kovi koji bi se pojavili ako bi se koristila neka druga platforma.<\/p>\n<p>Dodu\u0161e, bit \u0107e malo komplikovano sve koji su uplatili za tretman i dodati na pomenuti Facebook profil (<a href=\"https:\/\/www.facebook.com\/muhamed.omerovic.14203\">https:\/\/www.facebook.com\/muhamed.omerovic.14203<\/a>), ali zbog toga je broj osoba koje mogu u\u010destvovati na tretmanu sveden na 50. I svi \u0107e u\u010desnici prije tretmana biti li\u010dno kontaktirani preko Viber-a ili WhatsApp-a<\/p>\n<p>Upravo iz tih razloga neophodno je da osoba, koja \u017eeli biti na ovom grupnom tretmanu, treba kod popunjavanja podataka prilikom pla\u0107anja obavezno da navede\u00a0 kontakt broj mobilnog telefona na kojem je instaliran Viber ili WhatsApp.<\/p>\n","protected":false},"excerpt":{"rendered":"<p>Pla\u0107eni grupni tretmani bioenergijom na daljinu \u0107e, u po\u010detku, biti svake subote u 20 sati. Po\u0161to \u0107e se kao platforma za davanje uputstva koristiti livestream (video u\u017eivo) od Facebook profila https:\/\/www.facebook.com\/muhamed.omerovic.14203 , neophodno je da osobe koje \u017eele u\u010de\u0161\u0107e u pla\u0107enom grupnom tretmanu imaju i Facebook profil. Kako i za\u0161to Facebook? Oslanjaju\u0107i se na iskustva [&hellip;]<\/p>\n","protected":false},"featured_media":73,"template":"","meta":[],"product_brand":[],"product_cat":[18],"product_tag":[],"class_list":{"0":"post-5109","1":"product","2":"type-product","3":"status-publish","4":"has-post-thumbnail","6":"product_cat-bioenergija-na-daljinu","8":"first","9":"instock","10":"virtual","11":"purchasable","12":"product-type-simple"},"yoast_head":"<!-- This site is optimized with the Yoast SEO plugin v27.2 - https:\/\/yoast.com\/product\/yoast-seo-wordpress\/ -->\n<title>Grupni tretman bioenergijom na daljinu za ograni\u010den broj osoba, 13. juna 2020. u 20 sati - omerovic.eu<\/title>\n<meta name=\"robots\" content=\"index, follow, max-snippet:-1, max-image-preview:large, max-video-preview:-1\" \/>\n<link rel=\"canonical\" href=\"https:\/\/omerovic.eu\/de\/produkt\/grupni-tretman-bioenergijom-na-daljinu-za-ogranicen-broj-osoba-13-juna-2020-u-20-sati\/\" \/>\n<meta property=\"og:locale\" content=\"de_DE\" \/>\n<meta property=\"og:type\" content=\"article\" \/>\n<meta property=\"og:title\" content=\"Grupni tretman bioenergijom na daljinu za ograni\u010den broj osoba, 13. juna 2020. u 20 sati - omerovic.eu\" \/>\n<meta property=\"og:description\" content=\"Pla\u0107eni grupni tretmani bioenergijom na daljinu \u0107e, u po\u010detku, biti svake subote u 20 sati. Po\u0161to \u0107e se kao platforma za davanje uputstva koristiti livestream (video u\u017eivo) od Facebook profila https:\/\/www.facebook.com\/muhamed.omerovic.14203 , neophodno je da osobe koje \u017eele u\u010de\u0161\u0107e u pla\u0107enom grupnom tretmanu imaju i Facebook profil. Kako i za\u0161to Facebook? Oslanjaju\u0107i se na iskustva [&hellip;]\" \/>\n<meta property=\"og:url\" content=\"https:\/\/omerovic.eu\/de\/produkt\/grupni-tretman-bioenergijom-na-daljinu-za-ogranicen-broj-osoba-13-juna-2020-u-20-sati\/\" \/>\n<meta property=\"og:site_name\" content=\"omerovic.eu\" \/>\n<meta property=\"article:publisher\" content=\"https:\/\/www.facebook.com\/omerovicbioenergija\" \/>\n<meta property=\"article:modified_time\" content=\"2020-06-13T16:12:16+00:00\" \/>\n<meta property=\"og:image\" content=\"https:\/\/omerovic.eu\/wp-content\/uploads\/2020\/04\/WhatsApp-Image-2020-03-23-at-21.22.57-2.jpeg\" \/>\n\t<meta property=\"og:image:width\" content=\"1600\" \/>\n\t<meta property=\"og:image:height\" content=\"1066\" \/>\n\t<meta property=\"og:image:type\" content=\"image\/jpeg\" \/>\n<meta name=\"twitter:card\" content=\"summary_large_image\" \/>\n<meta name=\"twitter:label1\" content=\"Gesch\u00e4tzte Lesezeit\" \/>\n\t<meta name=\"twitter:data1\" content=\"1\u00a0Minute\" \/>\n<script type=\"application\/ld+json\" class=\"yoast-schema-graph\">{\"@context\":\"https:\/\/schema.org\",\"@graph\":[{\"@type\":\"WebPage\",\"@id\":\"https:\/\/omerovic.eu\/de\/produkt\/grupni-tretman-bioenergijom-na-daljinu-za-ogranicen-broj-osoba-13-juna-2020-u-20-sati\/\",\"url\":\"https:\/\/omerovic.eu\/de\/produkt\/grupni-tretman-bioenergijom-na-daljinu-za-ogranicen-broj-osoba-13-juna-2020-u-20-sati\/\",\"name\":\"Grupni tretman bioenergijom na daljinu za ograni\u010den broj osoba, 13. juna 2020. u 20 sati - omerovic.eu\",\"isPartOf\":{\"@id\":\"https:\/\/omerovic.eu\/de\/#website\"},\"primaryImageOfPage\":{\"@id\":\"https:\/\/omerovic.eu\/de\/produkt\/grupni-tretman-bioenergijom-na-daljinu-za-ogranicen-broj-osoba-13-juna-2020-u-20-sati\/#primaryimage\"},\"image\":{\"@id\":\"https:\/\/omerovic.eu\/de\/produkt\/grupni-tretman-bioenergijom-na-daljinu-za-ogranicen-broj-osoba-13-juna-2020-u-20-sati\/#primaryimage\"},\"thumbnailUrl\":\"https:\/\/omerovic.eu\/wp-content\/uploads\/2020\/04\/WhatsApp-Image-2020-03-23-at-21.22.57-2.jpeg\",\"datePublished\":\"2020-06-08T12:36:28+00:00\",\"dateModified\":\"2020-06-13T16:12:16+00:00\",\"breadcrumb\":{\"@id\":\"https:\/\/omerovic.eu\/de\/produkt\/grupni-tretman-bioenergijom-na-daljinu-za-ogranicen-broj-osoba-13-juna-2020-u-20-sati\/#breadcrumb\"},\"inLanguage\":\"de\",\"potentialAction\":[{\"@type\":\"ReadAction\",\"target\":[\"https:\/\/omerovic.eu\/de\/produkt\/grupni-tretman-bioenergijom-na-daljinu-za-ogranicen-broj-osoba-13-juna-2020-u-20-sati\/\"]}]},{\"@type\":\"ImageObject\",\"inLanguage\":\"de\",\"@id\":\"https:\/\/omerovic.eu\/de\/produkt\/grupni-tretman-bioenergijom-na-daljinu-za-ogranicen-broj-osoba-13-juna-2020-u-20-sati\/#primaryimage\",\"url\":\"https:\/\/omerovic.eu\/wp-content\/uploads\/2020\/04\/WhatsApp-Image-2020-03-23-at-21.22.57-2.jpeg\",\"contentUrl\":\"https:\/\/omerovic.eu\/wp-content\/uploads\/2020\/04\/WhatsApp-Image-2020-03-23-at-21.22.57-2.jpeg\",\"width\":1600,\"height\":1066,\"caption\":\"Grupni tretman bioenergijom na daljinu\"},{\"@type\":\"BreadcrumbList\",\"@id\":\"https:\/\/omerovic.eu\/de\/produkt\/grupni-tretman-bioenergijom-na-daljinu-za-ogranicen-broj-osoba-13-juna-2020-u-20-sati\/#breadcrumb\",\"itemListElement\":[{\"@type\":\"ListItem\",\"position\":1,\"name\":\"Home\",\"item\":\"https:\/\/omerovic.eu\/de\/\"},{\"@type\":\"ListItem\",\"position\":2,\"name\":\"Trgovina\",\"item\":\"https:\/\/omerovic.eu\/?page_id=87\"},{\"@type\":\"ListItem\",\"position\":3,\"name\":\"Grupni tretman bioenergijom na daljinu za ograni\u010den broj osoba, 13. juna 2020. u 20 sati\"}]},{\"@type\":\"WebSite\",\"@id\":\"https:\/\/omerovic.eu\/de\/#website\",\"url\":\"https:\/\/omerovic.eu\/de\/\",\"name\":\"omerovic.eu\",\"description\":\"OMEROVI\u0106 Bioenergija\",\"publisher\":{\"@id\":\"https:\/\/omerovic.eu\/de\/#organization\"},\"potentialAction\":[{\"@type\":\"SearchAction\",\"target\":{\"@type\":\"EntryPoint\",\"urlTemplate\":\"https:\/\/omerovic.eu\/de\/?s={search_term_string}\"},\"query-input\":{\"@type\":\"PropertyValueSpecification\",\"valueRequired\":true,\"valueName\":\"search_term_string\"}}],\"inLanguage\":\"de\"},{\"@type\":\"Organization\",\"@id\":\"https:\/\/omerovic.eu\/de\/#organization\",\"name\":\"omerovic.eu\",\"url\":\"https:\/\/omerovic.eu\/de\/\",\"logo\":{\"@type\":\"ImageObject\",\"inLanguage\":\"de\",\"@id\":\"https:\/\/omerovic.eu\/de\/#\/schema\/logo\/image\/\",\"url\":\"https:\/\/omerovic.eu\/wp-content\/uploads\/2020\/04\/favicon.png\",\"contentUrl\":\"https:\/\/omerovic.eu\/wp-content\/uploads\/2020\/04\/favicon.png\",\"width\":32,\"height\":32,\"caption\":\"omerovic.eu\"},\"image\":{\"@id\":\"https:\/\/omerovic.eu\/de\/#\/schema\/logo\/image\/\"},\"sameAs\":[\"https:\/\/www.facebook.com\/omerovicbioenergija\",\"https:\/\/www.youtube.com\/channel\/UChydgg5CFf7MUwBjjs40qKg\"]}]}<\/script>\n<!-- \/ Yoast SEO plugin. -->","yoast_head_json":{"title":"Grupni tretman bioenergijom na daljinu za ograni\u010den broj osoba, 13. juna 2020. u 20 sati - omerovic.eu","robots":{"index":"index","follow":"follow","max-snippet":"max-snippet:-1","max-image-preview":"max-image-preview:large","max-video-preview":"max-video-preview:-1"},"canonical":"https:\/\/omerovic.eu\/de\/produkt\/grupni-tretman-bioenergijom-na-daljinu-za-ogranicen-broj-osoba-13-juna-2020-u-20-sati\/","og_locale":"de_DE","og_type":"article","og_title":"Grupni tretman bioenergijom na daljinu za ograni\u010den broj osoba, 13. juna 2020. u 20 sati - omerovic.eu","og_description":"Pla\u0107eni grupni tretmani bioenergijom na daljinu \u0107e, u po\u010detku, biti svake subote u 20 sati. Po\u0161to \u0107e se kao platforma za davanje uputstva koristiti livestream (video u\u017eivo) od Facebook profila https:\/\/www.facebook.com\/muhamed.omerovic.14203 , neophodno je da osobe koje \u017eele u\u010de\u0161\u0107e u pla\u0107enom grupnom tretmanu imaju i Facebook profil. Kako i za\u0161to Facebook? Oslanjaju\u0107i se na iskustva [&hellip;]","og_url":"https:\/\/omerovic.eu\/de\/produkt\/grupni-tretman-bioenergijom-na-daljinu-za-ogranicen-broj-osoba-13-juna-2020-u-20-sati\/","og_site_name":"omerovic.eu","article_publisher":"https:\/\/www.facebook.com\/omerovicbioenergija","article_modified_time":"2020-06-13T16:12:16+00:00","og_image":[{"width":1600,"height":1066,"url":"https:\/\/omerovic.eu\/wp-content\/uploads\/2020\/04\/WhatsApp-Image-2020-03-23-at-21.22.57-2.jpeg","type":"image\/jpeg"}],"twitter_card":"summary_large_image","twitter_misc":{"Gesch\u00e4tzte Lesezeit":"1\u00a0Minute"},"schema":{"@context":"https:\/\/schema.org","@graph":[{"@type":"WebPage","@id":"https:\/\/omerovic.eu\/de\/produkt\/grupni-tretman-bioenergijom-na-daljinu-za-ogranicen-broj-osoba-13-juna-2020-u-20-sati\/","url":"https:\/\/omerovic.eu\/de\/produkt\/grupni-tretman-bioenergijom-na-daljinu-za-ogranicen-broj-osoba-13-juna-2020-u-20-sati\/","name":"Grupni tretman bioenergijom na daljinu za ograni\u010den broj osoba, 13. juna 2020. u 20 sati - omerovic.eu","isPartOf":{"@id":"https:\/\/omerovic.eu\/de\/#website"},"primaryImageOfPage":{"@id":"https:\/\/omerovic.eu\/de\/produkt\/grupni-tretman-bioenergijom-na-daljinu-za-ogranicen-broj-osoba-13-juna-2020-u-20-sati\/#primaryimage"},"image":{"@id":"https:\/\/omerovic.eu\/de\/produkt\/grupni-tretman-bioenergijom-na-daljinu-za-ogranicen-broj-osoba-13-juna-2020-u-20-sati\/#primaryimage"},"thumbnailUrl":"https:\/\/omerovic.eu\/wp-content\/uploads\/2020\/04\/WhatsApp-Image-2020-03-23-at-21.22.57-2.jpeg","datePublished":"2020-06-08T12:36:28+00:00","dateModified":"2020-06-13T16:12:16+00:00","breadcrumb":{"@id":"https:\/\/omerovic.eu\/de\/produkt\/grupni-tretman-bioenergijom-na-daljinu-za-ogranicen-broj-osoba-13-juna-2020-u-20-sati\/#breadcrumb"},"inLanguage":"de","potentialAction":[{"@type":"ReadAction","target":["https:\/\/omerovic.eu\/de\/produkt\/grupni-tretman-bioenergijom-na-daljinu-za-ogranicen-broj-osoba-13-juna-2020-u-20-sati\/"]}]},{"@type":"ImageObject","inLanguage":"de","@id":"https:\/\/omerovic.eu\/de\/produkt\/grupni-tretman-bioenergijom-na-daljinu-za-ogranicen-broj-osoba-13-juna-2020-u-20-sati\/#primaryimage","url":"https:\/\/omerovic.eu\/wp-content\/uploads\/2020\/04\/WhatsApp-Image-2020-03-23-at-21.22.57-2.jpeg","contentUrl":"https:\/\/omerovic.eu\/wp-content\/uploads\/2020\/04\/WhatsApp-Image-2020-03-23-at-21.22.57-2.jpeg","width":1600,"height":1066,"caption":"Grupni tretman bioenergijom na daljinu"},{"@type":"BreadcrumbList","@id":"https:\/\/omerovic.eu\/de\/produkt\/grupni-tretman-bioenergijom-na-daljinu-za-ogranicen-broj-osoba-13-juna-2020-u-20-sati\/#breadcrumb","itemListElement":[{"@type":"ListItem","position":1,"name":"Home","item":"https:\/\/omerovic.eu\/de\/"},{"@type":"ListItem","position":2,"name":"Trgovina","item":"https:\/\/omerovic.eu\/?page_id=87"},{"@type":"ListItem","position":3,"name":"Grupni tretman bioenergijom na daljinu za ograni\u010den broj osoba, 13. juna 2020. u 20 sati"}]},{"@type":"WebSite","@id":"https:\/\/omerovic.eu\/de\/#website","url":"https:\/\/omerovic.eu\/de\/","name":"omerovic.eu","description":"OMEROVI\u0106 Bioenergija","publisher":{"@id":"https:\/\/omerovic.eu\/de\/#organization"},"potentialAction":[{"@type":"SearchAction","target":{"@type":"EntryPoint","urlTemplate":"https:\/\/omerovic.eu\/de\/?s={search_term_string}"},"query-input":{"@type":"PropertyValueSpecification","valueRequired":true,"valueName":"search_term_string"}}],"inLanguage":"de"},{"@type":"Organization","@id":"https:\/\/omerovic.eu\/de\/#organization","name":"omerovic.eu","url":"https:\/\/omerovic.eu\/de\/","logo":{"@type":"ImageObject","inLanguage":"de","@id":"https:\/\/omerovic.eu\/de\/#\/schema\/logo\/image\/","url":"https:\/\/omerovic.eu\/wp-content\/uploads\/2020\/04\/favicon.png","contentUrl":"https:\/\/omerovic.eu\/wp-content\/uploads\/2020\/04\/favicon.png","width":32,"height":32,"caption":"omerovic.eu"},"image":{"@id":"https:\/\/omerovic.eu\/de\/#\/schema\/logo\/image\/"},"sameAs":["https:\/\/www.facebook.com\/omerovicbioenergija","https:\/\/www.youtube.com\/channel\/UChydgg5CFf7MUwBjjs40qKg"]}]}},"_links":{"self":[{"href":"https:\/\/omerovic.eu\/de\/wp-json\/wp\/v2\/product\/5109","targetHints":{"allow":["GET"]}}],"collection":[{"href":"https:\/\/omerovic.eu\/de\/wp-json\/wp\/v2\/product"}],"about":[{"href":"https:\/\/omerovic.eu\/de\/wp-json\/wp\/v2\/types\/product"}],"wp:featuredmedia":[{"embeddable":true,"href":"https:\/\/omerovic.eu\/de\/wp-json\/wp\/v2\/media\/73"}],"wp:attachment":[{"href":"https:\/\/omerovic.eu\/de\/wp-json\/wp\/v2\/media?parent=5109"}],"wp:term":[{"taxonomy":"product_brand","embeddable":true,"href":"https:\/\/omerovic.eu\/de\/wp-json\/wp\/v2\/product_brand?post=5109"},{"taxonomy":"product_cat","embeddable":true,"href":"https:\/\/omerovic.eu\/de\/wp-json\/wp\/v2\/product_cat?post=5109"},{"taxonomy":"product_tag","embeddable":true,"href":"https:\/\/omerovic.eu\/de\/wp-json\/wp\/v2\/product_tag?post=5109"}],"curies":[{"name":"wp","href":"https:\/\/api.w.org\/{rel}","templated":true}]}}