{"id":8500,"date":"2021-02-13T14:05:35","date_gmt":"2021-02-13T13:05:35","guid":{"rendered":"https:\/\/omerovic.eu\/who-is-muhamed-omerovic\/"},"modified":"2021-02-13T14:05:40","modified_gmt":"2021-02-13T13:05:40","slug":"who-is-muhamed-omerovic","status":"publish","type":"page","link":"https:\/\/omerovic.eu\/en\/who-is-muhamed-omerovic\/","title":{"rendered":"Who is Muhamed Omerovic?"},"content":{"rendered":"\n<style type=\"text\/css\" data-created_by=\"avia_inline_auto\" id=\"style-css-av-av_heading-0ccc61ff42a460ae492373f163308d07\">\n#top .av-special-heading.av-av_heading-0ccc61ff42a460ae492373f163308d07{\npadding-bottom:10px;\n}\nbody .av-special-heading.av-av_heading-0ccc61ff42a460ae492373f163308d07 .av-special-heading-tag .heading-char{\nfont-size:25px;\n}\n.av-special-heading.av-av_heading-0ccc61ff42a460ae492373f163308d07 .av-subheading{\nfont-size:15px;\n}\n<\/style>\n<div  class='av-special-heading av-av_heading-0ccc61ff42a460ae492373f163308d07 av-special-heading-h1  avia-builder-el-0  el_before_av_textblock  avia-builder-el-first '><h1 class='av-special-heading-tag '  itemprop=\"headline\"  >Who is Muhamed Omerovic?<\/h1><div class=\"special-heading-border\"><div class=\"special-heading-inner-border\"><\/div><\/div><\/div>\n<section  class='av_textblock_section av-2tlqat-4948e8be235954c9c55f0edc2d8dabf2 '   itemscope=\"itemscope\" itemtype=\"https:\/\/schema.org\/CreativeWork\" ><div class='avia_textblock'  itemprop=\"text\" ><p>Healer Muhamed Omerovic is known around the world of alternative medicine. He can be found all over the EU and of course in the Western Balkans for years.<\/p>\n<p>Due to his active participation in the defense of Sarajevo, he was seriously injured in 1992 by a sniper bullet to the neck.<\/p>\n<p>Due to the severity of the injury, he was transferred to Germany for treatment. He underwent surgery in Germany. After four years of treatment, he mysteriously healed. Literally about night.<\/p>\n<p>Then he realizes that he has the gift of helping the injured and sick.<\/p>\n<p>Today he helps people around the world with his unique healing method that he developed during the last quarter of a century by treating people.<\/p>\n<\/div><\/section>\n<div  class='tabcontainer av-kb5lej3f-cd4478528700dc31cb3f19d8ffbf5298 top_tab  avia-builder-el-2  el_after_av_textblock  avia-builder-el-last '>\n<section class='av_tab_section av_tab_section av-54kp5x-350cba54add3773fa5557aaed722d1cb'  itemscope=\"itemscope\" itemtype=\"https:\/\/schema.org\/CreativeWork\" ><div id='tab-id-1-tab' class='tab active_tab' role='tab' aria-selected=\"true\" tabindex=\"0\" data-fake-id='#tab-id-1' aria-controls='tab-id-1-content'  itemprop=\"headline\" ><span class='tab_icon avia-iconfont avia-font-entypo-fontello' data-av_icon='\ue871' data-av_iconfont='entypo-fontello' ><\/span>...<\/div><div id='tab-id-1-content' class='tab_content active_tab_content' role='tabpanel' aria-labelledby='tab-id-1-tab' aria-hidden=\"false\"><div class='tab_inner_content invers-color'  itemprop=\"text\" ><p>Through a number of connections, they put me in the hospital and eventually operated on my spine. I was treated for four years, but nothing could be done about the pain. The pain was such that I couldn&#8217;t sit or walk. It always hurt. I slept in armchairs, chairs, if it can be called sleep, and once in that sleep I heard a voice say to me, &#8216;You should and will cut (forgive) everyone in half, regardless of whether or not you know who harmed you . &#8221;<\/p>\n<p>I woke up in the morning and thought I was dead. Nothing hurt me anymore. Just at that time, a friend came to me with whom I was studying and who worked on a construction site in Munich. He complained of back pain and I mechanically put my hands on him and he said, &#8220;Um, your hands are burning!&#8221; And I heal his back pain. That&#8217;s how I started. I asked questions, researched, tried first in a circle of friends, acquaintances. What would our people say, &#8220;God&#8217;s hand has guided me!&#8221;. I have discovered that I can also give therapy remotely.<\/p>\n<p>&#8211; I always thought that there had to be some kind of connection until I came into contact with Ahir Bosni\u0107, with whom I became friends, with Damir \u0160turman, a bio-energeticist from Pore\u010d. I messaged him on Skype once a night and he complained that his ear and tooth hurt. When we solved this by holding one hand on the tooth and the little finger of the other hand in his ear, I realized I didn&#8217;t need to be connected by phone, I didn&#8217;t need to know who was sick, what was hurting him or where he was. I just have to tell that person, or someone else around, when to put their hand on the sore spot and when to remove it. And it works.<\/p>\n<p>It often happens that I process about ten people at the same time. Industry. It is proof to me that nothing is mine, it is inexplicable to me. I have a gift that works and I want as many people as possible to use it \u2013 continue Muhamed Omerovi\u0107, who quite by accident discovered that his gift had a particularly good effect on sports injuries.<\/p>\n<p>&#8211; In the asylum seekers center where I was in the Netherlands, a child cycled and fell. I took him for two minutes and he jumped back on the bike and left. I was surprised, but that&#8217;s how I realized that bodily harm is easiest for me. When the body is healthy, healing the pain is the least problem. Athletes are young, healthy people, their metabolism is perfect, their physical injuries are resolved without problems.<\/p>\n<p>I treat everything that hurts, except for those injuries that need to be repaired surgically. But let&#8217;s say, I resolve muscle tear, the classic, longitudinal, within half an hour &#8211; continues the former sports journalist, who now lives in Tilburg and is especially proud of the names of the athletes he helped. The list contains impressive names, in Rijeka he was visited by Xavi Garcia, An\u0111elo \u0160etka, Sandro Sukno, former basketball player of &#8220;\u0160krljevo&#8221; Marko Mileki\u0107 was healed from ankle deformation after only half an hour of treatment, footballers of &#8220;Rijeka&#8221; Stefan Ristovski and Roman Bezjak go to him, and of all is undoubtedly the most famous &#8211; Ivica Oli\u0107.<\/p>\n<\/div><\/div><\/section>\n<section class='av_tab_section av_tab_section av-4myp39-cfda84f39d35929c57515960125a7326'  itemscope=\"itemscope\" itemtype=\"https:\/\/schema.org\/CreativeWork\" ><div id='tab-id-2-tab' class='tab' role='tab' aria-selected=\"false\" tabindex=\"0\" data-fake-id='#tab-id-2' aria-controls='tab-id-2-content'  itemprop=\"headline\" ><span class='tab_icon avia-iconfont avia-font-entypo-fontello' data-av_icon='\ue871' data-av_iconfont='entypo-fontello' ><\/span>IVICA OLI\u0106<\/div><div id='tab-id-2-content' class='tab_content' role='tabpanel' aria-labelledby='tab-id-2-tab' aria-hidden=\"true\"><div class='tab_inner_content invers-color'  itemprop=\"text\" ><p><strong>Ivica Oli\u0107<\/strong><\/p>\n<p>&#8211; \u017deljko Petrovi\u0107, the coach of Ivica Oli\u0107 at HSV, that is, he was the assistant of Martin Jol, asked me to help Ivica Oli\u0107, who had a seven centimeter calf tear. Olic called me, said he was in pain, that he couldn&#8217;t lean on his leg. He held his hand on the sore spot for about ten minutes and on the other side just shouted &#8220;Oh, fuck!&#8221;. The pain did not disappear completely, but he no longer used crutches. When I went to Bosnia seven days later, I stopped with him in Munich, we did another treatment and everything was resolved. A day later, he went to the MRI and texted me, &#8220;Everything&#8217;s fine!&#8221;<\/p>\n<p>I never spoke to him again after that, but I don&#8217;t blame him. Dr. Hans Wilhelm M\u00fcller-Wohlfahrt, Bayern physician and physician of the German national football team at the time, is considered the world&#8217;s best expert in muscle injuries. Of course, he couldn&#8217;t even allow someone from the construction site to heal his best player. I understand that.<\/p>\n<p>A leading Croatian medical expert, whom I greatly appreciate as an expert, and even more so as a person, openly said, \u201cI would never forbid any of my patients to come to you, but I will not recommend anyone to look for you. Many clinics would close if people recommended patients to you! \u201d. I feel sorry for the people, the athletes, who can recover very easily.<\/p>\n<p>The best proof are the previous footballers of Rijeka, Stefan Ristovski and Roman Bezjak. Ristovski was twice half an hour, Bezjak was once, again we did the remote treatment. And they both played and played. Ristovski passed half of Croatia, only it got worse.<\/p>\n<p>After ten minutes of treatment, he was able to walk again. Bezjak was plagued by an old injury from Darmstadt when he broke his little finger, which healed wrong. He couldn&#8217;t hurt his sneaker. I am reluctant to talk, but when it comes to athletes, I can also very easily remove their blockages in their head. Especially those who are stiff when the game starts. By the way, I feel that Rijeka will be the champion, they have a huge advantage and they just have to believe in themselves.<\/p>\n<p>I would be glad if I did this with my work, like I helped Marko Mileki\u0107 with this work, &#8211; says Omerovi\u0107, who does not blame Oli\u0107 for never calling again. The word about him spread around the world, so far he has helped people from as many as 80 countries around the world.<\/p>\n<\/div><\/div><\/section>\n<section class='av_tab_section av_tab_section av-2hspdh-841f8db440e3a66feb894bb759ac8bd5'  itemscope=\"itemscope\" itemtype=\"https:\/\/schema.org\/CreativeWork\" ><div id='tab-id-3-tab' class='tab' role='tab' aria-selected=\"false\" tabindex=\"0\" data-fake-id='#tab-id-3' aria-controls='tab-id-3-content'  itemprop=\"headline\" ><span class='tab_icon avia-iconfont avia-font-entypo-fontello' data-av_icon='\ue871' data-av_iconfont='entypo-fontello' ><\/span>MEDICINE HAS THE LAST WORD<\/div><div id='tab-id-3-content' class='tab_content' role='tabpanel' aria-labelledby='tab-id-3-tab' aria-hidden=\"true\"><div class='tab_inner_content invers-color'  itemprop=\"text\" ><p>&#8211; I even got phone calls from Congo so I had to use Google Translate. I was amazed at how it spread. I have worked a lot with the Russians thanks to Alexei Prudnikov, who had played for Vele\u017e and Sarajevo in Bosnia and Herzegovina before the war. Most importantly, I never shied away from having doctors say their last word. When it comes to medicine, I&#8217;m a complete layman, but I almost always guess what kind of injury it is.<\/p>\n<p>Tear, thickening, hematoma, I find an old scar. I postpone surgery on those who are not yet ready for hip or knee surgery, I successfully deal with sinuses, headaches, calcifications, alcohol problems &#8230; I never claim to be able to help everyone. I see this as a gift. I don&#8217;t like keeping people insecure and I don&#8217;t make false promises. In most cases, ninety percent of the various injuries and illnesses have been cured.<\/p>\n<p>There were cases I thought I couldn&#8217;t fix so it got resolved in a very short time. I had a case of a young man from the Netherlands who had kidney failure, fell into a coma and was barely able to move for four years after waking up. When he was 16, his father visited me and asked me to help his son. He called me, said his hip hurt, we only did one minute of treatment, and when he put his hand on that sore and after that minute of treatment &#8211; he walked. In people who have survived a stroke or in people born with malformations, the results are poor, but I will not reject anyone. Sometimes there is an improvement, especially when it comes to pain &#8211; says Omerovi\u0107.<\/p>\n<p>I can confirm from that myself. After the conversation, I asked the man to reassure me in practice. The truth is, his hands are burning at the first touch, he finds very painful places with incredible ease, and after only ten minutes the pain in the leaves disappeared as if taken away by hand. And, yes, I did take Albert to one treatment that day. Muhamed Omerovi\u0107 may not be able to cure arthrogryposis, but he significantly improved the circulation in his hands and feet.<\/p>\n<\/div><\/div><\/section>\n<\/div>\n","protected":false},"excerpt":{"rendered":"","protected":false},"author":2,"featured_media":0,"parent":0,"menu_order":0,"comment_status":"closed","ping_status":"closed","template":"","meta":{"footnotes":""},"class_list":["post-8500","page","type-page","status-publish","hentry"],"yoast_head":"<!-- This site is optimized with the Yoast SEO plugin v27.2 - https:\/\/yoast.com\/product\/yoast-seo-wordpress\/ -->\n<title>Who is Muhamed Omerovic? - omerovic.eu<\/title>\n<meta name=\"robots\" content=\"index, follow, max-snippet:-1, max-image-preview:large, max-video-preview:-1\" \/>\n<link rel=\"canonical\" href=\"https:\/\/omerovic.eu\/en\/who-is-muhamed-omerovic\/\" \/>\n<meta property=\"og:locale\" content=\"en_US\" \/>\n<meta property=\"og:type\" content=\"article\" \/>\n<meta property=\"og:title\" content=\"Who is Muhamed Omerovic? - omerovic.eu\" \/>\n<meta property=\"og:url\" content=\"https:\/\/omerovic.eu\/en\/who-is-muhamed-omerovic\/\" \/>\n<meta property=\"og:site_name\" content=\"omerovic.eu\" \/>\n<meta property=\"article:publisher\" content=\"https:\/\/www.facebook.com\/omerovicbioenergija\" \/>\n<meta property=\"article:modified_time\" content=\"2021-02-13T13:05:40+00:00\" \/>\n<meta property=\"og:image\" content=\"https:\/\/omerovic.eu\/wp-content\/uploads\/2020\/04\/WhatsApp-Image-2020-03-23-at-21.22.54-3.jpeg\" \/>\n\t<meta property=\"og:image:width\" content=\"1600\" \/>\n\t<meta property=\"og:image:height\" content=\"1066\" \/>\n\t<meta property=\"og:image:type\" content=\"image\/jpeg\" \/>\n<meta name=\"twitter:card\" content=\"summary_large_image\" \/>\n<meta name=\"twitter:label1\" content=\"Est. reading time\" \/>\n\t<meta name=\"twitter:data1\" content=\"8 minutes\" \/>\n<script type=\"application\/ld+json\" class=\"yoast-schema-graph\">{\"@context\":\"https:\/\/schema.org\",\"@graph\":[{\"@type\":\"WebPage\",\"@id\":\"https:\/\/omerovic.eu\/en\/who-is-muhamed-omerovic\/\",\"url\":\"https:\/\/omerovic.eu\/en\/who-is-muhamed-omerovic\/\",\"name\":\"Who is Muhamed Omerovic? - omerovic.eu\",\"isPartOf\":{\"@id\":\"https:\/\/omerovic.eu\/en\/#website\"},\"datePublished\":\"2021-02-13T13:05:35+00:00\",\"dateModified\":\"2021-02-13T13:05:40+00:00\",\"breadcrumb\":{\"@id\":\"https:\/\/omerovic.eu\/en\/who-is-muhamed-omerovic\/#breadcrumb\"},\"inLanguage\":\"en-US\",\"potentialAction\":[{\"@type\":\"ReadAction\",\"target\":[\"https:\/\/omerovic.eu\/en\/who-is-muhamed-omerovic\/\"]}]},{\"@type\":\"BreadcrumbList\",\"@id\":\"https:\/\/omerovic.eu\/en\/who-is-muhamed-omerovic\/#breadcrumb\",\"itemListElement\":[{\"@type\":\"ListItem\",\"position\":1,\"name\":\"Home\",\"item\":\"https:\/\/omerovic.eu\/en\/\"},{\"@type\":\"ListItem\",\"position\":2,\"name\":\"Who is Muhamed Omerovic?\"}]},{\"@type\":\"WebSite\",\"@id\":\"https:\/\/omerovic.eu\/en\/#website\",\"url\":\"https:\/\/omerovic.eu\/en\/\",\"name\":\"omerovic.eu\",\"description\":\"OMEROVI\u0106 Bioenergija\",\"publisher\":{\"@id\":\"https:\/\/omerovic.eu\/en\/#organization\"},\"potentialAction\":[{\"@type\":\"SearchAction\",\"target\":{\"@type\":\"EntryPoint\",\"urlTemplate\":\"https:\/\/omerovic.eu\/en\/?s={search_term_string}\"},\"query-input\":{\"@type\":\"PropertyValueSpecification\",\"valueRequired\":true,\"valueName\":\"search_term_string\"}}],\"inLanguage\":\"en-US\"},{\"@type\":\"Organization\",\"@id\":\"https:\/\/omerovic.eu\/en\/#organization\",\"name\":\"omerovic.eu\",\"url\":\"https:\/\/omerovic.eu\/en\/\",\"logo\":{\"@type\":\"ImageObject\",\"inLanguage\":\"en-US\",\"@id\":\"https:\/\/omerovic.eu\/en\/#\/schema\/logo\/image\/\",\"url\":\"https:\/\/omerovic.eu\/wp-content\/uploads\/2020\/04\/favicon.png\",\"contentUrl\":\"https:\/\/omerovic.eu\/wp-content\/uploads\/2020\/04\/favicon.png\",\"width\":32,\"height\":32,\"caption\":\"omerovic.eu\"},\"image\":{\"@id\":\"https:\/\/omerovic.eu\/en\/#\/schema\/logo\/image\/\"},\"sameAs\":[\"https:\/\/www.facebook.com\/omerovicbioenergija\",\"https:\/\/www.youtube.com\/channel\/UChydgg5CFf7MUwBjjs40qKg\"]}]}<\/script>\n<!-- \/ Yoast SEO plugin. -->","yoast_head_json":{"title":"Who is Muhamed Omerovic? - omerovic.eu","robots":{"index":"index","follow":"follow","max-snippet":"max-snippet:-1","max-image-preview":"max-image-preview:large","max-video-preview":"max-video-preview:-1"},"canonical":"https:\/\/omerovic.eu\/en\/who-is-muhamed-omerovic\/","og_locale":"en_US","og_type":"article","og_title":"Who is Muhamed Omerovic? - omerovic.eu","og_url":"https:\/\/omerovic.eu\/en\/who-is-muhamed-omerovic\/","og_site_name":"omerovic.eu","article_publisher":"https:\/\/www.facebook.com\/omerovicbioenergija","article_modified_time":"2021-02-13T13:05:40+00:00","og_image":[{"width":1600,"height":1066,"url":"https:\/\/omerovic.eu\/wp-content\/uploads\/2020\/04\/WhatsApp-Image-2020-03-23-at-21.22.54-3.jpeg","type":"image\/jpeg"}],"twitter_card":"summary_large_image","twitter_misc":{"Est. reading time":"8 minutes"},"schema":{"@context":"https:\/\/schema.org","@graph":[{"@type":"WebPage","@id":"https:\/\/omerovic.eu\/en\/who-is-muhamed-omerovic\/","url":"https:\/\/omerovic.eu\/en\/who-is-muhamed-omerovic\/","name":"Who is Muhamed Omerovic? - omerovic.eu","isPartOf":{"@id":"https:\/\/omerovic.eu\/en\/#website"},"datePublished":"2021-02-13T13:05:35+00:00","dateModified":"2021-02-13T13:05:40+00:00","breadcrumb":{"@id":"https:\/\/omerovic.eu\/en\/who-is-muhamed-omerovic\/#breadcrumb"},"inLanguage":"en-US","potentialAction":[{"@type":"ReadAction","target":["https:\/\/omerovic.eu\/en\/who-is-muhamed-omerovic\/"]}]},{"@type":"BreadcrumbList","@id":"https:\/\/omerovic.eu\/en\/who-is-muhamed-omerovic\/#breadcrumb","itemListElement":[{"@type":"ListItem","position":1,"name":"Home","item":"https:\/\/omerovic.eu\/en\/"},{"@type":"ListItem","position":2,"name":"Who is Muhamed Omerovic?"}]},{"@type":"WebSite","@id":"https:\/\/omerovic.eu\/en\/#website","url":"https:\/\/omerovic.eu\/en\/","name":"omerovic.eu","description":"OMEROVI\u0106 Bioenergija","publisher":{"@id":"https:\/\/omerovic.eu\/en\/#organization"},"potentialAction":[{"@type":"SearchAction","target":{"@type":"EntryPoint","urlTemplate":"https:\/\/omerovic.eu\/en\/?s={search_term_string}"},"query-input":{"@type":"PropertyValueSpecification","valueRequired":true,"valueName":"search_term_string"}}],"inLanguage":"en-US"},{"@type":"Organization","@id":"https:\/\/omerovic.eu\/en\/#organization","name":"omerovic.eu","url":"https:\/\/omerovic.eu\/en\/","logo":{"@type":"ImageObject","inLanguage":"en-US","@id":"https:\/\/omerovic.eu\/en\/#\/schema\/logo\/image\/","url":"https:\/\/omerovic.eu\/wp-content\/uploads\/2020\/04\/favicon.png","contentUrl":"https:\/\/omerovic.eu\/wp-content\/uploads\/2020\/04\/favicon.png","width":32,"height":32,"caption":"omerovic.eu"},"image":{"@id":"https:\/\/omerovic.eu\/en\/#\/schema\/logo\/image\/"},"sameAs":["https:\/\/www.facebook.com\/omerovicbioenergija","https:\/\/www.youtube.com\/channel\/UChydgg5CFf7MUwBjjs40qKg"]}]}},"_links":{"self":[{"href":"https:\/\/omerovic.eu\/en\/wp-json\/wp\/v2\/pages\/8500","targetHints":{"allow":["GET"]}}],"collection":[{"href":"https:\/\/omerovic.eu\/en\/wp-json\/wp\/v2\/pages"}],"about":[{"href":"https:\/\/omerovic.eu\/en\/wp-json\/wp\/v2\/types\/page"}],"author":[{"embeddable":true,"href":"https:\/\/omerovic.eu\/en\/wp-json\/wp\/v2\/users\/2"}],"replies":[{"embeddable":true,"href":"https:\/\/omerovic.eu\/en\/wp-json\/wp\/v2\/comments?post=8500"}],"version-history":[{"count":0,"href":"https:\/\/omerovic.eu\/en\/wp-json\/wp\/v2\/pages\/8500\/revisions"}],"wp:attachment":[{"href":"https:\/\/omerovic.eu\/en\/wp-json\/wp\/v2\/media?parent=8500"}],"curies":[{"name":"wp","href":"https:\/\/api.w.org\/{rel}","templated":true}]}}