{"id":8525,"date":"2021-02-13T14:30:29","date_gmt":"2021-02-13T13:30:29","guid":{"rendered":"https:\/\/omerovic.eu\/why-choose-us\/"},"modified":"2021-02-13T14:30:30","modified_gmt":"2021-02-13T13:30:30","slug":"why-choose-us","status":"publish","type":"page","link":"https:\/\/omerovic.eu\/en\/why-choose-us\/","title":{"rendered":"Why choose us?"},"content":{"rendered":"\n<style type=\"text\/css\" data-created_by=\"avia_inline_auto\" id=\"style-css-av-av_heading-9bb05f46495ca22673e69124cca69af2\">\n#top .av-special-heading.av-av_heading-9bb05f46495ca22673e69124cca69af2{\npadding-bottom:10px;\n}\nbody .av-special-heading.av-av_heading-9bb05f46495ca22673e69124cca69af2 .av-special-heading-tag .heading-char{\nfont-size:25px;\n}\n.av-special-heading.av-av_heading-9bb05f46495ca22673e69124cca69af2 .av-subheading{\nfont-size:15px;\n}\n<\/style>\n<div  class='av-special-heading av-av_heading-9bb05f46495ca22673e69124cca69af2 av-special-heading-h1  avia-builder-el-0  el_before_av_one_half  avia-builder-el-first '><h1 class='av-special-heading-tag '  itemprop=\"headline\"  >Why choose us?<\/h1><div class=\"special-heading-border\"><div class=\"special-heading-inner-border\"><\/div><\/div><\/div>\n\n<style type=\"text\/css\" data-created_by=\"avia_inline_auto\" id=\"style-css-av-4g95i8-221088098a056cc0278f2dcdd3801442\">\n.flex_column.av-4g95i8-221088098a056cc0278f2dcdd3801442{\nborder-radius:0px 0px 0px 0px;\npadding:0px 0px 0px 0px;\n}\n<\/style>\n<div  class='flex_column av-4g95i8-221088098a056cc0278f2dcdd3801442 av_one_half  avia-builder-el-1  el_after_av_heading  el_before_av_one_half  first flex_column_div av-zero-column-padding  '     ><div  class='togglecontainer av-kbh01kuf-2ba0ca95423932bcd42c6daf0bbae35d  avia-builder-el-2  avia-builder-el-no-sibling  toggle_close_all' >\n<section class='av_toggle_section av-av_toggle-65828585d81fa4e265f4384d84030356'  itemscope=\"itemscope\" itemtype=\"https:\/\/schema.org\/CreativeWork\" ><div role=\"tablist\" class=\"single_toggle\" data-tags=\"{All} \"  ><p id='toggle-toggle-id-1' data-fake-id='#toggle-id-1' class='toggler  av-title-above '  itemprop=\"headline\"  role='tab' tabindex='0' aria-controls='toggle-id-1' data-slide-speed=\"200\" data-title=\"Efficiency - efficiency\" data-title-open=\"\" data-aria_collapsed=\"Click to expand: Efficiency - efficiency\" data-aria_expanded=\"Click to collapse: Efficiency - efficiency\">Efficiency - efficiency<span class=\"toggle_icon\"><span class=\"vert_icon\"><\/span><span class=\"hor_icon\"><\/span><\/span><\/p><div id='toggle-id-1' aria-labelledby='toggle-toggle-id-1' role='region' class='toggle_wrap  av-title-above'  ><div class='toggle_content invers-color '  itemprop=\"text\" ><p>In a very short period, in proportion to the invested funds and effort, the results are fantastic. They are incomparably better in relation to the results obtained with similar methods of treatment, and many times faster and cheaper than with conventional medicine. However, conventional medicine must not be neglected or bypassed. The doctor must always be the last and he is the one who decides whether someone has recovered or not. Especially since bioenergetician Omerovi\u0107 is not clairvoyant and does not know what is for whom and what and when will be for whom. Therefore, control after its treatments is necessary, and one should strive for a symbiosis between conventional and alternative medicine.<\/p>\n<\/div><\/div><\/div><\/section>\n<section class='av_toggle_section av-av_toggle-4aeb97324b95cc9e439cd17875d3b46a'  itemscope=\"itemscope\" itemtype=\"https:\/\/schema.org\/CreativeWork\" ><div role=\"tablist\" class=\"single_toggle\" data-tags=\"{All} \"  ><p id='toggle-toggle-id-2' data-fake-id='#toggle-id-2' class='toggler  av-title-above '  itemprop=\"headline\"  role='tab' tabindex='0' aria-controls='toggle-id-2' data-slide-speed=\"200\" data-title=\"Efficiency\" data-title-open=\"\" data-aria_collapsed=\"Click to expand: Efficiency\" data-aria_expanded=\"Click to collapse: Efficiency\">Efficiency<span class=\"toggle_icon\"><span class=\"vert_icon\"><\/span><span class=\"hor_icon\"><\/span><\/span><\/p><div id='toggle-id-2' aria-labelledby='toggle-toggle-id-2' role='region' class='toggle_wrap  av-title-above'  ><div class='toggle_content invers-color '  itemprop=\"text\" ><p>Bioenergetic treatments of bioenergetics Omerivi\u0107 are very effective especially in combination with conventional medicine. Many diseases, injuries and ailments can be cured quickly and easily, and with diseases that, unfortunately, cannot be cured, it is possible to partially or completely eliminate the symptoms and raise the quality of life to a higher level.<\/p>\n<\/div><\/div><\/div><\/section>\n<section class='av_toggle_section av-av_toggle-f6cfc699138295c8bcbe3eb460016b05'  itemscope=\"itemscope\" itemtype=\"https:\/\/schema.org\/CreativeWork\" ><div role=\"tablist\" class=\"single_toggle\" data-tags=\"{All} \"  ><p id='toggle-toggle-id-3' data-fake-id='#toggle-id-3' class='toggler  av-title-above '  itemprop=\"headline\"  role='tab' tabindex='0' aria-controls='toggle-id-3' data-slide-speed=\"200\" data-title=\"Many were, known and unknown, and solved their health problems\" data-title-open=\"\" data-aria_collapsed=\"Click to expand: Many were, known and unknown, and solved their health problems\" data-aria_expanded=\"Click to collapse: Many were, known and unknown, and solved their health problems\">Many were, known and unknown, and solved their health problems<span class=\"toggle_icon\"><span class=\"vert_icon\"><\/span><span class=\"hor_icon\"><\/span><\/span><\/p><div id='toggle-id-3' aria-labelledby='toggle-toggle-id-3' role='region' class='toggle_wrap  av-title-above'  ><div class='toggle_content invers-color '  itemprop=\"text\" ><\/div><\/div><\/div><\/section>\n<\/div><\/div>\n<style type=\"text\/css\" data-created_by=\"avia_inline_auto\" id=\"style-css-av-39diio-f3d31b7ed066b63955b10b03c9dfc6fe\">\n.flex_column.av-39diio-f3d31b7ed066b63955b10b03c9dfc6fe{\nborder-radius:0px 0px 0px 0px;\npadding:0px 0px 0px 0px;\n}\n<\/style>\n<div  class='flex_column av-39diio-f3d31b7ed066b63955b10b03c9dfc6fe av_one_half  avia-builder-el-3  el_after_av_one_half  avia-builder-el-last  flex_column_div av-zero-column-padding  '     ><p>\n<style type=\"text\/css\" data-created_by=\"avia_inline_auto\" id=\"style-css-av-kbgzvds1-e5f80e0e0bc110e7774ad459693a776a\">\n#top .av-special-heading.av-kbgzvds1-e5f80e0e0bc110e7774ad459693a776a{\npadding-bottom:10px;\n}\nbody .av-special-heading.av-kbgzvds1-e5f80e0e0bc110e7774ad459693a776a .av-special-heading-tag .heading-char{\nfont-size:25px;\n}\n.av-special-heading.av-kbgzvds1-e5f80e0e0bc110e7774ad459693a776a .av-subheading{\nfont-size:15px;\n}\n<\/style>\n<div  class='av-special-heading av-kbgzvds1-e5f80e0e0bc110e7774ad459693a776a av-special-heading-h3  avia-builder-el-4  el_before_av_textblock  avia-builder-el-first '><h3 class='av-special-heading-tag '  itemprop=\"headline\"  >Many world-famous names have found a solution for their sports injuries with Omerovi\u0107&#8217;s bioenergetics<\/h3><div class=\"special-heading-border\"><div class=\"special-heading-inner-border\"><\/div><\/div><\/div><br \/>\n<section  class='av_textblock_section av-kbgzvtqd-d6ce39508c9f77648d7edbbea467df18 '   itemscope=\"itemscope\" itemtype=\"https:\/\/schema.org\/CreativeWork\" ><div class='avia_textblock'  itemprop=\"text\" ><p>Former Croatian national team player <strong><em>Ivica Oli\u0107<\/em><\/strong>, Croatian water polo team members <strong><em>\u0160etka, Sukno, Garcia<\/em><\/strong>\u2026 Then, Macedonian football legends <strong><em>Sa\u0161a \u0106iri\u0107 and \u017danko Savov<\/em><\/strong>. Russian Olympic gold medalist from Seoul 1988. <strong><em>Alexei Prudnikov<\/em><\/strong>. Dinamo legend <strong><em>Marko Mlinari\u0107.<\/em><\/strong> BiH judo team members <strong><em>Harun Sadikovi\u0107<\/em><\/strong> and <em><strong>Petar Zadro<\/strong><\/em>. Former world and European taekwondo champion <strong><em>Agim Murti\u0107<\/em><\/strong>, goalkeeper <strong><em>Osman Had\u017eiki\u0107<\/em><\/strong>\u2026<\/p>\n<p>There are also <strong><em>Roman Bezjak, Stefan Ristovski, Damir Milinovic, Ahmad Sharbini, Mateo Hrvatin, Ivica Golik<\/em><\/strong>\u2026 Coaches <strong><em>Darije Kalezic<\/em><\/strong>, <strong><em>Miodrag Radulovic<\/em><\/strong>. Dutch footballers <strong><em>Arjen Swinkels and Purrel Fr\u00e4nkel<\/em><\/strong>. Australian national football team player <strong><em>Rostyn Griffiths<\/em><\/strong>. Japanese footballers <strong><em>Tadaaki Hirakawa, Tatsuya Tanaka, Genki Haraguchi<\/em><\/strong>and many others.<\/p>\n<\/div><\/section><\/p><\/div><\/p>\n","protected":false},"excerpt":{"rendered":"","protected":false},"author":1,"featured_media":0,"parent":0,"menu_order":0,"comment_status":"closed","ping_status":"closed","template":"","meta":{"footnotes":""},"class_list":["post-8525","page","type-page","status-publish","hentry"],"yoast_head":"<!-- This site is optimized with the Yoast SEO plugin v27.2 - https:\/\/yoast.com\/product\/yoast-seo-wordpress\/ -->\n<title>Why choose us? - omerovic.eu<\/title>\n<meta name=\"robots\" content=\"index, follow, max-snippet:-1, max-image-preview:large, max-video-preview:-1\" \/>\n<link rel=\"canonical\" href=\"https:\/\/omerovic.eu\/en\/why-choose-us\/\" \/>\n<meta property=\"og:locale\" content=\"en_US\" \/>\n<meta property=\"og:type\" content=\"article\" \/>\n<meta property=\"og:title\" content=\"Why choose us? - omerovic.eu\" \/>\n<meta property=\"og:url\" content=\"https:\/\/omerovic.eu\/en\/why-choose-us\/\" \/>\n<meta property=\"og:site_name\" content=\"omerovic.eu\" \/>\n<meta property=\"article:publisher\" content=\"https:\/\/www.facebook.com\/omerovicbioenergija\" \/>\n<meta property=\"article:modified_time\" content=\"2021-02-13T13:30:30+00:00\" \/>\n<meta property=\"og:image\" content=\"https:\/\/omerovic.eu\/wp-content\/uploads\/2020\/04\/WhatsApp-Image-2020-03-23-at-21.22.54-3.jpeg\" \/>\n\t<meta property=\"og:image:width\" content=\"1600\" \/>\n\t<meta property=\"og:image:height\" content=\"1066\" \/>\n\t<meta property=\"og:image:type\" content=\"image\/jpeg\" \/>\n<meta name=\"twitter:card\" content=\"summary_large_image\" \/>\n<meta name=\"twitter:label1\" content=\"Est. reading time\" \/>\n\t<meta name=\"twitter:data1\" content=\"3 minutes\" \/>\n<script type=\"application\/ld+json\" class=\"yoast-schema-graph\">{\"@context\":\"https:\/\/schema.org\",\"@graph\":[{\"@type\":\"WebPage\",\"@id\":\"https:\/\/omerovic.eu\/en\/why-choose-us\/\",\"url\":\"https:\/\/omerovic.eu\/en\/why-choose-us\/\",\"name\":\"Why choose us? - omerovic.eu\",\"isPartOf\":{\"@id\":\"https:\/\/omerovic.eu\/en\/#website\"},\"datePublished\":\"2021-02-13T13:30:29+00:00\",\"dateModified\":\"2021-02-13T13:30:30+00:00\",\"breadcrumb\":{\"@id\":\"https:\/\/omerovic.eu\/en\/why-choose-us\/#breadcrumb\"},\"inLanguage\":\"en-US\",\"potentialAction\":[{\"@type\":\"ReadAction\",\"target\":[\"https:\/\/omerovic.eu\/en\/why-choose-us\/\"]}]},{\"@type\":\"BreadcrumbList\",\"@id\":\"https:\/\/omerovic.eu\/en\/why-choose-us\/#breadcrumb\",\"itemListElement\":[{\"@type\":\"ListItem\",\"position\":1,\"name\":\"Home\",\"item\":\"https:\/\/omerovic.eu\/en\/\"},{\"@type\":\"ListItem\",\"position\":2,\"name\":\"Why choose us?\"}]},{\"@type\":\"WebSite\",\"@id\":\"https:\/\/omerovic.eu\/en\/#website\",\"url\":\"https:\/\/omerovic.eu\/en\/\",\"name\":\"omerovic.eu\",\"description\":\"OMEROVI\u0106 Bioenergija\",\"publisher\":{\"@id\":\"https:\/\/omerovic.eu\/en\/#organization\"},\"potentialAction\":[{\"@type\":\"SearchAction\",\"target\":{\"@type\":\"EntryPoint\",\"urlTemplate\":\"https:\/\/omerovic.eu\/en\/?s={search_term_string}\"},\"query-input\":{\"@type\":\"PropertyValueSpecification\",\"valueRequired\":true,\"valueName\":\"search_term_string\"}}],\"inLanguage\":\"en-US\"},{\"@type\":\"Organization\",\"@id\":\"https:\/\/omerovic.eu\/en\/#organization\",\"name\":\"omerovic.eu\",\"url\":\"https:\/\/omerovic.eu\/en\/\",\"logo\":{\"@type\":\"ImageObject\",\"inLanguage\":\"en-US\",\"@id\":\"https:\/\/omerovic.eu\/en\/#\/schema\/logo\/image\/\",\"url\":\"https:\/\/omerovic.eu\/wp-content\/uploads\/2020\/04\/favicon.png\",\"contentUrl\":\"https:\/\/omerovic.eu\/wp-content\/uploads\/2020\/04\/favicon.png\",\"width\":32,\"height\":32,\"caption\":\"omerovic.eu\"},\"image\":{\"@id\":\"https:\/\/omerovic.eu\/en\/#\/schema\/logo\/image\/\"},\"sameAs\":[\"https:\/\/www.facebook.com\/omerovicbioenergija\",\"https:\/\/www.youtube.com\/channel\/UChydgg5CFf7MUwBjjs40qKg\"]}]}<\/script>\n<!-- \/ Yoast SEO plugin. -->","yoast_head_json":{"title":"Why choose us? - omerovic.eu","robots":{"index":"index","follow":"follow","max-snippet":"max-snippet:-1","max-image-preview":"max-image-preview:large","max-video-preview":"max-video-preview:-1"},"canonical":"https:\/\/omerovic.eu\/en\/why-choose-us\/","og_locale":"en_US","og_type":"article","og_title":"Why choose us? - omerovic.eu","og_url":"https:\/\/omerovic.eu\/en\/why-choose-us\/","og_site_name":"omerovic.eu","article_publisher":"https:\/\/www.facebook.com\/omerovicbioenergija","article_modified_time":"2021-02-13T13:30:30+00:00","og_image":[{"width":1600,"height":1066,"url":"https:\/\/omerovic.eu\/wp-content\/uploads\/2020\/04\/WhatsApp-Image-2020-03-23-at-21.22.54-3.jpeg","type":"image\/jpeg"}],"twitter_card":"summary_large_image","twitter_misc":{"Est. reading time":"3 minutes"},"schema":{"@context":"https:\/\/schema.org","@graph":[{"@type":"WebPage","@id":"https:\/\/omerovic.eu\/en\/why-choose-us\/","url":"https:\/\/omerovic.eu\/en\/why-choose-us\/","name":"Why choose us? - omerovic.eu","isPartOf":{"@id":"https:\/\/omerovic.eu\/en\/#website"},"datePublished":"2021-02-13T13:30:29+00:00","dateModified":"2021-02-13T13:30:30+00:00","breadcrumb":{"@id":"https:\/\/omerovic.eu\/en\/why-choose-us\/#breadcrumb"},"inLanguage":"en-US","potentialAction":[{"@type":"ReadAction","target":["https:\/\/omerovic.eu\/en\/why-choose-us\/"]}]},{"@type":"BreadcrumbList","@id":"https:\/\/omerovic.eu\/en\/why-choose-us\/#breadcrumb","itemListElement":[{"@type":"ListItem","position":1,"name":"Home","item":"https:\/\/omerovic.eu\/en\/"},{"@type":"ListItem","position":2,"name":"Why choose us?"}]},{"@type":"WebSite","@id":"https:\/\/omerovic.eu\/en\/#website","url":"https:\/\/omerovic.eu\/en\/","name":"omerovic.eu","description":"OMEROVI\u0106 Bioenergija","publisher":{"@id":"https:\/\/omerovic.eu\/en\/#organization"},"potentialAction":[{"@type":"SearchAction","target":{"@type":"EntryPoint","urlTemplate":"https:\/\/omerovic.eu\/en\/?s={search_term_string}"},"query-input":{"@type":"PropertyValueSpecification","valueRequired":true,"valueName":"search_term_string"}}],"inLanguage":"en-US"},{"@type":"Organization","@id":"https:\/\/omerovic.eu\/en\/#organization","name":"omerovic.eu","url":"https:\/\/omerovic.eu\/en\/","logo":{"@type":"ImageObject","inLanguage":"en-US","@id":"https:\/\/omerovic.eu\/en\/#\/schema\/logo\/image\/","url":"https:\/\/omerovic.eu\/wp-content\/uploads\/2020\/04\/favicon.png","contentUrl":"https:\/\/omerovic.eu\/wp-content\/uploads\/2020\/04\/favicon.png","width":32,"height":32,"caption":"omerovic.eu"},"image":{"@id":"https:\/\/omerovic.eu\/en\/#\/schema\/logo\/image\/"},"sameAs":["https:\/\/www.facebook.com\/omerovicbioenergija","https:\/\/www.youtube.com\/channel\/UChydgg5CFf7MUwBjjs40qKg"]}]}},"_links":{"self":[{"href":"https:\/\/omerovic.eu\/en\/wp-json\/wp\/v2\/pages\/8525","targetHints":{"allow":["GET"]}}],"collection":[{"href":"https:\/\/omerovic.eu\/en\/wp-json\/wp\/v2\/pages"}],"about":[{"href":"https:\/\/omerovic.eu\/en\/wp-json\/wp\/v2\/types\/page"}],"author":[{"embeddable":true,"href":"https:\/\/omerovic.eu\/en\/wp-json\/wp\/v2\/users\/1"}],"replies":[{"embeddable":true,"href":"https:\/\/omerovic.eu\/en\/wp-json\/wp\/v2\/comments?post=8525"}],"version-history":[{"count":0,"href":"https:\/\/omerovic.eu\/en\/wp-json\/wp\/v2\/pages\/8525\/revisions"}],"wp:attachment":[{"href":"https:\/\/omerovic.eu\/en\/wp-json\/wp\/v2\/media?parent=8525"}],"curies":[{"name":"wp","href":"https:\/\/api.w.org\/{rel}","templated":true}]}}