{"id":5350,"date":"2020-06-10T21:36:51","date_gmt":"2020-06-10T19:36:51","guid":{"rendered":"https:\/\/omerovic.eu\/?post_type=product&#038;p=5350"},"modified":"2020-07-03T11:58:00","modified_gmt":"2020-07-03T09:58:00","slug":"bioenergeticar-omerovic-u-varazdinu-hotel-turist-8-srpnja-u-9-sati","status":"publish","type":"product","link":"https:\/\/omerovic.eu\/en\/product\/bioenergeticar-omerovic-u-varazdinu-hotel-turist-8-srpnja-u-9-sati\/","title":{"rendered":"Bioenergeti\u010dar Omerovi\u0107 u Vara\u017edinu: Hotel &#8221;Turist&#8221;, 8. srpnja u 9 sati"},"content":{"rendered":"<div class=\"term-description\"><span style=\"font-size: 12pt;\">Bioenergeti\u010dar Muhamed Omerovi\u0107 je u svijetu prepoznatljiv po svojoj jedinstvenoj metodi lije\u010denja bioenergijom. Neupu\u0107ene osobe su sklone re\u0107i da svi bioenergeti\u010dari rade na isti na\u010din i da je razlika me\u0111u njima minimalna. Svi vi koji ste imali priliku biti kod nekih inih bioenergeti\u010dara koji rade <strong><em>po metodi&#8230; nekoj i ne\u010dijoj,<\/em><\/strong> bit \u0107ete nemalo iznena\u0111eni kad vidite na koji na\u010din radi bioenergeti\u010dar Muhamed Omerovi\u0107, jer njegov na\u010din lije\u010denja nije ni nalik na te na\u010dine i metode kojima se slu\u017ee drugi bioenergeti\u010dari.<br \/>\n<\/span><\/div>\n<h3><em><strong>Ruka na bolnom mjestu osnovno obilje\u017eje Omerovi\u0107eve metode lije\u010denja<\/strong><\/em><\/h3>\n<p>Bave\u0107i se bioenergijom \u010detvrt stolje\u0107a, Omerovi\u0107 je razvio jedinstvenu metodu lije\u010denja. Osnovno obilje\u017eje te njegove metode je ruka na bolnom mjestu, odnosno na mjestu gdje je problem.<\/p>\n<p>Za razliku od drugih koji se bave sli\u010dnim na\u010dinom lije\u010denja, a nazivaju se kao i on, bioenergeti\u010dari, Omerovi\u0107 ne izvodi nikakve ritualne pokrete (mahanje rukama i sli\u010dno). Kad ste kod njega na tretmanu dozvoljeno vam je da sjedite kako \u017eelite. Nije zabranjeno prekri\u017eiti ruke i noge. Mo\u017eete \u010dak i pro\u0161etati. Smijete me\u0111usobno komunicirati i naravno smijete bioenergeti\u010dara Omerovi\u0107a o svemu \u0161to vas interesira pitati.<\/p>\n<p>Shvatanje i tuma\u010denje ovog vida lije\u010denja i obja\u0161njenja koja \u0107ete od Omerovi\u0107a \u010duti umnogome se razlikuju od obja\u0161njenja koja dobijate od drugih bioenergeti\u010dara.<\/p>\n<h3><em><strong>Morate li vjerovati da \u0107e vam biti bolje?<\/strong><\/em><\/h3>\n<p>Kod raznih alternativaca obi\u010dno \u010dujete rije\u010di da morate vjerovati da \u0107e vam biti bolje. Jer ako sebe ne ubijedite da \u0107e vam biti bolje, vama nema pomo\u0107i. To je u stvari klasi\u010dni placebo.<\/p>\n<p>Kod Omerovi\u0107a kad do\u0111ete ne morate vjerovati da \u0107e vam biti bolje. Mo\u017eete biti skeptik. Bitno je samo da dozvolite da vam se poku\u0161a pomo\u0107i. Rezultati Omerovi\u0107evih tretmana nisu placebo efekat. U vi\u0161e od 90 odsto slu\u010dajeva osobe su zadovoljne u\u010dincima tretmana.<\/p>\n<h3><em><strong>Osobe koje tokom tretmana ne osjete pobolj\u0161anje, nisu obavezne platiti tretman!<\/strong><\/em><\/h3>\n<div class=\"term-description\"><span style=\"font-size: 12pt;\">Ono \u0161to ga razlikuje od ve\u0107ine osoba koje se bave lije\u010denjem alternativnim metodama jesu rezultati koji su vidljivi jo\u0161 tokom samog tretmana. Cijena tretmana je 350 kn po osobi i pla\u0107a se nakon tretmana.<\/span><\/div>\n<blockquote>\n<div class=\"term-description\"><span style=\"color: #ff6600; font-size: 14pt;\"><strong><em>Osobe koje tokom tretmana ne osjete pobolj\u0161anje, nisu obavezne platiti tretman.<\/em><\/strong><\/span><\/div>\n<\/blockquote>\n<h3><em><strong>Koliko puta se mora do\u0107i na tretman kod bioenergeti\u010dara Omerovi\u0107a?<\/strong><\/em><\/h3>\n<p>Bioenergeti\u010dar Omerovi\u0107 nikad ne ka\u017ee da neko mora prisustvovati odre\u0111enom broju tretmana. Idealno bi bilo kad bi se u \u0161to kra\u0107em roku, ako je ikako mogu\u0107e dan za danom, do\u0107i \u010detiri puta na tretman, pa da se napravi stanka od 15-20 dana pa da se eventualno tretman ponovi. To, naravno, trenutno nije mogu\u0107e s obzirom da se bioenergeti\u010dar Omerovi\u0107 tokom svojih turneja rijetko gdje zadr\u017eava vi\u0161e dana.<\/p>\n<p>Preporuka je (ne i obaveza) da se do\u0111e dva puta, ukoliko se \u017eele iole ozbiljniji rezultati.<\/p>\n<h3><em><strong>Da li je mogu\u0107e sve zdravstvene probleme rije\u0161iti odjednom?<\/strong><\/em><\/h3>\n<p>Veoma je bitno, pogotovu za osobe koje imaju mnogo, a neki za sebe ka\u017eu, i bezbroj problema, trebate se opredijeliti za jedan problem koji \u017eelite prvo rije\u0161iti. Nelogi\u010dno je, a i megalomanski je, o\u010dekivati da \u0107e vam nakon samo jednog tretmana svi problemi nestati i to zauvijek.<\/p>\n<p>Kad idete kod lije\u010dnika ni tamo ne idete da vam sve probleme odjednom rije\u0161e.<\/p>\n<p>Za osobe koje bi vi\u0161e puta da do\u0111u kod bioenergeti\u010dara Omerovi\u0107a, ukoliko ne budete mogli tokom turneje po Hrvatskoj, mo\u017eete rezervirati termin za tretman na daljinu. <span style=\"color: #0000ff;\">Pojedina\u010dni ili grupni<\/span>.<\/p>\n<h3><em>Uvjeti i na\u010din pristupa tretmanu<\/em><\/h3>\n<p>Zbog izmijenjenih okolnosti i opasnosti od zaraze broj osoba je dodatno ograni\u010den, tako da \u0107e za svaku lokaciju broj osoba koje mogu prisustvovati biti posebno odre\u0111en.<\/p>\n<p><em><strong>Prvi uvjet<\/strong><\/em> je da rezervirate termin za tretman. osobe koje unaprijed ne rezerviraju termin za tretman ne\u0107e biti u mogu\u0107nosti prisustvovati tretmanu.<\/p>\n<p>Preporu\u010deno je da rezervirate termin za tretman preko web stranice <a href=\"https:\/\/omerovic.eu\">www.omerovic.eu<\/a> . Osobe koje nisu u mogu\u0107nosti rezervirati termin za tretman preko interneta, mogu to u\u010diniti na <em><strong>telefon 095-536-7952<\/strong><\/em>.<\/p>\n<p>Zbog mjera predostro\u017enosti, i podaci koje od vas tra\u017eimo su obimniji. Pored imena i prezimena te broja telefona, trebate dati jo\u0161 va\u0161u ku\u0107nu adresu, a osobe koje rezerviranje izvr\u0161e preko interneta morat \u0107e upisati i adresu od elektronske po\u0161te (e-mail).<\/p>\n<p><em><strong>Drugi uvjet<\/strong><\/em> da nista zara\u017eeni virusom korona, odnosno da nemate simptome koje obi\u010dno imaju osobe zara\u017eene virusom Korona. Pri ulasku u prostoriju gdje \u0107e bioenergetski tretman, svima \u0107e biti mjerena temperatura. Osobe koje budu imale tjelesnu temperaturu ve\u0107u od 38 stupnjeva Celzijevih ne\u0107e biti dozvoljen ulazak u prostoriju.<\/p>\n<p>Takvima je na raspolaganju terapija bioenergijom na daljinu.<\/p>\n<p><em><strong>Tre\u0107i uvjet <\/strong><\/em>je maska za lice (usta i nos). Obavezni ste u prostoriji gdje su tretmani nositi masku za lice.<\/p>\n<h3><em><strong>\u0160to je jo\u0161 potrebno znati?<\/strong><\/em><\/h3>\n<p>Bitno je da do\u0111ete 15 minuta prije nazna\u010denog po\u010detka tretmana. Za sve vas obezbijedit \u0107emo dezinficiranu prostoriju.\u00a0 Na ulasku \u0107ete dobiti dezinficijens i bit \u0107ete obavezni dezinficirati ruke. Dr\u017eite propisano odstojanje od ostalih u\u010desnika tretmana i pridr\u017eavajte se svih uputa koje va\u017ee za teritorij RH.<\/p>\n<div class='avia-iframe-wrap'><iframe loading=\"lazy\" title=\"&#039;&#039;FACE TO FACE&#039;&#039; (licem u lice) bioenergetska terapija\" width=\"1500\" height=\"844\" src=\"https:\/\/www.youtube.com\/embed\/55FMc0rUfFM?start=70&#038;feature=oembed\" frameborder=\"0\" allow=\"accelerometer; autoplay; encrypted-media; gyroscope; picture-in-picture\" allowfullscreen><\/iframe><\/div>\n<p><span style=\"font-size: 10pt;\">U ovom videu mo\u017eete pogledati kako izgleda &#8221;FACE TO FACE&#8221; (licem u lice) tretman. Video je snimljen prije pojave COVID-19 ?.<\/span><\/p>\n<div class=\"term-description\">\n<h3><em><strong>Tretman \u201dFACE TO FACE\u201d (LICEM U LICE) se sastoji iz dva dijela<\/strong><\/em><\/h3>\n<p><span style=\"font-size: 12pt;\">Tretman \u201dFACE TO FACE\u201d je tretman u li\u010dnom kontaktu sa povrije\u0111enom ili bolesnom osobom. Ono \u0161to karakteri\u0161e Omerovi\u0107evu bioenergetsku metodu lije\u010denja jeste obavezni kontakt ruke sa bolesnim ili povrije\u0111enim dijelom tijela. Kod tretmana bioenergijom na daljinu, ruku na bolno mjesto stavlja onaj kojem je potreban tretman, dakle bolesna osoba sama sebi ili neko ko je tad uz osobu kojoj se radi tretman.<\/span><\/p>\n<p><span style=\"font-size: 12pt;\">Ovaj tretman sastoji iz dva dijela i sve vrijeme se odvija u neposrednom prisustvu bioenergeti\u010dara Omerovi\u0107a. Prakticira se tek dvije godine.<\/span><\/p>\n<p><span style=\"font-size: 12pt;\"><strong>Prvi dio<\/strong> je uzet iz \u201dTretmana na daljinu\u201d.<\/span><\/p>\n<p><span style=\"font-size: 12pt;\">U tih prvih pola sata, na znak bioenergeti\u010dara Omerovi\u0107a da terapija po\u010dinje, osobe koje su podvrgnute tretmanu bioenergijom, same sebi stavljaju ruke na bolno mjesto.<\/span><\/p>\n<p><span style=\"font-size: 12pt;\">Nakon pola sata, sklanjaju ruke i tad po\u010dinje drugi dio samog tretmana.<\/span><\/p>\n<p><span style=\"font-size: 12pt;\"><strong>Drugi dio<\/strong> je u stvari klasi\u010dni \u201dface to face\u201d (licem u lice) tretman, koji je do prije dvije godine bio naj\u010de\u0161\u0107e prakticiran. Bioenergeti\u010dar Omerovi\u0107 izvodi pojedina\u010dno svakog ko je do\u0161ao na tretman i naizmjeni\u010dno svojim rukama pipa bolno mjesto i pola\u017ee dlanove.<\/span><\/p>\n<p><span style=\"font-size: 12pt;\">Dok traje to pipanje bolnog mjesta, odnosno mjesta gdje je problem, i polaganje dlanova, jo\u0161 tokom samog tretmana bol, odnosno problem zbog kojeg je osoba do\u0161la nestaje ili se znatno reducira.<\/span><\/p>\n<\/div>\n","protected":false},"excerpt":{"rendered":"<p>Bioenergeti\u010dar Muhamed Omerovi\u0107 je u svijetu prepoznatljiv po svojoj jedinstvenoj metodi lije\u010denja bioenergijom. Neupu\u0107ene osobe su sklone re\u0107i da svi bioenergeti\u010dari rade na isti na\u010din i da je razlika me\u0111u njima minimalna. Svi vi koji ste imali priliku biti kod nekih inih bioenergeti\u010dara koji rade po metodi&#8230; nekoj i ne\u010dijoj, bit \u0107ete nemalo iznena\u0111eni kad [&hellip;]<\/p>\n","protected":false},"featured_media":68,"template":"","meta":[],"product_brand":[],"product_cat":[17],"product_tag":[],"class_list":{"0":"post-5350","1":"product","2":"type-product","3":"status-publish","4":"has-post-thumbnail","6":"product_cat-face-to-face","8":"first","9":"instock","10":"virtual","11":"sold-individually","12":"purchasable","13":"product-type-simple"},"yoast_head":"<!-- This site is optimized with the Yoast SEO plugin v27.2 - https:\/\/yoast.com\/product\/yoast-seo-wordpress\/ -->\n<title>Bioenergeti\u010dar Omerovi\u0107 u Vara\u017edinu: Hotel &#039;&#039;Turist&#039;&#039;, 8. srpnja u 9 sati - omerovic.eu<\/title>\n<meta name=\"robots\" content=\"index, follow, max-snippet:-1, max-image-preview:large, max-video-preview:-1\" \/>\n<link rel=\"canonical\" href=\"https:\/\/omerovic.eu\/en\/product\/bioenergeticar-omerovic-u-varazdinu-hotel-turist-8-srpnja-u-9-sati\/\" \/>\n<meta property=\"og:locale\" content=\"en_US\" \/>\n<meta property=\"og:type\" content=\"article\" \/>\n<meta property=\"og:title\" content=\"Bioenergeti\u010dar Omerovi\u0107 u Vara\u017edinu: Hotel &#039;&#039;Turist&#039;&#039;, 8. srpnja u 9 sati - omerovic.eu\" \/>\n<meta property=\"og:description\" content=\"Bioenergeti\u010dar Muhamed Omerovi\u0107 je u svijetu prepoznatljiv po svojoj jedinstvenoj metodi lije\u010denja bioenergijom. Neupu\u0107ene osobe su sklone re\u0107i da svi bioenergeti\u010dari rade na isti na\u010din i da je razlika me\u0111u njima minimalna. Svi vi koji ste imali priliku biti kod nekih inih bioenergeti\u010dara koji rade po metodi&#8230; nekoj i ne\u010dijoj, bit \u0107ete nemalo iznena\u0111eni kad [&hellip;]\" \/>\n<meta property=\"og:url\" content=\"https:\/\/omerovic.eu\/en\/product\/bioenergeticar-omerovic-u-varazdinu-hotel-turist-8-srpnja-u-9-sati\/\" \/>\n<meta property=\"og:site_name\" content=\"omerovic.eu\" \/>\n<meta property=\"article:publisher\" content=\"https:\/\/www.facebook.com\/omerovicbioenergija\" \/>\n<meta property=\"article:modified_time\" content=\"2020-07-03T09:58:00+00:00\" \/>\n<meta property=\"og:image\" content=\"https:\/\/omerovic.eu\/wp-content\/uploads\/2020\/04\/WhatsApp-Image-2020-03-23-at-21.22.56-2.jpeg\" \/>\n\t<meta property=\"og:image:width\" content=\"1600\" \/>\n\t<meta property=\"og:image:height\" content=\"1066\" \/>\n\t<meta property=\"og:image:type\" content=\"image\/jpeg\" \/>\n<meta name=\"twitter:card\" content=\"summary_large_image\" \/>\n<meta name=\"twitter:label1\" content=\"Est. reading time\" \/>\n\t<meta name=\"twitter:data1\" content=\"6 minutes\" \/>\n<script type=\"application\/ld+json\" class=\"yoast-schema-graph\">{\"@context\":\"https:\/\/schema.org\",\"@graph\":[{\"@type\":\"WebPage\",\"@id\":\"https:\/\/omerovic.eu\/en\/product\/bioenergeticar-omerovic-u-varazdinu-hotel-turist-8-srpnja-u-9-sati\/\",\"url\":\"https:\/\/omerovic.eu\/en\/product\/bioenergeticar-omerovic-u-varazdinu-hotel-turist-8-srpnja-u-9-sati\/\",\"name\":\"Bioenergeti\u010dar Omerovi\u0107 u Vara\u017edinu: Hotel ''Turist'', 8. srpnja u 9 sati - omerovic.eu\",\"isPartOf\":{\"@id\":\"https:\/\/omerovic.eu\/en\/#website\"},\"primaryImageOfPage\":{\"@id\":\"https:\/\/omerovic.eu\/en\/product\/bioenergeticar-omerovic-u-varazdinu-hotel-turist-8-srpnja-u-9-sati\/#primaryimage\"},\"image\":{\"@id\":\"https:\/\/omerovic.eu\/en\/product\/bioenergeticar-omerovic-u-varazdinu-hotel-turist-8-srpnja-u-9-sati\/#primaryimage\"},\"thumbnailUrl\":\"https:\/\/omerovic.eu\/wp-content\/uploads\/2020\/04\/WhatsApp-Image-2020-03-23-at-21.22.56-2.jpeg\",\"datePublished\":\"2020-06-10T19:36:51+00:00\",\"dateModified\":\"2020-07-03T09:58:00+00:00\",\"breadcrumb\":{\"@id\":\"https:\/\/omerovic.eu\/en\/product\/bioenergeticar-omerovic-u-varazdinu-hotel-turist-8-srpnja-u-9-sati\/#breadcrumb\"},\"inLanguage\":\"en-US\",\"potentialAction\":[{\"@type\":\"ReadAction\",\"target\":[\"https:\/\/omerovic.eu\/en\/product\/bioenergeticar-omerovic-u-varazdinu-hotel-turist-8-srpnja-u-9-sati\/\"]}]},{\"@type\":\"ImageObject\",\"inLanguage\":\"en-US\",\"@id\":\"https:\/\/omerovic.eu\/en\/product\/bioenergeticar-omerovic-u-varazdinu-hotel-turist-8-srpnja-u-9-sati\/#primaryimage\",\"url\":\"https:\/\/omerovic.eu\/wp-content\/uploads\/2020\/04\/WhatsApp-Image-2020-03-23-at-21.22.56-2.jpeg\",\"contentUrl\":\"https:\/\/omerovic.eu\/wp-content\/uploads\/2020\/04\/WhatsApp-Image-2020-03-23-at-21.22.56-2.jpeg\",\"width\":1600,\"height\":1066,\"caption\":\"Bioenergeti\u010dar Muhamed Omerovi\u0107\"},{\"@type\":\"BreadcrumbList\",\"@id\":\"https:\/\/omerovic.eu\/en\/product\/bioenergeticar-omerovic-u-varazdinu-hotel-turist-8-srpnja-u-9-sati\/#breadcrumb\",\"itemListElement\":[{\"@type\":\"ListItem\",\"position\":1,\"name\":\"Home\",\"item\":\"https:\/\/omerovic.eu\/en\/\"},{\"@type\":\"ListItem\",\"position\":2,\"name\":\"Trgovina\",\"item\":\"https:\/\/omerovic.eu\/?page_id=87\"},{\"@type\":\"ListItem\",\"position\":3,\"name\":\"Bioenergeti\u010dar Omerovi\u0107 u Vara\u017edinu: Hotel &#8221;Turist&#8221;, 8. srpnja u 9 sati\"}]},{\"@type\":\"WebSite\",\"@id\":\"https:\/\/omerovic.eu\/en\/#website\",\"url\":\"https:\/\/omerovic.eu\/en\/\",\"name\":\"omerovic.eu\",\"description\":\"OMEROVI\u0106 Bioenergija\",\"publisher\":{\"@id\":\"https:\/\/omerovic.eu\/en\/#organization\"},\"potentialAction\":[{\"@type\":\"SearchAction\",\"target\":{\"@type\":\"EntryPoint\",\"urlTemplate\":\"https:\/\/omerovic.eu\/en\/?s={search_term_string}\"},\"query-input\":{\"@type\":\"PropertyValueSpecification\",\"valueRequired\":true,\"valueName\":\"search_term_string\"}}],\"inLanguage\":\"en-US\"},{\"@type\":\"Organization\",\"@id\":\"https:\/\/omerovic.eu\/en\/#organization\",\"name\":\"omerovic.eu\",\"url\":\"https:\/\/omerovic.eu\/en\/\",\"logo\":{\"@type\":\"ImageObject\",\"inLanguage\":\"en-US\",\"@id\":\"https:\/\/omerovic.eu\/en\/#\/schema\/logo\/image\/\",\"url\":\"https:\/\/omerovic.eu\/wp-content\/uploads\/2020\/04\/favicon.png\",\"contentUrl\":\"https:\/\/omerovic.eu\/wp-content\/uploads\/2020\/04\/favicon.png\",\"width\":32,\"height\":32,\"caption\":\"omerovic.eu\"},\"image\":{\"@id\":\"https:\/\/omerovic.eu\/en\/#\/schema\/logo\/image\/\"},\"sameAs\":[\"https:\/\/www.facebook.com\/omerovicbioenergija\",\"https:\/\/www.youtube.com\/channel\/UChydgg5CFf7MUwBjjs40qKg\"]}]}<\/script>\n<!-- \/ Yoast SEO plugin. -->","yoast_head_json":{"title":"Bioenergeti\u010dar Omerovi\u0107 u Vara\u017edinu: Hotel ''Turist'', 8. srpnja u 9 sati - omerovic.eu","robots":{"index":"index","follow":"follow","max-snippet":"max-snippet:-1","max-image-preview":"max-image-preview:large","max-video-preview":"max-video-preview:-1"},"canonical":"https:\/\/omerovic.eu\/en\/product\/bioenergeticar-omerovic-u-varazdinu-hotel-turist-8-srpnja-u-9-sati\/","og_locale":"en_US","og_type":"article","og_title":"Bioenergeti\u010dar Omerovi\u0107 u Vara\u017edinu: Hotel ''Turist'', 8. srpnja u 9 sati - omerovic.eu","og_description":"Bioenergeti\u010dar Muhamed Omerovi\u0107 je u svijetu prepoznatljiv po svojoj jedinstvenoj metodi lije\u010denja bioenergijom. Neupu\u0107ene osobe su sklone re\u0107i da svi bioenergeti\u010dari rade na isti na\u010din i da je razlika me\u0111u njima minimalna. Svi vi koji ste imali priliku biti kod nekih inih bioenergeti\u010dara koji rade po metodi&#8230; nekoj i ne\u010dijoj, bit \u0107ete nemalo iznena\u0111eni kad [&hellip;]","og_url":"https:\/\/omerovic.eu\/en\/product\/bioenergeticar-omerovic-u-varazdinu-hotel-turist-8-srpnja-u-9-sati\/","og_site_name":"omerovic.eu","article_publisher":"https:\/\/www.facebook.com\/omerovicbioenergija","article_modified_time":"2020-07-03T09:58:00+00:00","og_image":[{"width":1600,"height":1066,"url":"https:\/\/omerovic.eu\/wp-content\/uploads\/2020\/04\/WhatsApp-Image-2020-03-23-at-21.22.56-2.jpeg","type":"image\/jpeg"}],"twitter_card":"summary_large_image","twitter_misc":{"Est. reading time":"6 minutes"},"schema":{"@context":"https:\/\/schema.org","@graph":[{"@type":"WebPage","@id":"https:\/\/omerovic.eu\/en\/product\/bioenergeticar-omerovic-u-varazdinu-hotel-turist-8-srpnja-u-9-sati\/","url":"https:\/\/omerovic.eu\/en\/product\/bioenergeticar-omerovic-u-varazdinu-hotel-turist-8-srpnja-u-9-sati\/","name":"Bioenergeti\u010dar Omerovi\u0107 u Vara\u017edinu: Hotel ''Turist'', 8. srpnja u 9 sati - omerovic.eu","isPartOf":{"@id":"https:\/\/omerovic.eu\/en\/#website"},"primaryImageOfPage":{"@id":"https:\/\/omerovic.eu\/en\/product\/bioenergeticar-omerovic-u-varazdinu-hotel-turist-8-srpnja-u-9-sati\/#primaryimage"},"image":{"@id":"https:\/\/omerovic.eu\/en\/product\/bioenergeticar-omerovic-u-varazdinu-hotel-turist-8-srpnja-u-9-sati\/#primaryimage"},"thumbnailUrl":"https:\/\/omerovic.eu\/wp-content\/uploads\/2020\/04\/WhatsApp-Image-2020-03-23-at-21.22.56-2.jpeg","datePublished":"2020-06-10T19:36:51+00:00","dateModified":"2020-07-03T09:58:00+00:00","breadcrumb":{"@id":"https:\/\/omerovic.eu\/en\/product\/bioenergeticar-omerovic-u-varazdinu-hotel-turist-8-srpnja-u-9-sati\/#breadcrumb"},"inLanguage":"en-US","potentialAction":[{"@type":"ReadAction","target":["https:\/\/omerovic.eu\/en\/product\/bioenergeticar-omerovic-u-varazdinu-hotel-turist-8-srpnja-u-9-sati\/"]}]},{"@type":"ImageObject","inLanguage":"en-US","@id":"https:\/\/omerovic.eu\/en\/product\/bioenergeticar-omerovic-u-varazdinu-hotel-turist-8-srpnja-u-9-sati\/#primaryimage","url":"https:\/\/omerovic.eu\/wp-content\/uploads\/2020\/04\/WhatsApp-Image-2020-03-23-at-21.22.56-2.jpeg","contentUrl":"https:\/\/omerovic.eu\/wp-content\/uploads\/2020\/04\/WhatsApp-Image-2020-03-23-at-21.22.56-2.jpeg","width":1600,"height":1066,"caption":"Bioenergeti\u010dar Muhamed Omerovi\u0107"},{"@type":"BreadcrumbList","@id":"https:\/\/omerovic.eu\/en\/product\/bioenergeticar-omerovic-u-varazdinu-hotel-turist-8-srpnja-u-9-sati\/#breadcrumb","itemListElement":[{"@type":"ListItem","position":1,"name":"Home","item":"https:\/\/omerovic.eu\/en\/"},{"@type":"ListItem","position":2,"name":"Trgovina","item":"https:\/\/omerovic.eu\/?page_id=87"},{"@type":"ListItem","position":3,"name":"Bioenergeti\u010dar Omerovi\u0107 u Vara\u017edinu: Hotel &#8221;Turist&#8221;, 8. srpnja u 9 sati"}]},{"@type":"WebSite","@id":"https:\/\/omerovic.eu\/en\/#website","url":"https:\/\/omerovic.eu\/en\/","name":"omerovic.eu","description":"OMEROVI\u0106 Bioenergija","publisher":{"@id":"https:\/\/omerovic.eu\/en\/#organization"},"potentialAction":[{"@type":"SearchAction","target":{"@type":"EntryPoint","urlTemplate":"https:\/\/omerovic.eu\/en\/?s={search_term_string}"},"query-input":{"@type":"PropertyValueSpecification","valueRequired":true,"valueName":"search_term_string"}}],"inLanguage":"en-US"},{"@type":"Organization","@id":"https:\/\/omerovic.eu\/en\/#organization","name":"omerovic.eu","url":"https:\/\/omerovic.eu\/en\/","logo":{"@type":"ImageObject","inLanguage":"en-US","@id":"https:\/\/omerovic.eu\/en\/#\/schema\/logo\/image\/","url":"https:\/\/omerovic.eu\/wp-content\/uploads\/2020\/04\/favicon.png","contentUrl":"https:\/\/omerovic.eu\/wp-content\/uploads\/2020\/04\/favicon.png","width":32,"height":32,"caption":"omerovic.eu"},"image":{"@id":"https:\/\/omerovic.eu\/en\/#\/schema\/logo\/image\/"},"sameAs":["https:\/\/www.facebook.com\/omerovicbioenergija","https:\/\/www.youtube.com\/channel\/UChydgg5CFf7MUwBjjs40qKg"]}]}},"_links":{"self":[{"href":"https:\/\/omerovic.eu\/en\/wp-json\/wp\/v2\/product\/5350","targetHints":{"allow":["GET"]}}],"collection":[{"href":"https:\/\/omerovic.eu\/en\/wp-json\/wp\/v2\/product"}],"about":[{"href":"https:\/\/omerovic.eu\/en\/wp-json\/wp\/v2\/types\/product"}],"wp:featuredmedia":[{"embeddable":true,"href":"https:\/\/omerovic.eu\/en\/wp-json\/wp\/v2\/media\/68"}],"wp:attachment":[{"href":"https:\/\/omerovic.eu\/en\/wp-json\/wp\/v2\/media?parent=5350"}],"wp:term":[{"taxonomy":"product_brand","embeddable":true,"href":"https:\/\/omerovic.eu\/en\/wp-json\/wp\/v2\/product_brand?post=5350"},{"taxonomy":"product_cat","embeddable":true,"href":"https:\/\/omerovic.eu\/en\/wp-json\/wp\/v2\/product_cat?post=5350"},{"taxonomy":"product_tag","embeddable":true,"href":"https:\/\/omerovic.eu\/en\/wp-json\/wp\/v2\/product_tag?post=5350"}],"curies":[{"name":"wp","href":"https:\/\/api.w.org\/{rel}","templated":true}]}}