{"id":7467,"date":"2020-08-09T22:38:39","date_gmt":"2020-08-09T20:38:39","guid":{"rendered":"https:\/\/omerovic.eu\/hoe-vaak-moet-ik-voor-behandeling-komen\/"},"modified":"2020-08-09T22:38:39","modified_gmt":"2020-08-09T20:38:39","slug":"hoe-vaak-moet-ik-voor-behandeling-komen","status":"publish","type":"page","link":"https:\/\/omerovic.eu\/nl\/hoe-vaak-moet-ik-voor-behandeling-komen\/","title":{"rendered":"Hoe vaak moet ik voor behandeling komen?"},"content":{"rendered":"\n<style type=\"text\/css\" data-created_by=\"avia_inline_auto\" id=\"style-css-av-kbgxxpw0-570b3da2d779dad9961bf0849376fdac\">\n#top .av-special-heading.av-kbgxxpw0-570b3da2d779dad9961bf0849376fdac{\npadding-bottom:10px;\n}\nbody .av-special-heading.av-kbgxxpw0-570b3da2d779dad9961bf0849376fdac .av-special-heading-tag .heading-char{\nfont-size:25px;\n}\n.av-special-heading.av-kbgxxpw0-570b3da2d779dad9961bf0849376fdac .av-subheading{\nfont-size:15px;\n}\n<\/style>\n<div  class='av-special-heading av-kbgxxpw0-570b3da2d779dad9961bf0849376fdac av-special-heading-h1  avia-builder-el-0  el_before_av_textblock  avia-builder-el-first '><h1 class='av-special-heading-tag '  itemprop=\"headline\"  >Hoe vaak moet ik voor behandeling komen?<\/h1><div class=\"special-heading-border\"><div class=\"special-heading-inner-border\"><\/div><\/div><\/div>\n<section  class='av_textblock_section av-av_textblock-ef7fdae6b3b86bd1e5936ff9fbb8ffa2 '   itemscope=\"itemscope\" itemtype=\"https:\/\/schema.org\/CreativeWork\" ><div class='avia_textblock'  itemprop=\"text\" ><p>Zoals elke vorm van genezing, is genezing bij een healer een proces. Elk proces kost wat tijd om de gewenste resultaten te bereiken. <\/p>\n<p>Healer Omerovi\u0107 dringt niet aan op een bepaald aantal behandelingen. Iedereen moet zelf bepalen hoeveel behandeling ze willen en hoeveel ze denken dat genoeg voor hen is. Vooral omdat het stoppen met het komen bij de healer op zichzelf nooit leidt tot een verslechtering van de aandoening. In het ergste geval wordt het hetzelfde als voor de behandeling.   <\/p>\n<p>Als het op ervaring aankomt, worden de beste resultaten behaald als u binnen de kortst mogelijke tijd (indien mogelijk elke dag) tot vier behandelingen komt. Daarna raadt hij een pauze van ongeveer 15 dagen aan en herhaal indien het nodig is. <\/p>\n<p>Dit is erg moeilijk voor de meeste mensen die hulp zoeken bij healer Omerovi\u0107 als het gaat om Face To Face-behandelingen. Omdat, zeer zelden, Omerovi\u0107 langer dan twee of drie dagen op \u00e9\u00e9n plaats blijft. <\/p>\n<p>Hoewel de resultaten van zijn behandelmethode direct zichtbaar zijn, is het aan te raden om zo snel mogelijk tot minimaal twee behandelingen te komen, als je langduriger resultaat wilt.<\/p>\n<p>Voor degenen die deze aanbeveling willen volgen, is er een mogelijkheid om de behandelingen op afstand van Omerovi\u0107 bij te wonen (in groepen of individueel).<\/p>\n<p>Dit alles wordt echter aan het geweten van elk individu overgelaten.<\/p>\n<\/div><\/section>\n","protected":false},"excerpt":{"rendered":"","protected":false},"author":1,"featured_media":0,"parent":0,"menu_order":0,"comment_status":"closed","ping_status":"closed","template":"","meta":{"footnotes":""},"class_list":["post-7467","page","type-page","status-publish","hentry"],"yoast_head":"<!-- This site is optimized with the Yoast SEO plugin v27.2 - https:\/\/yoast.com\/product\/yoast-seo-wordpress\/ -->\n<title>Hoe vaak moet ik voor behandeling komen? - omerovic.eu<\/title>\n<meta name=\"robots\" content=\"index, follow, max-snippet:-1, max-image-preview:large, max-video-preview:-1\" \/>\n<link rel=\"canonical\" href=\"https:\/\/omerovic.eu\/nl\/hoe-vaak-moet-ik-voor-behandeling-komen\/\" \/>\n<meta property=\"og:locale\" content=\"nl_NL\" \/>\n<meta property=\"og:type\" content=\"article\" \/>\n<meta property=\"og:title\" content=\"Hoe vaak moet ik voor behandeling komen? - omerovic.eu\" \/>\n<meta property=\"og:url\" content=\"https:\/\/omerovic.eu\/nl\/hoe-vaak-moet-ik-voor-behandeling-komen\/\" \/>\n<meta property=\"og:site_name\" content=\"omerovic.eu\" \/>\n<meta property=\"article:publisher\" content=\"https:\/\/www.facebook.com\/omerovicbioenergija\" \/>\n<meta property=\"og:image\" content=\"https:\/\/omerovic.eu\/wp-content\/uploads\/2020\/04\/WhatsApp-Image-2020-03-23-at-21.22.54-3.jpeg\" \/>\n\t<meta property=\"og:image:width\" content=\"1600\" \/>\n\t<meta property=\"og:image:height\" content=\"1066\" \/>\n\t<meta property=\"og:image:type\" content=\"image\/jpeg\" \/>\n<meta name=\"twitter:card\" content=\"summary_large_image\" \/>\n<meta name=\"twitter:label1\" content=\"Geschatte leestijd\" \/>\n\t<meta name=\"twitter:data1\" content=\"1 minuut\" \/>\n<script type=\"application\/ld+json\" class=\"yoast-schema-graph\">{\"@context\":\"https:\/\/schema.org\",\"@graph\":[{\"@type\":\"WebPage\",\"@id\":\"https:\/\/omerovic.eu\/nl\/hoe-vaak-moet-ik-voor-behandeling-komen\/\",\"url\":\"https:\/\/omerovic.eu\/nl\/hoe-vaak-moet-ik-voor-behandeling-komen\/\",\"name\":\"Hoe vaak moet ik voor behandeling komen? - omerovic.eu\",\"isPartOf\":{\"@id\":\"https:\/\/omerovic.eu\/nl\/#website\"},\"datePublished\":\"2020-08-09T20:38:39+00:00\",\"breadcrumb\":{\"@id\":\"https:\/\/omerovic.eu\/nl\/hoe-vaak-moet-ik-voor-behandeling-komen\/#breadcrumb\"},\"inLanguage\":\"nl-NL\",\"potentialAction\":[{\"@type\":\"ReadAction\",\"target\":[\"https:\/\/omerovic.eu\/nl\/hoe-vaak-moet-ik-voor-behandeling-komen\/\"]}]},{\"@type\":\"BreadcrumbList\",\"@id\":\"https:\/\/omerovic.eu\/nl\/hoe-vaak-moet-ik-voor-behandeling-komen\/#breadcrumb\",\"itemListElement\":[{\"@type\":\"ListItem\",\"position\":1,\"name\":\"Home\",\"item\":\"https:\/\/omerovic.eu\/nl\/\"},{\"@type\":\"ListItem\",\"position\":2,\"name\":\"Hoe vaak moet ik voor behandeling komen?\"}]},{\"@type\":\"WebSite\",\"@id\":\"https:\/\/omerovic.eu\/nl\/#website\",\"url\":\"https:\/\/omerovic.eu\/nl\/\",\"name\":\"omerovic.eu\",\"description\":\"OMEROVI\u0106 Bioenergija\",\"publisher\":{\"@id\":\"https:\/\/omerovic.eu\/nl\/#organization\"},\"potentialAction\":[{\"@type\":\"SearchAction\",\"target\":{\"@type\":\"EntryPoint\",\"urlTemplate\":\"https:\/\/omerovic.eu\/nl\/?s={search_term_string}\"},\"query-input\":{\"@type\":\"PropertyValueSpecification\",\"valueRequired\":true,\"valueName\":\"search_term_string\"}}],\"inLanguage\":\"nl-NL\"},{\"@type\":\"Organization\",\"@id\":\"https:\/\/omerovic.eu\/nl\/#organization\",\"name\":\"omerovic.eu\",\"url\":\"https:\/\/omerovic.eu\/nl\/\",\"logo\":{\"@type\":\"ImageObject\",\"inLanguage\":\"nl-NL\",\"@id\":\"https:\/\/omerovic.eu\/nl\/#\/schema\/logo\/image\/\",\"url\":\"https:\/\/omerovic.eu\/wp-content\/uploads\/2020\/04\/favicon.png\",\"contentUrl\":\"https:\/\/omerovic.eu\/wp-content\/uploads\/2020\/04\/favicon.png\",\"width\":32,\"height\":32,\"caption\":\"omerovic.eu\"},\"image\":{\"@id\":\"https:\/\/omerovic.eu\/nl\/#\/schema\/logo\/image\/\"},\"sameAs\":[\"https:\/\/www.facebook.com\/omerovicbioenergija\",\"https:\/\/www.youtube.com\/channel\/UChydgg5CFf7MUwBjjs40qKg\"]}]}<\/script>\n<!-- \/ Yoast SEO plugin. -->","yoast_head_json":{"title":"Hoe vaak moet ik voor behandeling komen? - omerovic.eu","robots":{"index":"index","follow":"follow","max-snippet":"max-snippet:-1","max-image-preview":"max-image-preview:large","max-video-preview":"max-video-preview:-1"},"canonical":"https:\/\/omerovic.eu\/nl\/hoe-vaak-moet-ik-voor-behandeling-komen\/","og_locale":"nl_NL","og_type":"article","og_title":"Hoe vaak moet ik voor behandeling komen? - omerovic.eu","og_url":"https:\/\/omerovic.eu\/nl\/hoe-vaak-moet-ik-voor-behandeling-komen\/","og_site_name":"omerovic.eu","article_publisher":"https:\/\/www.facebook.com\/omerovicbioenergija","og_image":[{"width":1600,"height":1066,"url":"https:\/\/omerovic.eu\/wp-content\/uploads\/2020\/04\/WhatsApp-Image-2020-03-23-at-21.22.54-3.jpeg","type":"image\/jpeg"}],"twitter_card":"summary_large_image","twitter_misc":{"Geschatte leestijd":"1 minuut"},"schema":{"@context":"https:\/\/schema.org","@graph":[{"@type":"WebPage","@id":"https:\/\/omerovic.eu\/nl\/hoe-vaak-moet-ik-voor-behandeling-komen\/","url":"https:\/\/omerovic.eu\/nl\/hoe-vaak-moet-ik-voor-behandeling-komen\/","name":"Hoe vaak moet ik voor behandeling komen? - omerovic.eu","isPartOf":{"@id":"https:\/\/omerovic.eu\/nl\/#website"},"datePublished":"2020-08-09T20:38:39+00:00","breadcrumb":{"@id":"https:\/\/omerovic.eu\/nl\/hoe-vaak-moet-ik-voor-behandeling-komen\/#breadcrumb"},"inLanguage":"nl-NL","potentialAction":[{"@type":"ReadAction","target":["https:\/\/omerovic.eu\/nl\/hoe-vaak-moet-ik-voor-behandeling-komen\/"]}]},{"@type":"BreadcrumbList","@id":"https:\/\/omerovic.eu\/nl\/hoe-vaak-moet-ik-voor-behandeling-komen\/#breadcrumb","itemListElement":[{"@type":"ListItem","position":1,"name":"Home","item":"https:\/\/omerovic.eu\/nl\/"},{"@type":"ListItem","position":2,"name":"Hoe vaak moet ik voor behandeling komen?"}]},{"@type":"WebSite","@id":"https:\/\/omerovic.eu\/nl\/#website","url":"https:\/\/omerovic.eu\/nl\/","name":"omerovic.eu","description":"OMEROVI\u0106 Bioenergija","publisher":{"@id":"https:\/\/omerovic.eu\/nl\/#organization"},"potentialAction":[{"@type":"SearchAction","target":{"@type":"EntryPoint","urlTemplate":"https:\/\/omerovic.eu\/nl\/?s={search_term_string}"},"query-input":{"@type":"PropertyValueSpecification","valueRequired":true,"valueName":"search_term_string"}}],"inLanguage":"nl-NL"},{"@type":"Organization","@id":"https:\/\/omerovic.eu\/nl\/#organization","name":"omerovic.eu","url":"https:\/\/omerovic.eu\/nl\/","logo":{"@type":"ImageObject","inLanguage":"nl-NL","@id":"https:\/\/omerovic.eu\/nl\/#\/schema\/logo\/image\/","url":"https:\/\/omerovic.eu\/wp-content\/uploads\/2020\/04\/favicon.png","contentUrl":"https:\/\/omerovic.eu\/wp-content\/uploads\/2020\/04\/favicon.png","width":32,"height":32,"caption":"omerovic.eu"},"image":{"@id":"https:\/\/omerovic.eu\/nl\/#\/schema\/logo\/image\/"},"sameAs":["https:\/\/www.facebook.com\/omerovicbioenergija","https:\/\/www.youtube.com\/channel\/UChydgg5CFf7MUwBjjs40qKg"]}]}},"_links":{"self":[{"href":"https:\/\/omerovic.eu\/nl\/wp-json\/wp\/v2\/pages\/7467","targetHints":{"allow":["GET"]}}],"collection":[{"href":"https:\/\/omerovic.eu\/nl\/wp-json\/wp\/v2\/pages"}],"about":[{"href":"https:\/\/omerovic.eu\/nl\/wp-json\/wp\/v2\/types\/page"}],"author":[{"embeddable":true,"href":"https:\/\/omerovic.eu\/nl\/wp-json\/wp\/v2\/users\/1"}],"replies":[{"embeddable":true,"href":"https:\/\/omerovic.eu\/nl\/wp-json\/wp\/v2\/comments?post=7467"}],"version-history":[{"count":0,"href":"https:\/\/omerovic.eu\/nl\/wp-json\/wp\/v2\/pages\/7467\/revisions"}],"wp:attachment":[{"href":"https:\/\/omerovic.eu\/nl\/wp-json\/wp\/v2\/media?parent=7467"}],"curies":[{"name":"wp","href":"https:\/\/api.w.org\/{rel}","templated":true}]}}