{"id":7472,"date":"2020-08-09T23:30:20","date_gmt":"2020-08-09T21:30:20","guid":{"rendered":"https:\/\/omerovic.eu\/wie-is-muhamed-omerovic\/"},"modified":"2020-08-09T23:30:23","modified_gmt":"2020-08-09T21:30:23","slug":"wie-is-muhamed-omerovic","status":"publish","type":"page","link":"https:\/\/omerovic.eu\/nl\/wie-is-muhamed-omerovic\/","title":{"rendered":"Wie is Muhamed Omerovic?"},"content":{"rendered":"\n<style type=\"text\/css\" data-created_by=\"avia_inline_auto\" id=\"style-css-av-av_heading-a1ad9c57e86bfe311189d77f9657b81e\">\n#top .av-special-heading.av-av_heading-a1ad9c57e86bfe311189d77f9657b81e{\npadding-bottom:10px;\n}\nbody .av-special-heading.av-av_heading-a1ad9c57e86bfe311189d77f9657b81e .av-special-heading-tag .heading-char{\nfont-size:25px;\n}\n.av-special-heading.av-av_heading-a1ad9c57e86bfe311189d77f9657b81e .av-subheading{\nfont-size:15px;\n}\n<\/style>\n<div  class='av-special-heading av-av_heading-a1ad9c57e86bfe311189d77f9657b81e av-special-heading-h1  avia-builder-el-0  el_before_av_textblock  avia-builder-el-first '><h1 class='av-special-heading-tag '  itemprop=\"headline\"  >Wie is Muhamed Omerovic?<\/h1><div class=\"special-heading-border\"><div class=\"special-heading-inner-border\"><\/div><\/div><\/div>\n<section  class='av_textblock_section av-2tlqat-4948e8be235954c9c55f0edc2d8dabf2 '   itemscope=\"itemscope\" itemtype=\"https:\/\/schema.org\/CreativeWork\" ><div class='avia_textblock'  itemprop=\"text\" ><p>Healer Muhamed Omerovic is bekend in de wereld van het alternatief medicijn. Jarenlang is hij in de hele EU en natuurlijk in de Westelijke Balkan te vinden<\/p>\n<p>Doordat hij actief deel nam aan de verdediging van Sarajevo, werd hij in 1992 ernstig gewond geraakt door een sluipschutter kogel in zijn nek. <\/p>\n<p>Vanwege de ernst van het letsel werd hij voor behandeling naar Duitsland overgebracht. Hij onderging een operatie in Duitsland. Na vier jaar behandeling genas hij op mysterieuze wijze. Letterlijk over nacht.   <\/p>\n<p>Dan beseft hij dat hij de gave heeft om gewonden en zieken te kunnen helpen.<\/p>\n<p>Tegenwoordig helpt hij mensen over de hele wereld met zijn unieke genezingsmethode die hij tijdens het vorige kwart eeuw door mensen te behandelen heeft ontwikkeld.<\/p>\n<\/div><\/section>\n<div  class='tabcontainer av-kb5lej3f-cd4478528700dc31cb3f19d8ffbf5298 top_tab  avia-builder-el-2  el_after_av_textblock  avia-builder-el-last '>\n<section class='av_tab_section av_tab_section av-54kp5x-350cba54add3773fa5557aaed722d1cb'  itemscope=\"itemscope\" itemtype=\"https:\/\/schema.org\/CreativeWork\" ><div id='tab-id-1-tab' class='tab active_tab' role='tab' aria-selected=\"true\" tabindex=\"0\" data-fake-id='#tab-id-1' aria-controls='tab-id-1-content'  itemprop=\"headline\" ><span class='tab_icon avia-iconfont avia-font-entypo-fontello' data-av_icon='\ue871' data-av_iconfont='entypo-fontello' ><\/span>...<\/div><div id='tab-id-1-content' class='tab_content active_tab_content' role='tabpanel' aria-labelledby='tab-id-1-tab' aria-hidden=\"false\"><div class='tab_inner_content invers-color'  itemprop=\"text\" ><p>Via een aantal connecties plaatsten ze me in het ziekenhuis en opereerden uiteindelijk mijn ruggengraat. Ik ben vier jaar behandeld, maar aan de pijn kon niets worden gedaan. De pijn was zodanig dat ik niet kon zitten of lopen. Het deed altijd pijn. Ik sliep in fauteuils, stoelen, als het slaap kan worden genoemd, en eenmaal in die slaap hoorde ik een stem tegen me zeggen: &#8216;Je moet en zult iedereen halveren (vergeven ), ongeacht of je nu weet of niet wie je iets heeft aangedaan. &#8221;<\/p>\n<p>Ik werd &#8217;s ochtends wakker en dacht dat ik dood was. Niets deed me meer pijn. Precies in die tijd kwam er een vriend bij mij met wie ik samen studeerde en die op een bouwplaats in M\u00fcnchen werkte. Hij klaagde over rugpijn en ik legde mechanisch mijn handen op hem en hij zei: &#8220;Eh, je handen branden!&#8221; En ik genees zijn rugpijn. Zo ben ik begonnen. Ik heb vragen gesteld, onderzocht, eerst geprobeerd in een vriendenkring, kennissen. Wat zouden onze mensen zeggen: &#8220;Gods hand heeft mij geleid!&#8221;. Ik heb ontdekt dat ik ook op afstand therapie kan geven.<\/p>\n<p>&#8211; Ik heb altijd gedacht dat daar een soort verbinding voor moest komen, totdat ik via Ahmed Bosni\u0107, met wie ik vrienden werd, in contact kwam met Damir \u0160turman, een bio-energeticus uit Pore\u010d. Ik stuurde hem \u00e9\u00e9n keer per nacht een bericht op Skype en hij klaagde dat zijn oor en tand pijn deden. Toen we dit oplosten door een hand op de tand en de pink van de andere hand in zijn oor te houden, realiseerde ik me dat ik niet telefonisch verbonden hoefde te zijn, dat ik niet hoefde te weten wie ziek was, wat hem pijn deed of waar hij was. Ik moet die persoon, of iemand anders in de buurt, gewoon vertellen wanneer hij zijn hand op de zere plek moet leggen en wanneer hij die moet verwijderen. En het werkt.    <\/p>\n<p>Het komt me vaak voor dat ik een tiental mensen tegelijkertijd verwerk. Het is voor mij het bewijs dat niets van mij is, het is voor mij onverklaarbaar. Ik heb een gave die werkt en ik wil dat zoveel mogelijk mensen hem gebruiken..   <\/p>\n<p>&#8211; In het asielzoekerscentrum waar ik in Nederland was, fietste een kind en viel. Ik nam hem twee minuten en hij sprong terug op de fiets en vertrok. Ik was verbaasd, maar zo realiseerde ik me dat lichamelijk letsel het gemakkelijkst voor mij is. Als het lichaam gezond is, is het genezen van de pijn het minste probleem. Atleten zijn jonge, gezonde mensen, hun stofwisseling is perfect, hun lichamelijk letsel is zonder problemen opgelost.    <\/p>\n<p>Ik behandel alles wat pijn doet, behalve die verwondingen die operatief moeten worden hersteld. Maar laten we zeggen, ik los spierscheur, de klassieke, longitudinale, binnen een half uur op &#8211; vervolgt de voormalige sportjournalist, die nu in Tilburg woont en vooral trots is op de namen van de atleten die hij hielp. De lijst bevat indrukwekkende namen, in Rijeka werd hij bezocht door Xavi Garcia, An\u0111elo \u0160etka, Sandro Sukno, voormalig basketbalspeler van &#8220;\u0160krljevo&#8221; Marko Mileki\u0107 was genezen van enkelvervorming na slechts een half uur durende behandeling, voetballers van &#8220;Rijeka&#8221; Stefan Ristovski en Roman Bezjak gaan naar hem toe , en van alle is ongetwijfeld de bekendste &#8211; Ivica Oli\u0107.<\/p>\n<\/div><\/div><\/section>\n<section class='av_tab_section av_tab_section av-4myp39-cfda84f39d35929c57515960125a7326'  itemscope=\"itemscope\" itemtype=\"https:\/\/schema.org\/CreativeWork\" ><div id='tab-id-2-tab' class='tab' role='tab' aria-selected=\"false\" tabindex=\"0\" data-fake-id='#tab-id-2' aria-controls='tab-id-2-content'  itemprop=\"headline\" ><span class='tab_icon avia-iconfont avia-font-entypo-fontello' data-av_icon='\ue871' data-av_iconfont='entypo-fontello' ><\/span>IVICA OLI\u0106<\/div><div id='tab-id-2-content' class='tab_content' role='tabpanel' aria-labelledby='tab-id-2-tab' aria-hidden=\"true\"><div class='tab_inner_content invers-color'  itemprop=\"text\" ><p><strong>Ivica Oli\u0107<\/strong><\/p>\n<p>&#8211; \u017deljko Petrovi\u0107, de coach van Ivica Oli\u0107 bij HSV, dat wil zeggen, hij was de assistent van Martin Jol, vroeg me om Ivica Oli\u0107 te helpen, die een scheur had op het kuit van zeven centimeter. Olic belde me, zei dat hij pijn had, dat hij niet op zijn been kon leunen. Hij hield zijn hand ongeveer tien minuten op de zere plek en aan de andere kant riep hij gewoon &#8220;Oh, fuck!&#8221;. De pijn verdween niet helemaal, maar hij gebruikte geen krukken meer. Toen ik naar Bosni\u00eb ging zeven dagen later, stopte ik bij hem in M\u00fcnchen, we hebben nog een behandeling gedaan en alles was opgelost. Een dag later ging hij naar de MRI en stuurde me een sms: &#8220;Alles is in orde!&#8221;<\/p>\n<p>Ik heb daarna nooit meer gesproken, maar dat neem ik hem niet kwalijk. Dr. Hans Wilhelm M\u00fcller-Wohlfahrt, destijds arts van Bayern en arts van het Duitse nationale voetbalteam, wordt beschouwd als &#8217;s werelds beste expert op het gebied van spierblessures. Natuurlijk kon hij niet eens toestaan dat iemand van de bouwplaats zijn beste speler heeft genezen. Ik begrijp dat.   <\/p>\n<p>Een vooraanstaande Kroatische medische deskundige, die ik zeer waardeer als deskundige, en nog meer als persoon, zei openlijk: \u201cIk zou nooit een van mijn pati\u00ebnten verbieden naar je toe te komen, maar ik zal niemand aanraden om naar je op zoek te gaan. Veel klinieken zouden sluiten als mensen u pati\u00ebnten zouden aanbevelen! \u201d. Ik heb medelijden met de mensen, met de atleten, die heel gemakkelijk kunnen herstellen.<\/p>\n<p>Het beste bewijs zijn de vorige voetballers van Rijeka, Stefan Ristovski en Roman Bezjak. Ristovski was twee keer een half uur, Bezjak was een keer, opnieuw deden we de behandeling op afstand. En ze speelden en speelden allebei. Ristovski passeerde de helft van Kroati\u00eb, alleen werd het erger.   <\/p>\n<p>Na een behandeling van tien minuten kon hij weer lopen. Bezjak werd geplaagd door een oude blessure uit Darmstadt, toen hij zijn pink brak, die verkeerd genas. Hij kon zijn sneaker niet van de pijn aandoen. Ik ben terughoudend om te praten, maar als het om atleten gaat, kan ik ook heel gemakkelijk hun blokkades in hun hoofd verwijderen. Vooral degenen die stijf zijn wanneer het spel begint.     .<\/p>\n<p>. .<\/p>\n<\/div><\/div><\/section>\n<section class='av_tab_section av_tab_section av-2hspdh-fe4c794c28f0e920bd29d17fd084f2c4'  itemscope=\"itemscope\" itemtype=\"https:\/\/schema.org\/CreativeWork\" ><div id='tab-id-3-tab' class='tab' role='tab' aria-selected=\"false\" tabindex=\"0\" data-fake-id='#tab-id-3' aria-controls='tab-id-3-content'  itemprop=\"headline\" ><span class='tab_icon avia-iconfont avia-font-entypo-fontello' data-av_icon='\ue871' data-av_iconfont='entypo-fontello' ><\/span>GENEESKUNDE HEEFT HET LAATSTE WOORD<\/div><div id='tab-id-3-content' class='tab_content' role='tabpanel' aria-labelledby='tab-id-3-tab' aria-hidden=\"true\"><div class='tab_inner_content invers-color'  itemprop=\"text\" ><p>&#8211; Ik kreeg zelfs telefoontjes uit Congo, dus ik moest Google Translate gebruiken. Het verbaasde me hoe het zich verspreidde. Ik heb veel met de Russen samengewerkt dankzij Alexei Prudnikov, die v\u00f3\u00f3r de oorlog voor Vele\u017e en Sarajevo in Bosni\u00eb Herzegovina gespeeld had. Het belangrijkste was dat ik er nooit voor terugdeinsde om artsen hun laatste woord te laten zeggen. Als het op medicijnen aankomt, ben ik een complete leek, maar ik raad bijna altijd wat voor soort blessure het is.    <\/p>\n<p>Scheurtje, verdikken, hematoom, ik vind een oud litteken. Ik stel operaties uit aan degenen die nog niet rijp zijn voor een heup- of knieoperatie, ik ga succesvol om met sinussen, hoofdpijn, verkalkingen, alcoholproblemen &#8230; Ik beweer nooit dat ik iedereen kan helpen. Ik zie dit als een geschenk. Gave. Ik hou er niet van om mensen in onzekerheid te houden en ik doe geen valse beloften. In de meeste gevallen is negentig procent van de verschillende verwondingen en ziekten, genezen.    <\/p>\n<p>Er waren gevallen waarvan ik dacht dat ik ze niet kon oplossen, dus het werd in een zeer korte tijd opgelost. Ik had een geval van een jonge man uit Nederland die nierfalen had, in coma raakte en na het ontwaken vier jaar lang nauwelijks kon bewegen. Toen hij 16 was, zocht zijn vader mij op en vroeg me om zijn zoon te helpen. Hij belde me, zei dat zijn heup pijn deed, we deden slechts \u00e9\u00e9n minuut behandelen, en toen hij zijn hand op die pijnlijke plek legde en na die minuut van behandeling, liep hij.    Bij mensen die een beroerte hebben overleefd of bij mensen die met misvormingen zijn geboren, zijn de resultaten slecht, maar ik zal niemand afwijzen. Soms is er een verbetering, vooral als het om pijn gaat. <\/p>\n<p>. . . . .<\/p>\n<\/div><\/div><\/section>\n<\/div>\n","protected":false},"excerpt":{"rendered":"","protected":false},"author":2,"featured_media":0,"parent":0,"menu_order":0,"comment_status":"closed","ping_status":"closed","template":"","meta":{"footnotes":""},"class_list":["post-7472","page","type-page","status-publish","hentry"],"yoast_head":"<!-- This site is optimized with the Yoast SEO plugin v27.2 - https:\/\/yoast.com\/product\/yoast-seo-wordpress\/ -->\n<title>Wie is Muhamed Omerovic? - omerovic.eu<\/title>\n<meta name=\"robots\" content=\"index, follow, max-snippet:-1, max-image-preview:large, max-video-preview:-1\" \/>\n<link rel=\"canonical\" href=\"https:\/\/omerovic.eu\/nl\/wie-is-muhamed-omerovic\/\" \/>\n<meta property=\"og:locale\" content=\"nl_NL\" \/>\n<meta property=\"og:type\" content=\"article\" \/>\n<meta property=\"og:title\" content=\"Wie is Muhamed Omerovic? - omerovic.eu\" \/>\n<meta property=\"og:url\" content=\"https:\/\/omerovic.eu\/nl\/wie-is-muhamed-omerovic\/\" \/>\n<meta property=\"og:site_name\" content=\"omerovic.eu\" \/>\n<meta property=\"article:publisher\" content=\"https:\/\/www.facebook.com\/omerovicbioenergija\" \/>\n<meta property=\"article:modified_time\" content=\"2020-08-09T21:30:23+00:00\" \/>\n<meta property=\"og:image\" content=\"https:\/\/omerovic.eu\/wp-content\/uploads\/2020\/04\/WhatsApp-Image-2020-03-23-at-21.22.54-3.jpeg\" \/>\n\t<meta property=\"og:image:width\" content=\"1600\" \/>\n\t<meta property=\"og:image:height\" content=\"1066\" \/>\n\t<meta property=\"og:image:type\" content=\"image\/jpeg\" \/>\n<meta name=\"twitter:card\" content=\"summary_large_image\" \/>\n<meta name=\"twitter:label1\" content=\"Geschatte leestijd\" \/>\n\t<meta name=\"twitter:data1\" content=\"7 minuten\" \/>\n<script type=\"application\/ld+json\" class=\"yoast-schema-graph\">{\"@context\":\"https:\/\/schema.org\",\"@graph\":[{\"@type\":\"WebPage\",\"@id\":\"https:\/\/omerovic.eu\/nl\/wie-is-muhamed-omerovic\/\",\"url\":\"https:\/\/omerovic.eu\/nl\/wie-is-muhamed-omerovic\/\",\"name\":\"Wie is Muhamed Omerovic? - omerovic.eu\",\"isPartOf\":{\"@id\":\"https:\/\/omerovic.eu\/nl\/#website\"},\"datePublished\":\"2020-08-09T21:30:20+00:00\",\"dateModified\":\"2020-08-09T21:30:23+00:00\",\"breadcrumb\":{\"@id\":\"https:\/\/omerovic.eu\/nl\/wie-is-muhamed-omerovic\/#breadcrumb\"},\"inLanguage\":\"nl-NL\",\"potentialAction\":[{\"@type\":\"ReadAction\",\"target\":[\"https:\/\/omerovic.eu\/nl\/wie-is-muhamed-omerovic\/\"]}]},{\"@type\":\"BreadcrumbList\",\"@id\":\"https:\/\/omerovic.eu\/nl\/wie-is-muhamed-omerovic\/#breadcrumb\",\"itemListElement\":[{\"@type\":\"ListItem\",\"position\":1,\"name\":\"Home\",\"item\":\"https:\/\/omerovic.eu\/nl\/\"},{\"@type\":\"ListItem\",\"position\":2,\"name\":\"Wie is Muhamed Omerovic?\"}]},{\"@type\":\"WebSite\",\"@id\":\"https:\/\/omerovic.eu\/nl\/#website\",\"url\":\"https:\/\/omerovic.eu\/nl\/\",\"name\":\"omerovic.eu\",\"description\":\"OMEROVI\u0106 Bioenergija\",\"publisher\":{\"@id\":\"https:\/\/omerovic.eu\/nl\/#organization\"},\"potentialAction\":[{\"@type\":\"SearchAction\",\"target\":{\"@type\":\"EntryPoint\",\"urlTemplate\":\"https:\/\/omerovic.eu\/nl\/?s={search_term_string}\"},\"query-input\":{\"@type\":\"PropertyValueSpecification\",\"valueRequired\":true,\"valueName\":\"search_term_string\"}}],\"inLanguage\":\"nl-NL\"},{\"@type\":\"Organization\",\"@id\":\"https:\/\/omerovic.eu\/nl\/#organization\",\"name\":\"omerovic.eu\",\"url\":\"https:\/\/omerovic.eu\/nl\/\",\"logo\":{\"@type\":\"ImageObject\",\"inLanguage\":\"nl-NL\",\"@id\":\"https:\/\/omerovic.eu\/nl\/#\/schema\/logo\/image\/\",\"url\":\"https:\/\/omerovic.eu\/wp-content\/uploads\/2020\/04\/favicon.png\",\"contentUrl\":\"https:\/\/omerovic.eu\/wp-content\/uploads\/2020\/04\/favicon.png\",\"width\":32,\"height\":32,\"caption\":\"omerovic.eu\"},\"image\":{\"@id\":\"https:\/\/omerovic.eu\/nl\/#\/schema\/logo\/image\/\"},\"sameAs\":[\"https:\/\/www.facebook.com\/omerovicbioenergija\",\"https:\/\/www.youtube.com\/channel\/UChydgg5CFf7MUwBjjs40qKg\"]}]}<\/script>\n<!-- \/ Yoast SEO plugin. -->","yoast_head_json":{"title":"Wie is Muhamed Omerovic? - omerovic.eu","robots":{"index":"index","follow":"follow","max-snippet":"max-snippet:-1","max-image-preview":"max-image-preview:large","max-video-preview":"max-video-preview:-1"},"canonical":"https:\/\/omerovic.eu\/nl\/wie-is-muhamed-omerovic\/","og_locale":"nl_NL","og_type":"article","og_title":"Wie is Muhamed Omerovic? - omerovic.eu","og_url":"https:\/\/omerovic.eu\/nl\/wie-is-muhamed-omerovic\/","og_site_name":"omerovic.eu","article_publisher":"https:\/\/www.facebook.com\/omerovicbioenergija","article_modified_time":"2020-08-09T21:30:23+00:00","og_image":[{"width":1600,"height":1066,"url":"https:\/\/omerovic.eu\/wp-content\/uploads\/2020\/04\/WhatsApp-Image-2020-03-23-at-21.22.54-3.jpeg","type":"image\/jpeg"}],"twitter_card":"summary_large_image","twitter_misc":{"Geschatte leestijd":"7 minuten"},"schema":{"@context":"https:\/\/schema.org","@graph":[{"@type":"WebPage","@id":"https:\/\/omerovic.eu\/nl\/wie-is-muhamed-omerovic\/","url":"https:\/\/omerovic.eu\/nl\/wie-is-muhamed-omerovic\/","name":"Wie is Muhamed Omerovic? - omerovic.eu","isPartOf":{"@id":"https:\/\/omerovic.eu\/nl\/#website"},"datePublished":"2020-08-09T21:30:20+00:00","dateModified":"2020-08-09T21:30:23+00:00","breadcrumb":{"@id":"https:\/\/omerovic.eu\/nl\/wie-is-muhamed-omerovic\/#breadcrumb"},"inLanguage":"nl-NL","potentialAction":[{"@type":"ReadAction","target":["https:\/\/omerovic.eu\/nl\/wie-is-muhamed-omerovic\/"]}]},{"@type":"BreadcrumbList","@id":"https:\/\/omerovic.eu\/nl\/wie-is-muhamed-omerovic\/#breadcrumb","itemListElement":[{"@type":"ListItem","position":1,"name":"Home","item":"https:\/\/omerovic.eu\/nl\/"},{"@type":"ListItem","position":2,"name":"Wie is Muhamed Omerovic?"}]},{"@type":"WebSite","@id":"https:\/\/omerovic.eu\/nl\/#website","url":"https:\/\/omerovic.eu\/nl\/","name":"omerovic.eu","description":"OMEROVI\u0106 Bioenergija","publisher":{"@id":"https:\/\/omerovic.eu\/nl\/#organization"},"potentialAction":[{"@type":"SearchAction","target":{"@type":"EntryPoint","urlTemplate":"https:\/\/omerovic.eu\/nl\/?s={search_term_string}"},"query-input":{"@type":"PropertyValueSpecification","valueRequired":true,"valueName":"search_term_string"}}],"inLanguage":"nl-NL"},{"@type":"Organization","@id":"https:\/\/omerovic.eu\/nl\/#organization","name":"omerovic.eu","url":"https:\/\/omerovic.eu\/nl\/","logo":{"@type":"ImageObject","inLanguage":"nl-NL","@id":"https:\/\/omerovic.eu\/nl\/#\/schema\/logo\/image\/","url":"https:\/\/omerovic.eu\/wp-content\/uploads\/2020\/04\/favicon.png","contentUrl":"https:\/\/omerovic.eu\/wp-content\/uploads\/2020\/04\/favicon.png","width":32,"height":32,"caption":"omerovic.eu"},"image":{"@id":"https:\/\/omerovic.eu\/nl\/#\/schema\/logo\/image\/"},"sameAs":["https:\/\/www.facebook.com\/omerovicbioenergija","https:\/\/www.youtube.com\/channel\/UChydgg5CFf7MUwBjjs40qKg"]}]}},"_links":{"self":[{"href":"https:\/\/omerovic.eu\/nl\/wp-json\/wp\/v2\/pages\/7472","targetHints":{"allow":["GET"]}}],"collection":[{"href":"https:\/\/omerovic.eu\/nl\/wp-json\/wp\/v2\/pages"}],"about":[{"href":"https:\/\/omerovic.eu\/nl\/wp-json\/wp\/v2\/types\/page"}],"author":[{"embeddable":true,"href":"https:\/\/omerovic.eu\/nl\/wp-json\/wp\/v2\/users\/2"}],"replies":[{"embeddable":true,"href":"https:\/\/omerovic.eu\/nl\/wp-json\/wp\/v2\/comments?post=7472"}],"version-history":[{"count":0,"href":"https:\/\/omerovic.eu\/nl\/wp-json\/wp\/v2\/pages\/7472\/revisions"}],"wp:attachment":[{"href":"https:\/\/omerovic.eu\/nl\/wp-json\/wp\/v2\/media?parent=7472"}],"curies":[{"name":"wp","href":"https:\/\/api.w.org\/{rel}","templated":true}]}}