{"id":7505,"date":"2020-08-16T21:31:59","date_gmt":"2020-08-16T19:31:59","guid":{"rendered":"https:\/\/omerovic.eu\/waarom-voor-ons-kiezen\/"},"modified":"2020-08-16T21:32:01","modified_gmt":"2020-08-16T19:32:01","slug":"waarom-voor-ons-kiezen","status":"publish","type":"page","link":"https:\/\/omerovic.eu\/nl\/waarom-voor-ons-kiezen\/","title":{"rendered":"Waarom voor ons kiezen?"},"content":{"rendered":"\n<style type=\"text\/css\" data-created_by=\"avia_inline_auto\" id=\"style-css-av-av_heading-53ac823dd265128f8a572c234a6e3872\">\n#top .av-special-heading.av-av_heading-53ac823dd265128f8a572c234a6e3872{\npadding-bottom:10px;\n}\nbody .av-special-heading.av-av_heading-53ac823dd265128f8a572c234a6e3872 .av-special-heading-tag .heading-char{\nfont-size:25px;\n}\n.av-special-heading.av-av_heading-53ac823dd265128f8a572c234a6e3872 .av-subheading{\nfont-size:15px;\n}\n<\/style>\n<div  class='av-special-heading av-av_heading-53ac823dd265128f8a572c234a6e3872 av-special-heading-h1  avia-builder-el-0  el_before_av_one_half  avia-builder-el-first '><h1 class='av-special-heading-tag '  itemprop=\"headline\"  >Waarom voor ons kiezen?<\/h1><div class=\"special-heading-border\"><div class=\"special-heading-inner-border\"><\/div><\/div><\/div>\n\n<style type=\"text\/css\" data-created_by=\"avia_inline_auto\" id=\"style-css-av-4g95i8-221088098a056cc0278f2dcdd3801442\">\n.flex_column.av-4g95i8-221088098a056cc0278f2dcdd3801442{\nborder-radius:0px 0px 0px 0px;\npadding:0px 0px 0px 0px;\n}\n<\/style>\n<div  class='flex_column av-4g95i8-221088098a056cc0278f2dcdd3801442 av_one_half  avia-builder-el-1  el_after_av_heading  el_before_av_one_half  first flex_column_div av-zero-column-padding  '     ><div  class='togglecontainer av-kbh01kuf-2ba0ca95423932bcd42c6daf0bbae35d  avia-builder-el-2  avia-builder-el-no-sibling  toggle_close_all' >\n<section class='av_toggle_section av-av_toggle-043ba36056262d5daa915acbddb776c9'  itemscope=\"itemscope\" itemtype=\"https:\/\/schema.org\/CreativeWork\" ><div role=\"tablist\" class=\"single_toggle\" data-tags=\"{Alle} \"  ><p id='toggle-toggle-id-1' data-fake-id='#toggle-id-1' class='toggler  av-title-above '  itemprop=\"headline\"  role='tab' tabindex='0' aria-controls='toggle-id-1' data-slide-speed=\"200\" data-title=\"Effectiviteit - effici\u00ebntie\" data-title-open=\"\" data-aria_collapsed=\"Klik om uit te klappen: Effectiviteit - effici\u00ebntie\" data-aria_expanded=\"Klik om in te klappen: Effectiviteit - effici\u00ebntie\">Effectiviteit - effici\u00ebntie<span class=\"toggle_icon\"><span class=\"vert_icon\"><\/span><span class=\"hor_icon\"><\/span><\/span><\/p><div id='toggle-id-1' aria-labelledby='toggle-toggle-id-1' role='region' class='toggle_wrap  av-title-above'  ><div class='toggle_content invers-color '  itemprop=\"text\" ><p>In zeer korte tijd, in verhouding tot de ge\u00efnvesteerde middelen en inzet, zijn de resultaten fantastisch. Ze zijn onvergelijkelijk beter in vergelijking met de resultaten die worden verkregen met vergelijkbare behandelmethoden, en vele malen sneller en goedkoper dan met de conventionele geneeskunde. De conventionele geneeskunde mag echter niet worden verwaarloosd of omzeild. De dokter moet altijd de laatste zijn en hij is degene die beslist of iemand hersteld is of niet. Vooral omdat bio-energeticus Omerovi\u0107 niet helderziend is en niet weet wat voor wie is en wat en wanneer voor wie zal zijn. Daarom is controle na de behandeling noodzakelijk en moet men streven naar een symbiose tussen conventionele en alternatieve geneeswijzen.<\/p>\n<\/div><\/div><\/div><\/section>\n<section class='av_toggle_section av-av_toggle-3ddd49f13d46edec9ca35828454a8272'  itemscope=\"itemscope\" itemtype=\"https:\/\/schema.org\/CreativeWork\" ><div role=\"tablist\" class=\"single_toggle\" data-tags=\"{Alle} \"  ><p id='toggle-toggle-id-2' data-fake-id='#toggle-id-2' class='toggler  av-title-above '  itemprop=\"headline\"  role='tab' tabindex='0' aria-controls='toggle-id-2' data-slide-speed=\"200\" data-title=\"Effici\u00ebntie\" data-title-open=\"\" data-aria_collapsed=\"Klik om uit te klappen: Effici\u00ebntie\" data-aria_expanded=\"Klik om in te klappen: Effici\u00ebntie\">Effici\u00ebntie<span class=\"toggle_icon\"><span class=\"vert_icon\"><\/span><span class=\"hor_icon\"><\/span><\/span><\/p><div id='toggle-id-2' aria-labelledby='toggle-toggle-id-2' role='region' class='toggle_wrap  av-title-above'  ><div class='toggle_content invers-color '  itemprop=\"text\" ><p>Bio-energetische behandelingen van bio-energetica Omerivi\u0107 zijn zeer effectief, vooral in combinatie met conventionele geneeskunde. Veel ziekten, verwondingen en aandoeningen kunnen snel en gemakkelijk worden genezen en met ziekten die helaas niet kunnen worden genezen, is het mogelijk om de symptomen gedeeltelijk of volledig te elimineren en de kwaliteit van leven naar een hoger niveau te tillen.<\/p>\n<\/div><\/div><\/div><\/section>\n<section class='av_toggle_section av-av_toggle-418c9172ab20dd38fb648b9dfc114b1c'  itemscope=\"itemscope\" itemtype=\"https:\/\/schema.org\/CreativeWork\" ><div role=\"tablist\" class=\"single_toggle\" data-tags=\"{Alle} \"  ><p id='toggle-toggle-id-3' data-fake-id='#toggle-id-3' class='toggler  av-title-above '  itemprop=\"headline\"  role='tab' tabindex='0' aria-controls='toggle-id-3' data-slide-speed=\"200\" data-title=\"Velen waren, bekend en onbekend, en losten hun gezondheidsproblemen op ...\" data-title-open=\"\" data-aria_collapsed=\"Klik om uit te klappen: Velen waren, bekend en onbekend, en losten hun gezondheidsproblemen op ...\" data-aria_expanded=\"Klik om in te klappen: Velen waren, bekend en onbekend, en losten hun gezondheidsproblemen op ...\">Velen waren, bekend en onbekend, en losten hun gezondheidsproblemen op ...<span class=\"toggle_icon\"><span class=\"vert_icon\"><\/span><span class=\"hor_icon\"><\/span><\/span><\/p><div id='toggle-id-3' aria-labelledby='toggle-toggle-id-3' role='region' class='toggle_wrap  av-title-above'  ><div class='toggle_content invers-color '  itemprop=\"text\" ><\/div><\/div><\/div><\/section>\n<\/div><\/div>\n<style type=\"text\/css\" data-created_by=\"avia_inline_auto\" id=\"style-css-av-39diio-f3d31b7ed066b63955b10b03c9dfc6fe\">\n.flex_column.av-39diio-f3d31b7ed066b63955b10b03c9dfc6fe{\nborder-radius:0px 0px 0px 0px;\npadding:0px 0px 0px 0px;\n}\n<\/style>\n<div  class='flex_column av-39diio-f3d31b7ed066b63955b10b03c9dfc6fe av_one_half  avia-builder-el-3  el_after_av_one_half  avia-builder-el-last  flex_column_div av-zero-column-padding  '     ><p>\n<style type=\"text\/css\" data-created_by=\"avia_inline_auto\" id=\"style-css-av-kbgzvds1-6709463e4bb83ccb2571aea2805c54bf\">\n#top .av-special-heading.av-kbgzvds1-6709463e4bb83ccb2571aea2805c54bf{\npadding-bottom:10px;\n}\nbody .av-special-heading.av-kbgzvds1-6709463e4bb83ccb2571aea2805c54bf .av-special-heading-tag .heading-char{\nfont-size:25px;\n}\n.av-special-heading.av-kbgzvds1-6709463e4bb83ccb2571aea2805c54bf .av-subheading{\nfont-size:15px;\n}\n<\/style>\n<div  class='av-special-heading av-kbgzvds1-6709463e4bb83ccb2571aea2805c54bf av-special-heading-h3  avia-builder-el-4  el_before_av_textblock  avia-builder-el-first '><h3 class='av-special-heading-tag '  itemprop=\"headline\"  >Kod bioenergeti\u010dara Omerovi\u0107a su mnoga svjetska zvu\u010dna imena na\u0161la rje\u0161enje za svoje sportske povrede<\/h3><div class=\"special-heading-border\"><div class=\"special-heading-inner-border\"><\/div><\/div><\/div><br \/>\n<section  class='av_textblock_section av-kbgzvtqd-d6ce39508c9f77648d7edbbea467df18 '   itemscope=\"itemscope\" itemtype=\"https:\/\/schema.org\/CreativeWork\" ><div class='avia_textblock'  itemprop=\"text\" ><p>Voormalig Kroatische nationale teamspeler <strong><em>Ivica Oli\u0107<\/em><\/strong>, Kroatische waterpolo-teamleden <strong><em>\u0160etka, Sukno, Garcia<\/em><\/strong>\u2026 Dan, Macedonische voetballegendes <strong><em>Sa\u0161a \u0106iri\u0107 en \u017danko Savov<\/em><\/strong>. Russisch Olympisch gouden medaillewinnaar uit Seoul 1988. <strong><em>Alexei Prudnikov.<\/em><\/strong> Dinamo-legende <strong><em>Marko Mlinari\u0107<\/em><\/strong>. Judo nationale teamleden van BiH <strong><em>Harun<\/em><\/strong><em><strong>Sadikovi\u0107 en Petar Zadro<\/strong><\/em>. Voormalig wereld- en Europees taekwondokampioen <strong><em>Agim Murti\u0107<\/em><\/strong>, doelman <strong><em>Osman Had\u017eiki\u0107<\/em><\/strong>\u2026<\/p>\n<p>Er zijn ook <strong><em>Roman Bezjak, Stefan Ristovski, Damir Milinovic, Ahmad Sharbini, Mateo Hrvatin, Ivica Golik<\/em><\/strong> &#8230; Coaches <strong><em>Darija Kalezic<\/em><\/strong>, <strong><em>Miodrag Radulovic<\/em><\/strong>. Nederlandse voetballers <strong><em>Arjen Swinkels en Purrel Fr\u00e4nkel<\/em><\/strong> Australisch voetbalelftal speler <strong><em>Rostyn Griffiths<\/em><\/strong>. Japanse voetballers <strong><em>Tadaaki Hirakawa, Tatsuya Tanaka, Genki Haraguchi<\/em><\/strong> en vele anderen.<\/p>\n<\/div><\/section><\/p><\/div><\/p>\n","protected":false},"excerpt":{"rendered":"","protected":false},"author":1,"featured_media":0,"parent":0,"menu_order":0,"comment_status":"closed","ping_status":"closed","template":"","meta":{"footnotes":""},"class_list":["post-7505","page","type-page","status-publish","hentry"],"yoast_head":"<!-- This site is optimized with the Yoast SEO plugin v27.2 - https:\/\/yoast.com\/product\/yoast-seo-wordpress\/ -->\n<title>Waarom voor ons kiezen? - omerovic.eu<\/title>\n<meta name=\"robots\" content=\"index, follow, max-snippet:-1, max-image-preview:large, max-video-preview:-1\" \/>\n<link rel=\"canonical\" href=\"https:\/\/omerovic.eu\/nl\/waarom-voor-ons-kiezen\/\" \/>\n<meta property=\"og:locale\" content=\"nl_NL\" \/>\n<meta property=\"og:type\" content=\"article\" \/>\n<meta property=\"og:title\" content=\"Waarom voor ons kiezen? - omerovic.eu\" \/>\n<meta property=\"og:url\" content=\"https:\/\/omerovic.eu\/nl\/waarom-voor-ons-kiezen\/\" \/>\n<meta property=\"og:site_name\" content=\"omerovic.eu\" \/>\n<meta property=\"article:publisher\" content=\"https:\/\/www.facebook.com\/omerovicbioenergija\" \/>\n<meta property=\"article:modified_time\" content=\"2020-08-16T19:32:01+00:00\" \/>\n<meta property=\"og:image\" content=\"https:\/\/omerovic.eu\/wp-content\/uploads\/2020\/04\/WhatsApp-Image-2020-03-23-at-21.22.54-3.jpeg\" \/>\n\t<meta property=\"og:image:width\" content=\"1600\" \/>\n\t<meta property=\"og:image:height\" content=\"1066\" \/>\n\t<meta property=\"og:image:type\" content=\"image\/jpeg\" \/>\n<meta name=\"twitter:card\" content=\"summary_large_image\" \/>\n<meta name=\"twitter:label1\" content=\"Geschatte leestijd\" \/>\n\t<meta name=\"twitter:data1\" content=\"3 minuten\" \/>\n<script type=\"application\/ld+json\" class=\"yoast-schema-graph\">{\"@context\":\"https:\/\/schema.org\",\"@graph\":[{\"@type\":\"WebPage\",\"@id\":\"https:\/\/omerovic.eu\/nl\/waarom-voor-ons-kiezen\/\",\"url\":\"https:\/\/omerovic.eu\/nl\/waarom-voor-ons-kiezen\/\",\"name\":\"Waarom voor ons kiezen? - omerovic.eu\",\"isPartOf\":{\"@id\":\"https:\/\/omerovic.eu\/nl\/#website\"},\"datePublished\":\"2020-08-16T19:31:59+00:00\",\"dateModified\":\"2020-08-16T19:32:01+00:00\",\"breadcrumb\":{\"@id\":\"https:\/\/omerovic.eu\/nl\/waarom-voor-ons-kiezen\/#breadcrumb\"},\"inLanguage\":\"nl-NL\",\"potentialAction\":[{\"@type\":\"ReadAction\",\"target\":[\"https:\/\/omerovic.eu\/nl\/waarom-voor-ons-kiezen\/\"]}]},{\"@type\":\"BreadcrumbList\",\"@id\":\"https:\/\/omerovic.eu\/nl\/waarom-voor-ons-kiezen\/#breadcrumb\",\"itemListElement\":[{\"@type\":\"ListItem\",\"position\":1,\"name\":\"Home\",\"item\":\"https:\/\/omerovic.eu\/nl\/\"},{\"@type\":\"ListItem\",\"position\":2,\"name\":\"Waarom voor ons kiezen?\"}]},{\"@type\":\"WebSite\",\"@id\":\"https:\/\/omerovic.eu\/nl\/#website\",\"url\":\"https:\/\/omerovic.eu\/nl\/\",\"name\":\"omerovic.eu\",\"description\":\"OMEROVI\u0106 Bioenergija\",\"publisher\":{\"@id\":\"https:\/\/omerovic.eu\/nl\/#organization\"},\"potentialAction\":[{\"@type\":\"SearchAction\",\"target\":{\"@type\":\"EntryPoint\",\"urlTemplate\":\"https:\/\/omerovic.eu\/nl\/?s={search_term_string}\"},\"query-input\":{\"@type\":\"PropertyValueSpecification\",\"valueRequired\":true,\"valueName\":\"search_term_string\"}}],\"inLanguage\":\"nl-NL\"},{\"@type\":\"Organization\",\"@id\":\"https:\/\/omerovic.eu\/nl\/#organization\",\"name\":\"omerovic.eu\",\"url\":\"https:\/\/omerovic.eu\/nl\/\",\"logo\":{\"@type\":\"ImageObject\",\"inLanguage\":\"nl-NL\",\"@id\":\"https:\/\/omerovic.eu\/nl\/#\/schema\/logo\/image\/\",\"url\":\"https:\/\/omerovic.eu\/wp-content\/uploads\/2020\/04\/favicon.png\",\"contentUrl\":\"https:\/\/omerovic.eu\/wp-content\/uploads\/2020\/04\/favicon.png\",\"width\":32,\"height\":32,\"caption\":\"omerovic.eu\"},\"image\":{\"@id\":\"https:\/\/omerovic.eu\/nl\/#\/schema\/logo\/image\/\"},\"sameAs\":[\"https:\/\/www.facebook.com\/omerovicbioenergija\",\"https:\/\/www.youtube.com\/channel\/UChydgg5CFf7MUwBjjs40qKg\"]}]}<\/script>\n<!-- \/ Yoast SEO plugin. -->","yoast_head_json":{"title":"Waarom voor ons kiezen? - omerovic.eu","robots":{"index":"index","follow":"follow","max-snippet":"max-snippet:-1","max-image-preview":"max-image-preview:large","max-video-preview":"max-video-preview:-1"},"canonical":"https:\/\/omerovic.eu\/nl\/waarom-voor-ons-kiezen\/","og_locale":"nl_NL","og_type":"article","og_title":"Waarom voor ons kiezen? - omerovic.eu","og_url":"https:\/\/omerovic.eu\/nl\/waarom-voor-ons-kiezen\/","og_site_name":"omerovic.eu","article_publisher":"https:\/\/www.facebook.com\/omerovicbioenergija","article_modified_time":"2020-08-16T19:32:01+00:00","og_image":[{"width":1600,"height":1066,"url":"https:\/\/omerovic.eu\/wp-content\/uploads\/2020\/04\/WhatsApp-Image-2020-03-23-at-21.22.54-3.jpeg","type":"image\/jpeg"}],"twitter_card":"summary_large_image","twitter_misc":{"Geschatte leestijd":"3 minuten"},"schema":{"@context":"https:\/\/schema.org","@graph":[{"@type":"WebPage","@id":"https:\/\/omerovic.eu\/nl\/waarom-voor-ons-kiezen\/","url":"https:\/\/omerovic.eu\/nl\/waarom-voor-ons-kiezen\/","name":"Waarom voor ons kiezen? - omerovic.eu","isPartOf":{"@id":"https:\/\/omerovic.eu\/nl\/#website"},"datePublished":"2020-08-16T19:31:59+00:00","dateModified":"2020-08-16T19:32:01+00:00","breadcrumb":{"@id":"https:\/\/omerovic.eu\/nl\/waarom-voor-ons-kiezen\/#breadcrumb"},"inLanguage":"nl-NL","potentialAction":[{"@type":"ReadAction","target":["https:\/\/omerovic.eu\/nl\/waarom-voor-ons-kiezen\/"]}]},{"@type":"BreadcrumbList","@id":"https:\/\/omerovic.eu\/nl\/waarom-voor-ons-kiezen\/#breadcrumb","itemListElement":[{"@type":"ListItem","position":1,"name":"Home","item":"https:\/\/omerovic.eu\/nl\/"},{"@type":"ListItem","position":2,"name":"Waarom voor ons kiezen?"}]},{"@type":"WebSite","@id":"https:\/\/omerovic.eu\/nl\/#website","url":"https:\/\/omerovic.eu\/nl\/","name":"omerovic.eu","description":"OMEROVI\u0106 Bioenergija","publisher":{"@id":"https:\/\/omerovic.eu\/nl\/#organization"},"potentialAction":[{"@type":"SearchAction","target":{"@type":"EntryPoint","urlTemplate":"https:\/\/omerovic.eu\/nl\/?s={search_term_string}"},"query-input":{"@type":"PropertyValueSpecification","valueRequired":true,"valueName":"search_term_string"}}],"inLanguage":"nl-NL"},{"@type":"Organization","@id":"https:\/\/omerovic.eu\/nl\/#organization","name":"omerovic.eu","url":"https:\/\/omerovic.eu\/nl\/","logo":{"@type":"ImageObject","inLanguage":"nl-NL","@id":"https:\/\/omerovic.eu\/nl\/#\/schema\/logo\/image\/","url":"https:\/\/omerovic.eu\/wp-content\/uploads\/2020\/04\/favicon.png","contentUrl":"https:\/\/omerovic.eu\/wp-content\/uploads\/2020\/04\/favicon.png","width":32,"height":32,"caption":"omerovic.eu"},"image":{"@id":"https:\/\/omerovic.eu\/nl\/#\/schema\/logo\/image\/"},"sameAs":["https:\/\/www.facebook.com\/omerovicbioenergija","https:\/\/www.youtube.com\/channel\/UChydgg5CFf7MUwBjjs40qKg"]}]}},"_links":{"self":[{"href":"https:\/\/omerovic.eu\/nl\/wp-json\/wp\/v2\/pages\/7505","targetHints":{"allow":["GET"]}}],"collection":[{"href":"https:\/\/omerovic.eu\/nl\/wp-json\/wp\/v2\/pages"}],"about":[{"href":"https:\/\/omerovic.eu\/nl\/wp-json\/wp\/v2\/types\/page"}],"author":[{"embeddable":true,"href":"https:\/\/omerovic.eu\/nl\/wp-json\/wp\/v2\/users\/1"}],"replies":[{"embeddable":true,"href":"https:\/\/omerovic.eu\/nl\/wp-json\/wp\/v2\/comments?post=7505"}],"version-history":[{"count":0,"href":"https:\/\/omerovic.eu\/nl\/wp-json\/wp\/v2\/pages\/7505\/revisions"}],"wp:attachment":[{"href":"https:\/\/omerovic.eu\/nl\/wp-json\/wp\/v2\/media?parent=7505"}],"curies":[{"name":"wp","href":"https:\/\/api.w.org\/{rel}","templated":true}]}}