{"id":10378,"date":"2022-01-17T21:53:58","date_gmt":"2022-01-17T20:53:58","guid":{"rendered":"https:\/\/omerovic.eu\/proizvod\/energizovana-krema\/"},"modified":"2022-05-20T23:20:31","modified_gmt":"2022-05-20T21:20:31","slug":"energized-creme","status":"publish","type":"product","link":"https:\/\/omerovic.eu\/nl\/product\/energized-creme\/","title":{"rendered":"Energized cr\u00e8me"},"content":{"rendered":"<div class=\"page\" data-page-number=\"1\" data-loaded=\"true\">\n<div class=\"textLayer\">\n<p>Breng de Cr\u00e8me in een dunne laag aan en wrijf indien mogelijk licht op de huid. Effectiviteit in de vorm van vermindering of verdwijning van pijn of een andere aandoening moet na een paar minuten worden gevoeld (wat grotendeels afhangt van het typeen de ernst van de ziekte of verwonding). U kunt de Cr\u00e8me indien nodig meerdere keren per dag aanbrengen zonder enige beperking ofangst dat het gebruik bijwerkingen kan veroorzaken. Voor ernstigere, meestal chronische ziekten, is het noodzakelijk om Energized cr\u00e9me te combineren met de bio-energetische behandelingen van Omerovi\u0107. Deze Cr\u00e8me is geen medische cr\u00e8me. De basissamenstelling is niet gewijzigd en er zijn ookgeen medicinale stoffen van kunstmatige of natuurlijke oorsprong toegevoegd. De helende eigenschappen van de Cr\u00e8me zijn uitsluitend afgeleid van de energie diewordt uitgevoerd door bio-healerMuhamed Omerovi\u0107.<\/p>\n<div class=\"endOfContent\"><\/div>\n<\/div>\n<\/div>\n<div class=\"page\" data-page-number=\"2\" data-loaded=\"true\">\n<div class=\"canvasWrapper\"><\/div>\n<\/div>\n<p><strong>OPMERKINGEN<\/strong> De Cr\u00e8me is alleen voor uitwendig gebruik! Het mag niet in een opening op het menselijk lichaam worden geplaatst (mond, neus, ogen, oren, enz &#8230;). Hoewel er tijdens de driejarige test geen enkel geval van allergische reactie is gemeld, wordt aanbevolen om te kijken naar de samenstelling van de cr\u00e8me (deze staat op de verpakking van de cr\u00e8me). Als de cr\u00e8me een stof bevat waarvoor u allergisch bent, wordt het gebruik van de cr\u00e8me afgeraden.<\/p>\n<p><strong><a href=\"https:\/\/omerovic.eu\/wp-content\/uploads\/2022\/05\/gebruiksaanwijzing-nl.pdf\">Gebruiksaanwijzing<\/a><\/strong><\/p>\n","protected":false},"excerpt":{"rendered":"<p>Energized cr\u00e9me geeft uitstekende resultaten bij alle soorten pijn van bekende en onbekende oorsprong: hoofdpijn (gewone en migraine), pijn in de rug en onderrug, nek, buik, knie\u00ebn, heupen, schouders, ellebogen, gewrichten, handen, spieren, pezen , keel, sinussen \u2026 De cr\u00e8me geeft uitstekende resultaten bij verschillende sportblessures van zachte en harde weefsels met of zonder hematomen.<\/p>\n<h3><em><strong>De cr\u00e8me helpt ook bij gezondheidsproblemen veroorzaakt door corona<\/strong><\/em><\/h3>\n<p>Energized cr\u00e9me werd door veel mensen met het postcovid-syndroom gebruikt. Hun ervaringen zijn fenomenaal. Mensen die de cr\u00e8me hebben gebruikt terwijl ze besmet waren met het covid-19-virus, melden ook dat het gebruik van de cr\u00e8me hen met veel problemen heeft geholpen. Ze brachten Energized cr\u00e9me aan op de delen van het lichaam waar de symptomen het meest uitgesproken waren en voelden een grote opluchting. Ondanks het feit dat de Cr\u00e8me-behandelingen buitengewone resultaten opleveren, moet worden opgemerkt dat de Cr\u00e8me op geen enkele manier artsen en hun therapie\u00ebn vervangt. Vooral bij ernstige ziekten zoals diverse kwaadaardige ziekten, covid-19, infecties en dergelijke is het aan te raden de cr\u00e8me als aanvulling te gebruiken.<\/p>\n<p>Hoewel dit niet de bedoeling was bij het maken van Energized cr\u00e9me, blijkt uit de ervaringen van mensen die de kans hebben gehad om het te proberen, dat het gebruik van Energized wounderbaarlijk effective cr\u00e9me\u00ae rimpels in het gezicht vermindert (wist) en littekens op de huid verzacht.<\/p>\n<p>&nbsp;<\/p>\n","protected":false},"featured_media":9653,"template":"","meta":[],"product_brand":[],"product_cat":[96],"product_tag":[],"class_list":{"0":"post-10378","1":"product","2":"type-product","3":"status-publish","4":"has-post-thumbnail","6":"product_cat-energieke-creme","8":"first","9":"outofstock","10":"shipping-taxable","11":"purchasable","12":"product-type-simple"},"yoast_head":"<!-- This site is optimized with the Yoast SEO plugin v27.2 - https:\/\/yoast.com\/product\/yoast-seo-wordpress\/ -->\n<title>Energized cr\u00e8me - omerovic.eu<\/title>\n<meta name=\"robots\" content=\"index, follow, max-snippet:-1, max-image-preview:large, max-video-preview:-1\" \/>\n<link rel=\"canonical\" href=\"https:\/\/omerovic.eu\/nl\/product\/energized-creme\/\" \/>\n<meta property=\"og:locale\" content=\"nl_NL\" \/>\n<meta property=\"og:type\" content=\"article\" \/>\n<meta property=\"og:title\" content=\"Energized cr\u00e8me - omerovic.eu\" \/>\n<meta property=\"og:description\" content=\"Energized cr\u00e9me geeft uitstekende resultaten bij alle soorten pijn van bekende en onbekende oorsprong: hoofdpijn (gewone en migraine), pijn in de rug en onderrug, nek, buik, knie\u00ebn, heupen, schouders, ellebogen, gewrichten, handen, spieren, pezen , keel, sinussen \u2026 De cr\u00e8me geeft uitstekende resultaten bij verschillende sportblessures van zachte en harde weefsels met of zonder hematomen. De cr\u00e8me helpt ook bij gezondheidsproblemen veroorzaakt door corona Energized cr\u00e9me werd door veel mensen met het postcovid-syndroom gebruikt. Hun ervaringen zijn fenomenaal. Mensen die de cr\u00e8me hebben gebruikt terwijl ze besmet waren met het covid-19-virus, melden ook dat het gebruik van de cr\u00e8me hen met veel problemen heeft geholpen. Ze brachten Energized cr\u00e9me aan op de delen van het lichaam waar de symptomen het meest uitgesproken waren en voelden een grote opluchting. Ondanks het feit dat de Cr\u00e8me-behandelingen buitengewone resultaten opleveren, moet worden opgemerkt dat de Cr\u00e8me op geen enkele manier artsen en hun therapie\u00ebn vervangt. Vooral bij ernstige ziekten zoals diverse kwaadaardige ziekten, covid-19, infecties en dergelijke is het aan te raden de cr\u00e8me als aanvulling te gebruiken.  Hoewel dit niet de bedoeling was bij het maken van Energized cr\u00e9me, blijkt uit de ervaringen van mensen die de kans hebben gehad om het te proberen, dat het gebruik van Energized wounderbaarlijk effective cr\u00e9me\u00ae rimpels in het gezicht vermindert (wist) en littekens op de huid verzacht.  &nbsp;\" \/>\n<meta property=\"og:url\" content=\"https:\/\/omerovic.eu\/nl\/product\/energized-creme\/\" \/>\n<meta property=\"og:site_name\" content=\"omerovic.eu\" \/>\n<meta property=\"article:publisher\" content=\"https:\/\/www.facebook.com\/omerovicbioenergija\" \/>\n<meta property=\"article:modified_time\" content=\"2022-05-20T21:20:31+00:00\" \/>\n<meta property=\"og:image\" content=\"https:\/\/omerovic.eu\/wp-content\/uploads\/2021\/12\/Energizovana-Cudotvorno-Djelotvorna-Krema.jpg\" \/>\n\t<meta property=\"og:image:width\" content=\"1600\" \/>\n\t<meta property=\"og:image:height\" content=\"1025\" \/>\n\t<meta property=\"og:image:type\" content=\"image\/jpeg\" \/>\n<meta name=\"twitter:card\" content=\"summary_large_image\" \/>\n<meta name=\"twitter:label1\" content=\"Geschatte leestijd\" \/>\n\t<meta name=\"twitter:data1\" content=\"1 minuut\" \/>\n<script type=\"application\/ld+json\" class=\"yoast-schema-graph\">{\"@context\":\"https:\/\/schema.org\",\"@graph\":[{\"@type\":\"WebPage\",\"@id\":\"https:\/\/omerovic.eu\/nl\/product\/energized-creme\/\",\"url\":\"https:\/\/omerovic.eu\/nl\/product\/energized-creme\/\",\"name\":\"Energized cr\u00e8me - omerovic.eu\",\"isPartOf\":{\"@id\":\"https:\/\/omerovic.eu\/nl\/#website\"},\"primaryImageOfPage\":{\"@id\":\"https:\/\/omerovic.eu\/nl\/product\/energized-creme\/#primaryimage\"},\"image\":{\"@id\":\"https:\/\/omerovic.eu\/nl\/product\/energized-creme\/#primaryimage\"},\"thumbnailUrl\":\"https:\/\/omerovic.eu\/wp-content\/uploads\/2021\/12\/Energizovana-Cudotvorno-Djelotvorna-Krema.jpg\",\"datePublished\":\"2022-01-17T20:53:58+00:00\",\"dateModified\":\"2022-05-20T21:20:31+00:00\",\"breadcrumb\":{\"@id\":\"https:\/\/omerovic.eu\/nl\/product\/energized-creme\/#breadcrumb\"},\"inLanguage\":\"nl-NL\",\"potentialAction\":[{\"@type\":\"ReadAction\",\"target\":[\"https:\/\/omerovic.eu\/nl\/product\/energized-creme\/\"]}]},{\"@type\":\"ImageObject\",\"inLanguage\":\"nl-NL\",\"@id\":\"https:\/\/omerovic.eu\/nl\/product\/energized-creme\/#primaryimage\",\"url\":\"https:\/\/omerovic.eu\/wp-content\/uploads\/2021\/12\/Energizovana-Cudotvorno-Djelotvorna-Krema.jpg\",\"contentUrl\":\"https:\/\/omerovic.eu\/wp-content\/uploads\/2021\/12\/Energizovana-Cudotvorno-Djelotvorna-Krema.jpg\",\"width\":1600,\"height\":1025},{\"@type\":\"BreadcrumbList\",\"@id\":\"https:\/\/omerovic.eu\/nl\/product\/energized-creme\/#breadcrumb\",\"itemListElement\":[{\"@type\":\"ListItem\",\"position\":1,\"name\":\"Home\",\"item\":\"https:\/\/omerovic.eu\/nl\/\"},{\"@type\":\"ListItem\",\"position\":2,\"name\":\"Trgovina\",\"item\":\"https:\/\/omerovic.eu\/?page_id=87\"},{\"@type\":\"ListItem\",\"position\":3,\"name\":\"Energized cr\u00e8me\"}]},{\"@type\":\"WebSite\",\"@id\":\"https:\/\/omerovic.eu\/nl\/#website\",\"url\":\"https:\/\/omerovic.eu\/nl\/\",\"name\":\"omerovic.eu\",\"description\":\"OMEROVI\u0106 Bioenergija\",\"publisher\":{\"@id\":\"https:\/\/omerovic.eu\/nl\/#organization\"},\"potentialAction\":[{\"@type\":\"SearchAction\",\"target\":{\"@type\":\"EntryPoint\",\"urlTemplate\":\"https:\/\/omerovic.eu\/nl\/?s={search_term_string}\"},\"query-input\":{\"@type\":\"PropertyValueSpecification\",\"valueRequired\":true,\"valueName\":\"search_term_string\"}}],\"inLanguage\":\"nl-NL\"},{\"@type\":\"Organization\",\"@id\":\"https:\/\/omerovic.eu\/nl\/#organization\",\"name\":\"omerovic.eu\",\"url\":\"https:\/\/omerovic.eu\/nl\/\",\"logo\":{\"@type\":\"ImageObject\",\"inLanguage\":\"nl-NL\",\"@id\":\"https:\/\/omerovic.eu\/nl\/#\/schema\/logo\/image\/\",\"url\":\"https:\/\/omerovic.eu\/wp-content\/uploads\/2020\/04\/favicon.png\",\"contentUrl\":\"https:\/\/omerovic.eu\/wp-content\/uploads\/2020\/04\/favicon.png\",\"width\":32,\"height\":32,\"caption\":\"omerovic.eu\"},\"image\":{\"@id\":\"https:\/\/omerovic.eu\/nl\/#\/schema\/logo\/image\/\"},\"sameAs\":[\"https:\/\/www.facebook.com\/omerovicbioenergija\",\"https:\/\/www.youtube.com\/channel\/UChydgg5CFf7MUwBjjs40qKg\"]}]}<\/script>\n<!-- \/ Yoast SEO plugin. -->","yoast_head_json":{"title":"Energized cr\u00e8me - omerovic.eu","robots":{"index":"index","follow":"follow","max-snippet":"max-snippet:-1","max-image-preview":"max-image-preview:large","max-video-preview":"max-video-preview:-1"},"canonical":"https:\/\/omerovic.eu\/nl\/product\/energized-creme\/","og_locale":"nl_NL","og_type":"article","og_title":"Energized cr\u00e8me - omerovic.eu","og_description":"Energized cr\u00e9me geeft uitstekende resultaten bij alle soorten pijn van bekende en onbekende oorsprong: hoofdpijn (gewone en migraine), pijn in de rug en onderrug, nek, buik, knie\u00ebn, heupen, schouders, ellebogen, gewrichten, handen, spieren, pezen , keel, sinussen \u2026 De cr\u00e8me geeft uitstekende resultaten bij verschillende sportblessures van zachte en harde weefsels met of zonder hematomen. De cr\u00e8me helpt ook bij gezondheidsproblemen veroorzaakt door corona Energized cr\u00e9me werd door veel mensen met het postcovid-syndroom gebruikt. Hun ervaringen zijn fenomenaal. Mensen die de cr\u00e8me hebben gebruikt terwijl ze besmet waren met het covid-19-virus, melden ook dat het gebruik van de cr\u00e8me hen met veel problemen heeft geholpen. Ze brachten Energized cr\u00e9me aan op de delen van het lichaam waar de symptomen het meest uitgesproken waren en voelden een grote opluchting. Ondanks het feit dat de Cr\u00e8me-behandelingen buitengewone resultaten opleveren, moet worden opgemerkt dat de Cr\u00e8me op geen enkele manier artsen en hun therapie\u00ebn vervangt. Vooral bij ernstige ziekten zoals diverse kwaadaardige ziekten, covid-19, infecties en dergelijke is het aan te raden de cr\u00e8me als aanvulling te gebruiken.  Hoewel dit niet de bedoeling was bij het maken van Energized cr\u00e9me, blijkt uit de ervaringen van mensen die de kans hebben gehad om het te proberen, dat het gebruik van Energized wounderbaarlijk effective cr\u00e9me\u00ae rimpels in het gezicht vermindert (wist) en littekens op de huid verzacht.  &nbsp;","og_url":"https:\/\/omerovic.eu\/nl\/product\/energized-creme\/","og_site_name":"omerovic.eu","article_publisher":"https:\/\/www.facebook.com\/omerovicbioenergija","article_modified_time":"2022-05-20T21:20:31+00:00","og_image":[{"width":1600,"height":1025,"url":"https:\/\/omerovic.eu\/wp-content\/uploads\/2021\/12\/Energizovana-Cudotvorno-Djelotvorna-Krema.jpg","type":"image\/jpeg"}],"twitter_card":"summary_large_image","twitter_misc":{"Geschatte leestijd":"1 minuut"},"schema":{"@context":"https:\/\/schema.org","@graph":[{"@type":"WebPage","@id":"https:\/\/omerovic.eu\/nl\/product\/energized-creme\/","url":"https:\/\/omerovic.eu\/nl\/product\/energized-creme\/","name":"Energized cr\u00e8me - omerovic.eu","isPartOf":{"@id":"https:\/\/omerovic.eu\/nl\/#website"},"primaryImageOfPage":{"@id":"https:\/\/omerovic.eu\/nl\/product\/energized-creme\/#primaryimage"},"image":{"@id":"https:\/\/omerovic.eu\/nl\/product\/energized-creme\/#primaryimage"},"thumbnailUrl":"https:\/\/omerovic.eu\/wp-content\/uploads\/2021\/12\/Energizovana-Cudotvorno-Djelotvorna-Krema.jpg","datePublished":"2022-01-17T20:53:58+00:00","dateModified":"2022-05-20T21:20:31+00:00","breadcrumb":{"@id":"https:\/\/omerovic.eu\/nl\/product\/energized-creme\/#breadcrumb"},"inLanguage":"nl-NL","potentialAction":[{"@type":"ReadAction","target":["https:\/\/omerovic.eu\/nl\/product\/energized-creme\/"]}]},{"@type":"ImageObject","inLanguage":"nl-NL","@id":"https:\/\/omerovic.eu\/nl\/product\/energized-creme\/#primaryimage","url":"https:\/\/omerovic.eu\/wp-content\/uploads\/2021\/12\/Energizovana-Cudotvorno-Djelotvorna-Krema.jpg","contentUrl":"https:\/\/omerovic.eu\/wp-content\/uploads\/2021\/12\/Energizovana-Cudotvorno-Djelotvorna-Krema.jpg","width":1600,"height":1025},{"@type":"BreadcrumbList","@id":"https:\/\/omerovic.eu\/nl\/product\/energized-creme\/#breadcrumb","itemListElement":[{"@type":"ListItem","position":1,"name":"Home","item":"https:\/\/omerovic.eu\/nl\/"},{"@type":"ListItem","position":2,"name":"Trgovina","item":"https:\/\/omerovic.eu\/?page_id=87"},{"@type":"ListItem","position":3,"name":"Energized cr\u00e8me"}]},{"@type":"WebSite","@id":"https:\/\/omerovic.eu\/nl\/#website","url":"https:\/\/omerovic.eu\/nl\/","name":"omerovic.eu","description":"OMEROVI\u0106 Bioenergija","publisher":{"@id":"https:\/\/omerovic.eu\/nl\/#organization"},"potentialAction":[{"@type":"SearchAction","target":{"@type":"EntryPoint","urlTemplate":"https:\/\/omerovic.eu\/nl\/?s={search_term_string}"},"query-input":{"@type":"PropertyValueSpecification","valueRequired":true,"valueName":"search_term_string"}}],"inLanguage":"nl-NL"},{"@type":"Organization","@id":"https:\/\/omerovic.eu\/nl\/#organization","name":"omerovic.eu","url":"https:\/\/omerovic.eu\/nl\/","logo":{"@type":"ImageObject","inLanguage":"nl-NL","@id":"https:\/\/omerovic.eu\/nl\/#\/schema\/logo\/image\/","url":"https:\/\/omerovic.eu\/wp-content\/uploads\/2020\/04\/favicon.png","contentUrl":"https:\/\/omerovic.eu\/wp-content\/uploads\/2020\/04\/favicon.png","width":32,"height":32,"caption":"omerovic.eu"},"image":{"@id":"https:\/\/omerovic.eu\/nl\/#\/schema\/logo\/image\/"},"sameAs":["https:\/\/www.facebook.com\/omerovicbioenergija","https:\/\/www.youtube.com\/channel\/UChydgg5CFf7MUwBjjs40qKg"]}]}},"_links":{"self":[{"href":"https:\/\/omerovic.eu\/nl\/wp-json\/wp\/v2\/product\/10378","targetHints":{"allow":["GET"]}}],"collection":[{"href":"https:\/\/omerovic.eu\/nl\/wp-json\/wp\/v2\/product"}],"about":[{"href":"https:\/\/omerovic.eu\/nl\/wp-json\/wp\/v2\/types\/product"}],"wp:featuredmedia":[{"embeddable":true,"href":"https:\/\/omerovic.eu\/nl\/wp-json\/wp\/v2\/media\/9653"}],"wp:attachment":[{"href":"https:\/\/omerovic.eu\/nl\/wp-json\/wp\/v2\/media?parent=10378"}],"wp:term":[{"taxonomy":"product_brand","embeddable":true,"href":"https:\/\/omerovic.eu\/nl\/wp-json\/wp\/v2\/product_brand?post=10378"},{"taxonomy":"product_cat","embeddable":true,"href":"https:\/\/omerovic.eu\/nl\/wp-json\/wp\/v2\/product_cat?post=10378"},{"taxonomy":"product_tag","embeddable":true,"href":"https:\/\/omerovic.eu\/nl\/wp-json\/wp\/v2\/product_tag?post=10378"}],"curies":[{"name":"wp","href":"https:\/\/api.w.org\/{rel}","templated":true}]}}