{"id":10621,"date":"2022-11-16T13:49:08","date_gmt":"2022-11-16T12:49:08","guid":{"rendered":"https:\/\/omerovic.eu\/?post_type=product&#038;p=10621"},"modified":"2022-11-22T19:55:34","modified_gmt":"2022-11-22T18:55:34","slug":"grupni-tretman-bioenergijom-na-daljinu-za-ogranicen-broj-osoba-22-novembra-2022-u-20-sati","status":"publish","type":"product","link":"https:\/\/omerovic.eu\/nl\/product\/grupni-tretman-bioenergijom-na-daljinu-za-ogranicen-broj-osoba-22-novembra-2022-u-20-sati\/","title":{"rendered":"Grupni tretman bioenergijom na daljinu za ograni\u010den broj osoba 22. novembra 2022. u 20 sati"},"content":{"rendered":"<h3><strong><em>Kod kojih vrsta povreda, bolesti i tegoba poma\u017eu Omerovi\u0107evi bioenergetski tretmani?<\/em><\/strong><\/h3>\n<p>Bioenergetski tretmani bioenergeti\u010dara Muhameda Omerovi\u0107a pokazali su se jako djelotvornim i u\u010dinkovitim kod svih vrsta bolesti gdje je prisutna bol, bez obzira da li je uzrok bola poznate ili nepoznate prirode. Doslovno, sve \u0161to boli.<\/p>\n<p>Glavobolje, obi\u010dne i migrenske, bolovi u kri\u017eima, le\u0111ima, ramenima, laktovima, gle\u017enjevima, \u0161akama, nogama, kukovima, preponama, koljenima.<\/p>\n<p>\u010cak i ako su to bolovi od reumatskog artritisa, osteoporoze i drugih sli\u010dnih oboljenja. I te vrste bolova \u010desto budu u znatnom dijelu ubla\u017eene ili potpuno uklonjene.<\/p>\n<p>Osobe sa vrtoglavicom, oslabljenim imunitetom, petnim trnom, teniskim laktom, te pojedini oblici depresije, razne anksioznosti, fobije, Osobe koje su pod velikim uticajem stresa tako\u0111e mogu koristiti Omerovi\u0107eve bioenergetske tretmane.<\/p>\n<p>Opekotine, posjekotine, postoperativni problemi. Problemi sa disajnim organima, sinusi, uho, grlo, nos, bolovi u trbuhu (\u017eelu\u010dani problemi, masna jetra, lijena crijeva\u2026. problemi sa probavom) , osobe sa raznim cistama, te jo\u0161 mnogo toga.<\/p>\n<p>Tretmanima je mogu\u0107e tretirati i djecu.<\/p>\n<p>Osobama sa te\u017eim i kroni\u010dnim oboljenjima preporu\u010duje se uz tretmane bioenergijom na daljinu upotreba Omerovi\u0107eve Energizovane \u010cudotvorno Djelotvorne Kreme. Vi\u0161e o Energizovanoj kremi mo\u017eete saznati <span style=\"color: #0000ff;\"><a style=\"color: #0000ff;\" href=\"https:\/\/omerovic.eu\/novosti\/energizovana-krema-najnoviji-brend-bioenergeticara-omerovica\/\"><span style=\"color: #0000ff;\">OVDJE<\/span><\/a><\/span>. A na <span style=\"color: #0000ff;\"><a style=\"color: #0000ff;\" href=\"https:\/\/omerovic.eu\/novosti\/osobe-kod-kojih-mozete-naruciti-energizovanu-kremu\/\"><span style=\"color: #0000ff;\">OVOM LINKU<\/span><\/a><\/span> mo\u017eete saznati kako naru\u010diti Energizovanu kremu.<\/p>\n<h3><em><strong>Detalji doga\u0111aja<\/strong><\/em><\/h3>\n<p>Pla\u0107eni grupni tretmani bioenergijom na daljinu su svakog ponedjeljka, srijede i subote u 20 sati.<\/p>\n<p>Grupni tretmani bioenergijom na daljinu su, zbog na\u010dina na koji se izvode veoma popularni. Osoba kojoj je potrebna pomo\u0107 tretmanu prisustvuje iz svoje sobe, ku\u0107e, ba\u0161te\u2026a rezultati su nevjerovatno dobri. \u010cak vi\u0161e od 90 posto osoba koje su do sada u\u010destvovale na tretmanima bioenergeti\u010dara Muhameda Omerovi\u0107a jo\u0161 tokom samog tretmana su osjetili veliko olak\u0161anje, a nemali broj se i potpuno rije\u0161io tegoba.<\/p>\n<p>Po\u0161to \u0107e se kao platforma za davanje uputstva koristiti livestream (video u\u017eivo) od Facebook profila <a href=\"https:\/\/www.facebook.com\/muhamed.omerovic.14203\">https:\/\/www.facebook.com\/muhamed.omerovic.14203<\/a> , neophodno je da osobe koje \u017eele u\u010de\u0161\u0107e u pla\u0107enom grupnom tretmanu imaju i Facebook profil.<\/p>\n<h3><strong><em>Kako i za\u0161to Facebook?<\/em><\/strong><\/h3>\n<p>Oslanjaju\u0107i se na iskustva sa besplatnim grupnim tretmanima bioenergijom na daljinu, vidjeli smo da je od svih postoje\u0107ih platformi, najjednostavnija za pratiti upravo platforma od Facebooka. Po\u0161to je Facebook jo\u0161 uvijek besplatan za sve, izbjegavaju se dodatni tro\u0161kovi koji bi se pojavili ako bi se koristila neka druga platforma.<\/p>\n<p>Dodu\u0161e, bi\u0107e malo komplikovano sve koji su uplatili za tretman i dodati na pomenuti Facebook profil (<a href=\"https:\/\/www.facebook.com\/muhamed.omerovic.14203\">https:\/\/www.facebook.com\/muhamed.omerovic.14203<\/a>), ali zbog toga je broj osoba koje mogu u\u010destvovati na tretmanu sveden na 50. I svi \u0107e u\u010desnici prije tretmana biti li\u010dno kontaktirani preko Viber-a ili WhatsApp-a<\/p>\n<p>Upravo iz tih razloga neophodno je da osoba, koja \u017eeli biti na ovom grupnom tretmanu, treba kod popunjavanja podataka prilikom pla\u0107anja obavezno da navede\u00a0 kontakt broj mobilnog telefona na kojem je instaliran Viber ili WhatsApp.<\/p>\n<p>Ukoliko iz bilo kojih razloga ne uspijete rezervireti termin za tretman, javite se porukom na Viber\/WhatsApp broj +31640198868<\/p>\n","protected":false},"excerpt":{"rendered":"<h3><strong><em>Pomo\u0107 za skoro sve vrste povreda i bolesti poznatog i nepoznatog porijekla <\/em><\/strong><\/h3>\n<p>Bioenergetski tretmani bioenergeti\u010dara Muhameda Omerovi\u0107a pokazali su se jako djelotvornim i u\u010dinkovitim kod svih vrsta bolesti povreda i tegoba, bez obzira da li je uzrok poznate ili nepoznate prirode.<\/p>\n<p>Vi\u0161e od 90 posto svih osoba koje su do sada u\u010destvovale na tretmanima bioenergeti\u010dara Muhameda Omerovi\u0107a jo\u0161 tokom samog tretmana su osjetili veliko olak\u0161anje, a nemali broj se i potpuno rije\u0161io tegoba.<\/p>\n<h3><em><strong>Pogledajte samo neka od iskustava sa tretmanima bioenergijom na daljinu.<\/strong><\/em><\/h3>\n<p>https:\/\/youtu.be\/dEbqztbbDRg<\/p>\n<p>&nbsp;<\/p>\n<p>&nbsp;<\/p>\n","protected":false},"featured_media":66,"template":"","meta":[],"product_brand":[],"product_cat":[18],"product_tag":[],"class_list":{"0":"post-10621","1":"product","2":"type-product","3":"status-publish","4":"has-post-thumbnail","6":"product_cat-bioenergija-na-daljinu","8":"first","9":"instock","10":"virtual","11":"purchasable","12":"product-type-simple"},"yoast_head":"<!-- This site is optimized with the Yoast SEO plugin v27.2 - https:\/\/yoast.com\/product\/yoast-seo-wordpress\/ -->\n<title>Grupni tretman bioenergijom na daljinu za ograni\u010den broj osoba 22. novembra 2022. u 20 sati - omerovic.eu<\/title>\n<meta name=\"robots\" content=\"index, follow, max-snippet:-1, max-image-preview:large, max-video-preview:-1\" \/>\n<link rel=\"canonical\" href=\"https:\/\/omerovic.eu\/nl\/product\/grupni-tretman-bioenergijom-na-daljinu-za-ogranicen-broj-osoba-22-novembra-2022-u-20-sati\/\" \/>\n<meta property=\"og:locale\" content=\"nl_NL\" \/>\n<meta property=\"og:type\" content=\"article\" \/>\n<meta property=\"og:title\" content=\"Grupni tretman bioenergijom na daljinu za ograni\u010den broj osoba 22. novembra 2022. u 20 sati - omerovic.eu\" \/>\n<meta property=\"og:description\" content=\"Pomo\u0107 za skoro sve vrste povreda i bolesti poznatog i nepoznatog porijekla  Bioenergetski tretmani bioenergeti\u010dara Muhameda Omerovi\u0107a pokazali su se jako djelotvornim i u\u010dinkovitim kod svih vrsta bolesti povreda i tegoba, bez obzira da li je uzrok poznate ili nepoznate prirode.  Vi\u0161e od 90 posto svih osoba koje su do sada u\u010destvovale na tretmanima bioenergeti\u010dara Muhameda Omerovi\u0107a jo\u0161 tokom samog tretmana su osjetili veliko olak\u0161anje, a nemali broj se i potpuno rije\u0161io tegoba. Pogledajte samo neka od iskustava sa tretmanima bioenergijom na daljinu. https:\/\/youtu.be\/dEbqztbbDRg  &nbsp;  &nbsp;\" \/>\n<meta property=\"og:url\" content=\"https:\/\/omerovic.eu\/nl\/product\/grupni-tretman-bioenergijom-na-daljinu-za-ogranicen-broj-osoba-22-novembra-2022-u-20-sati\/\" \/>\n<meta property=\"og:site_name\" content=\"omerovic.eu\" \/>\n<meta property=\"article:publisher\" content=\"https:\/\/www.facebook.com\/omerovicbioenergija\" \/>\n<meta property=\"article:modified_time\" content=\"2022-11-22T18:55:34+00:00\" \/>\n<meta property=\"og:image\" content=\"https:\/\/omerovic.eu\/wp-content\/uploads\/2020\/04\/WhatsApp-Image-2020-03-23-at-21.22.55.jpeg\" \/>\n\t<meta property=\"og:image:width\" content=\"1600\" \/>\n\t<meta property=\"og:image:height\" content=\"1066\" \/>\n\t<meta property=\"og:image:type\" content=\"image\/jpeg\" \/>\n<meta name=\"twitter:card\" content=\"summary_large_image\" \/>\n<meta name=\"twitter:label1\" content=\"Geschatte leestijd\" \/>\n\t<meta name=\"twitter:data1\" content=\"2 minuten\" \/>\n<script type=\"application\/ld+json\" class=\"yoast-schema-graph\">{\"@context\":\"https:\/\/schema.org\",\"@graph\":[{\"@type\":\"WebPage\",\"@id\":\"https:\/\/omerovic.eu\/nl\/product\/grupni-tretman-bioenergijom-na-daljinu-za-ogranicen-broj-osoba-22-novembra-2022-u-20-sati\/\",\"url\":\"https:\/\/omerovic.eu\/nl\/product\/grupni-tretman-bioenergijom-na-daljinu-za-ogranicen-broj-osoba-22-novembra-2022-u-20-sati\/\",\"name\":\"Grupni tretman bioenergijom na daljinu za ograni\u010den broj osoba 22. novembra 2022. u 20 sati - omerovic.eu\",\"isPartOf\":{\"@id\":\"https:\/\/omerovic.eu\/nl\/#website\"},\"primaryImageOfPage\":{\"@id\":\"https:\/\/omerovic.eu\/nl\/product\/grupni-tretman-bioenergijom-na-daljinu-za-ogranicen-broj-osoba-22-novembra-2022-u-20-sati\/#primaryimage\"},\"image\":{\"@id\":\"https:\/\/omerovic.eu\/nl\/product\/grupni-tretman-bioenergijom-na-daljinu-za-ogranicen-broj-osoba-22-novembra-2022-u-20-sati\/#primaryimage\"},\"thumbnailUrl\":\"https:\/\/omerovic.eu\/wp-content\/uploads\/2020\/04\/WhatsApp-Image-2020-03-23-at-21.22.55.jpeg\",\"datePublished\":\"2022-11-16T12:49:08+00:00\",\"dateModified\":\"2022-11-22T18:55:34+00:00\",\"breadcrumb\":{\"@id\":\"https:\/\/omerovic.eu\/nl\/product\/grupni-tretman-bioenergijom-na-daljinu-za-ogranicen-broj-osoba-22-novembra-2022-u-20-sati\/#breadcrumb\"},\"inLanguage\":\"nl-NL\",\"potentialAction\":[{\"@type\":\"ReadAction\",\"target\":[\"https:\/\/omerovic.eu\/nl\/product\/grupni-tretman-bioenergijom-na-daljinu-za-ogranicen-broj-osoba-22-novembra-2022-u-20-sati\/\"]}]},{\"@type\":\"ImageObject\",\"inLanguage\":\"nl-NL\",\"@id\":\"https:\/\/omerovic.eu\/nl\/product\/grupni-tretman-bioenergijom-na-daljinu-za-ogranicen-broj-osoba-22-novembra-2022-u-20-sati\/#primaryimage\",\"url\":\"https:\/\/omerovic.eu\/wp-content\/uploads\/2020\/04\/WhatsApp-Image-2020-03-23-at-21.22.55.jpeg\",\"contentUrl\":\"https:\/\/omerovic.eu\/wp-content\/uploads\/2020\/04\/WhatsApp-Image-2020-03-23-at-21.22.55.jpeg\",\"width\":1600,\"height\":1066},{\"@type\":\"BreadcrumbList\",\"@id\":\"https:\/\/omerovic.eu\/nl\/product\/grupni-tretman-bioenergijom-na-daljinu-za-ogranicen-broj-osoba-22-novembra-2022-u-20-sati\/#breadcrumb\",\"itemListElement\":[{\"@type\":\"ListItem\",\"position\":1,\"name\":\"Home\",\"item\":\"https:\/\/omerovic.eu\/nl\/\"},{\"@type\":\"ListItem\",\"position\":2,\"name\":\"Trgovina\",\"item\":\"https:\/\/omerovic.eu\/?page_id=87\"},{\"@type\":\"ListItem\",\"position\":3,\"name\":\"Grupni tretman bioenergijom na daljinu za ograni\u010den broj osoba 22. novembra 2022. u 20 sati\"}]},{\"@type\":\"WebSite\",\"@id\":\"https:\/\/omerovic.eu\/nl\/#website\",\"url\":\"https:\/\/omerovic.eu\/nl\/\",\"name\":\"omerovic.eu\",\"description\":\"OMEROVI\u0106 Bioenergija\",\"publisher\":{\"@id\":\"https:\/\/omerovic.eu\/nl\/#organization\"},\"potentialAction\":[{\"@type\":\"SearchAction\",\"target\":{\"@type\":\"EntryPoint\",\"urlTemplate\":\"https:\/\/omerovic.eu\/nl\/?s={search_term_string}\"},\"query-input\":{\"@type\":\"PropertyValueSpecification\",\"valueRequired\":true,\"valueName\":\"search_term_string\"}}],\"inLanguage\":\"nl-NL\"},{\"@type\":\"Organization\",\"@id\":\"https:\/\/omerovic.eu\/nl\/#organization\",\"name\":\"omerovic.eu\",\"url\":\"https:\/\/omerovic.eu\/nl\/\",\"logo\":{\"@type\":\"ImageObject\",\"inLanguage\":\"nl-NL\",\"@id\":\"https:\/\/omerovic.eu\/nl\/#\/schema\/logo\/image\/\",\"url\":\"https:\/\/omerovic.eu\/wp-content\/uploads\/2020\/04\/favicon.png\",\"contentUrl\":\"https:\/\/omerovic.eu\/wp-content\/uploads\/2020\/04\/favicon.png\",\"width\":32,\"height\":32,\"caption\":\"omerovic.eu\"},\"image\":{\"@id\":\"https:\/\/omerovic.eu\/nl\/#\/schema\/logo\/image\/\"},\"sameAs\":[\"https:\/\/www.facebook.com\/omerovicbioenergija\",\"https:\/\/www.youtube.com\/channel\/UChydgg5CFf7MUwBjjs40qKg\"]}]}<\/script>\n<!-- \/ Yoast SEO plugin. -->","yoast_head_json":{"title":"Grupni tretman bioenergijom na daljinu za ograni\u010den broj osoba 22. novembra 2022. u 20 sati - omerovic.eu","robots":{"index":"index","follow":"follow","max-snippet":"max-snippet:-1","max-image-preview":"max-image-preview:large","max-video-preview":"max-video-preview:-1"},"canonical":"https:\/\/omerovic.eu\/nl\/product\/grupni-tretman-bioenergijom-na-daljinu-za-ogranicen-broj-osoba-22-novembra-2022-u-20-sati\/","og_locale":"nl_NL","og_type":"article","og_title":"Grupni tretman bioenergijom na daljinu za ograni\u010den broj osoba 22. novembra 2022. u 20 sati - omerovic.eu","og_description":"Pomo\u0107 za skoro sve vrste povreda i bolesti poznatog i nepoznatog porijekla  Bioenergetski tretmani bioenergeti\u010dara Muhameda Omerovi\u0107a pokazali su se jako djelotvornim i u\u010dinkovitim kod svih vrsta bolesti povreda i tegoba, bez obzira da li je uzrok poznate ili nepoznate prirode.  Vi\u0161e od 90 posto svih osoba koje su do sada u\u010destvovale na tretmanima bioenergeti\u010dara Muhameda Omerovi\u0107a jo\u0161 tokom samog tretmana su osjetili veliko olak\u0161anje, a nemali broj se i potpuno rije\u0161io tegoba. Pogledajte samo neka od iskustava sa tretmanima bioenergijom na daljinu. https:\/\/youtu.be\/dEbqztbbDRg  &nbsp;  &nbsp;","og_url":"https:\/\/omerovic.eu\/nl\/product\/grupni-tretman-bioenergijom-na-daljinu-za-ogranicen-broj-osoba-22-novembra-2022-u-20-sati\/","og_site_name":"omerovic.eu","article_publisher":"https:\/\/www.facebook.com\/omerovicbioenergija","article_modified_time":"2022-11-22T18:55:34+00:00","og_image":[{"width":1600,"height":1066,"url":"https:\/\/omerovic.eu\/wp-content\/uploads\/2020\/04\/WhatsApp-Image-2020-03-23-at-21.22.55.jpeg","type":"image\/jpeg"}],"twitter_card":"summary_large_image","twitter_misc":{"Geschatte leestijd":"2 minuten"},"schema":{"@context":"https:\/\/schema.org","@graph":[{"@type":"WebPage","@id":"https:\/\/omerovic.eu\/nl\/product\/grupni-tretman-bioenergijom-na-daljinu-za-ogranicen-broj-osoba-22-novembra-2022-u-20-sati\/","url":"https:\/\/omerovic.eu\/nl\/product\/grupni-tretman-bioenergijom-na-daljinu-za-ogranicen-broj-osoba-22-novembra-2022-u-20-sati\/","name":"Grupni tretman bioenergijom na daljinu za ograni\u010den broj osoba 22. novembra 2022. u 20 sati - omerovic.eu","isPartOf":{"@id":"https:\/\/omerovic.eu\/nl\/#website"},"primaryImageOfPage":{"@id":"https:\/\/omerovic.eu\/nl\/product\/grupni-tretman-bioenergijom-na-daljinu-za-ogranicen-broj-osoba-22-novembra-2022-u-20-sati\/#primaryimage"},"image":{"@id":"https:\/\/omerovic.eu\/nl\/product\/grupni-tretman-bioenergijom-na-daljinu-za-ogranicen-broj-osoba-22-novembra-2022-u-20-sati\/#primaryimage"},"thumbnailUrl":"https:\/\/omerovic.eu\/wp-content\/uploads\/2020\/04\/WhatsApp-Image-2020-03-23-at-21.22.55.jpeg","datePublished":"2022-11-16T12:49:08+00:00","dateModified":"2022-11-22T18:55:34+00:00","breadcrumb":{"@id":"https:\/\/omerovic.eu\/nl\/product\/grupni-tretman-bioenergijom-na-daljinu-za-ogranicen-broj-osoba-22-novembra-2022-u-20-sati\/#breadcrumb"},"inLanguage":"nl-NL","potentialAction":[{"@type":"ReadAction","target":["https:\/\/omerovic.eu\/nl\/product\/grupni-tretman-bioenergijom-na-daljinu-za-ogranicen-broj-osoba-22-novembra-2022-u-20-sati\/"]}]},{"@type":"ImageObject","inLanguage":"nl-NL","@id":"https:\/\/omerovic.eu\/nl\/product\/grupni-tretman-bioenergijom-na-daljinu-za-ogranicen-broj-osoba-22-novembra-2022-u-20-sati\/#primaryimage","url":"https:\/\/omerovic.eu\/wp-content\/uploads\/2020\/04\/WhatsApp-Image-2020-03-23-at-21.22.55.jpeg","contentUrl":"https:\/\/omerovic.eu\/wp-content\/uploads\/2020\/04\/WhatsApp-Image-2020-03-23-at-21.22.55.jpeg","width":1600,"height":1066},{"@type":"BreadcrumbList","@id":"https:\/\/omerovic.eu\/nl\/product\/grupni-tretman-bioenergijom-na-daljinu-za-ogranicen-broj-osoba-22-novembra-2022-u-20-sati\/#breadcrumb","itemListElement":[{"@type":"ListItem","position":1,"name":"Home","item":"https:\/\/omerovic.eu\/nl\/"},{"@type":"ListItem","position":2,"name":"Trgovina","item":"https:\/\/omerovic.eu\/?page_id=87"},{"@type":"ListItem","position":3,"name":"Grupni tretman bioenergijom na daljinu za ograni\u010den broj osoba 22. novembra 2022. u 20 sati"}]},{"@type":"WebSite","@id":"https:\/\/omerovic.eu\/nl\/#website","url":"https:\/\/omerovic.eu\/nl\/","name":"omerovic.eu","description":"OMEROVI\u0106 Bioenergija","publisher":{"@id":"https:\/\/omerovic.eu\/nl\/#organization"},"potentialAction":[{"@type":"SearchAction","target":{"@type":"EntryPoint","urlTemplate":"https:\/\/omerovic.eu\/nl\/?s={search_term_string}"},"query-input":{"@type":"PropertyValueSpecification","valueRequired":true,"valueName":"search_term_string"}}],"inLanguage":"nl-NL"},{"@type":"Organization","@id":"https:\/\/omerovic.eu\/nl\/#organization","name":"omerovic.eu","url":"https:\/\/omerovic.eu\/nl\/","logo":{"@type":"ImageObject","inLanguage":"nl-NL","@id":"https:\/\/omerovic.eu\/nl\/#\/schema\/logo\/image\/","url":"https:\/\/omerovic.eu\/wp-content\/uploads\/2020\/04\/favicon.png","contentUrl":"https:\/\/omerovic.eu\/wp-content\/uploads\/2020\/04\/favicon.png","width":32,"height":32,"caption":"omerovic.eu"},"image":{"@id":"https:\/\/omerovic.eu\/nl\/#\/schema\/logo\/image\/"},"sameAs":["https:\/\/www.facebook.com\/omerovicbioenergija","https:\/\/www.youtube.com\/channel\/UChydgg5CFf7MUwBjjs40qKg"]}]}},"_links":{"self":[{"href":"https:\/\/omerovic.eu\/nl\/wp-json\/wp\/v2\/product\/10621","targetHints":{"allow":["GET"]}}],"collection":[{"href":"https:\/\/omerovic.eu\/nl\/wp-json\/wp\/v2\/product"}],"about":[{"href":"https:\/\/omerovic.eu\/nl\/wp-json\/wp\/v2\/types\/product"}],"wp:featuredmedia":[{"embeddable":true,"href":"https:\/\/omerovic.eu\/nl\/wp-json\/wp\/v2\/media\/66"}],"wp:attachment":[{"href":"https:\/\/omerovic.eu\/nl\/wp-json\/wp\/v2\/media?parent=10621"}],"wp:term":[{"taxonomy":"product_brand","embeddable":true,"href":"https:\/\/omerovic.eu\/nl\/wp-json\/wp\/v2\/product_brand?post=10621"},{"taxonomy":"product_cat","embeddable":true,"href":"https:\/\/omerovic.eu\/nl\/wp-json\/wp\/v2\/product_cat?post=10621"},{"taxonomy":"product_tag","embeddable":true,"href":"https:\/\/omerovic.eu\/nl\/wp-json\/wp\/v2\/product_tag?post=10621"}],"curies":[{"name":"wp","href":"https:\/\/api.w.org\/{rel}","templated":true}]}}