{"id":12544,"date":"2026-02-11T12:50:11","date_gmt":"2026-02-11T11:50:11","guid":{"rendered":"https:\/\/omerovic.eu\/?post_type=product&#038;p=12544"},"modified":"2026-02-12T14:58:43","modified_gmt":"2026-02-12T13:58:43","slug":"termini","status":"publish","type":"product","link":"https:\/\/omerovic.eu\/nl\/product\/termini\/","title":{"rendered":"Face to Face"},"content":{"rendered":"<p>Uplata od 20 eura je <em><strong>uplata za rezervaciju termina za tretman Face to Face<\/strong><\/em> (licem u lice). Cijena Tretmana Face to Face <em><strong>u Hrvatskoj je 70 eura, a u drugim zemljama EU 90 eura<\/strong><\/em>.<\/p>\n<p>Novac koji uplatite za rezervaciju ulazi u cijenu tretmana. Na primjer: uplatili ste za rezervaciju termina za tretman u Hrvatskoj 20 eura. Kad do\u0111ete na tretman, po\u0161to je cijena tretmana u Hrvatskoj 70 eura, platite jo\u0161 50 eura nakon tretmana i to tek ako u toku tretmana osjetite pobolj\u0161anje. Ukoliko ne osjetite pobolj\u0161anje (i to se, na\u017ealost de\u0161ava) ne\u0107ete platiti ni\u0161ta za tretman. \u010cak \u0107ete i novac koji ste uplatili za rezervaciju termina za tretman dobiti nazad.<\/p>\n<p><em><strong>Pravo na povrat novca koji ste uplatili za rezervaciju termina za tretman imate i ako blagovremeno otka\u017eete rezervaciju (najkasnije 72 sata prije zakazanog termina za tretman).<\/strong><\/em><\/p>\n<p>Ukoliko ne otka\u017eete blagovremeno rezervaciju termina za tretman ili ne do\u0111ete na tretman u zakazano vrijeme, novac koji ste uplatili ne\u0107ete dobiti nazad.<\/p>\n<p>Dokaz o uplati i \u017eeljeno vrijeme termina za tretman te lokaciju termina slati obavezno na Viber\/WhatsApp broj +31640198868. U najkra\u0107em roku dobit \u0107ete potvrdu o rezervaciji termina za tretman.<\/p>\n","protected":false},"excerpt":{"rendered":"<p>Ukoliko iz bilo kojih razloga niste u mogu\u0107nosti rezervaciju za tretman uplatiti direktno preko ove web stranice, uplatu za rezervaciju mo\u017eete izvr\u0161iti uplatom direktno na IBAN: NL66RABO 0349 0730 58 ,fit and more now, Broekhovenseweg 159 11, 5021LD, Tilburg, Niederlande.<\/p>\n<p>Zna\u010di, primalac je \u2018\u2019fit and more now \u2018\u2019(to je ime firme). Bic ili swift kode je: RABONL2U , ili preko PAYPAL-a <a href=\"https:\/\/www.paypal.com\/paypalme\/my\/profile\"><span style=\"color: #0000ff;\">paypal.me\/omerovicbioenergija<\/span><\/a> ili e-mail za paypal: <a href=\"mailto:muhomer.fit@gmail.com\"><span style=\"color: #0000ff;\">muhomer.fit@gmail.com<\/span><\/a><\/p>\n<p>Obavezno kod pla\u0107anja direktno na IBAN, odnosno preko paypala navesti da je uplata za Tretman Face to Face, te za koje mjesto i \u017eeljeno vrijeme.<\/p>\n","protected":false},"featured_media":68,"template":"","meta":[],"product_brand":[],"product_cat":[17],"product_tag":[],"class_list":{"0":"post-12544","1":"product","2":"type-product","3":"status-publish","4":"has-post-thumbnail","6":"product_cat-face-to-face","8":"first","9":"instock","10":"virtual","11":"purchasable","12":"product-type-simple"},"yoast_head":"<!-- This site is optimized with the Yoast SEO plugin v27.2 - https:\/\/yoast.com\/product\/yoast-seo-wordpress\/ -->\n<title>Face to Face - omerovic.eu<\/title>\n<meta name=\"robots\" content=\"index, follow, max-snippet:-1, max-image-preview:large, max-video-preview:-1\" \/>\n<link rel=\"canonical\" href=\"https:\/\/omerovic.eu\/nl\/product\/termini\/\" \/>\n<meta property=\"og:locale\" content=\"nl_NL\" \/>\n<meta property=\"og:type\" content=\"article\" \/>\n<meta property=\"og:title\" content=\"Face to Face - omerovic.eu\" \/>\n<meta property=\"og:description\" content=\"Ukoliko iz bilo kojih razloga niste u mogu\u0107nosti rezervaciju za tretman uplatiti direktno preko ove web stranice, uplatu za rezervaciju mo\u017eete izvr\u0161iti uplatom direktno na IBAN: NL66RABO 0349 0730 58 ,fit and more now, Broekhovenseweg 159 11, 5021LD, Tilburg, Niederlande.  Zna\u010di, primalac je \u2018\u2019fit and more now \u2018\u2019(to je ime firme). Bic ili swift kode je: RABONL2U , ili preko PAYPAL-a paypal.me\/omerovicbioenergija ili e-mail za paypal: muhomer.fit@gmail.com  Obavezno kod pla\u0107anja direktno na IBAN, odnosno preko paypala navesti da je uplata za Tretman Face to Face, te za koje mjesto i \u017eeljeno vrijeme.\" \/>\n<meta property=\"og:url\" content=\"https:\/\/omerovic.eu\/nl\/product\/termini\/\" \/>\n<meta property=\"og:site_name\" content=\"omerovic.eu\" \/>\n<meta property=\"article:publisher\" content=\"https:\/\/www.facebook.com\/omerovicbioenergija\" \/>\n<meta property=\"article:modified_time\" content=\"2026-02-12T13:58:43+00:00\" \/>\n<meta property=\"og:image\" content=\"https:\/\/omerovic.eu\/wp-content\/uploads\/2020\/04\/WhatsApp-Image-2020-03-23-at-21.22.56-2.jpeg\" \/>\n\t<meta property=\"og:image:width\" content=\"1600\" \/>\n\t<meta property=\"og:image:height\" content=\"1066\" \/>\n\t<meta property=\"og:image:type\" content=\"image\/jpeg\" \/>\n<meta name=\"twitter:card\" content=\"summary_large_image\" \/>\n<meta name=\"twitter:label1\" content=\"Geschatte leestijd\" \/>\n\t<meta name=\"twitter:data1\" content=\"2 minuten\" \/>\n<script type=\"application\/ld+json\" class=\"yoast-schema-graph\">{\"@context\":\"https:\/\/schema.org\",\"@graph\":[{\"@type\":\"WebPage\",\"@id\":\"https:\/\/omerovic.eu\/nl\/product\/termini\/\",\"url\":\"https:\/\/omerovic.eu\/nl\/product\/termini\/\",\"name\":\"Face to Face - omerovic.eu\",\"isPartOf\":{\"@id\":\"https:\/\/omerovic.eu\/nl\/#website\"},\"primaryImageOfPage\":{\"@id\":\"https:\/\/omerovic.eu\/nl\/product\/termini\/#primaryimage\"},\"image\":{\"@id\":\"https:\/\/omerovic.eu\/nl\/product\/termini\/#primaryimage\"},\"thumbnailUrl\":\"https:\/\/omerovic.eu\/wp-content\/uploads\/2020\/04\/WhatsApp-Image-2020-03-23-at-21.22.56-2.jpeg\",\"datePublished\":\"2026-02-11T11:50:11+00:00\",\"dateModified\":\"2026-02-12T13:58:43+00:00\",\"breadcrumb\":{\"@id\":\"https:\/\/omerovic.eu\/nl\/product\/termini\/#breadcrumb\"},\"inLanguage\":\"nl-NL\",\"potentialAction\":[{\"@type\":\"ReadAction\",\"target\":[\"https:\/\/omerovic.eu\/nl\/product\/termini\/\"]}]},{\"@type\":\"ImageObject\",\"inLanguage\":\"nl-NL\",\"@id\":\"https:\/\/omerovic.eu\/nl\/product\/termini\/#primaryimage\",\"url\":\"https:\/\/omerovic.eu\/wp-content\/uploads\/2020\/04\/WhatsApp-Image-2020-03-23-at-21.22.56-2.jpeg\",\"contentUrl\":\"https:\/\/omerovic.eu\/wp-content\/uploads\/2020\/04\/WhatsApp-Image-2020-03-23-at-21.22.56-2.jpeg\",\"width\":1600,\"height\":1066,\"caption\":\"Bioenergeti\u010dar Muhamed Omerovi\u0107\"},{\"@type\":\"BreadcrumbList\",\"@id\":\"https:\/\/omerovic.eu\/nl\/product\/termini\/#breadcrumb\",\"itemListElement\":[{\"@type\":\"ListItem\",\"position\":1,\"name\":\"Home\",\"item\":\"https:\/\/omerovic.eu\/nl\/\"},{\"@type\":\"ListItem\",\"position\":2,\"name\":\"Trgovina\",\"item\":\"https:\/\/omerovic.eu\/?page_id=87\"},{\"@type\":\"ListItem\",\"position\":3,\"name\":\"Face to Face\"}]},{\"@type\":\"WebSite\",\"@id\":\"https:\/\/omerovic.eu\/nl\/#website\",\"url\":\"https:\/\/omerovic.eu\/nl\/\",\"name\":\"omerovic.eu\",\"description\":\"OMEROVI\u0106 Bioenergija\",\"publisher\":{\"@id\":\"https:\/\/omerovic.eu\/nl\/#organization\"},\"potentialAction\":[{\"@type\":\"SearchAction\",\"target\":{\"@type\":\"EntryPoint\",\"urlTemplate\":\"https:\/\/omerovic.eu\/nl\/?s={search_term_string}\"},\"query-input\":{\"@type\":\"PropertyValueSpecification\",\"valueRequired\":true,\"valueName\":\"search_term_string\"}}],\"inLanguage\":\"nl-NL\"},{\"@type\":\"Organization\",\"@id\":\"https:\/\/omerovic.eu\/nl\/#organization\",\"name\":\"omerovic.eu\",\"url\":\"https:\/\/omerovic.eu\/nl\/\",\"logo\":{\"@type\":\"ImageObject\",\"inLanguage\":\"nl-NL\",\"@id\":\"https:\/\/omerovic.eu\/nl\/#\/schema\/logo\/image\/\",\"url\":\"https:\/\/omerovic.eu\/wp-content\/uploads\/2020\/04\/favicon.png\",\"contentUrl\":\"https:\/\/omerovic.eu\/wp-content\/uploads\/2020\/04\/favicon.png\",\"width\":32,\"height\":32,\"caption\":\"omerovic.eu\"},\"image\":{\"@id\":\"https:\/\/omerovic.eu\/nl\/#\/schema\/logo\/image\/\"},\"sameAs\":[\"https:\/\/www.facebook.com\/omerovicbioenergija\",\"https:\/\/www.youtube.com\/channel\/UChydgg5CFf7MUwBjjs40qKg\"]}]}<\/script>\n<!-- \/ Yoast SEO plugin. -->","yoast_head_json":{"title":"Face to Face - omerovic.eu","robots":{"index":"index","follow":"follow","max-snippet":"max-snippet:-1","max-image-preview":"max-image-preview:large","max-video-preview":"max-video-preview:-1"},"canonical":"https:\/\/omerovic.eu\/nl\/product\/termini\/","og_locale":"nl_NL","og_type":"article","og_title":"Face to Face - omerovic.eu","og_description":"Ukoliko iz bilo kojih razloga niste u mogu\u0107nosti rezervaciju za tretman uplatiti direktno preko ove web stranice, uplatu za rezervaciju mo\u017eete izvr\u0161iti uplatom direktno na IBAN: NL66RABO 0349 0730 58 ,fit and more now, Broekhovenseweg 159 11, 5021LD, Tilburg, Niederlande.  Zna\u010di, primalac je \u2018\u2019fit and more now \u2018\u2019(to je ime firme). Bic ili swift kode je: RABONL2U , ili preko PAYPAL-a paypal.me\/omerovicbioenergija ili e-mail za paypal: muhomer.fit@gmail.com  Obavezno kod pla\u0107anja direktno na IBAN, odnosno preko paypala navesti da je uplata za Tretman Face to Face, te za koje mjesto i \u017eeljeno vrijeme.","og_url":"https:\/\/omerovic.eu\/nl\/product\/termini\/","og_site_name":"omerovic.eu","article_publisher":"https:\/\/www.facebook.com\/omerovicbioenergija","article_modified_time":"2026-02-12T13:58:43+00:00","og_image":[{"width":1600,"height":1066,"url":"https:\/\/omerovic.eu\/wp-content\/uploads\/2020\/04\/WhatsApp-Image-2020-03-23-at-21.22.56-2.jpeg","type":"image\/jpeg"}],"twitter_card":"summary_large_image","twitter_misc":{"Geschatte leestijd":"2 minuten"},"schema":{"@context":"https:\/\/schema.org","@graph":[{"@type":"WebPage","@id":"https:\/\/omerovic.eu\/nl\/product\/termini\/","url":"https:\/\/omerovic.eu\/nl\/product\/termini\/","name":"Face to Face - omerovic.eu","isPartOf":{"@id":"https:\/\/omerovic.eu\/nl\/#website"},"primaryImageOfPage":{"@id":"https:\/\/omerovic.eu\/nl\/product\/termini\/#primaryimage"},"image":{"@id":"https:\/\/omerovic.eu\/nl\/product\/termini\/#primaryimage"},"thumbnailUrl":"https:\/\/omerovic.eu\/wp-content\/uploads\/2020\/04\/WhatsApp-Image-2020-03-23-at-21.22.56-2.jpeg","datePublished":"2026-02-11T11:50:11+00:00","dateModified":"2026-02-12T13:58:43+00:00","breadcrumb":{"@id":"https:\/\/omerovic.eu\/nl\/product\/termini\/#breadcrumb"},"inLanguage":"nl-NL","potentialAction":[{"@type":"ReadAction","target":["https:\/\/omerovic.eu\/nl\/product\/termini\/"]}]},{"@type":"ImageObject","inLanguage":"nl-NL","@id":"https:\/\/omerovic.eu\/nl\/product\/termini\/#primaryimage","url":"https:\/\/omerovic.eu\/wp-content\/uploads\/2020\/04\/WhatsApp-Image-2020-03-23-at-21.22.56-2.jpeg","contentUrl":"https:\/\/omerovic.eu\/wp-content\/uploads\/2020\/04\/WhatsApp-Image-2020-03-23-at-21.22.56-2.jpeg","width":1600,"height":1066,"caption":"Bioenergeti\u010dar Muhamed Omerovi\u0107"},{"@type":"BreadcrumbList","@id":"https:\/\/omerovic.eu\/nl\/product\/termini\/#breadcrumb","itemListElement":[{"@type":"ListItem","position":1,"name":"Home","item":"https:\/\/omerovic.eu\/nl\/"},{"@type":"ListItem","position":2,"name":"Trgovina","item":"https:\/\/omerovic.eu\/?page_id=87"},{"@type":"ListItem","position":3,"name":"Face to Face"}]},{"@type":"WebSite","@id":"https:\/\/omerovic.eu\/nl\/#website","url":"https:\/\/omerovic.eu\/nl\/","name":"omerovic.eu","description":"OMEROVI\u0106 Bioenergija","publisher":{"@id":"https:\/\/omerovic.eu\/nl\/#organization"},"potentialAction":[{"@type":"SearchAction","target":{"@type":"EntryPoint","urlTemplate":"https:\/\/omerovic.eu\/nl\/?s={search_term_string}"},"query-input":{"@type":"PropertyValueSpecification","valueRequired":true,"valueName":"search_term_string"}}],"inLanguage":"nl-NL"},{"@type":"Organization","@id":"https:\/\/omerovic.eu\/nl\/#organization","name":"omerovic.eu","url":"https:\/\/omerovic.eu\/nl\/","logo":{"@type":"ImageObject","inLanguage":"nl-NL","@id":"https:\/\/omerovic.eu\/nl\/#\/schema\/logo\/image\/","url":"https:\/\/omerovic.eu\/wp-content\/uploads\/2020\/04\/favicon.png","contentUrl":"https:\/\/omerovic.eu\/wp-content\/uploads\/2020\/04\/favicon.png","width":32,"height":32,"caption":"omerovic.eu"},"image":{"@id":"https:\/\/omerovic.eu\/nl\/#\/schema\/logo\/image\/"},"sameAs":["https:\/\/www.facebook.com\/omerovicbioenergija","https:\/\/www.youtube.com\/channel\/UChydgg5CFf7MUwBjjs40qKg"]}]}},"_links":{"self":[{"href":"https:\/\/omerovic.eu\/nl\/wp-json\/wp\/v2\/product\/12544","targetHints":{"allow":["GET"]}}],"collection":[{"href":"https:\/\/omerovic.eu\/nl\/wp-json\/wp\/v2\/product"}],"about":[{"href":"https:\/\/omerovic.eu\/nl\/wp-json\/wp\/v2\/types\/product"}],"wp:featuredmedia":[{"embeddable":true,"href":"https:\/\/omerovic.eu\/nl\/wp-json\/wp\/v2\/media\/68"}],"wp:attachment":[{"href":"https:\/\/omerovic.eu\/nl\/wp-json\/wp\/v2\/media?parent=12544"}],"wp:term":[{"taxonomy":"product_brand","embeddable":true,"href":"https:\/\/omerovic.eu\/nl\/wp-json\/wp\/v2\/product_brand?post=12544"},{"taxonomy":"product_cat","embeddable":true,"href":"https:\/\/omerovic.eu\/nl\/wp-json\/wp\/v2\/product_cat?post=12544"},{"taxonomy":"product_tag","embeddable":true,"href":"https:\/\/omerovic.eu\/nl\/wp-json\/wp\/v2\/product_tag?post=12544"}],"curies":[{"name":"wp","href":"https:\/\/api.w.org\/{rel}","templated":true}]}}